	{"id":27949,"date":"2020-11-02T12:02:24","date_gmt":"2023-04-26T12:24:48","guid":{"rendered":"https:\/\/www.fieldpiece.com\/product\/atwb1-k-type-wet-bulb-sock-thermocouple-with-alligator-clip\/"},"modified":"2023-04-26T05:26:51","modified_gmt":"2023-04-26T12:26:51","slug":"atwb1-k-type-wet-bulb-sock-thermocouple-with-alligator-clip","status":"publish","type":"product","link":"https:\/\/www.fieldpiece.com\/es\/producto\/atwb1-k-type-wet-bulb-sock-thermocouple-with-alligator-clip\/","title":{"rendered":"ATWB1 &#8211; Termopar tipo K moldeado de bulbo h\u00famedo con pinza de cocodrilo"},"content":{"rendered":"<p>El termopar tipo K de bulbo h\u00famedo ATWB1 puede colocarse c\u00f3modamente en equipos de climatizaci\u00f3n y refrigeraci\u00f3n mediante su pinza para realizar pruebas en ellos con las manos libres. Humedezca su envoltura duradera y ac\u00f3plelo mediante la pinza a los filtros del evaporador para mediciones de bulbo h\u00famedo en interiores (perfecto para detectar la temperatura de salida de evaporador objetivo). Ac\u00f3plelo mediante la pinza a las rejillas de ventilaci\u00f3n para medir temperaturas de bulbo h\u00famedo en interiores (perfecto para realizar c\u00e1lculos de sobrecalentamiento objetivo). El ATWB1 puede utilizarse con cualquiera de nuestros medidores que miden temperatura y cualquier term\u00f3metro compatible con termopares tipo K. Los t\u00e9cnicos de climatizaci\u00f3n y refrigeraci\u00f3n encuentran el ATWB1 sumamente \u00fatil cuando tienen que registrar datos o en cualquier otro momento en que necesitan la otra mano. <\/p>\n<p>Adem\u00e1s, su enrollacable le permite guardar c\u00f3modamente el cable del termopar en el enchufe. Simplemente, enrolle el exceso de cable alrededor del enrollacable. No m\u00e1s cables enredados en su bolsa de herramientas.<\/p>\n<p>ESPECIFICACIONES <\/p>\n<p>Exactitud: +\/- 2,2 \u00b0C (4 \u00b0F) ; \u00b1 0,6 \u00b0C (1 \u00b0F) tras la calibraci\u00f3n en campo, de 0 a 80 \u00b0C (de 32 a 176 \u00baF) Intervalo de temperatura: de -46 a 66 \u00b0C (de -50 a 150 \u00baF) Conductores del termopar: tipo K, n\u00edquel cromo\/n\u00edquel aluminio. Aislamiento de la sonda: la calibraci\u00f3n y la atm\u00f3sfera afectar\u00e1n a la temperatura m\u00e1xima \u00fatil en las aplicaciones. Aunque el aislamiento del cable ha sido dise\u00f1ado para soportar un uso m\u00e1ximo continuo a 204 \u00b0C (400 \u00b0F), la envoltura puede resultar da\u00f1ada a temperaturas superiores a 65 \u00b0C (150 \u00baF). Enchufe: conector macho miniatura para termopar tipo K<\/p>\n","protected":false},"excerpt":{"rendered":"<p>El termopar tipo K de bulbo h\u00famedo ATWB1 puede colocarse c\u00f3modamente en equipos de climatizaci\u00f3n y refrigeraci\u00f3n mediante su pinza &#8230;<\/p>\n","protected":false},"featured_media":27950,"comment_status":"open","ping_status":"closed","template":"","meta":{"_acf_changed":false},"product_brand":[],"product_cat":[160,271],"product_tag":[],"class_list":{"0":"post-27949","1":"product","2":"type-product","3":"status-publish","4":"has-post-thumbnail","6":"product_cat-other-es-2","7":"product_cat-thermocouples-es","9":"first","10":"instock","11":"shipping-taxable","12":"product-type-simple"},"acf":[],"yoast_head":"<!-- This site is optimized with the Yoast SEO plugin v27.2 - https:\/\/yoast.com\/product\/yoast-seo-wordpress\/ -->\n<title>ATWB1 - Termopar tipo K moldeado de bulbo h\u00famedo con pinza de cocodrilo - Fieldpiece Instruments<\/title>\n<meta name=\"robots\" content=\"index, follow, max-snippet:-1, max-image-preview:large, max-video-preview:-1\" \/>\n<link rel=\"canonical\" href=\"https:\/\/www.fieldpiece.com\/es\/producto\/atwb1-k-type-wet-bulb-sock-thermocouple-with-alligator-clip\/\" \/>\n<meta property=\"og:locale\" content=\"es_ES\" \/>\n<meta property=\"og:type\" content=\"article\" \/>\n<meta property=\"og:title\" content=\"ATWB1 - Termopar tipo K moldeado de bulbo h\u00famedo con pinza de cocodrilo - Fieldpiece Instruments\" \/>\n<meta property=\"og:description\" content=\"El termopar tipo K de bulbo h\u00famedo ATWB1 puede colocarse c\u00f3modamente en equipos de climatizaci\u00f3n y refrigeraci\u00f3n mediante su pinza ...\" \/>\n<meta property=\"og:url\" content=\"https:\/\/www.fieldpiece.com\/es\/producto\/atwb1-k-type-wet-bulb-sock-thermocouple-with-alligator-clip\/\" \/>\n<meta property=\"og:site_name\" content=\"Fieldpiece Instruments\" \/>\n<meta property=\"article:modified_time\" content=\"2023-04-26T12:26:51+00:00\" \/>\n<meta property=\"og:image\" content=\"https:\/\/resources.fieldpiece.com\/wp-content\/uploads\/2020\/11\/ATWB1.jpg\" \/>\n\t<meta property=\"og:image:width\" content=\"470\" \/>\n\t<meta property=\"og:image:height\" content=\"470\" \/>\n\t<meta property=\"og:image:type\" content=\"image\/jpeg\" \/>\n<meta name=\"twitter:card\" content=\"summary_large_image\" \/>\n<meta name=\"twitter:label1\" content=\"Tiempo de lectura\" \/>\n\t<meta name=\"twitter:data1\" content=\"1 minuto\" \/>\n<script type=\"application\/ld+json\" class=\"yoast-schema-graph\">{\"@context\":\"https:\/\/schema.org\",\"@graph\":[{\"@type\":\"WebPage\",\"@id\":\"https:\/\/www.fieldpiece.com\/es\/producto\/atwb1-k-type-wet-bulb-sock-thermocouple-with-alligator-clip\/\",\"url\":\"https:\/\/www.fieldpiece.com\/es\/producto\/atwb1-k-type-wet-bulb-sock-thermocouple-with-alligator-clip\/\",\"name\":\"ATWB1 - Termopar tipo K moldeado de bulbo h\u00famedo con pinza de cocodrilo - Fieldpiece Instruments\",\"isPartOf\":{\"@id\":\"https:\/\/www.fieldpiece.com\/es\/#website\"},\"primaryImageOfPage\":{\"@id\":\"https:\/\/www.fieldpiece.com\/es\/producto\/atwb1-k-type-wet-bulb-sock-thermocouple-with-alligator-clip\/#primaryimage\"},\"image\":{\"@id\":\"https:\/\/www.fieldpiece.com\/es\/producto\/atwb1-k-type-wet-bulb-sock-thermocouple-with-alligator-clip\/#primaryimage\"},\"thumbnailUrl\":\"https:\/\/resources.fieldpiece.com\/wp-content\/uploads\/2020\/11\/ATWB1.jpg\",\"datePublished\":\"2023-04-26T12:24:48+00:00\",\"dateModified\":\"2023-04-26T12:26:51+00:00\",\"breadcrumb\":{\"@id\":\"https:\/\/www.fieldpiece.com\/es\/producto\/atwb1-k-type-wet-bulb-sock-thermocouple-with-alligator-clip\/#breadcrumb\"},\"inLanguage\":\"es\",\"potentialAction\":[{\"@type\":\"ReadAction\",\"target\":[\"https:\/\/www.fieldpiece.com\/es\/producto\/atwb1-k-type-wet-bulb-sock-thermocouple-with-alligator-clip\/\"]}]},{\"@type\":\"ImageObject\",\"inLanguage\":\"es\",\"@id\":\"https:\/\/www.fieldpiece.com\/es\/producto\/atwb1-k-type-wet-bulb-sock-thermocouple-with-alligator-clip\/#primaryimage\",\"url\":\"https:\/\/resources.fieldpiece.com\/wp-content\/uploads\/2020\/11\/ATWB1.jpg\",\"contentUrl\":\"https:\/\/resources.fieldpiece.com\/wp-content\/uploads\/2020\/11\/ATWB1.jpg\",\"width\":470,\"height\":470,\"caption\":\"ype-K Wet Bulb Thermocouple w\/ Alligator Clip\"},{\"@type\":\"BreadcrumbList\",\"@id\":\"https:\/\/www.fieldpiece.com\/es\/producto\/atwb1-k-type-wet-bulb-sock-thermocouple-with-alligator-clip\/#breadcrumb\",\"itemListElement\":[{\"@type\":\"ListItem\",\"position\":1,\"name\":\"Home\",\"item\":\"https:\/\/www.fieldpiece.com\/es\/\"},{\"@type\":\"ListItem\",\"position\":2,\"name\":\"Shop\",\"item\":\"https:\/\/www.fieldpiece.com\/shop\/\"},{\"@type\":\"ListItem\",\"position\":3,\"name\":\"ATWB1 &#8211; Termopar tipo K moldeado de bulbo h\u00famedo con pinza de cocodrilo\"}]},{\"@type\":\"WebSite\",\"@id\":\"https:\/\/www.fieldpiece.com\/es\/#website\",\"url\":\"https:\/\/www.fieldpiece.com\/es\/\",\"name\":\"Fieldpiece Instruments\",\"description\":\"\",\"publisher\":{\"@id\":\"https:\/\/www.fieldpiece.com\/es\/#organization\"},\"potentialAction\":[{\"@type\":\"SearchAction\",\"target\":{\"@type\":\"EntryPoint\",\"urlTemplate\":\"https:\/\/www.fieldpiece.com\/es\/?s={search_term_string}\"},\"query-input\":{\"@type\":\"PropertyValueSpecification\",\"valueRequired\":true,\"valueName\":\"search_term_string\"}}],\"inLanguage\":\"es\"},{\"@type\":\"Organization\",\"@id\":\"https:\/\/www.fieldpiece.com\/es\/#organization\",\"name\":\"Fieldpiece Instruments\",\"url\":\"https:\/\/www.fieldpiece.com\/es\/\",\"logo\":{\"@type\":\"ImageObject\",\"inLanguage\":\"es\",\"@id\":\"https:\/\/www.fieldpiece.com\/es\/#\/schema\/logo\/image\/\",\"url\":\"https:\/\/resources.fieldpiece.com\/wp-content\/uploads\/2021\/02\/Logos-490x358-1.jpg\",\"contentUrl\":\"https:\/\/resources.fieldpiece.com\/wp-content\/uploads\/2021\/02\/Logos-490x358-1.jpg\",\"width\":490,\"height\":358,\"caption\":\"Fieldpiece Instruments\"},\"image\":{\"@id\":\"https:\/\/www.fieldpiece.com\/es\/#\/schema\/logo\/image\/\"}}]}<\/script>\n<!-- \/ Yoast SEO plugin. -->","yoast_head_json":{"title":"ATWB1 - Termopar tipo K moldeado de bulbo h\u00famedo con pinza de cocodrilo - Fieldpiece Instruments","robots":{"index":"index","follow":"follow","max-snippet":"max-snippet:-1","max-image-preview":"max-image-preview:large","max-video-preview":"max-video-preview:-1"},"canonical":"https:\/\/www.fieldpiece.com\/es\/producto\/atwb1-k-type-wet-bulb-sock-thermocouple-with-alligator-clip\/","og_locale":"es_ES","og_type":"article","og_title":"ATWB1 - Termopar tipo K moldeado de bulbo h\u00famedo con pinza de cocodrilo - Fieldpiece Instruments","og_description":"El termopar tipo K de bulbo h\u00famedo ATWB1 puede colocarse c\u00f3modamente en equipos de climatizaci\u00f3n y refrigeraci\u00f3n mediante su pinza ...","og_url":"https:\/\/www.fieldpiece.com\/es\/producto\/atwb1-k-type-wet-bulb-sock-thermocouple-with-alligator-clip\/","og_site_name":"Fieldpiece Instruments","article_modified_time":"2023-04-26T12:26:51+00:00","og_image":[{"width":470,"height":470,"url":"https:\/\/resources.fieldpiece.com\/wp-content\/uploads\/2020\/11\/ATWB1.jpg","type":"image\/jpeg"}],"twitter_card":"summary_large_image","twitter_misc":{"Tiempo de lectura":"1 minuto"},"schema":{"@context":"https:\/\/schema.org","@graph":[{"@type":"WebPage","@id":"https:\/\/www.fieldpiece.com\/es\/producto\/atwb1-k-type-wet-bulb-sock-thermocouple-with-alligator-clip\/","url":"https:\/\/www.fieldpiece.com\/es\/producto\/atwb1-k-type-wet-bulb-sock-thermocouple-with-alligator-clip\/","name":"ATWB1 - Termopar tipo K moldeado de bulbo h\u00famedo con pinza de cocodrilo - Fieldpiece Instruments","isPartOf":{"@id":"https:\/\/www.fieldpiece.com\/es\/#website"},"primaryImageOfPage":{"@id":"https:\/\/www.fieldpiece.com\/es\/producto\/atwb1-k-type-wet-bulb-sock-thermocouple-with-alligator-clip\/#primaryimage"},"image":{"@id":"https:\/\/www.fieldpiece.com\/es\/producto\/atwb1-k-type-wet-bulb-sock-thermocouple-with-alligator-clip\/#primaryimage"},"thumbnailUrl":"https:\/\/resources.fieldpiece.com\/wp-content\/uploads\/2020\/11\/ATWB1.jpg","datePublished":"2023-04-26T12:24:48+00:00","dateModified":"2023-04-26T12:26:51+00:00","breadcrumb":{"@id":"https:\/\/www.fieldpiece.com\/es\/producto\/atwb1-k-type-wet-bulb-sock-thermocouple-with-alligator-clip\/#breadcrumb"},"inLanguage":"es","potentialAction":[{"@type":"ReadAction","target":["https:\/\/www.fieldpiece.com\/es\/producto\/atwb1-k-type-wet-bulb-sock-thermocouple-with-alligator-clip\/"]}]},{"@type":"ImageObject","inLanguage":"es","@id":"https:\/\/www.fieldpiece.com\/es\/producto\/atwb1-k-type-wet-bulb-sock-thermocouple-with-alligator-clip\/#primaryimage","url":"https:\/\/resources.fieldpiece.com\/wp-content\/uploads\/2020\/11\/ATWB1.jpg","contentUrl":"https:\/\/resources.fieldpiece.com\/wp-content\/uploads\/2020\/11\/ATWB1.jpg","width":470,"height":470,"caption":"ype-K Wet Bulb Thermocouple w\/ Alligator Clip"},{"@type":"BreadcrumbList","@id":"https:\/\/www.fieldpiece.com\/es\/producto\/atwb1-k-type-wet-bulb-sock-thermocouple-with-alligator-clip\/#breadcrumb","itemListElement":[{"@type":"ListItem","position":1,"name":"Home","item":"https:\/\/www.fieldpiece.com\/es\/"},{"@type":"ListItem","position":2,"name":"Shop","item":"https:\/\/www.fieldpiece.com\/shop\/"},{"@type":"ListItem","position":3,"name":"ATWB1 &#8211; Termopar tipo K moldeado de bulbo h\u00famedo con pinza de cocodrilo"}]},{"@type":"WebSite","@id":"https:\/\/www.fieldpiece.com\/es\/#website","url":"https:\/\/www.fieldpiece.com\/es\/","name":"Fieldpiece Instruments","description":"","publisher":{"@id":"https:\/\/www.fieldpiece.com\/es\/#organization"},"potentialAction":[{"@type":"SearchAction","target":{"@type":"EntryPoint","urlTemplate":"https:\/\/www.fieldpiece.com\/es\/?s={search_term_string}"},"query-input":{"@type":"PropertyValueSpecification","valueRequired":true,"valueName":"search_term_string"}}],"inLanguage":"es"},{"@type":"Organization","@id":"https:\/\/www.fieldpiece.com\/es\/#organization","name":"Fieldpiece Instruments","url":"https:\/\/www.fieldpiece.com\/es\/","logo":{"@type":"ImageObject","inLanguage":"es","@id":"https:\/\/www.fieldpiece.com\/es\/#\/schema\/logo\/image\/","url":"https:\/\/resources.fieldpiece.com\/wp-content\/uploads\/2021\/02\/Logos-490x358-1.jpg","contentUrl":"https:\/\/resources.fieldpiece.com\/wp-content\/uploads\/2021\/02\/Logos-490x358-1.jpg","width":490,"height":358,"caption":"Fieldpiece Instruments"},"image":{"@id":"https:\/\/www.fieldpiece.com\/es\/#\/schema\/logo\/image\/"}}]}},"_links":{"self":[{"href":"https:\/\/www.fieldpiece.com\/es\/wp-json\/wp\/v2\/product\/27949","targetHints":{"allow":["GET"]}}],"collection":[{"href":"https:\/\/www.fieldpiece.com\/es\/wp-json\/wp\/v2\/product"}],"about":[{"href":"https:\/\/www.fieldpiece.com\/es\/wp-json\/wp\/v2\/types\/product"}],"replies":[{"embeddable":true,"href":"https:\/\/www.fieldpiece.com\/es\/wp-json\/wp\/v2\/comments?post=27949"}],"wp:featuredmedia":[{"embeddable":true,"href":"https:\/\/www.fieldpiece.com\/es\/wp-json\/wp\/v2\/media\/27950"}],"wp:attachment":[{"href":"https:\/\/www.fieldpiece.com\/es\/wp-json\/wp\/v2\/media?parent=27949"}],"wp:term":[{"taxonomy":"product_brand","embeddable":true,"href":"https:\/\/www.fieldpiece.com\/es\/wp-json\/wp\/v2\/product_brand?post=27949"},{"taxonomy":"product_cat","embeddable":true,"href":"https:\/\/www.fieldpiece.com\/es\/wp-json\/wp\/v2\/product_cat?post=27949"},{"taxonomy":"product_tag","embeddable":true,"href":"https:\/\/www.fieldpiece.com\/es\/wp-json\/wp\/v2\/product_tag?post=27949"}],"curies":[{"name":"wp","href":"https:\/\/api.w.org\/{rel}","templated":true}]}}