	{"id":27879,"date":"2020-11-02T12:02:25","date_gmt":"2023-04-26T12:24:48","guid":{"rendered":"https:\/\/www.fieldpiece.com\/product\/asp2-static-pressure-probes\/"},"modified":"2023-04-26T05:26:43","modified_gmt":"2023-04-26T12:26:43","slug":"https-www-fieldpiece-com-es-post_typeproductp27879","status":"publish","type":"product","link":"https:\/\/www.fieldpiece.com\/es\/producto\/https-www-fieldpiece-com-es-post_typeproductp27879\/","title":{"rendered":"ASP2 &#8211; Sondas de presi\u00f3n est\u00e1tica"},"content":{"rendered":"<p>El kit de dos sondas de presi\u00f3n est\u00e1tica ASP2 hace que la toma de mediciones de presi\u00f3n est\u00e1tica en sistemas de conductos sea m\u00e1s f\u00e1cil, r\u00e1pida y precisa que usando \u00fanicamente tubos manom\u00e9tricos.\u00a0 Incluye una pesta\u00f1a magn\u00e9tica y una flecha de direcci\u00f3n para utilizarlo con las manos libres y garantizar un posicionamiento adecuado y un rendimiento \u00f3ptimo.\u00a0 Compatible con todos los man\u00f3metros Fieldpiece.<\/p>\n","protected":false},"excerpt":{"rendered":"<p>El kit de dos sondas de presi\u00f3n est\u00e1tica ASP2 hace que la toma de mediciones de presi\u00f3n est\u00e1tica en sistemas &#8230;<\/p>\n","protected":false},"featured_media":27880,"comment_status":"open","ping_status":"closed","template":"","meta":{"_acf_changed":false},"product_brand":[],"product_cat":[160,270],"product_tag":[],"class_list":{"0":"post-27879","1":"product","2":"type-product","3":"status-publish","4":"has-post-thumbnail","6":"product_cat-other-es-2","7":"product_cat-replacement-parts-es","9":"first","10":"instock","11":"shipping-taxable","12":"product-type-simple"},"acf":[],"yoast_head":"<!-- This site is optimized with the Yoast SEO plugin v27.2 - https:\/\/yoast.com\/product\/yoast-seo-wordpress\/ -->\n<title>ASP2 - Sondas de presi\u00f3n est\u00e1tica - Fieldpiece Instruments<\/title>\n<meta name=\"robots\" content=\"index, follow, max-snippet:-1, max-image-preview:large, max-video-preview:-1\" \/>\n<link rel=\"canonical\" href=\"https:\/\/www.fieldpiece.com\/es\/producto\/https-www-fieldpiece-com-es-post_typeproductp27879\/\" \/>\n<meta property=\"og:locale\" content=\"es_ES\" \/>\n<meta property=\"og:type\" content=\"article\" \/>\n<meta property=\"og:title\" content=\"ASP2 - Sondas de presi\u00f3n est\u00e1tica - Fieldpiece Instruments\" \/>\n<meta property=\"og:description\" content=\"El kit de dos sondas de presi\u00f3n est\u00e1tica ASP2 hace que la toma de mediciones de presi\u00f3n est\u00e1tica en sistemas ...\" \/>\n<meta property=\"og:url\" content=\"https:\/\/www.fieldpiece.com\/es\/producto\/https-www-fieldpiece-com-es-post_typeproductp27879\/\" \/>\n<meta property=\"og:site_name\" content=\"Fieldpiece Instruments\" \/>\n<meta property=\"article:modified_time\" content=\"2023-04-26T12:26:43+00:00\" \/>\n<meta property=\"og:image\" content=\"https:\/\/resources.fieldpiece.com\/wp-content\/uploads\/2020\/11\/ASP2.png\" \/>\n\t<meta property=\"og:image:width\" content=\"470\" \/>\n\t<meta property=\"og:image:height\" content=\"470\" \/>\n\t<meta property=\"og:image:type\" content=\"image\/png\" \/>\n<meta name=\"twitter:card\" content=\"summary_large_image\" \/>\n<script type=\"application\/ld+json\" class=\"yoast-schema-graph\">{\"@context\":\"https:\/\/schema.org\",\"@graph\":[{\"@type\":\"WebPage\",\"@id\":\"https:\/\/www.fieldpiece.com\/es\/producto\/https-www-fieldpiece-com-es-post_typeproductp27879\/\",\"url\":\"https:\/\/www.fieldpiece.com\/es\/producto\/https-www-fieldpiece-com-es-post_typeproductp27879\/\",\"name\":\"ASP2 - Sondas de presi\u00f3n est\u00e1tica - Fieldpiece Instruments\",\"isPartOf\":{\"@id\":\"https:\/\/www.fieldpiece.com\/es\/#website\"},\"primaryImageOfPage\":{\"@id\":\"https:\/\/www.fieldpiece.com\/es\/producto\/https-www-fieldpiece-com-es-post_typeproductp27879\/#primaryimage\"},\"image\":{\"@id\":\"https:\/\/www.fieldpiece.com\/es\/producto\/https-www-fieldpiece-com-es-post_typeproductp27879\/#primaryimage\"},\"thumbnailUrl\":\"https:\/\/resources.fieldpiece.com\/wp-content\/uploads\/2020\/11\/ASP2.png\",\"datePublished\":\"2023-04-26T12:24:48+00:00\",\"dateModified\":\"2023-04-26T12:26:43+00:00\",\"breadcrumb\":{\"@id\":\"https:\/\/www.fieldpiece.com\/es\/producto\/https-www-fieldpiece-com-es-post_typeproductp27879\/#breadcrumb\"},\"inLanguage\":\"es\",\"potentialAction\":[{\"@type\":\"ReadAction\",\"target\":[\"https:\/\/www.fieldpiece.com\/es\/producto\/https-www-fieldpiece-com-es-post_typeproductp27879\/\"]}]},{\"@type\":\"ImageObject\",\"inLanguage\":\"es\",\"@id\":\"https:\/\/www.fieldpiece.com\/es\/producto\/https-www-fieldpiece-com-es-post_typeproductp27879\/#primaryimage\",\"url\":\"https:\/\/resources.fieldpiece.com\/wp-content\/uploads\/2020\/11\/ASP2.png\",\"contentUrl\":\"https:\/\/resources.fieldpiece.com\/wp-content\/uploads\/2020\/11\/ASP2.png\",\"width\":470,\"height\":470,\"caption\":\"Duct Static Pressure Probes Two-Pack\"},{\"@type\":\"BreadcrumbList\",\"@id\":\"https:\/\/www.fieldpiece.com\/es\/producto\/https-www-fieldpiece-com-es-post_typeproductp27879\/#breadcrumb\",\"itemListElement\":[{\"@type\":\"ListItem\",\"position\":1,\"name\":\"Home\",\"item\":\"https:\/\/www.fieldpiece.com\/es\/\"},{\"@type\":\"ListItem\",\"position\":2,\"name\":\"Shop\",\"item\":\"https:\/\/www.fieldpiece.com\/shop\/\"},{\"@type\":\"ListItem\",\"position\":3,\"name\":\"ASP2 &#8211; Sondas de presi\u00f3n est\u00e1tica\"}]},{\"@type\":\"WebSite\",\"@id\":\"https:\/\/www.fieldpiece.com\/es\/#website\",\"url\":\"https:\/\/www.fieldpiece.com\/es\/\",\"name\":\"Fieldpiece Instruments\",\"description\":\"\",\"publisher\":{\"@id\":\"https:\/\/www.fieldpiece.com\/es\/#organization\"},\"potentialAction\":[{\"@type\":\"SearchAction\",\"target\":{\"@type\":\"EntryPoint\",\"urlTemplate\":\"https:\/\/www.fieldpiece.com\/es\/?s={search_term_string}\"},\"query-input\":{\"@type\":\"PropertyValueSpecification\",\"valueRequired\":true,\"valueName\":\"search_term_string\"}}],\"inLanguage\":\"es\"},{\"@type\":\"Organization\",\"@id\":\"https:\/\/www.fieldpiece.com\/es\/#organization\",\"name\":\"Fieldpiece Instruments\",\"url\":\"https:\/\/www.fieldpiece.com\/es\/\",\"logo\":{\"@type\":\"ImageObject\",\"inLanguage\":\"es\",\"@id\":\"https:\/\/www.fieldpiece.com\/es\/#\/schema\/logo\/image\/\",\"url\":\"https:\/\/resources.fieldpiece.com\/wp-content\/uploads\/2021\/02\/Logos-490x358-1.jpg\",\"contentUrl\":\"https:\/\/resources.fieldpiece.com\/wp-content\/uploads\/2021\/02\/Logos-490x358-1.jpg\",\"width\":490,\"height\":358,\"caption\":\"Fieldpiece Instruments\"},\"image\":{\"@id\":\"https:\/\/www.fieldpiece.com\/es\/#\/schema\/logo\/image\/\"}}]}<\/script>\n<!-- \/ Yoast SEO plugin. -->","yoast_head_json":{"title":"ASP2 - Sondas de presi\u00f3n est\u00e1tica - Fieldpiece Instruments","robots":{"index":"index","follow":"follow","max-snippet":"max-snippet:-1","max-image-preview":"max-image-preview:large","max-video-preview":"max-video-preview:-1"},"canonical":"https:\/\/www.fieldpiece.com\/es\/producto\/https-www-fieldpiece-com-es-post_typeproductp27879\/","og_locale":"es_ES","og_type":"article","og_title":"ASP2 - Sondas de presi\u00f3n est\u00e1tica - Fieldpiece Instruments","og_description":"El kit de dos sondas de presi\u00f3n est\u00e1tica ASP2 hace que la toma de mediciones de presi\u00f3n est\u00e1tica en sistemas ...","og_url":"https:\/\/www.fieldpiece.com\/es\/producto\/https-www-fieldpiece-com-es-post_typeproductp27879\/","og_site_name":"Fieldpiece Instruments","article_modified_time":"2023-04-26T12:26:43+00:00","og_image":[{"width":470,"height":470,"url":"https:\/\/resources.fieldpiece.com\/wp-content\/uploads\/2020\/11\/ASP2.png","type":"image\/png"}],"twitter_card":"summary_large_image","schema":{"@context":"https:\/\/schema.org","@graph":[{"@type":"WebPage","@id":"https:\/\/www.fieldpiece.com\/es\/producto\/https-www-fieldpiece-com-es-post_typeproductp27879\/","url":"https:\/\/www.fieldpiece.com\/es\/producto\/https-www-fieldpiece-com-es-post_typeproductp27879\/","name":"ASP2 - Sondas de presi\u00f3n est\u00e1tica - Fieldpiece Instruments","isPartOf":{"@id":"https:\/\/www.fieldpiece.com\/es\/#website"},"primaryImageOfPage":{"@id":"https:\/\/www.fieldpiece.com\/es\/producto\/https-www-fieldpiece-com-es-post_typeproductp27879\/#primaryimage"},"image":{"@id":"https:\/\/www.fieldpiece.com\/es\/producto\/https-www-fieldpiece-com-es-post_typeproductp27879\/#primaryimage"},"thumbnailUrl":"https:\/\/resources.fieldpiece.com\/wp-content\/uploads\/2020\/11\/ASP2.png","datePublished":"2023-04-26T12:24:48+00:00","dateModified":"2023-04-26T12:26:43+00:00","breadcrumb":{"@id":"https:\/\/www.fieldpiece.com\/es\/producto\/https-www-fieldpiece-com-es-post_typeproductp27879\/#breadcrumb"},"inLanguage":"es","potentialAction":[{"@type":"ReadAction","target":["https:\/\/www.fieldpiece.com\/es\/producto\/https-www-fieldpiece-com-es-post_typeproductp27879\/"]}]},{"@type":"ImageObject","inLanguage":"es","@id":"https:\/\/www.fieldpiece.com\/es\/producto\/https-www-fieldpiece-com-es-post_typeproductp27879\/#primaryimage","url":"https:\/\/resources.fieldpiece.com\/wp-content\/uploads\/2020\/11\/ASP2.png","contentUrl":"https:\/\/resources.fieldpiece.com\/wp-content\/uploads\/2020\/11\/ASP2.png","width":470,"height":470,"caption":"Duct Static Pressure Probes Two-Pack"},{"@type":"BreadcrumbList","@id":"https:\/\/www.fieldpiece.com\/es\/producto\/https-www-fieldpiece-com-es-post_typeproductp27879\/#breadcrumb","itemListElement":[{"@type":"ListItem","position":1,"name":"Home","item":"https:\/\/www.fieldpiece.com\/es\/"},{"@type":"ListItem","position":2,"name":"Shop","item":"https:\/\/www.fieldpiece.com\/shop\/"},{"@type":"ListItem","position":3,"name":"ASP2 &#8211; Sondas de presi\u00f3n est\u00e1tica"}]},{"@type":"WebSite","@id":"https:\/\/www.fieldpiece.com\/es\/#website","url":"https:\/\/www.fieldpiece.com\/es\/","name":"Fieldpiece Instruments","description":"","publisher":{"@id":"https:\/\/www.fieldpiece.com\/es\/#organization"},"potentialAction":[{"@type":"SearchAction","target":{"@type":"EntryPoint","urlTemplate":"https:\/\/www.fieldpiece.com\/es\/?s={search_term_string}"},"query-input":{"@type":"PropertyValueSpecification","valueRequired":true,"valueName":"search_term_string"}}],"inLanguage":"es"},{"@type":"Organization","@id":"https:\/\/www.fieldpiece.com\/es\/#organization","name":"Fieldpiece Instruments","url":"https:\/\/www.fieldpiece.com\/es\/","logo":{"@type":"ImageObject","inLanguage":"es","@id":"https:\/\/www.fieldpiece.com\/es\/#\/schema\/logo\/image\/","url":"https:\/\/resources.fieldpiece.com\/wp-content\/uploads\/2021\/02\/Logos-490x358-1.jpg","contentUrl":"https:\/\/resources.fieldpiece.com\/wp-content\/uploads\/2021\/02\/Logos-490x358-1.jpg","width":490,"height":358,"caption":"Fieldpiece Instruments"},"image":{"@id":"https:\/\/www.fieldpiece.com\/es\/#\/schema\/logo\/image\/"}}]}},"_links":{"self":[{"href":"https:\/\/www.fieldpiece.com\/es\/wp-json\/wp\/v2\/product\/27879","targetHints":{"allow":["GET"]}}],"collection":[{"href":"https:\/\/www.fieldpiece.com\/es\/wp-json\/wp\/v2\/product"}],"about":[{"href":"https:\/\/www.fieldpiece.com\/es\/wp-json\/wp\/v2\/types\/product"}],"replies":[{"embeddable":true,"href":"https:\/\/www.fieldpiece.com\/es\/wp-json\/wp\/v2\/comments?post=27879"}],"wp:featuredmedia":[{"embeddable":true,"href":"https:\/\/www.fieldpiece.com\/es\/wp-json\/wp\/v2\/media\/27880"}],"wp:attachment":[{"href":"https:\/\/www.fieldpiece.com\/es\/wp-json\/wp\/v2\/media?parent=27879"}],"wp:term":[{"taxonomy":"product_brand","embeddable":true,"href":"https:\/\/www.fieldpiece.com\/es\/wp-json\/wp\/v2\/product_brand?post=27879"},{"taxonomy":"product_cat","embeddable":true,"href":"https:\/\/www.fieldpiece.com\/es\/wp-json\/wp\/v2\/product_cat?post=27879"},{"taxonomy":"product_tag","embeddable":true,"href":"https:\/\/www.fieldpiece.com\/es\/wp-json\/wp\/v2\/product_tag?post=27879"}],"curies":[{"name":"wp","href":"https:\/\/api.w.org\/{rel}","templated":true}]}}