	{"id":27648,"date":"2020-11-02T12:02:29","date_gmt":"2023-04-26T12:22:27","guid":{"rendered":"https:\/\/www.fieldpiece.com\/product\/rhd1-replacement-heated-diode-refrigerant-sensor-for-srl8\/"},"modified":"2023-04-26T05:24:23","modified_gmt":"2023-04-26T12:24:23","slug":"https-www-fieldpiece-com-es-post_typeproductp27648","status":"publish","type":"product","link":"https:\/\/www.fieldpiece.com\/es\/producto\/https-www-fieldpiece-com-es-post_typeproductp27648\/","title":{"rendered":"RHD1 &#8211; Sensor de refrigerante de diodo calentado de repuesto para SRL8"},"content":{"rendered":"<p>Aunque el sensor de nuestro detector de fugas de refrigerante de diodo calentado ha sido dise\u00f1ado para durar hasta cinco a\u00f1os con un uso normal, nuestros medidores habitualmente duran mucho m\u00e1s tiempo. Este sensor de repuesto est\u00e1 indicado para el detector de fugas de refrigerante de diodo calentado Fieldpiece SRL8; puede obtenerlo a trav\u00e9s de su distribuidor habitual.<\/p>\n","protected":false},"excerpt":{"rendered":"<p>Aunque el sensor de nuestro detector de fugas de refrigerante de diodo calentado ha sido dise\u00f1ado para durar hasta cinco &#8230;<\/p>\n","protected":false},"featured_media":27649,"comment_status":"open","ping_status":"closed","template":"","meta":{"_acf_changed":false},"product_brand":[],"product_cat":[160,270],"product_tag":[],"class_list":{"0":"post-27648","1":"product","2":"type-product","3":"status-publish","4":"has-post-thumbnail","6":"product_cat-other-es-2","7":"product_cat-replacement-parts-es","9":"first","10":"instock","11":"shipping-taxable","12":"product-type-simple"},"acf":[],"yoast_head":"<!-- This site is optimized with the Yoast SEO plugin v27.3 - https:\/\/yoast.com\/product\/yoast-seo-wordpress\/ -->\n<title>RHD1 - Sensor de refrigerante de diodo calentado de repuesto para SRL8 - Fieldpiece Instruments<\/title>\n<meta name=\"robots\" content=\"index, follow, max-snippet:-1, max-image-preview:large, max-video-preview:-1\" \/>\n<link rel=\"canonical\" href=\"https:\/\/www.fieldpiece.com\/es\/producto\/https-www-fieldpiece-com-es-post_typeproductp27648\/\" \/>\n<meta property=\"og:locale\" content=\"es_ES\" \/>\n<meta property=\"og:type\" content=\"article\" \/>\n<meta property=\"og:title\" content=\"RHD1 - Sensor de refrigerante de diodo calentado de repuesto para SRL8 - Fieldpiece Instruments\" \/>\n<meta property=\"og:description\" content=\"Aunque el sensor de nuestro detector de fugas de refrigerante de diodo calentado ha sido dise\u00f1ado para durar hasta cinco ...\" \/>\n<meta property=\"og:url\" content=\"https:\/\/www.fieldpiece.com\/es\/producto\/https-www-fieldpiece-com-es-post_typeproductp27648\/\" \/>\n<meta property=\"og:site_name\" content=\"Fieldpiece Instruments\" \/>\n<meta property=\"article:modified_time\" content=\"2023-04-26T12:24:23+00:00\" \/>\n<meta property=\"og:image\" content=\"https:\/\/resources.fieldpiece.com\/wp-content\/uploads\/2020\/11\/RHD1.png\" \/>\n\t<meta property=\"og:image:width\" content=\"470\" \/>\n\t<meta property=\"og:image:height\" content=\"470\" \/>\n\t<meta property=\"og:image:type\" content=\"image\/png\" \/>\n<meta name=\"twitter:card\" content=\"summary_large_image\" \/>\n<script type=\"application\/ld+json\" class=\"yoast-schema-graph\">{\"@context\":\"https:\\\/\\\/schema.org\",\"@graph\":[{\"@type\":\"WebPage\",\"@id\":\"https:\\\/\\\/www.fieldpiece.com\\\/es\\\/producto\\\/https-www-fieldpiece-com-es-post_typeproductp27648\\\/\",\"url\":\"https:\\\/\\\/www.fieldpiece.com\\\/es\\\/producto\\\/https-www-fieldpiece-com-es-post_typeproductp27648\\\/\",\"name\":\"RHD1 - Sensor de refrigerante de diodo calentado de repuesto para SRL8 - Fieldpiece Instruments\",\"isPartOf\":{\"@id\":\"https:\\\/\\\/www.fieldpiece.com\\\/es\\\/#website\"},\"primaryImageOfPage\":{\"@id\":\"https:\\\/\\\/www.fieldpiece.com\\\/es\\\/producto\\\/https-www-fieldpiece-com-es-post_typeproductp27648\\\/#primaryimage\"},\"image\":{\"@id\":\"https:\\\/\\\/www.fieldpiece.com\\\/es\\\/producto\\\/https-www-fieldpiece-com-es-post_typeproductp27648\\\/#primaryimage\"},\"thumbnailUrl\":\"https:\\\/\\\/resources.fieldpiece.com\\\/wp-content\\\/uploads\\\/2020\\\/11\\\/RHD1.png\",\"datePublished\":\"2023-04-26T12:22:27+00:00\",\"dateModified\":\"2023-04-26T12:24:23+00:00\",\"breadcrumb\":{\"@id\":\"https:\\\/\\\/www.fieldpiece.com\\\/es\\\/producto\\\/https-www-fieldpiece-com-es-post_typeproductp27648\\\/#breadcrumb\"},\"inLanguage\":\"es\",\"potentialAction\":[{\"@type\":\"ReadAction\",\"target\":[\"https:\\\/\\\/www.fieldpiece.com\\\/es\\\/producto\\\/https-www-fieldpiece-com-es-post_typeproductp27648\\\/\"]}]},{\"@type\":\"ImageObject\",\"inLanguage\":\"es\",\"@id\":\"https:\\\/\\\/www.fieldpiece.com\\\/es\\\/producto\\\/https-www-fieldpiece-com-es-post_typeproductp27648\\\/#primaryimage\",\"url\":\"https:\\\/\\\/resources.fieldpiece.com\\\/wp-content\\\/uploads\\\/2020\\\/11\\\/RHD1.png\",\"contentUrl\":\"https:\\\/\\\/resources.fieldpiece.com\\\/wp-content\\\/uploads\\\/2020\\\/11\\\/RHD1.png\",\"width\":470,\"height\":470,\"caption\":\"heated diode refrigerant leak detector\"},{\"@type\":\"BreadcrumbList\",\"@id\":\"https:\\\/\\\/www.fieldpiece.com\\\/es\\\/producto\\\/https-www-fieldpiece-com-es-post_typeproductp27648\\\/#breadcrumb\",\"itemListElement\":[{\"@type\":\"ListItem\",\"position\":1,\"name\":\"Home\",\"item\":\"https:\\\/\\\/www.fieldpiece.com\\\/es\\\/\"},{\"@type\":\"ListItem\",\"position\":2,\"name\":\"Shop\",\"item\":\"https:\\\/\\\/www.fieldpiece.com\\\/shop\\\/\"},{\"@type\":\"ListItem\",\"position\":3,\"name\":\"RHD1 &#8211; Sensor de refrigerante de diodo calentado de repuesto para SRL8\"}]},{\"@type\":\"WebSite\",\"@id\":\"https:\\\/\\\/www.fieldpiece.com\\\/es\\\/#website\",\"url\":\"https:\\\/\\\/www.fieldpiece.com\\\/es\\\/\",\"name\":\"Fieldpiece Instruments\",\"description\":\"\",\"publisher\":{\"@id\":\"https:\\\/\\\/www.fieldpiece.com\\\/es\\\/#organization\"},\"potentialAction\":[{\"@type\":\"SearchAction\",\"target\":{\"@type\":\"EntryPoint\",\"urlTemplate\":\"https:\\\/\\\/www.fieldpiece.com\\\/es\\\/?s={search_term_string}\"},\"query-input\":{\"@type\":\"PropertyValueSpecification\",\"valueRequired\":true,\"valueName\":\"search_term_string\"}}],\"inLanguage\":\"es\"},{\"@type\":\"Organization\",\"@id\":\"https:\\\/\\\/www.fieldpiece.com\\\/es\\\/#organization\",\"name\":\"Fieldpiece Instruments\",\"url\":\"https:\\\/\\\/www.fieldpiece.com\\\/es\\\/\",\"logo\":{\"@type\":\"ImageObject\",\"inLanguage\":\"es\",\"@id\":\"https:\\\/\\\/www.fieldpiece.com\\\/es\\\/#\\\/schema\\\/logo\\\/image\\\/\",\"url\":\"https:\\\/\\\/resources.fieldpiece.com\\\/wp-content\\\/uploads\\\/2021\\\/02\\\/Logos-490x358-1.jpg\",\"contentUrl\":\"https:\\\/\\\/resources.fieldpiece.com\\\/wp-content\\\/uploads\\\/2021\\\/02\\\/Logos-490x358-1.jpg\",\"width\":490,\"height\":358,\"caption\":\"Fieldpiece Instruments\"},\"image\":{\"@id\":\"https:\\\/\\\/www.fieldpiece.com\\\/es\\\/#\\\/schema\\\/logo\\\/image\\\/\"}}]}<\/script>\n<!-- \/ Yoast SEO plugin. -->","yoast_head_json":{"title":"RHD1 - Sensor de refrigerante de diodo calentado de repuesto para SRL8 - Fieldpiece Instruments","robots":{"index":"index","follow":"follow","max-snippet":"max-snippet:-1","max-image-preview":"max-image-preview:large","max-video-preview":"max-video-preview:-1"},"canonical":"https:\/\/www.fieldpiece.com\/es\/producto\/https-www-fieldpiece-com-es-post_typeproductp27648\/","og_locale":"es_ES","og_type":"article","og_title":"RHD1 - Sensor de refrigerante de diodo calentado de repuesto para SRL8 - Fieldpiece Instruments","og_description":"Aunque el sensor de nuestro detector de fugas de refrigerante de diodo calentado ha sido dise\u00f1ado para durar hasta cinco ...","og_url":"https:\/\/www.fieldpiece.com\/es\/producto\/https-www-fieldpiece-com-es-post_typeproductp27648\/","og_site_name":"Fieldpiece Instruments","article_modified_time":"2023-04-26T12:24:23+00:00","og_image":[{"width":470,"height":470,"url":"https:\/\/resources.fieldpiece.com\/wp-content\/uploads\/2020\/11\/RHD1.png","type":"image\/png"}],"twitter_card":"summary_large_image","schema":{"@context":"https:\/\/schema.org","@graph":[{"@type":"WebPage","@id":"https:\/\/www.fieldpiece.com\/es\/producto\/https-www-fieldpiece-com-es-post_typeproductp27648\/","url":"https:\/\/www.fieldpiece.com\/es\/producto\/https-www-fieldpiece-com-es-post_typeproductp27648\/","name":"RHD1 - Sensor de refrigerante de diodo calentado de repuesto para SRL8 - Fieldpiece Instruments","isPartOf":{"@id":"https:\/\/www.fieldpiece.com\/es\/#website"},"primaryImageOfPage":{"@id":"https:\/\/www.fieldpiece.com\/es\/producto\/https-www-fieldpiece-com-es-post_typeproductp27648\/#primaryimage"},"image":{"@id":"https:\/\/www.fieldpiece.com\/es\/producto\/https-www-fieldpiece-com-es-post_typeproductp27648\/#primaryimage"},"thumbnailUrl":"https:\/\/resources.fieldpiece.com\/wp-content\/uploads\/2020\/11\/RHD1.png","datePublished":"2023-04-26T12:22:27+00:00","dateModified":"2023-04-26T12:24:23+00:00","breadcrumb":{"@id":"https:\/\/www.fieldpiece.com\/es\/producto\/https-www-fieldpiece-com-es-post_typeproductp27648\/#breadcrumb"},"inLanguage":"es","potentialAction":[{"@type":"ReadAction","target":["https:\/\/www.fieldpiece.com\/es\/producto\/https-www-fieldpiece-com-es-post_typeproductp27648\/"]}]},{"@type":"ImageObject","inLanguage":"es","@id":"https:\/\/www.fieldpiece.com\/es\/producto\/https-www-fieldpiece-com-es-post_typeproductp27648\/#primaryimage","url":"https:\/\/resources.fieldpiece.com\/wp-content\/uploads\/2020\/11\/RHD1.png","contentUrl":"https:\/\/resources.fieldpiece.com\/wp-content\/uploads\/2020\/11\/RHD1.png","width":470,"height":470,"caption":"heated diode refrigerant leak detector"},{"@type":"BreadcrumbList","@id":"https:\/\/www.fieldpiece.com\/es\/producto\/https-www-fieldpiece-com-es-post_typeproductp27648\/#breadcrumb","itemListElement":[{"@type":"ListItem","position":1,"name":"Home","item":"https:\/\/www.fieldpiece.com\/es\/"},{"@type":"ListItem","position":2,"name":"Shop","item":"https:\/\/www.fieldpiece.com\/shop\/"},{"@type":"ListItem","position":3,"name":"RHD1 &#8211; Sensor de refrigerante de diodo calentado de repuesto para SRL8"}]},{"@type":"WebSite","@id":"https:\/\/www.fieldpiece.com\/es\/#website","url":"https:\/\/www.fieldpiece.com\/es\/","name":"Fieldpiece Instruments","description":"","publisher":{"@id":"https:\/\/www.fieldpiece.com\/es\/#organization"},"potentialAction":[{"@type":"SearchAction","target":{"@type":"EntryPoint","urlTemplate":"https:\/\/www.fieldpiece.com\/es\/?s={search_term_string}"},"query-input":{"@type":"PropertyValueSpecification","valueRequired":true,"valueName":"search_term_string"}}],"inLanguage":"es"},{"@type":"Organization","@id":"https:\/\/www.fieldpiece.com\/es\/#organization","name":"Fieldpiece Instruments","url":"https:\/\/www.fieldpiece.com\/es\/","logo":{"@type":"ImageObject","inLanguage":"es","@id":"https:\/\/www.fieldpiece.com\/es\/#\/schema\/logo\/image\/","url":"https:\/\/resources.fieldpiece.com\/wp-content\/uploads\/2021\/02\/Logos-490x358-1.jpg","contentUrl":"https:\/\/resources.fieldpiece.com\/wp-content\/uploads\/2021\/02\/Logos-490x358-1.jpg","width":490,"height":358,"caption":"Fieldpiece Instruments"},"image":{"@id":"https:\/\/www.fieldpiece.com\/es\/#\/schema\/logo\/image\/"}}]}},"_links":{"self":[{"href":"https:\/\/www.fieldpiece.com\/es\/wp-json\/wp\/v2\/product\/27648","targetHints":{"allow":["GET"]}}],"collection":[{"href":"https:\/\/www.fieldpiece.com\/es\/wp-json\/wp\/v2\/product"}],"about":[{"href":"https:\/\/www.fieldpiece.com\/es\/wp-json\/wp\/v2\/types\/product"}],"replies":[{"embeddable":true,"href":"https:\/\/www.fieldpiece.com\/es\/wp-json\/wp\/v2\/comments?post=27648"}],"wp:featuredmedia":[{"embeddable":true,"href":"https:\/\/www.fieldpiece.com\/es\/wp-json\/wp\/v2\/media\/27649"}],"wp:attachment":[{"href":"https:\/\/www.fieldpiece.com\/es\/wp-json\/wp\/v2\/media?parent=27648"}],"wp:term":[{"taxonomy":"product_brand","embeddable":true,"href":"https:\/\/www.fieldpiece.com\/es\/wp-json\/wp\/v2\/product_brand?post=27648"},{"taxonomy":"product_cat","embeddable":true,"href":"https:\/\/www.fieldpiece.com\/es\/wp-json\/wp\/v2\/product_cat?post=27648"},{"taxonomy":"product_tag","embeddable":true,"href":"https:\/\/www.fieldpiece.com\/es\/wp-json\/wp\/v2\/product_tag?post=27648"}],"curies":[{"name":"wp","href":"https:\/\/api.w.org\/{rel}","templated":true}]}}