	{"id":27341,"date":"2020-11-02T12:02:35","date_gmt":"2023-04-26T12:17:47","guid":{"rendered":"https:\/\/www.fieldpiece.com\/product\/rlr44-2-pack-battery-replacement-for-spk1-swt2-sil2-sip2\/"},"modified":"2023-04-26T05:19:51","modified_gmt":"2023-04-26T12:19:51","slug":"https-www-fieldpiece-com-es-post_typeproductp27341","status":"publish","type":"product","link":"https:\/\/www.fieldpiece.com\/es\/producto\/https-www-fieldpiece-com-es-post_typeproductp27341\/","title":{"rendered":"RLR44 &#8211; Paquete de 2 bater\u00edas de repuesto para SPK1, SWT2, SIL2 y SIP2"},"content":{"rendered":"<p>Estas bater\u00edas se utilizan para varios term\u00f3metros Fieldpiece. Ya sea para nuestros term\u00f3metros tipo sonda port\u00e1tiles o nuestros modelos de infrarrojos, lleve siempre un paquete extra en su bolsa de servicio para hacer su trabajo mejor, m\u00e1s f\u00e1cil y m\u00e1s r\u00e1pido. Las bater\u00edas tienen aproximadamente el tama\u00f1o de un bot\u00f3n peque\u00f1o.<\/p>\n","protected":false},"excerpt":{"rendered":"<p>Estas bater\u00edas se utilizan para varios term\u00f3metros Fieldpiece. Ya sea para nuestros term\u00f3metros tipo sonda port\u00e1tiles o nuestros modelos de &#8230;<\/p>\n","protected":false},"featured_media":27342,"comment_status":"open","ping_status":"closed","template":"","meta":{"_acf_changed":false},"product_brand":[],"product_cat":[160,270],"product_tag":[],"class_list":{"0":"post-27341","1":"product","2":"type-product","3":"status-publish","4":"has-post-thumbnail","6":"product_cat-other-es-2","7":"product_cat-replacement-parts-es","9":"first","10":"instock","11":"shipping-taxable","12":"product-type-simple"},"acf":[],"yoast_head":"<!-- This site is optimized with the Yoast SEO plugin v27.3 - https:\/\/yoast.com\/product\/yoast-seo-wordpress\/ -->\n<title>RLR44 - Paquete de 2 bater\u00edas de repuesto para SPK1, SWT2, SIL2 y SIP2 - Fieldpiece Instruments<\/title>\n<meta name=\"robots\" content=\"index, follow, max-snippet:-1, max-image-preview:large, max-video-preview:-1\" \/>\n<link rel=\"canonical\" href=\"https:\/\/www.fieldpiece.com\/es\/producto\/https-www-fieldpiece-com-es-post_typeproductp27341\/\" \/>\n<meta property=\"og:locale\" content=\"es_ES\" \/>\n<meta property=\"og:type\" content=\"article\" \/>\n<meta property=\"og:title\" content=\"RLR44 - Paquete de 2 bater\u00edas de repuesto para SPK1, SWT2, SIL2 y SIP2 - Fieldpiece Instruments\" \/>\n<meta property=\"og:description\" content=\"Estas bater\u00edas se utilizan para varios term\u00f3metros Fieldpiece. Ya sea para nuestros term\u00f3metros tipo sonda port\u00e1tiles o nuestros modelos de ...\" \/>\n<meta property=\"og:url\" content=\"https:\/\/www.fieldpiece.com\/es\/producto\/https-www-fieldpiece-com-es-post_typeproductp27341\/\" \/>\n<meta property=\"og:site_name\" content=\"Fieldpiece Instruments\" \/>\n<meta property=\"article:modified_time\" content=\"2023-04-26T12:19:51+00:00\" \/>\n<meta property=\"og:image\" content=\"https:\/\/resources.fieldpiece.com\/wp-content\/uploads\/2020\/11\/RLR44.jpg\" \/>\n\t<meta property=\"og:image:width\" content=\"470\" \/>\n\t<meta property=\"og:image:height\" content=\"470\" \/>\n\t<meta property=\"og:image:type\" content=\"image\/jpeg\" \/>\n<meta name=\"twitter:card\" content=\"summary_large_image\" \/>\n<script type=\"application\/ld+json\" class=\"yoast-schema-graph\">{\"@context\":\"https:\\\/\\\/schema.org\",\"@graph\":[{\"@type\":\"WebPage\",\"@id\":\"https:\\\/\\\/www.fieldpiece.com\\\/es\\\/producto\\\/https-www-fieldpiece-com-es-post_typeproductp27341\\\/\",\"url\":\"https:\\\/\\\/www.fieldpiece.com\\\/es\\\/producto\\\/https-www-fieldpiece-com-es-post_typeproductp27341\\\/\",\"name\":\"RLR44 - Paquete de 2 bater\u00edas de repuesto para SPK1, SWT2, SIL2 y SIP2 - Fieldpiece Instruments\",\"isPartOf\":{\"@id\":\"https:\\\/\\\/www.fieldpiece.com\\\/es\\\/#website\"},\"primaryImageOfPage\":{\"@id\":\"https:\\\/\\\/www.fieldpiece.com\\\/es\\\/producto\\\/https-www-fieldpiece-com-es-post_typeproductp27341\\\/#primaryimage\"},\"image\":{\"@id\":\"https:\\\/\\\/www.fieldpiece.com\\\/es\\\/producto\\\/https-www-fieldpiece-com-es-post_typeproductp27341\\\/#primaryimage\"},\"thumbnailUrl\":\"https:\\\/\\\/resources.fieldpiece.com\\\/wp-content\\\/uploads\\\/2020\\\/11\\\/RLR44.jpg\",\"datePublished\":\"2023-04-26T12:17:47+00:00\",\"dateModified\":\"2023-04-26T12:19:51+00:00\",\"breadcrumb\":{\"@id\":\"https:\\\/\\\/www.fieldpiece.com\\\/es\\\/producto\\\/https-www-fieldpiece-com-es-post_typeproductp27341\\\/#breadcrumb\"},\"inLanguage\":\"es\",\"potentialAction\":[{\"@type\":\"ReadAction\",\"target\":[\"https:\\\/\\\/www.fieldpiece.com\\\/es\\\/producto\\\/https-www-fieldpiece-com-es-post_typeproductp27341\\\/\"]}]},{\"@type\":\"ImageObject\",\"inLanguage\":\"es\",\"@id\":\"https:\\\/\\\/www.fieldpiece.com\\\/es\\\/producto\\\/https-www-fieldpiece-com-es-post_typeproductp27341\\\/#primaryimage\",\"url\":\"https:\\\/\\\/resources.fieldpiece.com\\\/wp-content\\\/uploads\\\/2020\\\/11\\\/RLR44.jpg\",\"contentUrl\":\"https:\\\/\\\/resources.fieldpiece.com\\\/wp-content\\\/uploads\\\/2020\\\/11\\\/RLR44.jpg\",\"width\":470,\"height\":470,\"caption\":\"replacement batteries\"},{\"@type\":\"BreadcrumbList\",\"@id\":\"https:\\\/\\\/www.fieldpiece.com\\\/es\\\/producto\\\/https-www-fieldpiece-com-es-post_typeproductp27341\\\/#breadcrumb\",\"itemListElement\":[{\"@type\":\"ListItem\",\"position\":1,\"name\":\"Home\",\"item\":\"https:\\\/\\\/www.fieldpiece.com\\\/es\\\/\"},{\"@type\":\"ListItem\",\"position\":2,\"name\":\"Shop\",\"item\":\"https:\\\/\\\/www.fieldpiece.com\\\/shop\\\/\"},{\"@type\":\"ListItem\",\"position\":3,\"name\":\"RLR44 &#8211; Paquete de 2 bater\u00edas de repuesto para SPK1, SWT2, SIL2 y SIP2\"}]},{\"@type\":\"WebSite\",\"@id\":\"https:\\\/\\\/www.fieldpiece.com\\\/es\\\/#website\",\"url\":\"https:\\\/\\\/www.fieldpiece.com\\\/es\\\/\",\"name\":\"Fieldpiece Instruments\",\"description\":\"\",\"publisher\":{\"@id\":\"https:\\\/\\\/www.fieldpiece.com\\\/es\\\/#organization\"},\"potentialAction\":[{\"@type\":\"SearchAction\",\"target\":{\"@type\":\"EntryPoint\",\"urlTemplate\":\"https:\\\/\\\/www.fieldpiece.com\\\/es\\\/?s={search_term_string}\"},\"query-input\":{\"@type\":\"PropertyValueSpecification\",\"valueRequired\":true,\"valueName\":\"search_term_string\"}}],\"inLanguage\":\"es\"},{\"@type\":\"Organization\",\"@id\":\"https:\\\/\\\/www.fieldpiece.com\\\/es\\\/#organization\",\"name\":\"Fieldpiece Instruments\",\"url\":\"https:\\\/\\\/www.fieldpiece.com\\\/es\\\/\",\"logo\":{\"@type\":\"ImageObject\",\"inLanguage\":\"es\",\"@id\":\"https:\\\/\\\/www.fieldpiece.com\\\/es\\\/#\\\/schema\\\/logo\\\/image\\\/\",\"url\":\"https:\\\/\\\/resources.fieldpiece.com\\\/wp-content\\\/uploads\\\/2021\\\/02\\\/Logos-490x358-1.jpg\",\"contentUrl\":\"https:\\\/\\\/resources.fieldpiece.com\\\/wp-content\\\/uploads\\\/2021\\\/02\\\/Logos-490x358-1.jpg\",\"width\":490,\"height\":358,\"caption\":\"Fieldpiece Instruments\"},\"image\":{\"@id\":\"https:\\\/\\\/www.fieldpiece.com\\\/es\\\/#\\\/schema\\\/logo\\\/image\\\/\"}}]}<\/script>\n<!-- \/ Yoast SEO plugin. -->","yoast_head_json":{"title":"RLR44 - Paquete de 2 bater\u00edas de repuesto para SPK1, SWT2, SIL2 y SIP2 - Fieldpiece Instruments","robots":{"index":"index","follow":"follow","max-snippet":"max-snippet:-1","max-image-preview":"max-image-preview:large","max-video-preview":"max-video-preview:-1"},"canonical":"https:\/\/www.fieldpiece.com\/es\/producto\/https-www-fieldpiece-com-es-post_typeproductp27341\/","og_locale":"es_ES","og_type":"article","og_title":"RLR44 - Paquete de 2 bater\u00edas de repuesto para SPK1, SWT2, SIL2 y SIP2 - Fieldpiece Instruments","og_description":"Estas bater\u00edas se utilizan para varios term\u00f3metros Fieldpiece. Ya sea para nuestros term\u00f3metros tipo sonda port\u00e1tiles o nuestros modelos de ...","og_url":"https:\/\/www.fieldpiece.com\/es\/producto\/https-www-fieldpiece-com-es-post_typeproductp27341\/","og_site_name":"Fieldpiece Instruments","article_modified_time":"2023-04-26T12:19:51+00:00","og_image":[{"width":470,"height":470,"url":"https:\/\/resources.fieldpiece.com\/wp-content\/uploads\/2020\/11\/RLR44.jpg","type":"image\/jpeg"}],"twitter_card":"summary_large_image","schema":{"@context":"https:\/\/schema.org","@graph":[{"@type":"WebPage","@id":"https:\/\/www.fieldpiece.com\/es\/producto\/https-www-fieldpiece-com-es-post_typeproductp27341\/","url":"https:\/\/www.fieldpiece.com\/es\/producto\/https-www-fieldpiece-com-es-post_typeproductp27341\/","name":"RLR44 - Paquete de 2 bater\u00edas de repuesto para SPK1, SWT2, SIL2 y SIP2 - Fieldpiece Instruments","isPartOf":{"@id":"https:\/\/www.fieldpiece.com\/es\/#website"},"primaryImageOfPage":{"@id":"https:\/\/www.fieldpiece.com\/es\/producto\/https-www-fieldpiece-com-es-post_typeproductp27341\/#primaryimage"},"image":{"@id":"https:\/\/www.fieldpiece.com\/es\/producto\/https-www-fieldpiece-com-es-post_typeproductp27341\/#primaryimage"},"thumbnailUrl":"https:\/\/resources.fieldpiece.com\/wp-content\/uploads\/2020\/11\/RLR44.jpg","datePublished":"2023-04-26T12:17:47+00:00","dateModified":"2023-04-26T12:19:51+00:00","breadcrumb":{"@id":"https:\/\/www.fieldpiece.com\/es\/producto\/https-www-fieldpiece-com-es-post_typeproductp27341\/#breadcrumb"},"inLanguage":"es","potentialAction":[{"@type":"ReadAction","target":["https:\/\/www.fieldpiece.com\/es\/producto\/https-www-fieldpiece-com-es-post_typeproductp27341\/"]}]},{"@type":"ImageObject","inLanguage":"es","@id":"https:\/\/www.fieldpiece.com\/es\/producto\/https-www-fieldpiece-com-es-post_typeproductp27341\/#primaryimage","url":"https:\/\/resources.fieldpiece.com\/wp-content\/uploads\/2020\/11\/RLR44.jpg","contentUrl":"https:\/\/resources.fieldpiece.com\/wp-content\/uploads\/2020\/11\/RLR44.jpg","width":470,"height":470,"caption":"replacement batteries"},{"@type":"BreadcrumbList","@id":"https:\/\/www.fieldpiece.com\/es\/producto\/https-www-fieldpiece-com-es-post_typeproductp27341\/#breadcrumb","itemListElement":[{"@type":"ListItem","position":1,"name":"Home","item":"https:\/\/www.fieldpiece.com\/es\/"},{"@type":"ListItem","position":2,"name":"Shop","item":"https:\/\/www.fieldpiece.com\/shop\/"},{"@type":"ListItem","position":3,"name":"RLR44 &#8211; Paquete de 2 bater\u00edas de repuesto para SPK1, SWT2, SIL2 y SIP2"}]},{"@type":"WebSite","@id":"https:\/\/www.fieldpiece.com\/es\/#website","url":"https:\/\/www.fieldpiece.com\/es\/","name":"Fieldpiece Instruments","description":"","publisher":{"@id":"https:\/\/www.fieldpiece.com\/es\/#organization"},"potentialAction":[{"@type":"SearchAction","target":{"@type":"EntryPoint","urlTemplate":"https:\/\/www.fieldpiece.com\/es\/?s={search_term_string}"},"query-input":{"@type":"PropertyValueSpecification","valueRequired":true,"valueName":"search_term_string"}}],"inLanguage":"es"},{"@type":"Organization","@id":"https:\/\/www.fieldpiece.com\/es\/#organization","name":"Fieldpiece Instruments","url":"https:\/\/www.fieldpiece.com\/es\/","logo":{"@type":"ImageObject","inLanguage":"es","@id":"https:\/\/www.fieldpiece.com\/es\/#\/schema\/logo\/image\/","url":"https:\/\/resources.fieldpiece.com\/wp-content\/uploads\/2021\/02\/Logos-490x358-1.jpg","contentUrl":"https:\/\/resources.fieldpiece.com\/wp-content\/uploads\/2021\/02\/Logos-490x358-1.jpg","width":490,"height":358,"caption":"Fieldpiece Instruments"},"image":{"@id":"https:\/\/www.fieldpiece.com\/es\/#\/schema\/logo\/image\/"}}]}},"_links":{"self":[{"href":"https:\/\/www.fieldpiece.com\/es\/wp-json\/wp\/v2\/product\/27341","targetHints":{"allow":["GET"]}}],"collection":[{"href":"https:\/\/www.fieldpiece.com\/es\/wp-json\/wp\/v2\/product"}],"about":[{"href":"https:\/\/www.fieldpiece.com\/es\/wp-json\/wp\/v2\/types\/product"}],"replies":[{"embeddable":true,"href":"https:\/\/www.fieldpiece.com\/es\/wp-json\/wp\/v2\/comments?post=27341"}],"wp:featuredmedia":[{"embeddable":true,"href":"https:\/\/www.fieldpiece.com\/es\/wp-json\/wp\/v2\/media\/27342"}],"wp:attachment":[{"href":"https:\/\/www.fieldpiece.com\/es\/wp-json\/wp\/v2\/media?parent=27341"}],"wp:term":[{"taxonomy":"product_brand","embeddable":true,"href":"https:\/\/www.fieldpiece.com\/es\/wp-json\/wp\/v2\/product_brand?post=27341"},{"taxonomy":"product_cat","embeddable":true,"href":"https:\/\/www.fieldpiece.com\/es\/wp-json\/wp\/v2\/product_cat?post=27341"},{"taxonomy":"product_tag","embeddable":true,"href":"https:\/\/www.fieldpiece.com\/es\/wp-json\/wp\/v2\/product_tag?post=27341"}],"curies":[{"name":"wp","href":"https:\/\/api.w.org\/{rel}","templated":true}]}}