	{"id":26962,"date":"2021-01-22T03:26:24","date_gmt":"2021-01-22T11:26:24","guid":{"rendered":"https:\/\/www.fieldpiece.com\/product\/jl3lc-large-pipe-clamp\/"},"modified":"2023-04-27T00:09:16","modified_gmt":"2023-04-27T07:09:16","slug":"jl3lc-large-pipe-clamp","status":"publish","type":"product","link":"https:\/\/www.fieldpiece.com\/es\/producto\/jl3lc-large-pipe-clamp\/","title":{"rendered":"JL3LC &#8211; Pinza para tuber\u00edas grandes del sistema Job Link\u00ae"},"content":{"rendered":"<ul>\n<li style=\"font-weight: 400;\"><span style=\"font-weight: 400;\">Perfecta para aplicaciones comerciales y de refrigeraci\u00f3n<\/span><\/li>\n<li style=\"font-weight: 400;\"><span style=\"font-weight: 400;\">Operaci\u00f3n con una sola mano<\/span><\/li>\n<li style=\"font-weight: 400;\"><span style=\"font-weight: 400;\">Extremadamente exacta y r\u00e1pida<\/span><\/li>\n<li style=\"font-weight: 400;\"><span style=\"font-weight: 400;\">Dise\u00f1o compacto (\u00b1 0,6 \u00b0C \/ 1,0 \u00b0F)<\/span><\/li>\n<li style=\"font-weight: 400;\"><span style=\"font-weight: 400;\">Agarre c\u00f3modo y ergon\u00f3mico<\/span><\/li>\n<li style=\"font-weight: 400;\"><span style=\"font-weight: 400;\">Sensor Rapid Rail\u2122 patentado<\/span><\/li>\n<li style=\"font-weight: 400;\"><span style=\"font-weight: 400;\">Funciona de forma inal\u00e1mbrica hasta 304 m (1000 pies) <\/span><\/li>\n<li style=\"font-weight: 400;\">Se comunica con la aplicaci\u00f3n Job Link y analizadores inal\u00e1mbricos (SM380V\/SM480V) <\/li>\n<\/ul>\n<p><b>\u00a1Mire el tama\u00f1o de la boca!<\/b> <\/p>\n<p><span style=\"font-weight: 400;\">Puesto que la JL3LC puede tomar mediciones en tuber\u00edas desde tan solo \u00be\u201d hasta 4 1\/8\u201d de di\u00e1metro, podr\u00e1 despedirse de las bandas y correas de sujeci\u00f3n, a menudo tan poco fiables, y disfrutar de una mayor comodidad, precisi\u00f3n y velocidad. Esta pinza para tuber\u00edas de alta tecnolog\u00eda es resistente, vers\u00e1til e inal\u00e1mbrica. Tome mediciones a 304 m (1000 pies) de distancia y obtenga lecturas de temperatura de tuber\u00eda r\u00e1pidas directamente a trav\u00e9s de los nuevos analizadores de refrigerante SMAN\u00ae o la aplicaci\u00f3n del sistema Job Link\u00ae.<\/span> <\/p>\n<p><b>Cualquier uso. Cualquier ubicaci\u00f3n.<\/b> <\/p>\n<p><span style=\"font-weight: 400;\">La exactitud siempre importa, tanto si trabaja en el sector de la refrigeraci\u00f3n comercial como si lo hace en el de uso dom\u00e9stico. Adem\u00e1s de presentar una capacidad que llega a 4 1\/8\u201d, la abertura m\u00e1s amplia del mercado, la JL3LC utiliza nuestro sensor Rapid Rail\u2122 patentado, que le ofrece exactitud instant\u00e1nea al medir temperaturas en tuber\u00edas. <\/span> <\/p>\n<p><b>\u00bfEs \u00abinstant\u00e1nea\u00bb lo suficientemente r\u00e1pido?<\/b> <\/p>\n<p><span style=\"font-weight: 400;\">La tecnolog\u00eda de sensor patentada Rapid Rail\u2122 completa el circuito y se estabiliza inmediatamente, d\u00e1ndole unas conexiones directas, confiables y seguras incluso en tuber\u00edas h\u00famedas o mojadas. Esto tambi\u00e9n implica que las lecturas no se ver\u00e1n afectadas por el viento, la temperatura ambiente ni ning\u00fan otro factor externo. Y a pesar de su gran tama\u00f1o, tambi\u00e9n ha sido dise\u00f1ada para utilizarse con una sola mano, lo cual resulta \u00fatil para zonas de dif\u00edcil acceso.<\/span><\/p>\n<p><b>Adi\u00f3s a los cables.<\/b> <\/p>\n<p><span style=\"font-weight: 400;\">La JL3LC tiene un alcance inal\u00e1mbrico de 304 m (1000 pies) y se comunica con la aplicaci\u00f3n Job Link y nuestros analizadores de refrigerante SMAN modelos SM380V y SM480V. La capacidad de la JL3LC puede con todas las tuber\u00edas de la instalaci\u00f3n en la que est\u00e9 trabajando. Si no necesita una pinza inal\u00e1mbrica, le ofrecemos una <\/span><br \/>\n<span style=\"font-weight: 400;\"> versi\u00f3n con cable, la TC48.<\/span> <\/p>\n<p><span style=\"font-weight: 400;\">Funciones y especificaciones:<\/span><\/p>\n<ul>\n<li style=\"font-weight: 400;\"><span style=\"font-weight: 400;\"> Compatibilidad con la superficie de contacto de tuber\u00edas: conductora de electricidad <\/span><\/li>\n<li style=\"font-weight: 400;\"><span style=\"font-weight: 400;\">Compatibilidad con tama\u00f1os de tuber\u00eda: di\u00e1metro exterior de 3\/4&#8243; a 4 1\/8&#8243; <\/span><\/li>\n<li style=\"font-weight: 400;\"><span style=\"font-weight: 400;\">Termopar con tecnolog\u00eda de sensor Rapid Rail\u2122 (n\u00edquel cromo\/n\u00edquel aluminio)<\/span><\/li>\n<li style=\"font-weight: 400;\"><span style=\"font-weight: 400;\">Alcance inal\u00e1mbrico: 304 m (1000 pies)<\/span><\/li>\n<li style=\"font-weight: 400;\"><span style=\"font-weight: 400;\">Intervalo de medici\u00f3n: de -46 \u00b0C a 125 \u00b0C (de -50 \u00b0F a 257 \u00b0F)<\/span><\/li>\n<li style=\"font-weight: 400;\"><span style=\"font-weight: 400;\">Se estabiliza en segundos<\/span><\/li>\n<li style=\"font-weight: 400;\"><span style=\"font-weight: 400;\"> \u00b10,6 \u00b0C (\u00b11,0 \u00b0F)\u00a0<\/span><\/li>\n<li style=\"font-weight: 400;\"><span style=\"font-weight: 400;\">Impermeable, resistente y dise\u00f1ada para soportar los rigores del servicio en campo<\/span><\/li>\n<li style=\"font-weight: 400;\"><span style=\"font-weight: 400;\">Cumple los requisitos del T\u00edtulo 24 de la Ley de California <\/span><\/li>\n<\/ul>\n<p><strong>Incluye:<\/strong> <\/p>\n<ul>\n<li style=\"font-weight: 400;\"><span style=\"font-weight: 400;\"> (1) Pinza JL3LC<\/span><\/li>\n<li style=\"font-weight: 400;\"><span style=\"font-weight: 400;\">(1) Tela de esmeril para limpieza de las tuber\u00edas<\/span><\/li>\n<li style=\"font-weight: 400;\"><span style=\"font-weight: 400;\">(2) Pilas AAA <\/span><\/li>\n<\/ul>\n","protected":false},"excerpt":{"rendered":"<p>Perfecta para aplicaciones comerciales y de refrigeraci\u00f3n Operaci\u00f3n con una sola mano Extremadamente exacta y r\u00e1pida Dise\u00f1o compacto (\u00b1 0,6 &#8230;<\/p>\n","protected":false},"featured_media":26970,"comment_status":"open","ping_status":"closed","template":"","meta":{"_acf_changed":false},"product_brand":[],"product_cat":[160,207,233,271],"product_tag":[],"class_list":{"0":"post-26962","1":"product","2":"type-product","3":"status-publish","4":"has-post-thumbnail","6":"product_cat-other-es-2","7":"product_cat-job-link-system-es","8":"product_cat-probes-es","9":"product_cat-thermocouples-es","11":"first","12":"instock","13":"shipping-taxable","14":"product-type-simple"},"acf":[],"yoast_head":"<!-- This site is optimized with the Yoast SEO plugin v27.2 - https:\/\/yoast.com\/product\/yoast-seo-wordpress\/ -->\n<title>JL3LC - Pinza para tuber\u00edas grandes del sistema Job Link\u00ae - Fieldpiece Instruments<\/title>\n<meta name=\"robots\" content=\"index, follow, max-snippet:-1, max-image-preview:large, max-video-preview:-1\" \/>\n<link rel=\"canonical\" href=\"https:\/\/www.fieldpiece.com\/es\/producto\/jl3lc-large-pipe-clamp\/\" \/>\n<meta property=\"og:locale\" content=\"es_ES\" \/>\n<meta property=\"og:type\" content=\"article\" \/>\n<meta property=\"og:title\" content=\"JL3LC - Pinza para tuber\u00edas grandes del sistema Job Link\u00ae - Fieldpiece Instruments\" \/>\n<meta property=\"og:description\" content=\"Perfecta para aplicaciones comerciales y de refrigeraci\u00f3n Operaci\u00f3n con una sola mano Extremadamente exacta y r\u00e1pida Dise\u00f1o compacto (\u00b1 0,6 ...\" \/>\n<meta property=\"og:url\" content=\"https:\/\/www.fieldpiece.com\/es\/producto\/jl3lc-large-pipe-clamp\/\" \/>\n<meta property=\"og:site_name\" content=\"Fieldpiece Instruments\" \/>\n<meta property=\"article:modified_time\" content=\"2023-04-27T07:09:16+00:00\" \/>\n<meta property=\"og:image\" content=\"https:\/\/resources.fieldpiece.com\/wp-content\/uploads\/2021\/01\/JL3LC-470x470-01.png\" \/>\n\t<meta property=\"og:image:width\" content=\"470\" \/>\n\t<meta property=\"og:image:height\" content=\"470\" \/>\n\t<meta property=\"og:image:type\" content=\"image\/png\" \/>\n<meta name=\"twitter:card\" content=\"summary_large_image\" \/>\n<meta name=\"twitter:label1\" content=\"Tiempo de lectura\" \/>\n\t<meta name=\"twitter:data1\" content=\"2 minutos\" \/>\n<script type=\"application\/ld+json\" class=\"yoast-schema-graph\">{\"@context\":\"https:\/\/schema.org\",\"@graph\":[{\"@type\":\"WebPage\",\"@id\":\"https:\/\/www.fieldpiece.com\/es\/producto\/jl3lc-large-pipe-clamp\/\",\"url\":\"https:\/\/www.fieldpiece.com\/es\/producto\/jl3lc-large-pipe-clamp\/\",\"name\":\"JL3LC - Pinza para tuber\u00edas grandes del sistema Job Link\u00ae - Fieldpiece Instruments\",\"isPartOf\":{\"@id\":\"https:\/\/www.fieldpiece.com\/es\/#website\"},\"primaryImageOfPage\":{\"@id\":\"https:\/\/www.fieldpiece.com\/es\/producto\/jl3lc-large-pipe-clamp\/#primaryimage\"},\"image\":{\"@id\":\"https:\/\/www.fieldpiece.com\/es\/producto\/jl3lc-large-pipe-clamp\/#primaryimage\"},\"thumbnailUrl\":\"https:\/\/resources.fieldpiece.com\/wp-content\/uploads\/2021\/01\/JL3LC-470x470-01.png\",\"datePublished\":\"2021-01-22T11:26:24+00:00\",\"dateModified\":\"2023-04-27T07:09:16+00:00\",\"breadcrumb\":{\"@id\":\"https:\/\/www.fieldpiece.com\/es\/producto\/jl3lc-large-pipe-clamp\/#breadcrumb\"},\"inLanguage\":\"es\",\"potentialAction\":[{\"@type\":\"ReadAction\",\"target\":[\"https:\/\/www.fieldpiece.com\/es\/producto\/jl3lc-large-pipe-clamp\/\"]}]},{\"@type\":\"ImageObject\",\"inLanguage\":\"es\",\"@id\":\"https:\/\/www.fieldpiece.com\/es\/producto\/jl3lc-large-pipe-clamp\/#primaryimage\",\"url\":\"https:\/\/resources.fieldpiece.com\/wp-content\/uploads\/2021\/01\/JL3LC-470x470-01.png\",\"contentUrl\":\"https:\/\/resources.fieldpiece.com\/wp-content\/uploads\/2021\/01\/JL3LC-470x470-01.png\",\"width\":470,\"height\":470,\"caption\":\"JL3LC Job Link\u00ae Wireless Large Thermocouple Pipe Clamp\"},{\"@type\":\"BreadcrumbList\",\"@id\":\"https:\/\/www.fieldpiece.com\/es\/producto\/jl3lc-large-pipe-clamp\/#breadcrumb\",\"itemListElement\":[{\"@type\":\"ListItem\",\"position\":1,\"name\":\"Home\",\"item\":\"https:\/\/www.fieldpiece.com\/es\/\"},{\"@type\":\"ListItem\",\"position\":2,\"name\":\"Shop\",\"item\":\"https:\/\/www.fieldpiece.com\/shop\/\"},{\"@type\":\"ListItem\",\"position\":3,\"name\":\"JL3LC &#8211; Pinza para tuber\u00edas grandes del sistema Job Link\u00ae\"}]},{\"@type\":\"WebSite\",\"@id\":\"https:\/\/www.fieldpiece.com\/es\/#website\",\"url\":\"https:\/\/www.fieldpiece.com\/es\/\",\"name\":\"Fieldpiece Instruments\",\"description\":\"\",\"publisher\":{\"@id\":\"https:\/\/www.fieldpiece.com\/es\/#organization\"},\"potentialAction\":[{\"@type\":\"SearchAction\",\"target\":{\"@type\":\"EntryPoint\",\"urlTemplate\":\"https:\/\/www.fieldpiece.com\/es\/?s={search_term_string}\"},\"query-input\":{\"@type\":\"PropertyValueSpecification\",\"valueRequired\":true,\"valueName\":\"search_term_string\"}}],\"inLanguage\":\"es\"},{\"@type\":\"Organization\",\"@id\":\"https:\/\/www.fieldpiece.com\/es\/#organization\",\"name\":\"Fieldpiece Instruments\",\"url\":\"https:\/\/www.fieldpiece.com\/es\/\",\"logo\":{\"@type\":\"ImageObject\",\"inLanguage\":\"es\",\"@id\":\"https:\/\/www.fieldpiece.com\/es\/#\/schema\/logo\/image\/\",\"url\":\"https:\/\/resources.fieldpiece.com\/wp-content\/uploads\/2021\/02\/Logos-490x358-1.jpg\",\"contentUrl\":\"https:\/\/resources.fieldpiece.com\/wp-content\/uploads\/2021\/02\/Logos-490x358-1.jpg\",\"width\":490,\"height\":358,\"caption\":\"Fieldpiece Instruments\"},\"image\":{\"@id\":\"https:\/\/www.fieldpiece.com\/es\/#\/schema\/logo\/image\/\"}}]}<\/script>\n<!-- \/ Yoast SEO plugin. -->","yoast_head_json":{"title":"JL3LC - Pinza para tuber\u00edas grandes del sistema Job Link\u00ae - Fieldpiece Instruments","robots":{"index":"index","follow":"follow","max-snippet":"max-snippet:-1","max-image-preview":"max-image-preview:large","max-video-preview":"max-video-preview:-1"},"canonical":"https:\/\/www.fieldpiece.com\/es\/producto\/jl3lc-large-pipe-clamp\/","og_locale":"es_ES","og_type":"article","og_title":"JL3LC - Pinza para tuber\u00edas grandes del sistema Job Link\u00ae - Fieldpiece Instruments","og_description":"Perfecta para aplicaciones comerciales y de refrigeraci\u00f3n Operaci\u00f3n con una sola mano Extremadamente exacta y r\u00e1pida Dise\u00f1o compacto (\u00b1 0,6 ...","og_url":"https:\/\/www.fieldpiece.com\/es\/producto\/jl3lc-large-pipe-clamp\/","og_site_name":"Fieldpiece Instruments","article_modified_time":"2023-04-27T07:09:16+00:00","og_image":[{"width":470,"height":470,"url":"https:\/\/resources.fieldpiece.com\/wp-content\/uploads\/2021\/01\/JL3LC-470x470-01.png","type":"image\/png"}],"twitter_card":"summary_large_image","twitter_misc":{"Tiempo de lectura":"2 minutos"},"schema":{"@context":"https:\/\/schema.org","@graph":[{"@type":"WebPage","@id":"https:\/\/www.fieldpiece.com\/es\/producto\/jl3lc-large-pipe-clamp\/","url":"https:\/\/www.fieldpiece.com\/es\/producto\/jl3lc-large-pipe-clamp\/","name":"JL3LC - Pinza para tuber\u00edas grandes del sistema Job Link\u00ae - Fieldpiece Instruments","isPartOf":{"@id":"https:\/\/www.fieldpiece.com\/es\/#website"},"primaryImageOfPage":{"@id":"https:\/\/www.fieldpiece.com\/es\/producto\/jl3lc-large-pipe-clamp\/#primaryimage"},"image":{"@id":"https:\/\/www.fieldpiece.com\/es\/producto\/jl3lc-large-pipe-clamp\/#primaryimage"},"thumbnailUrl":"https:\/\/resources.fieldpiece.com\/wp-content\/uploads\/2021\/01\/JL3LC-470x470-01.png","datePublished":"2021-01-22T11:26:24+00:00","dateModified":"2023-04-27T07:09:16+00:00","breadcrumb":{"@id":"https:\/\/www.fieldpiece.com\/es\/producto\/jl3lc-large-pipe-clamp\/#breadcrumb"},"inLanguage":"es","potentialAction":[{"@type":"ReadAction","target":["https:\/\/www.fieldpiece.com\/es\/producto\/jl3lc-large-pipe-clamp\/"]}]},{"@type":"ImageObject","inLanguage":"es","@id":"https:\/\/www.fieldpiece.com\/es\/producto\/jl3lc-large-pipe-clamp\/#primaryimage","url":"https:\/\/resources.fieldpiece.com\/wp-content\/uploads\/2021\/01\/JL3LC-470x470-01.png","contentUrl":"https:\/\/resources.fieldpiece.com\/wp-content\/uploads\/2021\/01\/JL3LC-470x470-01.png","width":470,"height":470,"caption":"JL3LC Job Link\u00ae Wireless Large Thermocouple Pipe Clamp"},{"@type":"BreadcrumbList","@id":"https:\/\/www.fieldpiece.com\/es\/producto\/jl3lc-large-pipe-clamp\/#breadcrumb","itemListElement":[{"@type":"ListItem","position":1,"name":"Home","item":"https:\/\/www.fieldpiece.com\/es\/"},{"@type":"ListItem","position":2,"name":"Shop","item":"https:\/\/www.fieldpiece.com\/shop\/"},{"@type":"ListItem","position":3,"name":"JL3LC &#8211; Pinza para tuber\u00edas grandes del sistema Job Link\u00ae"}]},{"@type":"WebSite","@id":"https:\/\/www.fieldpiece.com\/es\/#website","url":"https:\/\/www.fieldpiece.com\/es\/","name":"Fieldpiece Instruments","description":"","publisher":{"@id":"https:\/\/www.fieldpiece.com\/es\/#organization"},"potentialAction":[{"@type":"SearchAction","target":{"@type":"EntryPoint","urlTemplate":"https:\/\/www.fieldpiece.com\/es\/?s={search_term_string}"},"query-input":{"@type":"PropertyValueSpecification","valueRequired":true,"valueName":"search_term_string"}}],"inLanguage":"es"},{"@type":"Organization","@id":"https:\/\/www.fieldpiece.com\/es\/#organization","name":"Fieldpiece Instruments","url":"https:\/\/www.fieldpiece.com\/es\/","logo":{"@type":"ImageObject","inLanguage":"es","@id":"https:\/\/www.fieldpiece.com\/es\/#\/schema\/logo\/image\/","url":"https:\/\/resources.fieldpiece.com\/wp-content\/uploads\/2021\/02\/Logos-490x358-1.jpg","contentUrl":"https:\/\/resources.fieldpiece.com\/wp-content\/uploads\/2021\/02\/Logos-490x358-1.jpg","width":490,"height":358,"caption":"Fieldpiece Instruments"},"image":{"@id":"https:\/\/www.fieldpiece.com\/es\/#\/schema\/logo\/image\/"}}]}},"_links":{"self":[{"href":"https:\/\/www.fieldpiece.com\/es\/wp-json\/wp\/v2\/product\/26962","targetHints":{"allow":["GET"]}}],"collection":[{"href":"https:\/\/www.fieldpiece.com\/es\/wp-json\/wp\/v2\/product"}],"about":[{"href":"https:\/\/www.fieldpiece.com\/es\/wp-json\/wp\/v2\/types\/product"}],"replies":[{"embeddable":true,"href":"https:\/\/www.fieldpiece.com\/es\/wp-json\/wp\/v2\/comments?post=26962"}],"wp:featuredmedia":[{"embeddable":true,"href":"https:\/\/www.fieldpiece.com\/es\/wp-json\/wp\/v2\/media\/26970"}],"wp:attachment":[{"href":"https:\/\/www.fieldpiece.com\/es\/wp-json\/wp\/v2\/media?parent=26962"}],"wp:term":[{"taxonomy":"product_brand","embeddable":true,"href":"https:\/\/www.fieldpiece.com\/es\/wp-json\/wp\/v2\/product_brand?post=26962"},{"taxonomy":"product_cat","embeddable":true,"href":"https:\/\/www.fieldpiece.com\/es\/wp-json\/wp\/v2\/product_cat?post=26962"},{"taxonomy":"product_tag","embeddable":true,"href":"https:\/\/www.fieldpiece.com\/es\/wp-json\/wp\/v2\/product_tag?post=26962"}],"curies":[{"name":"wp","href":"https:\/\/api.w.org\/{rel}","templated":true}]}}