	{"id":20619,"date":"2021-01-22T04:12:37","date_gmt":"2021-01-22T12:12:37","guid":{"rendered":"https:\/\/www.fieldpiece.com\/product\/tc48-large-pipe-clamp\/"},"modified":"2023-04-27T00:05:37","modified_gmt":"2023-04-27T07:05:37","slug":"tc48-large-pipe-clamp","status":"publish","type":"product","link":"https:\/\/www.fieldpiece.com\/es\/producto\/tc48-large-pipe-clamp\/","title":{"rendered":"TC48 \u2013 Pinza para tuber\u00edas grandes"},"content":{"rendered":"<ul>\n<li style=\"font-weight: 400;\"><span style=\"font-weight: 400;\">Funciona en tubos de entre 3\/4&#8243; y 4 1\/8&#8243;<\/span><\/li>\n<li>Perfecta para aplicaciones comerciales y de refrigeraci\u00f3n<\/li>\n<li>Operaci\u00f3n con una sola mano<\/li>\n<li>Extremadamente exacta y r\u00e1pida<\/li>\n<li>Dise\u00f1o compacto<\/li>\n<li>Agarre c\u00f3modo y ergon\u00f3mico<\/li>\n<li style=\"font-weight: 400;\"><span style=\"font-weight: 400;\">La tecnolog\u00eda de sensor Rapid Rail\u2122 mide temperaturas r\u00e1pidamente <\/span><\/li>\n<\/ul>\n<p><b>M\u00e1s grande y exacta.<\/b><span style=\"font-weight: 400;\"><br \/>\n<\/span><span style=\"font-weight: 400;\">Si necesita medir temperaturas en tuber\u00edas m\u00e1s grandes, la pinza para tuber\u00edas grandes TC48 es su mejor opci\u00f3n. Emplea la tecnolog\u00eda de sensor Rapid Rail\u2122 para medir temperaturas al instante. No se ve afectada por el aire ambiente, el viento ni la humedad en la tuber\u00eda. Al ser capaz de medir tuber\u00edas de hasta 4 1\/8\u201d, la TC48 es la mayor pinza para tuber\u00edas del mercado y la herramienta ideal para trabajos en los sectores comercial y de refrigeraci\u00f3n.<\/span> <\/p>\n<p><b>Pero aun as\u00ed, no resulta demasiado grande.<\/b> <\/p>\n<p><span style=\"font-weight: 400;\">Hemos dise\u00f1ado la TC48 para que pueda utilizarse f\u00e1cilmente con una sola mano, lo que resulta muy \u00fatil en tuber\u00edas de dif\u00edcil acceso. Adem\u00e1s, gracias a su cable extra largo de 1,82 m (6 pies), ya no tendr\u00e1 que agacharse ni ponerse en cuclillas mientras toma la temperatura de una tuber\u00eda.<\/span> <\/p>\n<p><span style=\"font-weight: 400;\">La TC48 incluye estas caracter\u00edsticas:<\/span> <\/p>\n<ul>\n<li style=\"font-weight: 400;\"><span style=\"font-weight: 400;\"> Compatibilidad con la superficie de contacto de tuber\u00edas: conductora de electricidad<\/span><\/li>\n<li style=\"font-weight: 400;\"><span style=\"font-weight: 400;\">Di\u00e1metro de abertura de tuber\u00edas de 3\/4&#8243; a 4 1\/8&#8243;\u00a0<\/span><\/li>\n<li style=\"font-weight: 400;\"><span style=\"font-weight: 400;\">Termopar con tecnolog\u00eda de sensor Rapid Rail\u2122 (n\u00edquel cromo\/n\u00edquel aluminio)<\/span><\/li>\n<li style=\"font-weight: 400;\"><span style=\"font-weight: 400;\">Conector macho miniatura tipo K para un ajuste universal<\/span><\/li>\n<li style=\"font-weight: 400;\"><span style=\"font-weight: 400;\">Intervalo de medici\u00f3n: de -46 \u00b0C a 125 \u00b0C (de -50 \u00b0F a 257 \u00b0F)<\/span><\/li>\n<li style=\"font-weight: 400;\"><span style=\"font-weight: 400;\">Se estabiliza en segundos<\/span><\/li>\n<li style=\"font-weight: 400;\"><span style=\"font-weight: 400;\"> \u00b10,6 \u00b0C (<span data-sheets-value=\"{&quot;1&quot;:2,&quot;2&quot;:&quot;\u00b11,0 \u00b0F&quot;}\" data-sheets-userformat=\"{&quot;2&quot;:12732,&quot;5&quot;:{&quot;1&quot;:[{&quot;1&quot;:2,&quot;2&quot;:0,&quot;5&quot;:{&quot;1&quot;:2,&quot;2&quot;:0}},{&quot;1&quot;:0,&quot;2&quot;:0,&quot;3&quot;:3},{&quot;1&quot;:1,&quot;2&quot;:0,&quot;4&quot;:1}]},&quot;6&quot;:{&quot;1&quot;:[{&quot;1&quot;:2,&quot;2&quot;:0,&quot;5&quot;:{&quot;1&quot;:2,&quot;2&quot;:0}},{&quot;1&quot;:0,&quot;2&quot;:0,&quot;3&quot;:3},{&quot;1&quot;:1,&quot;2&quot;:0,&quot;4&quot;:1}]},&quot;7&quot;:{&quot;1&quot;:[{&quot;1&quot;:2,&quot;2&quot;:0,&quot;5&quot;:{&quot;1&quot;:2,&quot;2&quot;:0}},{&quot;1&quot;:0,&quot;2&quot;:0,&quot;3&quot;:3},{&quot;1&quot;:1,&quot;2&quot;:0,&quot;4&quot;:1}]},&quot;8&quot;:{&quot;1&quot;:[{&quot;1&quot;:2,&quot;2&quot;:0,&quot;5&quot;:{&quot;1&quot;:2,&quot;2&quot;:0}},{&quot;1&quot;:0,&quot;2&quot;:0,&quot;3&quot;:3},{&quot;1&quot;:1,&quot;2&quot;:0,&quot;4&quot;:1}]},&quot;10&quot;:2,&quot;11&quot;:4,&quot;15&quot;:&quot;Calibri&quot;,&quot;16&quot;:11}\">\u00b11,0 \u00b0F<\/span>) tras la calibraci\u00f3n en campo<\/span><\/li>\n<li style=\"font-weight: 400;\"><span style=\"font-weight: 400;\">Impermeable, resistente y dise\u00f1ada para soportar los rigores del servicio en campo<\/span><\/li>\n<li style=\"font-weight: 400;\"><span style=\"font-weight: 400;\">Cumple los requisitos del T\u00edtulo 24 de la Ley de California <\/span><\/li>\n<\/ul>\n<p><strong>Incluye: <\/strong><\/p>\n<ul>\n<li><span style=\"font-weight: 400;\"> (1) Termopar de pinza para tuber\u00edas grandes TC48<\/span><\/li>\n<li><span style=\"font-weight: 400;\">(1) Tela de esmeril para limpieza de las tuber\u00edas <\/span><\/li>\n<\/ul>\n","protected":false},"excerpt":{"rendered":"<p>Funciona en tubos de entre 3\/4&#8243; y 4 1\/8&#8243; Perfecta para aplicaciones comerciales y de refrigeraci\u00f3n Operaci\u00f3n con una sola &#8230;<\/p>\n","protected":false},"featured_media":20620,"comment_status":"open","ping_status":"closed","template":"","meta":{"_acf_changed":false},"product_brand":[],"product_cat":[160,271],"product_tag":[],"class_list":{"0":"post-20619","1":"product","2":"type-product","3":"status-publish","4":"has-post-thumbnail","6":"product_cat-other-es-2","7":"product_cat-thermocouples-es","9":"first","10":"instock","11":"shipping-taxable","12":"product-type-simple"},"acf":[],"yoast_head":"<!-- This site is optimized with the Yoast SEO plugin v27.2 - https:\/\/yoast.com\/product\/yoast-seo-wordpress\/ -->\n<title>TC48 \u2013 Pinza para tuber\u00edas grandes - Fieldpiece Instruments<\/title>\n<meta name=\"robots\" content=\"index, follow, max-snippet:-1, max-image-preview:large, max-video-preview:-1\" \/>\n<link rel=\"canonical\" href=\"https:\/\/www.fieldpiece.com\/es\/producto\/tc48-large-pipe-clamp\/\" \/>\n<meta property=\"og:locale\" content=\"es_ES\" \/>\n<meta property=\"og:type\" content=\"article\" \/>\n<meta property=\"og:title\" content=\"TC48 \u2013 Pinza para tuber\u00edas grandes - Fieldpiece Instruments\" \/>\n<meta property=\"og:description\" content=\"Funciona en tubos de entre 3\/4&#8243; y 4 1\/8&#8243; Perfecta para aplicaciones comerciales y de refrigeraci\u00f3n Operaci\u00f3n con una sola ...\" \/>\n<meta property=\"og:url\" content=\"https:\/\/www.fieldpiece.com\/es\/producto\/tc48-large-pipe-clamp\/\" \/>\n<meta property=\"og:site_name\" content=\"Fieldpiece Instruments\" \/>\n<meta property=\"article:modified_time\" content=\"2023-04-27T07:05:37+00:00\" \/>\n<meta property=\"og:image\" content=\"https:\/\/resources.fieldpiece.com\/wp-content\/uploads\/2021\/01\/TC48-470x470-Product.png\" \/>\n\t<meta property=\"og:image:width\" content=\"470\" \/>\n\t<meta property=\"og:image:height\" content=\"470\" \/>\n\t<meta property=\"og:image:type\" content=\"image\/png\" \/>\n<meta name=\"twitter:card\" content=\"summary_large_image\" \/>\n<meta name=\"twitter:label1\" content=\"Tiempo de lectura\" \/>\n\t<meta name=\"twitter:data1\" content=\"2 minutos\" \/>\n<script type=\"application\/ld+json\" class=\"yoast-schema-graph\">{\"@context\":\"https:\/\/schema.org\",\"@graph\":[{\"@type\":\"WebPage\",\"@id\":\"https:\/\/www.fieldpiece.com\/es\/producto\/tc48-large-pipe-clamp\/\",\"url\":\"https:\/\/www.fieldpiece.com\/es\/producto\/tc48-large-pipe-clamp\/\",\"name\":\"TC48 \u2013 Pinza para tuber\u00edas grandes - Fieldpiece Instruments\",\"isPartOf\":{\"@id\":\"https:\/\/www.fieldpiece.com\/es\/#website\"},\"primaryImageOfPage\":{\"@id\":\"https:\/\/www.fieldpiece.com\/es\/producto\/tc48-large-pipe-clamp\/#primaryimage\"},\"image\":{\"@id\":\"https:\/\/www.fieldpiece.com\/es\/producto\/tc48-large-pipe-clamp\/#primaryimage\"},\"thumbnailUrl\":\"https:\/\/resources.fieldpiece.com\/wp-content\/uploads\/2021\/01\/TC48-470x470-Product.png\",\"datePublished\":\"2021-01-22T12:12:37+00:00\",\"dateModified\":\"2023-04-27T07:05:37+00:00\",\"breadcrumb\":{\"@id\":\"https:\/\/www.fieldpiece.com\/es\/producto\/tc48-large-pipe-clamp\/#breadcrumb\"},\"inLanguage\":\"es\",\"potentialAction\":[{\"@type\":\"ReadAction\",\"target\":[\"https:\/\/www.fieldpiece.com\/es\/producto\/tc48-large-pipe-clamp\/\"]}]},{\"@type\":\"ImageObject\",\"inLanguage\":\"es\",\"@id\":\"https:\/\/www.fieldpiece.com\/es\/producto\/tc48-large-pipe-clamp\/#primaryimage\",\"url\":\"https:\/\/resources.fieldpiece.com\/wp-content\/uploads\/2021\/01\/TC48-470x470-Product.png\",\"contentUrl\":\"https:\/\/resources.fieldpiece.com\/wp-content\/uploads\/2021\/01\/TC48-470x470-Product.png\",\"width\":470,\"height\":470,\"caption\":\"Large Pipe Clamp\"},{\"@type\":\"BreadcrumbList\",\"@id\":\"https:\/\/www.fieldpiece.com\/es\/producto\/tc48-large-pipe-clamp\/#breadcrumb\",\"itemListElement\":[{\"@type\":\"ListItem\",\"position\":1,\"name\":\"Home\",\"item\":\"https:\/\/www.fieldpiece.com\/es\/\"},{\"@type\":\"ListItem\",\"position\":2,\"name\":\"Shop\",\"item\":\"https:\/\/www.fieldpiece.com\/shop\/\"},{\"@type\":\"ListItem\",\"position\":3,\"name\":\"TC48 \u2013 Pinza para tuber\u00edas grandes\"}]},{\"@type\":\"WebSite\",\"@id\":\"https:\/\/www.fieldpiece.com\/es\/#website\",\"url\":\"https:\/\/www.fieldpiece.com\/es\/\",\"name\":\"Fieldpiece Instruments\",\"description\":\"\",\"publisher\":{\"@id\":\"https:\/\/www.fieldpiece.com\/es\/#organization\"},\"potentialAction\":[{\"@type\":\"SearchAction\",\"target\":{\"@type\":\"EntryPoint\",\"urlTemplate\":\"https:\/\/www.fieldpiece.com\/es\/?s={search_term_string}\"},\"query-input\":{\"@type\":\"PropertyValueSpecification\",\"valueRequired\":true,\"valueName\":\"search_term_string\"}}],\"inLanguage\":\"es\"},{\"@type\":\"Organization\",\"@id\":\"https:\/\/www.fieldpiece.com\/es\/#organization\",\"name\":\"Fieldpiece Instruments\",\"url\":\"https:\/\/www.fieldpiece.com\/es\/\",\"logo\":{\"@type\":\"ImageObject\",\"inLanguage\":\"es\",\"@id\":\"https:\/\/www.fieldpiece.com\/es\/#\/schema\/logo\/image\/\",\"url\":\"https:\/\/resources.fieldpiece.com\/wp-content\/uploads\/2021\/02\/Logos-490x358-1.jpg\",\"contentUrl\":\"https:\/\/resources.fieldpiece.com\/wp-content\/uploads\/2021\/02\/Logos-490x358-1.jpg\",\"width\":490,\"height\":358,\"caption\":\"Fieldpiece Instruments\"},\"image\":{\"@id\":\"https:\/\/www.fieldpiece.com\/es\/#\/schema\/logo\/image\/\"}}]}<\/script>\n<!-- \/ Yoast SEO plugin. -->","yoast_head_json":{"title":"TC48 \u2013 Pinza para tuber\u00edas grandes - Fieldpiece Instruments","robots":{"index":"index","follow":"follow","max-snippet":"max-snippet:-1","max-image-preview":"max-image-preview:large","max-video-preview":"max-video-preview:-1"},"canonical":"https:\/\/www.fieldpiece.com\/es\/producto\/tc48-large-pipe-clamp\/","og_locale":"es_ES","og_type":"article","og_title":"TC48 \u2013 Pinza para tuber\u00edas grandes - Fieldpiece Instruments","og_description":"Funciona en tubos de entre 3\/4&#8243; y 4 1\/8&#8243; Perfecta para aplicaciones comerciales y de refrigeraci\u00f3n Operaci\u00f3n con una sola ...","og_url":"https:\/\/www.fieldpiece.com\/es\/producto\/tc48-large-pipe-clamp\/","og_site_name":"Fieldpiece Instruments","article_modified_time":"2023-04-27T07:05:37+00:00","og_image":[{"width":470,"height":470,"url":"https:\/\/resources.fieldpiece.com\/wp-content\/uploads\/2021\/01\/TC48-470x470-Product.png","type":"image\/png"}],"twitter_card":"summary_large_image","twitter_misc":{"Tiempo de lectura":"2 minutos"},"schema":{"@context":"https:\/\/schema.org","@graph":[{"@type":"WebPage","@id":"https:\/\/www.fieldpiece.com\/es\/producto\/tc48-large-pipe-clamp\/","url":"https:\/\/www.fieldpiece.com\/es\/producto\/tc48-large-pipe-clamp\/","name":"TC48 \u2013 Pinza para tuber\u00edas grandes - Fieldpiece Instruments","isPartOf":{"@id":"https:\/\/www.fieldpiece.com\/es\/#website"},"primaryImageOfPage":{"@id":"https:\/\/www.fieldpiece.com\/es\/producto\/tc48-large-pipe-clamp\/#primaryimage"},"image":{"@id":"https:\/\/www.fieldpiece.com\/es\/producto\/tc48-large-pipe-clamp\/#primaryimage"},"thumbnailUrl":"https:\/\/resources.fieldpiece.com\/wp-content\/uploads\/2021\/01\/TC48-470x470-Product.png","datePublished":"2021-01-22T12:12:37+00:00","dateModified":"2023-04-27T07:05:37+00:00","breadcrumb":{"@id":"https:\/\/www.fieldpiece.com\/es\/producto\/tc48-large-pipe-clamp\/#breadcrumb"},"inLanguage":"es","potentialAction":[{"@type":"ReadAction","target":["https:\/\/www.fieldpiece.com\/es\/producto\/tc48-large-pipe-clamp\/"]}]},{"@type":"ImageObject","inLanguage":"es","@id":"https:\/\/www.fieldpiece.com\/es\/producto\/tc48-large-pipe-clamp\/#primaryimage","url":"https:\/\/resources.fieldpiece.com\/wp-content\/uploads\/2021\/01\/TC48-470x470-Product.png","contentUrl":"https:\/\/resources.fieldpiece.com\/wp-content\/uploads\/2021\/01\/TC48-470x470-Product.png","width":470,"height":470,"caption":"Large Pipe Clamp"},{"@type":"BreadcrumbList","@id":"https:\/\/www.fieldpiece.com\/es\/producto\/tc48-large-pipe-clamp\/#breadcrumb","itemListElement":[{"@type":"ListItem","position":1,"name":"Home","item":"https:\/\/www.fieldpiece.com\/es\/"},{"@type":"ListItem","position":2,"name":"Shop","item":"https:\/\/www.fieldpiece.com\/shop\/"},{"@type":"ListItem","position":3,"name":"TC48 \u2013 Pinza para tuber\u00edas grandes"}]},{"@type":"WebSite","@id":"https:\/\/www.fieldpiece.com\/es\/#website","url":"https:\/\/www.fieldpiece.com\/es\/","name":"Fieldpiece Instruments","description":"","publisher":{"@id":"https:\/\/www.fieldpiece.com\/es\/#organization"},"potentialAction":[{"@type":"SearchAction","target":{"@type":"EntryPoint","urlTemplate":"https:\/\/www.fieldpiece.com\/es\/?s={search_term_string}"},"query-input":{"@type":"PropertyValueSpecification","valueRequired":true,"valueName":"search_term_string"}}],"inLanguage":"es"},{"@type":"Organization","@id":"https:\/\/www.fieldpiece.com\/es\/#organization","name":"Fieldpiece Instruments","url":"https:\/\/www.fieldpiece.com\/es\/","logo":{"@type":"ImageObject","inLanguage":"es","@id":"https:\/\/www.fieldpiece.com\/es\/#\/schema\/logo\/image\/","url":"https:\/\/resources.fieldpiece.com\/wp-content\/uploads\/2021\/02\/Logos-490x358-1.jpg","contentUrl":"https:\/\/resources.fieldpiece.com\/wp-content\/uploads\/2021\/02\/Logos-490x358-1.jpg","width":490,"height":358,"caption":"Fieldpiece Instruments"},"image":{"@id":"https:\/\/www.fieldpiece.com\/es\/#\/schema\/logo\/image\/"}}]}},"_links":{"self":[{"href":"https:\/\/www.fieldpiece.com\/es\/wp-json\/wp\/v2\/product\/20619","targetHints":{"allow":["GET"]}}],"collection":[{"href":"https:\/\/www.fieldpiece.com\/es\/wp-json\/wp\/v2\/product"}],"about":[{"href":"https:\/\/www.fieldpiece.com\/es\/wp-json\/wp\/v2\/types\/product"}],"replies":[{"embeddable":true,"href":"https:\/\/www.fieldpiece.com\/es\/wp-json\/wp\/v2\/comments?post=20619"}],"wp:featuredmedia":[{"embeddable":true,"href":"https:\/\/www.fieldpiece.com\/es\/wp-json\/wp\/v2\/media\/20620"}],"wp:attachment":[{"href":"https:\/\/www.fieldpiece.com\/es\/wp-json\/wp\/v2\/media?parent=20619"}],"wp:term":[{"taxonomy":"product_brand","embeddable":true,"href":"https:\/\/www.fieldpiece.com\/es\/wp-json\/wp\/v2\/product_brand?post=20619"},{"taxonomy":"product_cat","embeddable":true,"href":"https:\/\/www.fieldpiece.com\/es\/wp-json\/wp\/v2\/product_cat?post=20619"},{"taxonomy":"product_tag","embeddable":true,"href":"https:\/\/www.fieldpiece.com\/es\/wp-json\/wp\/v2\/product_tag?post=20619"}],"curies":[{"name":"wp","href":"https:\/\/api.w.org\/{rel}","templated":true}]}}