	{"id":17900,"date":"2020-11-02T11:26:44","date_gmt":"2023-04-26T12:11:38","guid":{"rendered":"https:\/\/www.fieldpiece.com\/product\/combustion-check-sox3\/"},"modified":"2023-04-27T00:02:37","modified_gmt":"2023-04-27T07:02:37","slug":"combustion-check-sox3","status":"publish","type":"product","link":"https:\/\/www.fieldpiece.com\/es\/producto\/combustion-check-sox3\/","title":{"rendered":"SOX3 &#8211; Verificador de combusti\u00f3n con bomba autom\u00e1tica"},"content":{"rendered":"<p>Mide la temperatura y el porcentaje de O2 en conductos de humos<br \/>\nCalcula los porcentajes de CO2 y de exceso de aire (EA) y la eficiencia de combusti\u00f3n<br \/>\nPruebas con manos libres con im\u00e1n, cono R y bomba autom\u00e1tica<br \/>\nProgramable para tipos de combustible personalizados <\/p>\n<p>El sensor de ox\u00edgeno para verificaci\u00f3n de combusti\u00f3n SOX3 es una gran herramienta para ajustar f\u00e1cilmente los hornos cuando no es necesario un an\u00e1lisis completo de la combusti\u00f3n. El SOX3, que ha sido dise\u00f1ado espec\u00edficamente para los profesionales de la climatizaci\u00f3n, ofrece todas las mediciones esenciales necesarias para ajustar la mayor\u00eda de equipos de combusti\u00f3n.  Mide directamente el porcentaje de O2 y la temperatura en conductos de humos y calcula los porcentajes de CO2 y exceso de aire y la eficiencia de combusti\u00f3n. <\/p>\n<p>Como todos los productos Fieldpiece, el verificador de combusti\u00f3n SOX3 ha sido dise\u00f1ado para ayudar a los profesionales de la climatizaci\u00f3n a sacar m\u00e1s partido de sus herramientas. Con caracter\u00edsticas como la compatibilidad con combustibles personalizados y sensores de ox\u00edgeno sustituibles en campo, puede estar seguro de que el SOX3 estar\u00e1 a la altura de cualquier trabajo de ajuste de hornos. <\/p>\n<ul>\n<li><strong>Bomba el\u00e9ctrica autom\u00e1tica con pausa<\/strong>: al funcionar autom\u00e1ticamente, se elimina el bombeo manual; los t\u00e9cnicos pueden pausar la bomba en cualquier momento para ahorrar bater\u00eda<\/li>\n<li><strong>Sensor de ox\u00edgeno sustituible en campo<\/strong>: los indicadores del sensor de ox\u00edgeno SOX3 indican a los t\u00e9cnicos cu\u00e1ndo es necesario un nuevo sensor. Puesto que los datos de calibraci\u00f3n est\u00e1n almacenados en el sensor, este puede sustituirse en cuesti\u00f3n de segundos y nunca es necesario enviar su instrumento a calibrar.<\/li>\n<li><strong>Pruebas con manos libres<\/strong>: el cono R roscado mantiene el cilindro firmemente colocado en el conducto de humos y el potente im\u00e1n de la parte posterior del SOX3 sostiene el instrumento con firmeza contra la pared del conducto mientras la bomba el\u00e9ctrica interna realiza el trabajo. Los t\u00e9cnicos solo tienen que visualizar los resultados en la pantalla de triple l\u00ednea.<\/li>\n<li><strong>Eficiencia de combusti\u00f3n<\/strong>: este valor se calcula r\u00e1pidamente y se muestra en la pantalla; el c\u00e1lculo de eficiencia de combusti\u00f3n del SOX3 es una medici\u00f3n de gran ayuda para determinar el estado de un horno.<\/li>\n<li><strong>Combustibles personalizados<\/strong>: el SOX3 no solo comprueba gas natural, fueloil n.\u00ba 2 y propano, sino que tambi\u00e9n puede programarse de forma r\u00e1pida y f\u00e1cil para comprobar cualquier tipo de combustible. De este modo, los hornos no convencionales resultan tan f\u00e1ciles de ajustar como los convencionales. <\/li>\n<\/ul>\n<p>Incluye:  <\/p>\n<ul>\n<li>Verificador de combusti\u00f3n\u00a0 SOX3 <\/li>\n<li>Cilindro y termopar con mango RSOX3 <\/li>\n<li>Cierre roscado para cilindro RCONE2 <\/li>\n<li>Kit de accesorios de filtro RAOX9 <\/li>\n<li>Estuche moldeado por soplado acolchado <\/li>\n<\/ul>\n","protected":false},"excerpt":{"rendered":"<p>Mide la temperatura y el porcentaje de O2 en conductos de humos Calcula los porcentajes de CO2 y de exceso &#8230;<\/p>\n","protected":false},"featured_media":17902,"comment_status":"open","ping_status":"closed","template":"","meta":{"_acf_changed":false},"product_brand":[],"product_cat":[190,140],"product_tag":[],"class_list":{"0":"post-17900","1":"product","2":"type-product","3":"status-publish","4":"has-post-thumbnail","6":"product_cat-combustion-checker-es-2","7":"product_cat-combustion-es-2","9":"first","10":"instock","11":"shipping-taxable","12":"product-type-simple"},"acf":[],"yoast_head":"<!-- This site is optimized with the Yoast SEO plugin v27.3 - https:\/\/yoast.com\/product\/yoast-seo-wordpress\/ -->\n<title>SOX3 - Verificador de combusti\u00f3n con bomba autom\u00e1tica - Fieldpiece Instruments<\/title>\n<meta name=\"robots\" content=\"index, follow, max-snippet:-1, max-image-preview:large, max-video-preview:-1\" \/>\n<link rel=\"canonical\" href=\"https:\/\/www.fieldpiece.com\/es\/producto\/combustion-check-sox3\/\" \/>\n<meta property=\"og:locale\" content=\"es_ES\" \/>\n<meta property=\"og:type\" content=\"article\" \/>\n<meta property=\"og:title\" content=\"SOX3 - Verificador de combusti\u00f3n con bomba autom\u00e1tica - Fieldpiece Instruments\" \/>\n<meta property=\"og:description\" content=\"Mide la temperatura y el porcentaje de O2 en conductos de humos Calcula los porcentajes de CO2 y de exceso ...\" \/>\n<meta property=\"og:url\" content=\"https:\/\/www.fieldpiece.com\/es\/producto\/combustion-check-sox3\/\" \/>\n<meta property=\"og:site_name\" content=\"Fieldpiece Instruments\" \/>\n<meta property=\"article:modified_time\" content=\"2023-04-27T07:02:37+00:00\" \/>\n<meta property=\"og:image\" content=\"https:\/\/resources.fieldpiece.com\/wp-content\/uploads\/2021\/01\/SOX3-SRC-product-kit.png\" \/>\n\t<meta property=\"og:image:width\" content=\"470\" \/>\n\t<meta property=\"og:image:height\" content=\"470\" \/>\n\t<meta property=\"og:image:type\" content=\"image\/png\" \/>\n<meta name=\"twitter:card\" content=\"summary_large_image\" \/>\n<meta name=\"twitter:label1\" content=\"Tiempo de lectura\" \/>\n\t<meta name=\"twitter:data1\" content=\"2 minutos\" \/>\n<script type=\"application\/ld+json\" class=\"yoast-schema-graph\">{\"@context\":\"https:\\\/\\\/schema.org\",\"@graph\":[{\"@type\":\"WebPage\",\"@id\":\"https:\\\/\\\/www.fieldpiece.com\\\/es\\\/producto\\\/combustion-check-sox3\\\/\",\"url\":\"https:\\\/\\\/www.fieldpiece.com\\\/es\\\/producto\\\/combustion-check-sox3\\\/\",\"name\":\"SOX3 - Verificador de combusti\u00f3n con bomba autom\u00e1tica - Fieldpiece Instruments\",\"isPartOf\":{\"@id\":\"https:\\\/\\\/www.fieldpiece.com\\\/es\\\/#website\"},\"primaryImageOfPage\":{\"@id\":\"https:\\\/\\\/www.fieldpiece.com\\\/es\\\/producto\\\/combustion-check-sox3\\\/#primaryimage\"},\"image\":{\"@id\":\"https:\\\/\\\/www.fieldpiece.com\\\/es\\\/producto\\\/combustion-check-sox3\\\/#primaryimage\"},\"thumbnailUrl\":\"https:\\\/\\\/resources.fieldpiece.com\\\/wp-content\\\/uploads\\\/2021\\\/01\\\/SOX3-SRC-product-kit.png\",\"datePublished\":\"2023-04-26T12:11:38+00:00\",\"dateModified\":\"2023-04-27T07:02:37+00:00\",\"breadcrumb\":{\"@id\":\"https:\\\/\\\/www.fieldpiece.com\\\/es\\\/producto\\\/combustion-check-sox3\\\/#breadcrumb\"},\"inLanguage\":\"es\",\"potentialAction\":[{\"@type\":\"ReadAction\",\"target\":[\"https:\\\/\\\/www.fieldpiece.com\\\/es\\\/producto\\\/combustion-check-sox3\\\/\"]}]},{\"@type\":\"ImageObject\",\"inLanguage\":\"es\",\"@id\":\"https:\\\/\\\/www.fieldpiece.com\\\/es\\\/producto\\\/combustion-check-sox3\\\/#primaryimage\",\"url\":\"https:\\\/\\\/resources.fieldpiece.com\\\/wp-content\\\/uploads\\\/2021\\\/01\\\/SOX3-SRC-product-kit.png\",\"contentUrl\":\"https:\\\/\\\/resources.fieldpiece.com\\\/wp-content\\\/uploads\\\/2021\\\/01\\\/SOX3-SRC-product-kit.png\",\"width\":470,\"height\":470,\"caption\":\"SOX3 - Combustion Checker Meter\"},{\"@type\":\"BreadcrumbList\",\"@id\":\"https:\\\/\\\/www.fieldpiece.com\\\/es\\\/producto\\\/combustion-check-sox3\\\/#breadcrumb\",\"itemListElement\":[{\"@type\":\"ListItem\",\"position\":1,\"name\":\"Home\",\"item\":\"https:\\\/\\\/www.fieldpiece.com\\\/es\\\/\"},{\"@type\":\"ListItem\",\"position\":2,\"name\":\"Shop\",\"item\":\"https:\\\/\\\/www.fieldpiece.com\\\/shop\\\/\"},{\"@type\":\"ListItem\",\"position\":3,\"name\":\"SOX3 &#8211; Verificador de combusti\u00f3n con bomba autom\u00e1tica\"}]},{\"@type\":\"WebSite\",\"@id\":\"https:\\\/\\\/www.fieldpiece.com\\\/es\\\/#website\",\"url\":\"https:\\\/\\\/www.fieldpiece.com\\\/es\\\/\",\"name\":\"Fieldpiece Instruments\",\"description\":\"\",\"publisher\":{\"@id\":\"https:\\\/\\\/www.fieldpiece.com\\\/es\\\/#organization\"},\"potentialAction\":[{\"@type\":\"SearchAction\",\"target\":{\"@type\":\"EntryPoint\",\"urlTemplate\":\"https:\\\/\\\/www.fieldpiece.com\\\/es\\\/?s={search_term_string}\"},\"query-input\":{\"@type\":\"PropertyValueSpecification\",\"valueRequired\":true,\"valueName\":\"search_term_string\"}}],\"inLanguage\":\"es\"},{\"@type\":\"Organization\",\"@id\":\"https:\\\/\\\/www.fieldpiece.com\\\/es\\\/#organization\",\"name\":\"Fieldpiece Instruments\",\"url\":\"https:\\\/\\\/www.fieldpiece.com\\\/es\\\/\",\"logo\":{\"@type\":\"ImageObject\",\"inLanguage\":\"es\",\"@id\":\"https:\\\/\\\/www.fieldpiece.com\\\/es\\\/#\\\/schema\\\/logo\\\/image\\\/\",\"url\":\"https:\\\/\\\/resources.fieldpiece.com\\\/wp-content\\\/uploads\\\/2021\\\/02\\\/Logos-490x358-1.jpg\",\"contentUrl\":\"https:\\\/\\\/resources.fieldpiece.com\\\/wp-content\\\/uploads\\\/2021\\\/02\\\/Logos-490x358-1.jpg\",\"width\":490,\"height\":358,\"caption\":\"Fieldpiece Instruments\"},\"image\":{\"@id\":\"https:\\\/\\\/www.fieldpiece.com\\\/es\\\/#\\\/schema\\\/logo\\\/image\\\/\"}}]}<\/script>\n<!-- \/ Yoast SEO plugin. -->","yoast_head_json":{"title":"SOX3 - Verificador de combusti\u00f3n con bomba autom\u00e1tica - Fieldpiece Instruments","robots":{"index":"index","follow":"follow","max-snippet":"max-snippet:-1","max-image-preview":"max-image-preview:large","max-video-preview":"max-video-preview:-1"},"canonical":"https:\/\/www.fieldpiece.com\/es\/producto\/combustion-check-sox3\/","og_locale":"es_ES","og_type":"article","og_title":"SOX3 - Verificador de combusti\u00f3n con bomba autom\u00e1tica - Fieldpiece Instruments","og_description":"Mide la temperatura y el porcentaje de O2 en conductos de humos Calcula los porcentajes de CO2 y de exceso ...","og_url":"https:\/\/www.fieldpiece.com\/es\/producto\/combustion-check-sox3\/","og_site_name":"Fieldpiece Instruments","article_modified_time":"2023-04-27T07:02:37+00:00","og_image":[{"width":470,"height":470,"url":"https:\/\/resources.fieldpiece.com\/wp-content\/uploads\/2021\/01\/SOX3-SRC-product-kit.png","type":"image\/png"}],"twitter_card":"summary_large_image","twitter_misc":{"Tiempo de lectura":"2 minutos"},"schema":{"@context":"https:\/\/schema.org","@graph":[{"@type":"WebPage","@id":"https:\/\/www.fieldpiece.com\/es\/producto\/combustion-check-sox3\/","url":"https:\/\/www.fieldpiece.com\/es\/producto\/combustion-check-sox3\/","name":"SOX3 - Verificador de combusti\u00f3n con bomba autom\u00e1tica - Fieldpiece Instruments","isPartOf":{"@id":"https:\/\/www.fieldpiece.com\/es\/#website"},"primaryImageOfPage":{"@id":"https:\/\/www.fieldpiece.com\/es\/producto\/combustion-check-sox3\/#primaryimage"},"image":{"@id":"https:\/\/www.fieldpiece.com\/es\/producto\/combustion-check-sox3\/#primaryimage"},"thumbnailUrl":"https:\/\/resources.fieldpiece.com\/wp-content\/uploads\/2021\/01\/SOX3-SRC-product-kit.png","datePublished":"2023-04-26T12:11:38+00:00","dateModified":"2023-04-27T07:02:37+00:00","breadcrumb":{"@id":"https:\/\/www.fieldpiece.com\/es\/producto\/combustion-check-sox3\/#breadcrumb"},"inLanguage":"es","potentialAction":[{"@type":"ReadAction","target":["https:\/\/www.fieldpiece.com\/es\/producto\/combustion-check-sox3\/"]}]},{"@type":"ImageObject","inLanguage":"es","@id":"https:\/\/www.fieldpiece.com\/es\/producto\/combustion-check-sox3\/#primaryimage","url":"https:\/\/resources.fieldpiece.com\/wp-content\/uploads\/2021\/01\/SOX3-SRC-product-kit.png","contentUrl":"https:\/\/resources.fieldpiece.com\/wp-content\/uploads\/2021\/01\/SOX3-SRC-product-kit.png","width":470,"height":470,"caption":"SOX3 - Combustion Checker Meter"},{"@type":"BreadcrumbList","@id":"https:\/\/www.fieldpiece.com\/es\/producto\/combustion-check-sox3\/#breadcrumb","itemListElement":[{"@type":"ListItem","position":1,"name":"Home","item":"https:\/\/www.fieldpiece.com\/es\/"},{"@type":"ListItem","position":2,"name":"Shop","item":"https:\/\/www.fieldpiece.com\/shop\/"},{"@type":"ListItem","position":3,"name":"SOX3 &#8211; Verificador de combusti\u00f3n con bomba autom\u00e1tica"}]},{"@type":"WebSite","@id":"https:\/\/www.fieldpiece.com\/es\/#website","url":"https:\/\/www.fieldpiece.com\/es\/","name":"Fieldpiece Instruments","description":"","publisher":{"@id":"https:\/\/www.fieldpiece.com\/es\/#organization"},"potentialAction":[{"@type":"SearchAction","target":{"@type":"EntryPoint","urlTemplate":"https:\/\/www.fieldpiece.com\/es\/?s={search_term_string}"},"query-input":{"@type":"PropertyValueSpecification","valueRequired":true,"valueName":"search_term_string"}}],"inLanguage":"es"},{"@type":"Organization","@id":"https:\/\/www.fieldpiece.com\/es\/#organization","name":"Fieldpiece Instruments","url":"https:\/\/www.fieldpiece.com\/es\/","logo":{"@type":"ImageObject","inLanguage":"es","@id":"https:\/\/www.fieldpiece.com\/es\/#\/schema\/logo\/image\/","url":"https:\/\/resources.fieldpiece.com\/wp-content\/uploads\/2021\/02\/Logos-490x358-1.jpg","contentUrl":"https:\/\/resources.fieldpiece.com\/wp-content\/uploads\/2021\/02\/Logos-490x358-1.jpg","width":490,"height":358,"caption":"Fieldpiece Instruments"},"image":{"@id":"https:\/\/www.fieldpiece.com\/es\/#\/schema\/logo\/image\/"}}]}},"_links":{"self":[{"href":"https:\/\/www.fieldpiece.com\/es\/wp-json\/wp\/v2\/product\/17900","targetHints":{"allow":["GET"]}}],"collection":[{"href":"https:\/\/www.fieldpiece.com\/es\/wp-json\/wp\/v2\/product"}],"about":[{"href":"https:\/\/www.fieldpiece.com\/es\/wp-json\/wp\/v2\/types\/product"}],"replies":[{"embeddable":true,"href":"https:\/\/www.fieldpiece.com\/es\/wp-json\/wp\/v2\/comments?post=17900"}],"wp:featuredmedia":[{"embeddable":true,"href":"https:\/\/www.fieldpiece.com\/es\/wp-json\/wp\/v2\/media\/17902"}],"wp:attachment":[{"href":"https:\/\/www.fieldpiece.com\/es\/wp-json\/wp\/v2\/media?parent=17900"}],"wp:term":[{"taxonomy":"product_brand","embeddable":true,"href":"https:\/\/www.fieldpiece.com\/es\/wp-json\/wp\/v2\/product_brand?post=17900"},{"taxonomy":"product_cat","embeddable":true,"href":"https:\/\/www.fieldpiece.com\/es\/wp-json\/wp\/v2\/product_cat?post=17900"},{"taxonomy":"product_tag","embeddable":true,"href":"https:\/\/www.fieldpiece.com\/es\/wp-json\/wp\/v2\/product_tag?post=17900"}],"curies":[{"name":"wp","href":"https:\/\/api.w.org\/{rel}","templated":true}]}}