	{"id":17883,"date":"2020-11-02T11:26:54","date_gmt":"2023-04-26T12:11:38","guid":{"rendered":"https:\/\/www.fieldpiece.com\/product\/carbon-monoxide-detector-scm4\/"},"modified":"2023-04-27T00:02:14","modified_gmt":"2023-04-27T07:02:14","slug":"carbon-monoxide-detector-scm4","status":"publish","type":"product","link":"https:\/\/www.fieldpiece.com\/es\/producto\/carbon-monoxide-detector-scm4\/","title":{"rendered":"SCM4 &#8211; Detector de mon\u00f3xido de carbono"},"content":{"rendered":"<p>Sensor de CO sustituible en campo<br \/>\nSe calibra en el ambiente r\u00e1pidamente con el bot\u00f3n ZERO<br \/>\nAlarmas sonoras\/visuales con opci\u00f3n de silencio<br \/>\nSensor electroqu\u00edmico r\u00e1pido<br \/>\nColgador magn\u00e9tico para poder trabajar con las manos libres <\/p>\n<p>El detector de mon\u00f3xido de carbono SCM4 proporciona una reacci\u00f3n muy r\u00e1pida y mide el CO en partes por mill\u00f3n (ppm). Su sensor electroqu\u00edmico es lo suficientemente r\u00e1pido para utilizarlo en inspecciones oculares. Prestaciones y ventajas incluidas: sensor de CO sustituible en campo; sensor avanzado de tres terminales que mide de 0 a 1000 ppm de CO; calibraci\u00f3n\/puesta a cero r\u00e1pida del SCM4 en el ambiente con el bot\u00f3n ZERO; alarmas sonoras y visuales con opci\u00f3n de silencio; pantalla doble con retroiluminaci\u00f3n azul brillante que muestra mediciones m\u00e1ximas y en tiempo real; colgador magn\u00e9tico para poder trabajar con las manos libres; desconexi\u00f3n autom\u00e1tica. <\/p>\n<p>La prueba de la \u00abinspecci\u00f3n ocular\u00bb:\u00a0 el SCM4 responde a los cambios en los niveles de CO en tiempo real. <\/p>\n<ul>\n<li>\u00a0Ponga a cero la unidad al aire libre, lejos de cualquier fuente de CO (no se ajustar\u00e1 a cero si los niveles de CO son superiores a 5 ppm) <\/li>\n<li>\u00a0Ingrese en la estructura <\/li>\n<li>\u00a0Recorra, y mire la pantalla <\/li>\n<li>\u00a0Avance hacia la zona de mayor concentraci\u00f3n para localizar la fuente de CO <\/li>\n<\/ul>\n<p>El detector de mon\u00f3xido de carbono (CO) SCM4 ofrece varias prestaciones y ventajas a los t\u00e9cnicos de campo:  <\/p>\n<ul>\n<li>\u00a0Sensor de CO sustituible en campo<br \/>\n&#8211; F\u00e1cil de instalar<br \/>\n&#8211; Duraci\u00f3n aproximada de dos a\u00f1os<br \/>\n&#8211; Precalibrado en f\u00e1brica <\/li>\n<li>\u00a0Su sensor electroqu\u00edmico r\u00e1pido le ayuda a localizar fuentes de CO, como intercambiadores de calor agrietados o chimeneas de combusti\u00f3n fisuradas <\/li>\n<li>\u00a0R\u00e1pida calibraci\u00f3n en el ambiente con el bot\u00f3n ZERO <\/li>\n<li>\u00a0Alarmas sonoras y visuales (con funci\u00f3n de silencio) <\/li>\n<li>\u00a0La rapidez del sonido de alarma aumenta a medida que se incrementa la concentraci\u00f3n de mon\u00f3xido de carbono <\/li>\n<li>\u00a0Retenci\u00f3n de MAX para ayudarle a la puesta a cero en la fuente <\/li>\n<li>\u00a0Pantalla doble con retroiluminaci\u00f3n azul brillante, para realizar pruebas en espacios oscuros <\/li>\n<li>\u00a0Colgador magn\u00e9tico para trabajar con las manos libres <\/li>\n<li>\u00a0Desconexi\u00f3n autom\u00e1tica para ahorrar bater\u00eda (f\u00e1cil de desactivar) <\/li>\n<li>\u00a0Visualizaci\u00f3n del porcentaje de duraci\u00f3n restante de la bater\u00eda en la pantalla <\/li>\n<\/ul>\n<p>Incluye:  <\/p>\n<ul>\n<li>Detector de mon\u00f3xido de carbono SCM4 <\/li>\n<li>Bater\u00eda de 9 voltios (instalada) <\/li>\n<li>Manual del operador <\/li>\n<\/ul>\n","protected":false},"excerpt":{"rendered":"<p>Sensor de CO sustituible en campo Se calibra en el ambiente r\u00e1pidamente con el bot\u00f3n ZERO Alarmas sonoras\/visuales con opci\u00f3n &#8230;<\/p>\n","protected":false},"featured_media":17885,"comment_status":"open","ping_status":"closed","template":"","meta":{"_acf_changed":false},"product_brand":[],"product_cat":[140,186],"product_tag":[],"class_list":{"0":"post-17883","1":"product","2":"type-product","3":"status-publish","4":"has-post-thumbnail","6":"product_cat-combustion-es-2","7":"product_cat-co-detector-es-2","9":"first","10":"instock","11":"shipping-taxable","12":"product-type-simple"},"acf":[],"yoast_head":"<!-- This site is optimized with the Yoast SEO plugin v27.2 - https:\/\/yoast.com\/product\/yoast-seo-wordpress\/ -->\n<title>SCM4 - Detector de mon\u00f3xido de carbono - Fieldpiece Instruments<\/title>\n<meta name=\"robots\" content=\"index, follow, max-snippet:-1, max-image-preview:large, max-video-preview:-1\" \/>\n<link rel=\"canonical\" href=\"https:\/\/www.fieldpiece.com\/es\/producto\/carbon-monoxide-detector-scm4\/\" \/>\n<meta property=\"og:locale\" content=\"es_ES\" \/>\n<meta property=\"og:type\" content=\"article\" \/>\n<meta property=\"og:title\" content=\"SCM4 - Detector de mon\u00f3xido de carbono - Fieldpiece Instruments\" \/>\n<meta property=\"og:description\" content=\"Sensor de CO sustituible en campo Se calibra en el ambiente r\u00e1pidamente con el bot\u00f3n ZERO Alarmas sonoras\/visuales con opci\u00f3n ...\" \/>\n<meta property=\"og:url\" content=\"https:\/\/www.fieldpiece.com\/es\/producto\/carbon-monoxide-detector-scm4\/\" \/>\n<meta property=\"og:site_name\" content=\"Fieldpiece Instruments\" \/>\n<meta property=\"article:modified_time\" content=\"2023-04-27T07:02:14+00:00\" \/>\n<meta property=\"og:image\" content=\"https:\/\/resources.fieldpiece.com\/wp-content\/uploads\/2021\/01\/SCM4-SRC-Product.png\" \/>\n\t<meta property=\"og:image:width\" content=\"470\" \/>\n\t<meta property=\"og:image:height\" content=\"470\" \/>\n\t<meta property=\"og:image:type\" content=\"image\/png\" \/>\n<meta name=\"twitter:card\" content=\"summary_large_image\" \/>\n<meta name=\"twitter:label1\" content=\"Tiempo de lectura\" \/>\n\t<meta name=\"twitter:data1\" content=\"2 minutos\" \/>\n<script type=\"application\/ld+json\" class=\"yoast-schema-graph\">{\"@context\":\"https:\/\/schema.org\",\"@graph\":[{\"@type\":\"WebPage\",\"@id\":\"https:\/\/www.fieldpiece.com\/es\/producto\/carbon-monoxide-detector-scm4\/\",\"url\":\"https:\/\/www.fieldpiece.com\/es\/producto\/carbon-monoxide-detector-scm4\/\",\"name\":\"SCM4 - Detector de mon\u00f3xido de carbono - Fieldpiece Instruments\",\"isPartOf\":{\"@id\":\"https:\/\/www.fieldpiece.com\/es\/#website\"},\"primaryImageOfPage\":{\"@id\":\"https:\/\/www.fieldpiece.com\/es\/producto\/carbon-monoxide-detector-scm4\/#primaryimage\"},\"image\":{\"@id\":\"https:\/\/www.fieldpiece.com\/es\/producto\/carbon-monoxide-detector-scm4\/#primaryimage\"},\"thumbnailUrl\":\"https:\/\/resources.fieldpiece.com\/wp-content\/uploads\/2021\/01\/SCM4-SRC-Product.png\",\"datePublished\":\"2023-04-26T12:11:38+00:00\",\"dateModified\":\"2023-04-27T07:02:14+00:00\",\"breadcrumb\":{\"@id\":\"https:\/\/www.fieldpiece.com\/es\/producto\/carbon-monoxide-detector-scm4\/#breadcrumb\"},\"inLanguage\":\"es\",\"potentialAction\":[{\"@type\":\"ReadAction\",\"target\":[\"https:\/\/www.fieldpiece.com\/es\/producto\/carbon-monoxide-detector-scm4\/\"]}]},{\"@type\":\"ImageObject\",\"inLanguage\":\"es\",\"@id\":\"https:\/\/www.fieldpiece.com\/es\/producto\/carbon-monoxide-detector-scm4\/#primaryimage\",\"url\":\"https:\/\/resources.fieldpiece.com\/wp-content\/uploads\/2021\/01\/SCM4-SRC-Product.png\",\"contentUrl\":\"https:\/\/resources.fieldpiece.com\/wp-content\/uploads\/2021\/01\/SCM4-SRC-Product.png\",\"width\":470,\"height\":470,\"caption\":\"SCM4 \u2013 Carbon Monoxide Detector\"},{\"@type\":\"BreadcrumbList\",\"@id\":\"https:\/\/www.fieldpiece.com\/es\/producto\/carbon-monoxide-detector-scm4\/#breadcrumb\",\"itemListElement\":[{\"@type\":\"ListItem\",\"position\":1,\"name\":\"Home\",\"item\":\"https:\/\/www.fieldpiece.com\/es\/\"},{\"@type\":\"ListItem\",\"position\":2,\"name\":\"Shop\",\"item\":\"https:\/\/www.fieldpiece.com\/shop\/\"},{\"@type\":\"ListItem\",\"position\":3,\"name\":\"SCM4 &#8211; Detector de mon\u00f3xido de carbono\"}]},{\"@type\":\"WebSite\",\"@id\":\"https:\/\/www.fieldpiece.com\/es\/#website\",\"url\":\"https:\/\/www.fieldpiece.com\/es\/\",\"name\":\"Fieldpiece Instruments\",\"description\":\"\",\"publisher\":{\"@id\":\"https:\/\/www.fieldpiece.com\/es\/#organization\"},\"potentialAction\":[{\"@type\":\"SearchAction\",\"target\":{\"@type\":\"EntryPoint\",\"urlTemplate\":\"https:\/\/www.fieldpiece.com\/es\/?s={search_term_string}\"},\"query-input\":{\"@type\":\"PropertyValueSpecification\",\"valueRequired\":true,\"valueName\":\"search_term_string\"}}],\"inLanguage\":\"es\"},{\"@type\":\"Organization\",\"@id\":\"https:\/\/www.fieldpiece.com\/es\/#organization\",\"name\":\"Fieldpiece Instruments\",\"url\":\"https:\/\/www.fieldpiece.com\/es\/\",\"logo\":{\"@type\":\"ImageObject\",\"inLanguage\":\"es\",\"@id\":\"https:\/\/www.fieldpiece.com\/es\/#\/schema\/logo\/image\/\",\"url\":\"https:\/\/resources.fieldpiece.com\/wp-content\/uploads\/2021\/02\/Logos-490x358-1.jpg\",\"contentUrl\":\"https:\/\/resources.fieldpiece.com\/wp-content\/uploads\/2021\/02\/Logos-490x358-1.jpg\",\"width\":490,\"height\":358,\"caption\":\"Fieldpiece Instruments\"},\"image\":{\"@id\":\"https:\/\/www.fieldpiece.com\/es\/#\/schema\/logo\/image\/\"}}]}<\/script>\n<!-- \/ Yoast SEO plugin. -->","yoast_head_json":{"title":"SCM4 - Detector de mon\u00f3xido de carbono - Fieldpiece Instruments","robots":{"index":"index","follow":"follow","max-snippet":"max-snippet:-1","max-image-preview":"max-image-preview:large","max-video-preview":"max-video-preview:-1"},"canonical":"https:\/\/www.fieldpiece.com\/es\/producto\/carbon-monoxide-detector-scm4\/","og_locale":"es_ES","og_type":"article","og_title":"SCM4 - Detector de mon\u00f3xido de carbono - Fieldpiece Instruments","og_description":"Sensor de CO sustituible en campo Se calibra en el ambiente r\u00e1pidamente con el bot\u00f3n ZERO Alarmas sonoras\/visuales con opci\u00f3n ...","og_url":"https:\/\/www.fieldpiece.com\/es\/producto\/carbon-monoxide-detector-scm4\/","og_site_name":"Fieldpiece Instruments","article_modified_time":"2023-04-27T07:02:14+00:00","og_image":[{"width":470,"height":470,"url":"https:\/\/resources.fieldpiece.com\/wp-content\/uploads\/2021\/01\/SCM4-SRC-Product.png","type":"image\/png"}],"twitter_card":"summary_large_image","twitter_misc":{"Tiempo de lectura":"2 minutos"},"schema":{"@context":"https:\/\/schema.org","@graph":[{"@type":"WebPage","@id":"https:\/\/www.fieldpiece.com\/es\/producto\/carbon-monoxide-detector-scm4\/","url":"https:\/\/www.fieldpiece.com\/es\/producto\/carbon-monoxide-detector-scm4\/","name":"SCM4 - Detector de mon\u00f3xido de carbono - Fieldpiece Instruments","isPartOf":{"@id":"https:\/\/www.fieldpiece.com\/es\/#website"},"primaryImageOfPage":{"@id":"https:\/\/www.fieldpiece.com\/es\/producto\/carbon-monoxide-detector-scm4\/#primaryimage"},"image":{"@id":"https:\/\/www.fieldpiece.com\/es\/producto\/carbon-monoxide-detector-scm4\/#primaryimage"},"thumbnailUrl":"https:\/\/resources.fieldpiece.com\/wp-content\/uploads\/2021\/01\/SCM4-SRC-Product.png","datePublished":"2023-04-26T12:11:38+00:00","dateModified":"2023-04-27T07:02:14+00:00","breadcrumb":{"@id":"https:\/\/www.fieldpiece.com\/es\/producto\/carbon-monoxide-detector-scm4\/#breadcrumb"},"inLanguage":"es","potentialAction":[{"@type":"ReadAction","target":["https:\/\/www.fieldpiece.com\/es\/producto\/carbon-monoxide-detector-scm4\/"]}]},{"@type":"ImageObject","inLanguage":"es","@id":"https:\/\/www.fieldpiece.com\/es\/producto\/carbon-monoxide-detector-scm4\/#primaryimage","url":"https:\/\/resources.fieldpiece.com\/wp-content\/uploads\/2021\/01\/SCM4-SRC-Product.png","contentUrl":"https:\/\/resources.fieldpiece.com\/wp-content\/uploads\/2021\/01\/SCM4-SRC-Product.png","width":470,"height":470,"caption":"SCM4 \u2013 Carbon Monoxide Detector"},{"@type":"BreadcrumbList","@id":"https:\/\/www.fieldpiece.com\/es\/producto\/carbon-monoxide-detector-scm4\/#breadcrumb","itemListElement":[{"@type":"ListItem","position":1,"name":"Home","item":"https:\/\/www.fieldpiece.com\/es\/"},{"@type":"ListItem","position":2,"name":"Shop","item":"https:\/\/www.fieldpiece.com\/shop\/"},{"@type":"ListItem","position":3,"name":"SCM4 &#8211; Detector de mon\u00f3xido de carbono"}]},{"@type":"WebSite","@id":"https:\/\/www.fieldpiece.com\/es\/#website","url":"https:\/\/www.fieldpiece.com\/es\/","name":"Fieldpiece Instruments","description":"","publisher":{"@id":"https:\/\/www.fieldpiece.com\/es\/#organization"},"potentialAction":[{"@type":"SearchAction","target":{"@type":"EntryPoint","urlTemplate":"https:\/\/www.fieldpiece.com\/es\/?s={search_term_string}"},"query-input":{"@type":"PropertyValueSpecification","valueRequired":true,"valueName":"search_term_string"}}],"inLanguage":"es"},{"@type":"Organization","@id":"https:\/\/www.fieldpiece.com\/es\/#organization","name":"Fieldpiece Instruments","url":"https:\/\/www.fieldpiece.com\/es\/","logo":{"@type":"ImageObject","inLanguage":"es","@id":"https:\/\/www.fieldpiece.com\/es\/#\/schema\/logo\/image\/","url":"https:\/\/resources.fieldpiece.com\/wp-content\/uploads\/2021\/02\/Logos-490x358-1.jpg","contentUrl":"https:\/\/resources.fieldpiece.com\/wp-content\/uploads\/2021\/02\/Logos-490x358-1.jpg","width":490,"height":358,"caption":"Fieldpiece Instruments"},"image":{"@id":"https:\/\/www.fieldpiece.com\/es\/#\/schema\/logo\/image\/"}}]}},"_links":{"self":[{"href":"https:\/\/www.fieldpiece.com\/es\/wp-json\/wp\/v2\/product\/17883","targetHints":{"allow":["GET"]}}],"collection":[{"href":"https:\/\/www.fieldpiece.com\/es\/wp-json\/wp\/v2\/product"}],"about":[{"href":"https:\/\/www.fieldpiece.com\/es\/wp-json\/wp\/v2\/types\/product"}],"replies":[{"embeddable":true,"href":"https:\/\/www.fieldpiece.com\/es\/wp-json\/wp\/v2\/comments?post=17883"}],"wp:featuredmedia":[{"embeddable":true,"href":"https:\/\/www.fieldpiece.com\/es\/wp-json\/wp\/v2\/media\/17885"}],"wp:attachment":[{"href":"https:\/\/www.fieldpiece.com\/es\/wp-json\/wp\/v2\/media?parent=17883"}],"wp:term":[{"taxonomy":"product_brand","embeddable":true,"href":"https:\/\/www.fieldpiece.com\/es\/wp-json\/wp\/v2\/product_brand?post=17883"},{"taxonomy":"product_cat","embeddable":true,"href":"https:\/\/www.fieldpiece.com\/es\/wp-json\/wp\/v2\/product_cat?post=17883"},{"taxonomy":"product_tag","embeddable":true,"href":"https:\/\/www.fieldpiece.com\/es\/wp-json\/wp\/v2\/product_tag?post=17883"}],"curies":[{"name":"wp","href":"https:\/\/api.w.org\/{rel}","templated":true}]}}