	{"id":17856,"date":"2020-11-02T11:27:06","date_gmt":"2020-11-02T11:27:06","guid":{"rendered":"https:\/\/www.fieldpiece.com\/product\/dual-port-manometer-sdmn5\/"},"modified":"2023-04-27T00:00:14","modified_gmt":"2023-04-27T07:00:14","slug":"dual-port-manometer-sdmn5","status":"publish","type":"product","link":"https:\/\/www.fieldpiece.com\/es\/producto\/dual-port-manometer-sdmn5\/","title":{"rendered":"SDMN5 &#8211; Man\u00f3metro de dos puertos"},"content":{"rendered":"<p>Mida presiones en conductos para equilibrado del flujo de aire<br \/>\nResoluci\u00f3n hasta 0,01&#8243; WC (pulgadas de columna de agua) para la medici\u00f3n de la presi\u00f3n est\u00e1tica<br \/>\nIntervalo de -60,0&#8243; WC a 60,0&#8243; WC (pulgadas de columna de agua)<br \/>\nIncluye dos adaptadores de 5\/16&#8243; para medir las presiones de entrada y salida <\/p>\n<p>El SDMN5 es un man\u00f3metro de dos puertos port\u00e1til y resistente, especialmente dise\u00f1ado para los t\u00e9cnicos de servicio en campo de climatizaci\u00f3n. Mide la presi\u00f3n de gas, la presi\u00f3n est\u00e1tica y la presi\u00f3n diferencial. El SDMN5 incluye un bot\u00f3n de ajuste a cero en la parte frontal del medidor, una funda de goma resistente, un im\u00e1n trasero para colgar el medidor durante el servicio, y la funci\u00f3n de desconexi\u00f3n autom\u00e1tica para prolongar la duraci\u00f3n de la bater\u00eda.\u00a0 El SDMN5 mide presiones entre -60&#8243; WC y 60&#8243; WC (pulgadas de columna de agua) y de -150,0 a 150,0 mBar. El SDMN5 tambi\u00e9n toma lecturas de presi\u00f3n P1 o P2 y calcula la diferencia entre P1 y P2. Puede tomar medidas de presi\u00f3n est\u00e1tica utilizando el modo de resoluci\u00f3n de 0,01&#8243; WC (pulgadas de columna de agua) o 0,01 mBar. Incluye un adaptador de 3\/16&#8243; a 5\/16&#8243; para medir las presiones de entrada y salida de gas. <\/p>\n<p>El SDMN5 es el resultado de 20 a\u00f1os de experiencia en pruebas de presi\u00f3n en campo.\u00a0 Su capacidad y resoluci\u00f3n le permiten medir los par\u00e1metros de las aplicaciones de climatizaci\u00f3n con las que se encuentra a diario durante el servicio en campo de climatizaci\u00f3n y refrigeraci\u00f3n.\u00a0 Mida la presi\u00f3n de gas en la entrada y en las salidas con las conexiones est\u00e1ndar de 3\/16\u201d o con los adaptadores para puertos de 5\/16&#8243; incluidos, tome mediciones de presi\u00f3n est\u00e1tica a trav\u00e9s de un soplador y obtenga la presi\u00f3n diferencial con solo pulsar un bot\u00f3n, para comprobar los tirajes.\u00a0 Gracias a su forma ergon\u00f3mica y a su gancho magn\u00e9tico, el SDMN5 hace que el servicio en campo de climatizaci\u00f3n y refrigeraci\u00f3n sea m\u00e1s f\u00e1cil y r\u00e1pido y reduce la fatiga frente a otros dispositivos, al permitirle rellenar \u00f3rdenes de trabajo mientras toma mediciones. <\/p>\n<p>Incluye: <\/p>\n<ul>\n<li>Man\u00f3metro de dos puertos SDMN5 <\/li>\n<li>2 tubos de 3\/16\u201d con conectores de lat\u00f3n <\/li>\n<li>2 adaptadores para tubo de 3\/16\u201d a 5\/16\u201d RMA316 <\/li>\n<li>Bater\u00eda de 9 V (instalada) <\/li>\n<li>Manual del operador <\/li>\n<\/ul>\n","protected":false},"excerpt":{"rendered":"<p>Mida presiones en conductos para equilibrado del flujo de aire Resoluci\u00f3n hasta 0,01&#8243; WC (pulgadas de columna de agua) para &#8230;<\/p>\n","protected":false},"featured_media":17858,"comment_status":"open","ping_status":"closed","template":"","meta":{"_acf_changed":false},"product_brand":[],"product_cat":[140,141],"product_tag":[],"class_list":{"0":"post-17856","1":"product","2":"type-product","3":"status-publish","4":"has-post-thumbnail","6":"product_cat-combustion-es-2","7":"product_cat-manometers-es-2","9":"first","10":"instock","11":"shipping-taxable","12":"product-type-simple"},"acf":[],"yoast_head":"<!-- This site is optimized with the Yoast SEO plugin v27.3 - https:\/\/yoast.com\/product\/yoast-seo-wordpress\/ -->\n<title>SDMN5 - Man\u00f3metro de dos puertos - Fieldpiece Instruments<\/title>\n<meta name=\"robots\" content=\"index, follow, max-snippet:-1, max-image-preview:large, max-video-preview:-1\" \/>\n<link rel=\"canonical\" href=\"https:\/\/www.fieldpiece.com\/es\/producto\/dual-port-manometer-sdmn5\/\" \/>\n<meta property=\"og:locale\" content=\"es_ES\" \/>\n<meta property=\"og:type\" content=\"article\" \/>\n<meta property=\"og:title\" content=\"SDMN5 - Man\u00f3metro de dos puertos - Fieldpiece Instruments\" \/>\n<meta property=\"og:description\" content=\"Mida presiones en conductos para equilibrado del flujo de aire Resoluci\u00f3n hasta 0,01&#8243; WC (pulgadas de columna de agua) para ...\" \/>\n<meta property=\"og:url\" content=\"https:\/\/www.fieldpiece.com\/es\/producto\/dual-port-manometer-sdmn5\/\" \/>\n<meta property=\"og:site_name\" content=\"Fieldpiece Instruments\" \/>\n<meta property=\"article:modified_time\" content=\"2023-04-27T07:00:14+00:00\" \/>\n<meta property=\"og:image\" content=\"https:\/\/resources.fieldpiece.com\/wp-content\/uploads\/2021\/01\/SDMN5-SRC-product.png\" \/>\n\t<meta property=\"og:image:width\" content=\"470\" \/>\n\t<meta property=\"og:image:height\" content=\"470\" \/>\n\t<meta property=\"og:image:type\" content=\"image\/png\" \/>\n<meta name=\"twitter:card\" content=\"summary_large_image\" \/>\n<meta name=\"twitter:label1\" content=\"Tiempo de lectura\" \/>\n\t<meta name=\"twitter:data1\" content=\"2 minutos\" \/>\n<script type=\"application\/ld+json\" class=\"yoast-schema-graph\">{\"@context\":\"https:\\\/\\\/schema.org\",\"@graph\":[{\"@type\":\"WebPage\",\"@id\":\"https:\\\/\\\/www.fieldpiece.com\\\/es\\\/producto\\\/dual-port-manometer-sdmn5\\\/\",\"url\":\"https:\\\/\\\/www.fieldpiece.com\\\/es\\\/producto\\\/dual-port-manometer-sdmn5\\\/\",\"name\":\"SDMN5 - Man\u00f3metro de dos puertos - Fieldpiece Instruments\",\"isPartOf\":{\"@id\":\"https:\\\/\\\/www.fieldpiece.com\\\/es\\\/#website\"},\"primaryImageOfPage\":{\"@id\":\"https:\\\/\\\/www.fieldpiece.com\\\/es\\\/producto\\\/dual-port-manometer-sdmn5\\\/#primaryimage\"},\"image\":{\"@id\":\"https:\\\/\\\/www.fieldpiece.com\\\/es\\\/producto\\\/dual-port-manometer-sdmn5\\\/#primaryimage\"},\"thumbnailUrl\":\"https:\\\/\\\/resources.fieldpiece.com\\\/wp-content\\\/uploads\\\/2021\\\/01\\\/SDMN5-SRC-product.png\",\"datePublished\":\"2020-11-02T11:27:06+00:00\",\"dateModified\":\"2023-04-27T07:00:14+00:00\",\"breadcrumb\":{\"@id\":\"https:\\\/\\\/www.fieldpiece.com\\\/es\\\/producto\\\/dual-port-manometer-sdmn5\\\/#breadcrumb\"},\"inLanguage\":\"es\",\"potentialAction\":[{\"@type\":\"ReadAction\",\"target\":[\"https:\\\/\\\/www.fieldpiece.com\\\/es\\\/producto\\\/dual-port-manometer-sdmn5\\\/\"]}]},{\"@type\":\"ImageObject\",\"inLanguage\":\"es\",\"@id\":\"https:\\\/\\\/www.fieldpiece.com\\\/es\\\/producto\\\/dual-port-manometer-sdmn5\\\/#primaryimage\",\"url\":\"https:\\\/\\\/resources.fieldpiece.com\\\/wp-content\\\/uploads\\\/2021\\\/01\\\/SDMN5-SRC-product.png\",\"contentUrl\":\"https:\\\/\\\/resources.fieldpiece.com\\\/wp-content\\\/uploads\\\/2021\\\/01\\\/SDMN5-SRC-product.png\",\"width\":470,\"height\":470,\"caption\":\"SDMN5 - Dual Port Portable Manometer\"},{\"@type\":\"BreadcrumbList\",\"@id\":\"https:\\\/\\\/www.fieldpiece.com\\\/es\\\/producto\\\/dual-port-manometer-sdmn5\\\/#breadcrumb\",\"itemListElement\":[{\"@type\":\"ListItem\",\"position\":1,\"name\":\"Home\",\"item\":\"https:\\\/\\\/www.fieldpiece.com\\\/es\\\/\"},{\"@type\":\"ListItem\",\"position\":2,\"name\":\"Shop\",\"item\":\"https:\\\/\\\/www.fieldpiece.com\\\/shop\\\/\"},{\"@type\":\"ListItem\",\"position\":3,\"name\":\"SDMN5 &#8211; Man\u00f3metro de dos puertos\"}]},{\"@type\":\"WebSite\",\"@id\":\"https:\\\/\\\/www.fieldpiece.com\\\/es\\\/#website\",\"url\":\"https:\\\/\\\/www.fieldpiece.com\\\/es\\\/\",\"name\":\"Fieldpiece Instruments\",\"description\":\"\",\"publisher\":{\"@id\":\"https:\\\/\\\/www.fieldpiece.com\\\/es\\\/#organization\"},\"potentialAction\":[{\"@type\":\"SearchAction\",\"target\":{\"@type\":\"EntryPoint\",\"urlTemplate\":\"https:\\\/\\\/www.fieldpiece.com\\\/es\\\/?s={search_term_string}\"},\"query-input\":{\"@type\":\"PropertyValueSpecification\",\"valueRequired\":true,\"valueName\":\"search_term_string\"}}],\"inLanguage\":\"es\"},{\"@type\":\"Organization\",\"@id\":\"https:\\\/\\\/www.fieldpiece.com\\\/es\\\/#organization\",\"name\":\"Fieldpiece Instruments\",\"url\":\"https:\\\/\\\/www.fieldpiece.com\\\/es\\\/\",\"logo\":{\"@type\":\"ImageObject\",\"inLanguage\":\"es\",\"@id\":\"https:\\\/\\\/www.fieldpiece.com\\\/es\\\/#\\\/schema\\\/logo\\\/image\\\/\",\"url\":\"https:\\\/\\\/resources.fieldpiece.com\\\/wp-content\\\/uploads\\\/2021\\\/02\\\/Logos-490x358-1.jpg\",\"contentUrl\":\"https:\\\/\\\/resources.fieldpiece.com\\\/wp-content\\\/uploads\\\/2021\\\/02\\\/Logos-490x358-1.jpg\",\"width\":490,\"height\":358,\"caption\":\"Fieldpiece Instruments\"},\"image\":{\"@id\":\"https:\\\/\\\/www.fieldpiece.com\\\/es\\\/#\\\/schema\\\/logo\\\/image\\\/\"}}]}<\/script>\n<!-- \/ Yoast SEO plugin. -->","yoast_head_json":{"title":"SDMN5 - Man\u00f3metro de dos puertos - Fieldpiece Instruments","robots":{"index":"index","follow":"follow","max-snippet":"max-snippet:-1","max-image-preview":"max-image-preview:large","max-video-preview":"max-video-preview:-1"},"canonical":"https:\/\/www.fieldpiece.com\/es\/producto\/dual-port-manometer-sdmn5\/","og_locale":"es_ES","og_type":"article","og_title":"SDMN5 - Man\u00f3metro de dos puertos - Fieldpiece Instruments","og_description":"Mida presiones en conductos para equilibrado del flujo de aire Resoluci\u00f3n hasta 0,01&#8243; WC (pulgadas de columna de agua) para ...","og_url":"https:\/\/www.fieldpiece.com\/es\/producto\/dual-port-manometer-sdmn5\/","og_site_name":"Fieldpiece Instruments","article_modified_time":"2023-04-27T07:00:14+00:00","og_image":[{"width":470,"height":470,"url":"https:\/\/resources.fieldpiece.com\/wp-content\/uploads\/2021\/01\/SDMN5-SRC-product.png","type":"image\/png"}],"twitter_card":"summary_large_image","twitter_misc":{"Tiempo de lectura":"2 minutos"},"schema":{"@context":"https:\/\/schema.org","@graph":[{"@type":"WebPage","@id":"https:\/\/www.fieldpiece.com\/es\/producto\/dual-port-manometer-sdmn5\/","url":"https:\/\/www.fieldpiece.com\/es\/producto\/dual-port-manometer-sdmn5\/","name":"SDMN5 - Man\u00f3metro de dos puertos - Fieldpiece Instruments","isPartOf":{"@id":"https:\/\/www.fieldpiece.com\/es\/#website"},"primaryImageOfPage":{"@id":"https:\/\/www.fieldpiece.com\/es\/producto\/dual-port-manometer-sdmn5\/#primaryimage"},"image":{"@id":"https:\/\/www.fieldpiece.com\/es\/producto\/dual-port-manometer-sdmn5\/#primaryimage"},"thumbnailUrl":"https:\/\/resources.fieldpiece.com\/wp-content\/uploads\/2021\/01\/SDMN5-SRC-product.png","datePublished":"2020-11-02T11:27:06+00:00","dateModified":"2023-04-27T07:00:14+00:00","breadcrumb":{"@id":"https:\/\/www.fieldpiece.com\/es\/producto\/dual-port-manometer-sdmn5\/#breadcrumb"},"inLanguage":"es","potentialAction":[{"@type":"ReadAction","target":["https:\/\/www.fieldpiece.com\/es\/producto\/dual-port-manometer-sdmn5\/"]}]},{"@type":"ImageObject","inLanguage":"es","@id":"https:\/\/www.fieldpiece.com\/es\/producto\/dual-port-manometer-sdmn5\/#primaryimage","url":"https:\/\/resources.fieldpiece.com\/wp-content\/uploads\/2021\/01\/SDMN5-SRC-product.png","contentUrl":"https:\/\/resources.fieldpiece.com\/wp-content\/uploads\/2021\/01\/SDMN5-SRC-product.png","width":470,"height":470,"caption":"SDMN5 - Dual Port Portable Manometer"},{"@type":"BreadcrumbList","@id":"https:\/\/www.fieldpiece.com\/es\/producto\/dual-port-manometer-sdmn5\/#breadcrumb","itemListElement":[{"@type":"ListItem","position":1,"name":"Home","item":"https:\/\/www.fieldpiece.com\/es\/"},{"@type":"ListItem","position":2,"name":"Shop","item":"https:\/\/www.fieldpiece.com\/shop\/"},{"@type":"ListItem","position":3,"name":"SDMN5 &#8211; Man\u00f3metro de dos puertos"}]},{"@type":"WebSite","@id":"https:\/\/www.fieldpiece.com\/es\/#website","url":"https:\/\/www.fieldpiece.com\/es\/","name":"Fieldpiece Instruments","description":"","publisher":{"@id":"https:\/\/www.fieldpiece.com\/es\/#organization"},"potentialAction":[{"@type":"SearchAction","target":{"@type":"EntryPoint","urlTemplate":"https:\/\/www.fieldpiece.com\/es\/?s={search_term_string}"},"query-input":{"@type":"PropertyValueSpecification","valueRequired":true,"valueName":"search_term_string"}}],"inLanguage":"es"},{"@type":"Organization","@id":"https:\/\/www.fieldpiece.com\/es\/#organization","name":"Fieldpiece Instruments","url":"https:\/\/www.fieldpiece.com\/es\/","logo":{"@type":"ImageObject","inLanguage":"es","@id":"https:\/\/www.fieldpiece.com\/es\/#\/schema\/logo\/image\/","url":"https:\/\/resources.fieldpiece.com\/wp-content\/uploads\/2021\/02\/Logos-490x358-1.jpg","contentUrl":"https:\/\/resources.fieldpiece.com\/wp-content\/uploads\/2021\/02\/Logos-490x358-1.jpg","width":490,"height":358,"caption":"Fieldpiece Instruments"},"image":{"@id":"https:\/\/www.fieldpiece.com\/es\/#\/schema\/logo\/image\/"}}]}},"_links":{"self":[{"href":"https:\/\/www.fieldpiece.com\/es\/wp-json\/wp\/v2\/product\/17856","targetHints":{"allow":["GET"]}}],"collection":[{"href":"https:\/\/www.fieldpiece.com\/es\/wp-json\/wp\/v2\/product"}],"about":[{"href":"https:\/\/www.fieldpiece.com\/es\/wp-json\/wp\/v2\/types\/product"}],"replies":[{"embeddable":true,"href":"https:\/\/www.fieldpiece.com\/es\/wp-json\/wp\/v2\/comments?post=17856"}],"wp:featuredmedia":[{"embeddable":true,"href":"https:\/\/www.fieldpiece.com\/es\/wp-json\/wp\/v2\/media\/17858"}],"wp:attachment":[{"href":"https:\/\/www.fieldpiece.com\/es\/wp-json\/wp\/v2\/media?parent=17856"}],"wp:term":[{"taxonomy":"product_brand","embeddable":true,"href":"https:\/\/www.fieldpiece.com\/es\/wp-json\/wp\/v2\/product_brand?post=17856"},{"taxonomy":"product_cat","embeddable":true,"href":"https:\/\/www.fieldpiece.com\/es\/wp-json\/wp\/v2\/product_cat?post=17856"},{"taxonomy":"product_tag","embeddable":true,"href":"https:\/\/www.fieldpiece.com\/es\/wp-json\/wp\/v2\/product_tag?post=17856"}],"curies":[{"name":"wp","href":"https:\/\/api.w.org\/{rel}","templated":true}]}}