	{"id":17843,"date":"2020-11-02T11:27:14","date_gmt":"2023-04-26T12:11:38","guid":{"rendered":"https:\/\/www.fieldpiece.com\/product\/s365-charging-jacket-for-txv-systems\/"},"modified":"2023-04-26T23:58:54","modified_gmt":"2023-04-27T06:58:54","slug":"s365-charging-jacket-for-txv-systems","status":"publish","type":"product","link":"https:\/\/www.fieldpiece.com\/es\/producto\/s365-charging-jacket-for-txv-systems\/","title":{"rendered":"S365 &#8211; Funda para carga de sistemas con v\u00e1lvulas de expansi\u00f3n termost\u00e1tica (VET)"},"content":{"rendered":"<p>Carga desde temperaturas exteriores de 2,7 \u00b0C a 21 \u00b0C (de 37 \u00baF a 70 \u00baF)<br \/>\nContratos de mantenimiento de servicio antes y despu\u00e9s del calor del verano<br \/>\nAmpliaci\u00f3n de las horas facturables<br \/>\nF\u00e1cil de ajustar para alcanzar el diferencial de presi\u00f3n correcto<br \/>\nAspecto profesional <\/p>\n<p>La funda para carga S365 ofrece un m\u00e9todo confiable para cargar sistemas con VET cuando hace fr\u00edo.\u00a0 Normalmente, las bajas temperaturas quitan demasiado calor de los serpentines del condensador, por lo que los profesionales de la climatizaci\u00f3n deben trabajar en los sistemas con VET cuando la temperatura del aire exterior es de 21 \u00b0C (70 \u00b0F) o superior. <\/p>\n<p>Ahora, la nueva funda para carga de Fieldpiece resuelve este problema y permite cargar sistemas con VET con exactitud a temperaturas exteriores de hasta 2,7 \u00b0C (37 \u00b0F).\u00a0 Es la herramienta perfecta para ampliar muy notablemente las horas del d\u00eda y los d\u00edas del a\u00f1o en los que los t\u00e9cnicos pueden instalar, mantener y cargar sistemas con VET. <\/p>\n<p>Fabricada con material de paraca\u00eddas, la funda de carga se acopla a la parte superior de un sistema con VET dividido mediante ganchos, de modo que la admisi\u00f3n de aire no se vea restringida.\u00a0 A continuaci\u00f3n, la unidad se enciende y la funda se hincha con el aire que se fuerza hacia la salida.<\/p>\n<p>En este momento, la parte superior se ajusta mediante un cord\u00f3n hasta que se alcanza el diferencial de presi\u00f3n apropiado entre el lado alto y el lado bajo (entre 160 psi y 220 psi para R410A, y entre 100 psi y 145 psi para R22).\u00a0 Una vez que los sistemas se estabilizan durante 15 minutos al diferencial de presi\u00f3n correcto, el sistema est\u00e1 listo para cargarse.<\/p>\n<ul>\n<li>\u00a0Cargue sistemas con VET con temperaturas exteriores de 2,7 \u00b0C a 21 \u00b0C (de 37 a 70 \u00b0F) <\/li>\n<li>\u00a0Contratos de mantenimiento de servicio antes y despu\u00e9s del calor del verano <\/li>\n<li>\u00a0F\u00e1cil de ajustar para alcanzar el diferencial de presi\u00f3n correcto <\/li>\n<li>\u00a0Excelente manera de aumentar el negocio en temporada baja <\/li>\n<li>\u00a0Exactitud probada en campo <\/li>\n<\/ul>\n<p>No hay ning\u00fan otro producto en el mercado dise\u00f1ado espec\u00edficamente para este prop\u00f3sito.\u00a0 Actualmente, los profesionales de la climatizaci\u00f3n no trabajan en sistemas con VET si la temperatura exterior es inferior a los 21 \u00b0C (70 \u00b0F) o se ven obligados a utilizar sus chaquetas o cartones para bloquear la entrada de aire en situaciones de emergencia. El problema de estos m\u00e9todos es su inexactitud. <\/p>\n<p>La ventaja de la funda para carga es que da resultados a la hora de llevar la ca\u00edda de presi\u00f3n a trav\u00e9s de la v\u00e1lvula de expansi\u00f3n hasta al menos 160 psi, y por lo tanto, ejerce el mismo efecto sobre el sistema que las temperaturas m\u00e1s altas. <\/p>\n<p>Los profesionales de la climatizaci\u00f3n ya pueden ampliar notablemente sus horas facturables, ya que pueden trabajar en los sistemas durante la temporada baja.\u00a0 De este modo, en lugar de tener que hacer las comprobaciones de los contratos de servicio durante el ajetreo del verano, los profesionales del sector pueden comenzar a realizar tareas de servicio y mantenimiento a principios de la primavera y prolongarlas hasta el oto\u00f1o, e incluso durante todo el a\u00f1o en muchas partes del pa\u00eds. <\/p>\n<p>Incluye:  <\/p>\n<ul>\n<li>Funda para carga <\/li>\n<li>Manual <\/li>\n<\/ul>\n","protected":false},"excerpt":{"rendered":"<p>Carga desde temperaturas exteriores de 2,7 \u00b0C a 21 \u00b0C (de 37 \u00baF a 70 \u00baF) Contratos de mantenimiento de &#8230;<\/p>\n","protected":false},"featured_media":17845,"comment_status":"open","ping_status":"closed","template":"","meta":{"_acf_changed":false},"product_brand":[],"product_cat":[182,160],"product_tag":[],"class_list":{"0":"post-17843","1":"product","2":"type-product","3":"status-publish","4":"has-post-thumbnail","6":"product_cat-charging-jacket-es","7":"product_cat-other-es-2","9":"first","10":"instock","11":"shipping-taxable","12":"product-type-simple"},"acf":[],"yoast_head":"<!-- This site is optimized with the Yoast SEO plugin v27.2 - https:\/\/yoast.com\/product\/yoast-seo-wordpress\/ -->\n<title>S365 - Funda para carga de sistemas con v\u00e1lvulas de expansi\u00f3n termost\u00e1tica (VET) - Fieldpiece Instruments<\/title>\n<meta name=\"robots\" content=\"index, follow, max-snippet:-1, max-image-preview:large, max-video-preview:-1\" \/>\n<link rel=\"canonical\" href=\"https:\/\/www.fieldpiece.com\/es\/producto\/s365-charging-jacket-for-txv-systems\/\" \/>\n<meta property=\"og:locale\" content=\"es_ES\" \/>\n<meta property=\"og:type\" content=\"article\" \/>\n<meta property=\"og:title\" content=\"S365 - Funda para carga de sistemas con v\u00e1lvulas de expansi\u00f3n termost\u00e1tica (VET) - Fieldpiece Instruments\" \/>\n<meta property=\"og:description\" content=\"Carga desde temperaturas exteriores de 2,7 \u00b0C a 21 \u00b0C (de 37 \u00baF a 70 \u00baF) Contratos de mantenimiento de ...\" \/>\n<meta property=\"og:url\" content=\"https:\/\/www.fieldpiece.com\/es\/producto\/s365-charging-jacket-for-txv-systems\/\" \/>\n<meta property=\"og:site_name\" content=\"Fieldpiece Instruments\" \/>\n<meta property=\"article:modified_time\" content=\"2023-04-27T06:58:54+00:00\" \/>\n<meta property=\"og:image\" content=\"https:\/\/resources.fieldpiece.com\/wp-content\/uploads\/2021\/01\/S365-CharginJacket-SRC-Product.png\" \/>\n\t<meta property=\"og:image:width\" content=\"470\" \/>\n\t<meta property=\"og:image:height\" content=\"470\" \/>\n\t<meta property=\"og:image:type\" content=\"image\/png\" \/>\n<meta name=\"twitter:card\" content=\"summary_large_image\" \/>\n<meta name=\"twitter:label1\" content=\"Tiempo de lectura\" \/>\n\t<meta name=\"twitter:data1\" content=\"3 minutos\" \/>\n<script type=\"application\/ld+json\" class=\"yoast-schema-graph\">{\"@context\":\"https:\/\/schema.org\",\"@graph\":[{\"@type\":\"WebPage\",\"@id\":\"https:\/\/www.fieldpiece.com\/es\/producto\/s365-charging-jacket-for-txv-systems\/\",\"url\":\"https:\/\/www.fieldpiece.com\/es\/producto\/s365-charging-jacket-for-txv-systems\/\",\"name\":\"S365 - Funda para carga de sistemas con v\u00e1lvulas de expansi\u00f3n termost\u00e1tica (VET) - Fieldpiece Instruments\",\"isPartOf\":{\"@id\":\"https:\/\/www.fieldpiece.com\/es\/#website\"},\"primaryImageOfPage\":{\"@id\":\"https:\/\/www.fieldpiece.com\/es\/producto\/s365-charging-jacket-for-txv-systems\/#primaryimage\"},\"image\":{\"@id\":\"https:\/\/www.fieldpiece.com\/es\/producto\/s365-charging-jacket-for-txv-systems\/#primaryimage\"},\"thumbnailUrl\":\"https:\/\/resources.fieldpiece.com\/wp-content\/uploads\/2021\/01\/S365-CharginJacket-SRC-Product.png\",\"datePublished\":\"2023-04-26T12:11:38+00:00\",\"dateModified\":\"2023-04-27T06:58:54+00:00\",\"breadcrumb\":{\"@id\":\"https:\/\/www.fieldpiece.com\/es\/producto\/s365-charging-jacket-for-txv-systems\/#breadcrumb\"},\"inLanguage\":\"es\",\"potentialAction\":[{\"@type\":\"ReadAction\",\"target\":[\"https:\/\/www.fieldpiece.com\/es\/producto\/s365-charging-jacket-for-txv-systems\/\"]}]},{\"@type\":\"ImageObject\",\"inLanguage\":\"es\",\"@id\":\"https:\/\/www.fieldpiece.com\/es\/producto\/s365-charging-jacket-for-txv-systems\/#primaryimage\",\"url\":\"https:\/\/resources.fieldpiece.com\/wp-content\/uploads\/2021\/01\/S365-CharginJacket-SRC-Product.png\",\"contentUrl\":\"https:\/\/resources.fieldpiece.com\/wp-content\/uploads\/2021\/01\/S365-CharginJacket-SRC-Product.png\",\"width\":470,\"height\":470,\"caption\":\"S365 - Charging Jacket for TXV Systems\"},{\"@type\":\"BreadcrumbList\",\"@id\":\"https:\/\/www.fieldpiece.com\/es\/producto\/s365-charging-jacket-for-txv-systems\/#breadcrumb\",\"itemListElement\":[{\"@type\":\"ListItem\",\"position\":1,\"name\":\"Home\",\"item\":\"https:\/\/www.fieldpiece.com\/es\/\"},{\"@type\":\"ListItem\",\"position\":2,\"name\":\"Shop\",\"item\":\"https:\/\/www.fieldpiece.com\/shop\/\"},{\"@type\":\"ListItem\",\"position\":3,\"name\":\"S365 &#8211; Funda para carga de sistemas con v\u00e1lvulas de expansi\u00f3n termost\u00e1tica (VET)\"}]},{\"@type\":\"WebSite\",\"@id\":\"https:\/\/www.fieldpiece.com\/es\/#website\",\"url\":\"https:\/\/www.fieldpiece.com\/es\/\",\"name\":\"Fieldpiece Instruments\",\"description\":\"\",\"publisher\":{\"@id\":\"https:\/\/www.fieldpiece.com\/es\/#organization\"},\"potentialAction\":[{\"@type\":\"SearchAction\",\"target\":{\"@type\":\"EntryPoint\",\"urlTemplate\":\"https:\/\/www.fieldpiece.com\/es\/?s={search_term_string}\"},\"query-input\":{\"@type\":\"PropertyValueSpecification\",\"valueRequired\":true,\"valueName\":\"search_term_string\"}}],\"inLanguage\":\"es\"},{\"@type\":\"Organization\",\"@id\":\"https:\/\/www.fieldpiece.com\/es\/#organization\",\"name\":\"Fieldpiece Instruments\",\"url\":\"https:\/\/www.fieldpiece.com\/es\/\",\"logo\":{\"@type\":\"ImageObject\",\"inLanguage\":\"es\",\"@id\":\"https:\/\/www.fieldpiece.com\/es\/#\/schema\/logo\/image\/\",\"url\":\"https:\/\/resources.fieldpiece.com\/wp-content\/uploads\/2021\/02\/Logos-490x358-1.jpg\",\"contentUrl\":\"https:\/\/resources.fieldpiece.com\/wp-content\/uploads\/2021\/02\/Logos-490x358-1.jpg\",\"width\":490,\"height\":358,\"caption\":\"Fieldpiece Instruments\"},\"image\":{\"@id\":\"https:\/\/www.fieldpiece.com\/es\/#\/schema\/logo\/image\/\"}}]}<\/script>\n<!-- \/ Yoast SEO plugin. -->","yoast_head_json":{"title":"S365 - Funda para carga de sistemas con v\u00e1lvulas de expansi\u00f3n termost\u00e1tica (VET) - Fieldpiece Instruments","robots":{"index":"index","follow":"follow","max-snippet":"max-snippet:-1","max-image-preview":"max-image-preview:large","max-video-preview":"max-video-preview:-1"},"canonical":"https:\/\/www.fieldpiece.com\/es\/producto\/s365-charging-jacket-for-txv-systems\/","og_locale":"es_ES","og_type":"article","og_title":"S365 - Funda para carga de sistemas con v\u00e1lvulas de expansi\u00f3n termost\u00e1tica (VET) - Fieldpiece Instruments","og_description":"Carga desde temperaturas exteriores de 2,7 \u00b0C a 21 \u00b0C (de 37 \u00baF a 70 \u00baF) Contratos de mantenimiento de ...","og_url":"https:\/\/www.fieldpiece.com\/es\/producto\/s365-charging-jacket-for-txv-systems\/","og_site_name":"Fieldpiece Instruments","article_modified_time":"2023-04-27T06:58:54+00:00","og_image":[{"width":470,"height":470,"url":"https:\/\/resources.fieldpiece.com\/wp-content\/uploads\/2021\/01\/S365-CharginJacket-SRC-Product.png","type":"image\/png"}],"twitter_card":"summary_large_image","twitter_misc":{"Tiempo de lectura":"3 minutos"},"schema":{"@context":"https:\/\/schema.org","@graph":[{"@type":"WebPage","@id":"https:\/\/www.fieldpiece.com\/es\/producto\/s365-charging-jacket-for-txv-systems\/","url":"https:\/\/www.fieldpiece.com\/es\/producto\/s365-charging-jacket-for-txv-systems\/","name":"S365 - Funda para carga de sistemas con v\u00e1lvulas de expansi\u00f3n termost\u00e1tica (VET) - Fieldpiece Instruments","isPartOf":{"@id":"https:\/\/www.fieldpiece.com\/es\/#website"},"primaryImageOfPage":{"@id":"https:\/\/www.fieldpiece.com\/es\/producto\/s365-charging-jacket-for-txv-systems\/#primaryimage"},"image":{"@id":"https:\/\/www.fieldpiece.com\/es\/producto\/s365-charging-jacket-for-txv-systems\/#primaryimage"},"thumbnailUrl":"https:\/\/resources.fieldpiece.com\/wp-content\/uploads\/2021\/01\/S365-CharginJacket-SRC-Product.png","datePublished":"2023-04-26T12:11:38+00:00","dateModified":"2023-04-27T06:58:54+00:00","breadcrumb":{"@id":"https:\/\/www.fieldpiece.com\/es\/producto\/s365-charging-jacket-for-txv-systems\/#breadcrumb"},"inLanguage":"es","potentialAction":[{"@type":"ReadAction","target":["https:\/\/www.fieldpiece.com\/es\/producto\/s365-charging-jacket-for-txv-systems\/"]}]},{"@type":"ImageObject","inLanguage":"es","@id":"https:\/\/www.fieldpiece.com\/es\/producto\/s365-charging-jacket-for-txv-systems\/#primaryimage","url":"https:\/\/resources.fieldpiece.com\/wp-content\/uploads\/2021\/01\/S365-CharginJacket-SRC-Product.png","contentUrl":"https:\/\/resources.fieldpiece.com\/wp-content\/uploads\/2021\/01\/S365-CharginJacket-SRC-Product.png","width":470,"height":470,"caption":"S365 - Charging Jacket for TXV Systems"},{"@type":"BreadcrumbList","@id":"https:\/\/www.fieldpiece.com\/es\/producto\/s365-charging-jacket-for-txv-systems\/#breadcrumb","itemListElement":[{"@type":"ListItem","position":1,"name":"Home","item":"https:\/\/www.fieldpiece.com\/es\/"},{"@type":"ListItem","position":2,"name":"Shop","item":"https:\/\/www.fieldpiece.com\/shop\/"},{"@type":"ListItem","position":3,"name":"S365 &#8211; Funda para carga de sistemas con v\u00e1lvulas de expansi\u00f3n termost\u00e1tica (VET)"}]},{"@type":"WebSite","@id":"https:\/\/www.fieldpiece.com\/es\/#website","url":"https:\/\/www.fieldpiece.com\/es\/","name":"Fieldpiece Instruments","description":"","publisher":{"@id":"https:\/\/www.fieldpiece.com\/es\/#organization"},"potentialAction":[{"@type":"SearchAction","target":{"@type":"EntryPoint","urlTemplate":"https:\/\/www.fieldpiece.com\/es\/?s={search_term_string}"},"query-input":{"@type":"PropertyValueSpecification","valueRequired":true,"valueName":"search_term_string"}}],"inLanguage":"es"},{"@type":"Organization","@id":"https:\/\/www.fieldpiece.com\/es\/#organization","name":"Fieldpiece Instruments","url":"https:\/\/www.fieldpiece.com\/es\/","logo":{"@type":"ImageObject","inLanguage":"es","@id":"https:\/\/www.fieldpiece.com\/es\/#\/schema\/logo\/image\/","url":"https:\/\/resources.fieldpiece.com\/wp-content\/uploads\/2021\/02\/Logos-490x358-1.jpg","contentUrl":"https:\/\/resources.fieldpiece.com\/wp-content\/uploads\/2021\/02\/Logos-490x358-1.jpg","width":490,"height":358,"caption":"Fieldpiece Instruments"},"image":{"@id":"https:\/\/www.fieldpiece.com\/es\/#\/schema\/logo\/image\/"}}]}},"_links":{"self":[{"href":"https:\/\/www.fieldpiece.com\/es\/wp-json\/wp\/v2\/product\/17843","targetHints":{"allow":["GET"]}}],"collection":[{"href":"https:\/\/www.fieldpiece.com\/es\/wp-json\/wp\/v2\/product"}],"about":[{"href":"https:\/\/www.fieldpiece.com\/es\/wp-json\/wp\/v2\/types\/product"}],"replies":[{"embeddable":true,"href":"https:\/\/www.fieldpiece.com\/es\/wp-json\/wp\/v2\/comments?post=17843"}],"wp:featuredmedia":[{"embeddable":true,"href":"https:\/\/www.fieldpiece.com\/es\/wp-json\/wp\/v2\/media\/17845"}],"wp:attachment":[{"href":"https:\/\/www.fieldpiece.com\/es\/wp-json\/wp\/v2\/media?parent=17843"}],"wp:term":[{"taxonomy":"product_brand","embeddable":true,"href":"https:\/\/www.fieldpiece.com\/es\/wp-json\/wp\/v2\/product_brand?post=17843"},{"taxonomy":"product_cat","embeddable":true,"href":"https:\/\/www.fieldpiece.com\/es\/wp-json\/wp\/v2\/product_cat?post=17843"},{"taxonomy":"product_tag","embeddable":true,"href":"https:\/\/www.fieldpiece.com\/es\/wp-json\/wp\/v2\/product_tag?post=17843"}],"curies":[{"name":"wp","href":"https:\/\/api.w.org\/{rel}","templated":true}]}}