	{"id":17789,"date":"2020-11-02T11:27:40","date_gmt":"2023-04-26T12:06:41","guid":{"rendered":"https:\/\/www.fieldpiece.com\/product\/hs33-manual-and-auto-ranging\/"},"modified":"2023-04-26T23:55:31","modified_gmt":"2023-04-27T06:55:31","slug":"hs33-manual-and-auto-ranging","status":"publish","type":"product","link":"https:\/\/www.fieldpiece.com\/es\/producto\/hs33-manual-and-auto-ranging\/","title":{"rendered":"HS33 &#8211; Ajuste manual"},"content":{"rendered":"<p>Compatible con todos los cabezales accesorios<br \/>\nTensi\u00f3n sin contacto<br \/>\nMicroamperios de CC para pruebas de rectificaci\u00f3n de llama<br \/>\n400 A CA con la pinza incluida<br \/>\nTemperatura de hasta 537 \u00b0C (1000 \u00b0F)<br \/>\nC\u00f3modo recogecables<br \/>\nOperaci\u00f3n segura con una sola mano  <\/p>\n<p><strong>Mult\u00edmetro extensible &#8211; Dise\u00f1ado para el servicio de climatizaci\u00f3n y refrigeraci\u00f3n en campo &#8211; HS33 <\/strong><br \/>\nEl mult\u00edmetro de ajuste manual HS33 le permite realizar las pruebas que utiliza cada d\u00eda para el servicio de climatizaci\u00f3n y refrigeraci\u00f3n en campo. Al igual que el resto de la serie HS30, el HS33 es compatible con todos nuestros cabezales accesorios. Adem\u00e1s, viene equipado con un gancho magn\u00e9tico, cables de prueba de silicona desmontables y puntas de sonda con pinza de cocodrilo para realizar pruebas remotas de forma sencilla con una sola mano, as\u00ed como una completa gama de funciones de seguridad integradas.\u00a0 Su sensor de temperatura integrado con excelentes escalas de compensaci\u00f3n y las escalas de capacitancia son unos de sus puntos fuertes. <\/p>\n<p>Gracias a sus cables de prueba con punta extra\u00edble y alargadores de sonda con pinzas de cocodrilo, podr\u00e1 realizar pruebas con una sola mano de forma segura y en un instante. El puerto para termopares tipo k en la parte frontal del medidor le permite probar una serie de par\u00e1metros de climatizaci\u00f3n directamente desde su mult\u00edmetro. Adem\u00e1s, incluye todas las caracter\u00edsticas que los t\u00e9cnicos de climatizaci\u00f3n necesitan:  <\/p>\n<ul>\n<li>Tensi\u00f3n sin contacto <\/li>\n<li>Indicadores de alta tensi\u00f3n y continuidad <\/li>\n<li>Microamperios <\/li>\n<li>Capacitancia <\/li>\n<li>Funci\u00f3n MAX\/MIN <\/li>\n<li>Temperatura <\/li>\n<li>Estuche resistente de ABS con funda de goma <\/li>\n<li>Gancho magn\u00e9tico incluido que permite realizar pruebas con una mano o sin manos <\/li>\n<li>Recogecables incluido <\/li>\n<li>Su dise\u00f1o ergon\u00f3mico se ajusta de forma natural a su mano.<\/li>\n<li>Desconexi\u00f3n autom\u00e1tica para ahorrar bater\u00eda <\/li>\n<\/ul>\n<p>Incluye:  <\/p>\n<ul>\n<li>Mult\u00edmetro tipo barra extensible con ajuste manual HS33 <\/li>\n<li>Accesorio de pinza amperim\u00e9trica de 400 A ACH4 <\/li>\n<li>Cables de prueba de silicona premium ADLS2 <\/li>\n<li>Extensiones cortas con pinzas de cocodrilo ASA2 <\/li>\n<li>Estuche para medidor premium ANC1 <\/li>\n<li>Bater\u00eda alcalina de 9 V (instalada) <\/li>\n<li>Manual del operador <\/li>\n<\/ul>\n","protected":false},"excerpt":{"rendered":"<p>Compatible con todos los cabezales accesorios Tensi\u00f3n sin contacto Microamperios de CC para pruebas de rectificaci\u00f3n de llama 400 A &#8230;<\/p>\n","protected":false},"featured_media":35408,"comment_status":"open","ping_status":"closed","template":"","meta":{"_acf_changed":false},"product_brand":[],"product_cat":[174,133],"product_tag":[],"class_list":{"0":"post-17789","1":"product","2":"type-product","3":"status-publish","4":"has-post-thumbnail","6":"product_cat-stick-meters-es-2","7":"product_cat-electrical-meters-es-2","9":"first","10":"instock","11":"shipping-taxable","12":"product-type-simple"},"acf":[],"yoast_head":"<!-- This site is optimized with the Yoast SEO plugin v27.3 - https:\/\/yoast.com\/product\/yoast-seo-wordpress\/ -->\n<title>HS33 - Ajuste manual - Fieldpiece Instruments<\/title>\n<meta name=\"robots\" content=\"index, follow, max-snippet:-1, max-image-preview:large, max-video-preview:-1\" \/>\n<link rel=\"canonical\" href=\"https:\/\/www.fieldpiece.com\/es\/producto\/hs33-manual-and-auto-ranging\/\" \/>\n<meta property=\"og:locale\" content=\"es_ES\" \/>\n<meta property=\"og:type\" content=\"article\" \/>\n<meta property=\"og:title\" content=\"HS33 - Ajuste manual - Fieldpiece Instruments\" \/>\n<meta property=\"og:description\" content=\"Compatible con todos los cabezales accesorios Tensi\u00f3n sin contacto Microamperios de CC para pruebas de rectificaci\u00f3n de llama 400 A ...\" \/>\n<meta property=\"og:url\" content=\"https:\/\/www.fieldpiece.com\/es\/producto\/hs33-manual-and-auto-ranging\/\" \/>\n<meta property=\"og:site_name\" content=\"Fieldpiece Instruments\" \/>\n<meta property=\"article:modified_time\" content=\"2023-04-27T06:55:31+00:00\" \/>\n<meta property=\"og:image\" content=\"https:\/\/resources.fieldpiece.com\/wp-content\/uploads\/2020\/11\/HS33.png\" \/>\n\t<meta property=\"og:image:width\" content=\"470\" \/>\n\t<meta property=\"og:image:height\" content=\"470\" \/>\n\t<meta property=\"og:image:type\" content=\"image\/png\" \/>\n<meta name=\"twitter:card\" content=\"summary_large_image\" \/>\n<meta name=\"twitter:label1\" content=\"Tiempo de lectura\" \/>\n\t<meta name=\"twitter:data1\" content=\"2 minutos\" \/>\n<script type=\"application\/ld+json\" class=\"yoast-schema-graph\">{\"@context\":\"https:\\\/\\\/schema.org\",\"@graph\":[{\"@type\":\"WebPage\",\"@id\":\"https:\\\/\\\/www.fieldpiece.com\\\/es\\\/producto\\\/hs33-manual-and-auto-ranging\\\/\",\"url\":\"https:\\\/\\\/www.fieldpiece.com\\\/es\\\/producto\\\/hs33-manual-and-auto-ranging\\\/\",\"name\":\"HS33 - Ajuste manual - Fieldpiece Instruments\",\"isPartOf\":{\"@id\":\"https:\\\/\\\/www.fieldpiece.com\\\/es\\\/#website\"},\"primaryImageOfPage\":{\"@id\":\"https:\\\/\\\/www.fieldpiece.com\\\/es\\\/producto\\\/hs33-manual-and-auto-ranging\\\/#primaryimage\"},\"image\":{\"@id\":\"https:\\\/\\\/www.fieldpiece.com\\\/es\\\/producto\\\/hs33-manual-and-auto-ranging\\\/#primaryimage\"},\"thumbnailUrl\":\"https:\\\/\\\/resources.fieldpiece.com\\\/wp-content\\\/uploads\\\/2020\\\/11\\\/HS33.png\",\"datePublished\":\"2023-04-26T12:06:41+00:00\",\"dateModified\":\"2023-04-27T06:55:31+00:00\",\"breadcrumb\":{\"@id\":\"https:\\\/\\\/www.fieldpiece.com\\\/es\\\/producto\\\/hs33-manual-and-auto-ranging\\\/#breadcrumb\"},\"inLanguage\":\"es\",\"potentialAction\":[{\"@type\":\"ReadAction\",\"target\":[\"https:\\\/\\\/www.fieldpiece.com\\\/es\\\/producto\\\/hs33-manual-and-auto-ranging\\\/\"]}]},{\"@type\":\"ImageObject\",\"inLanguage\":\"es\",\"@id\":\"https:\\\/\\\/www.fieldpiece.com\\\/es\\\/producto\\\/hs33-manual-and-auto-ranging\\\/#primaryimage\",\"url\":\"https:\\\/\\\/resources.fieldpiece.com\\\/wp-content\\\/uploads\\\/2020\\\/11\\\/HS33.png\",\"contentUrl\":\"https:\\\/\\\/resources.fieldpiece.com\\\/wp-content\\\/uploads\\\/2020\\\/11\\\/HS33.png\",\"width\":470,\"height\":470,\"caption\":\"HS33 Expandable Digital Stick Manual Ranging Multimeter\"},{\"@type\":\"BreadcrumbList\",\"@id\":\"https:\\\/\\\/www.fieldpiece.com\\\/es\\\/producto\\\/hs33-manual-and-auto-ranging\\\/#breadcrumb\",\"itemListElement\":[{\"@type\":\"ListItem\",\"position\":1,\"name\":\"Home\",\"item\":\"https:\\\/\\\/www.fieldpiece.com\\\/es\\\/\"},{\"@type\":\"ListItem\",\"position\":2,\"name\":\"Shop\",\"item\":\"https:\\\/\\\/www.fieldpiece.com\\\/shop\\\/\"},{\"@type\":\"ListItem\",\"position\":3,\"name\":\"HS33 &#8211; Ajuste manual\"}]},{\"@type\":\"WebSite\",\"@id\":\"https:\\\/\\\/www.fieldpiece.com\\\/es\\\/#website\",\"url\":\"https:\\\/\\\/www.fieldpiece.com\\\/es\\\/\",\"name\":\"Fieldpiece Instruments\",\"description\":\"\",\"publisher\":{\"@id\":\"https:\\\/\\\/www.fieldpiece.com\\\/es\\\/#organization\"},\"potentialAction\":[{\"@type\":\"SearchAction\",\"target\":{\"@type\":\"EntryPoint\",\"urlTemplate\":\"https:\\\/\\\/www.fieldpiece.com\\\/es\\\/?s={search_term_string}\"},\"query-input\":{\"@type\":\"PropertyValueSpecification\",\"valueRequired\":true,\"valueName\":\"search_term_string\"}}],\"inLanguage\":\"es\"},{\"@type\":\"Organization\",\"@id\":\"https:\\\/\\\/www.fieldpiece.com\\\/es\\\/#organization\",\"name\":\"Fieldpiece Instruments\",\"url\":\"https:\\\/\\\/www.fieldpiece.com\\\/es\\\/\",\"logo\":{\"@type\":\"ImageObject\",\"inLanguage\":\"es\",\"@id\":\"https:\\\/\\\/www.fieldpiece.com\\\/es\\\/#\\\/schema\\\/logo\\\/image\\\/\",\"url\":\"https:\\\/\\\/resources.fieldpiece.com\\\/wp-content\\\/uploads\\\/2021\\\/02\\\/Logos-490x358-1.jpg\",\"contentUrl\":\"https:\\\/\\\/resources.fieldpiece.com\\\/wp-content\\\/uploads\\\/2021\\\/02\\\/Logos-490x358-1.jpg\",\"width\":490,\"height\":358,\"caption\":\"Fieldpiece Instruments\"},\"image\":{\"@id\":\"https:\\\/\\\/www.fieldpiece.com\\\/es\\\/#\\\/schema\\\/logo\\\/image\\\/\"}}]}<\/script>\n<!-- \/ Yoast SEO plugin. -->","yoast_head_json":{"title":"HS33 - Ajuste manual - Fieldpiece Instruments","robots":{"index":"index","follow":"follow","max-snippet":"max-snippet:-1","max-image-preview":"max-image-preview:large","max-video-preview":"max-video-preview:-1"},"canonical":"https:\/\/www.fieldpiece.com\/es\/producto\/hs33-manual-and-auto-ranging\/","og_locale":"es_ES","og_type":"article","og_title":"HS33 - Ajuste manual - Fieldpiece Instruments","og_description":"Compatible con todos los cabezales accesorios Tensi\u00f3n sin contacto Microamperios de CC para pruebas de rectificaci\u00f3n de llama 400 A ...","og_url":"https:\/\/www.fieldpiece.com\/es\/producto\/hs33-manual-and-auto-ranging\/","og_site_name":"Fieldpiece Instruments","article_modified_time":"2023-04-27T06:55:31+00:00","og_image":[{"width":470,"height":470,"url":"https:\/\/resources.fieldpiece.com\/wp-content\/uploads\/2020\/11\/HS33.png","type":"image\/png"}],"twitter_card":"summary_large_image","twitter_misc":{"Tiempo de lectura":"2 minutos"},"schema":{"@context":"https:\/\/schema.org","@graph":[{"@type":"WebPage","@id":"https:\/\/www.fieldpiece.com\/es\/producto\/hs33-manual-and-auto-ranging\/","url":"https:\/\/www.fieldpiece.com\/es\/producto\/hs33-manual-and-auto-ranging\/","name":"HS33 - Ajuste manual - Fieldpiece Instruments","isPartOf":{"@id":"https:\/\/www.fieldpiece.com\/es\/#website"},"primaryImageOfPage":{"@id":"https:\/\/www.fieldpiece.com\/es\/producto\/hs33-manual-and-auto-ranging\/#primaryimage"},"image":{"@id":"https:\/\/www.fieldpiece.com\/es\/producto\/hs33-manual-and-auto-ranging\/#primaryimage"},"thumbnailUrl":"https:\/\/resources.fieldpiece.com\/wp-content\/uploads\/2020\/11\/HS33.png","datePublished":"2023-04-26T12:06:41+00:00","dateModified":"2023-04-27T06:55:31+00:00","breadcrumb":{"@id":"https:\/\/www.fieldpiece.com\/es\/producto\/hs33-manual-and-auto-ranging\/#breadcrumb"},"inLanguage":"es","potentialAction":[{"@type":"ReadAction","target":["https:\/\/www.fieldpiece.com\/es\/producto\/hs33-manual-and-auto-ranging\/"]}]},{"@type":"ImageObject","inLanguage":"es","@id":"https:\/\/www.fieldpiece.com\/es\/producto\/hs33-manual-and-auto-ranging\/#primaryimage","url":"https:\/\/resources.fieldpiece.com\/wp-content\/uploads\/2020\/11\/HS33.png","contentUrl":"https:\/\/resources.fieldpiece.com\/wp-content\/uploads\/2020\/11\/HS33.png","width":470,"height":470,"caption":"HS33 Expandable Digital Stick Manual Ranging Multimeter"},{"@type":"BreadcrumbList","@id":"https:\/\/www.fieldpiece.com\/es\/producto\/hs33-manual-and-auto-ranging\/#breadcrumb","itemListElement":[{"@type":"ListItem","position":1,"name":"Home","item":"https:\/\/www.fieldpiece.com\/es\/"},{"@type":"ListItem","position":2,"name":"Shop","item":"https:\/\/www.fieldpiece.com\/shop\/"},{"@type":"ListItem","position":3,"name":"HS33 &#8211; Ajuste manual"}]},{"@type":"WebSite","@id":"https:\/\/www.fieldpiece.com\/es\/#website","url":"https:\/\/www.fieldpiece.com\/es\/","name":"Fieldpiece Instruments","description":"","publisher":{"@id":"https:\/\/www.fieldpiece.com\/es\/#organization"},"potentialAction":[{"@type":"SearchAction","target":{"@type":"EntryPoint","urlTemplate":"https:\/\/www.fieldpiece.com\/es\/?s={search_term_string}"},"query-input":{"@type":"PropertyValueSpecification","valueRequired":true,"valueName":"search_term_string"}}],"inLanguage":"es"},{"@type":"Organization","@id":"https:\/\/www.fieldpiece.com\/es\/#organization","name":"Fieldpiece Instruments","url":"https:\/\/www.fieldpiece.com\/es\/","logo":{"@type":"ImageObject","inLanguage":"es","@id":"https:\/\/www.fieldpiece.com\/es\/#\/schema\/logo\/image\/","url":"https:\/\/resources.fieldpiece.com\/wp-content\/uploads\/2021\/02\/Logos-490x358-1.jpg","contentUrl":"https:\/\/resources.fieldpiece.com\/wp-content\/uploads\/2021\/02\/Logos-490x358-1.jpg","width":490,"height":358,"caption":"Fieldpiece Instruments"},"image":{"@id":"https:\/\/www.fieldpiece.com\/es\/#\/schema\/logo\/image\/"}}]}},"_links":{"self":[{"href":"https:\/\/www.fieldpiece.com\/es\/wp-json\/wp\/v2\/product\/17789","targetHints":{"allow":["GET"]}}],"collection":[{"href":"https:\/\/www.fieldpiece.com\/es\/wp-json\/wp\/v2\/product"}],"about":[{"href":"https:\/\/www.fieldpiece.com\/es\/wp-json\/wp\/v2\/types\/product"}],"replies":[{"embeddable":true,"href":"https:\/\/www.fieldpiece.com\/es\/wp-json\/wp\/v2\/comments?post=17789"}],"wp:featuredmedia":[{"embeddable":true,"href":"https:\/\/www.fieldpiece.com\/es\/wp-json\/wp\/v2\/media\/35408"}],"wp:attachment":[{"href":"https:\/\/www.fieldpiece.com\/es\/wp-json\/wp\/v2\/media?parent=17789"}],"wp:term":[{"taxonomy":"product_brand","embeddable":true,"href":"https:\/\/www.fieldpiece.com\/es\/wp-json\/wp\/v2\/product_brand?post=17789"},{"taxonomy":"product_cat","embeddable":true,"href":"https:\/\/www.fieldpiece.com\/es\/wp-json\/wp\/v2\/product_cat?post=17789"},{"taxonomy":"product_tag","embeddable":true,"href":"https:\/\/www.fieldpiece.com\/es\/wp-json\/wp\/v2\/product_tag?post=17789"}],"curies":[{"name":"wp","href":"https:\/\/api.w.org\/{rel}","templated":true}]}}