	{"id":17763,"date":"2020-11-02T11:27:46","date_gmt":"2023-04-26T12:06:41","guid":{"rendered":"https:\/\/www.fieldpiece.com\/product\/hs36-true-rms-with-backlight\/"},"modified":"2023-04-26T23:55:05","modified_gmt":"2023-04-27T06:55:05","slug":"hs36-true-rms-with-backlight","status":"publish","type":"product","link":"https:\/\/www.fieldpiece.com\/es\/producto\/hs36-true-rms-with-backlight\/","title":{"rendered":"HS36 \u2013 Con indicaci\u00f3n de valor medio cuadr\u00e1tico (RMS) verdadero (valor eficaz verdadero) y retroiluminaci\u00f3n"},"content":{"rendered":"<p>Funciona con todos los cabezales accesorios<br \/>\nTensi\u00f3n sin contacto<br \/>\nMicroamperios de CC para pruebas de rectificaci\u00f3n de llama<br \/>\n400 amperios de CA con la pinza incluida<br \/>\nTemperatura de hasta 1000 grados F<br \/>\nAlmacenamiento de cables  <\/p>\n<p><strong>Mult\u00edmetro tipo barra extensible con indicaci\u00f3n de valor medio cuadr\u00e1tico (RMS) verdadero (valor eficaz verdadero) y retroiluminaci\u00f3n \u2013 Dise\u00f1ado para el servicio de climatizaci\u00f3n y refrigeraci\u00f3n en campo \u2013HS36 <\/strong><br \/>\nNuestro mejor medidor tipo barra, el HS36, incluye las escalas que usted utiliza cada d\u00eda para el servicio de climatizaci\u00f3n y refrigeraci\u00f3n en campo e incorpora adem\u00e1s una brillante pantalla con retroiluminaci\u00f3n azul donde se indica el valor medio cuadr\u00e1tico (RMS) verdadero (valor eficaz verdadero). Al igual que el resto de la serie HS30, el HS36 viene equipado con un gancho magn\u00e9tico, cables de prueba de silicona desmontables y puntas de sonda con pinza de cocodrilo para realizar pruebas remotas de forma sencilla con una sola mano, as\u00ed como una completa gama de funciones de seguridad integradas.\u00a0 Este medidor tipo barra de ajuste autom\u00e1tico (autorange) tambi\u00e9n incluye una gr\u00e1fica de barras en su pantalla LCD para transmitir una sensaci\u00f3n anal\u00f3gica. Los t\u00e9cnicos que prefieren nuestros medidores tipo barra extensibles lo consideran el mejor mult\u00edmetro digital para el servicio de climatizaci\u00f3n y refrigeraci\u00f3n en campo. <\/p>\n<p>Los medidores de la serie HS no se parecen a ning\u00fan otro medidor del sector de la climatizaci\u00f3n y la refrigeraci\u00f3n. Nuestros medidores incorporan una amplia variedad de funciones de seguridad, tanto visibles como no visibles.\u00a0 Adem\u00e1s, la serie HS es compatible con cabezales accesorios de instrumentos de prueba modulares, por lo que ofrece m\u00e1s funciones sin necesidad de adquirir una gran cantidad de costosos instrumentos.\u00a0 E incluye todas las caracter\u00edsticas que los t\u00e9cnicos de climatizaci\u00f3n y refrigeraci\u00f3n necesitan: <\/p>\n<ul>\n<li>Tensi\u00f3n sin contacto <\/li>\n<li>Indicadores de alta tensi\u00f3n y continuidad <\/li>\n<li>Microamperios <\/li>\n<li>Capacitancia <\/li>\n<li>Funci\u00f3n MAX\/MIN <\/li>\n<li>Temperatura <\/li>\n<li>Cables de silicona con puntas de sonda desmontables <\/li>\n<li>Estuche resistente de ABS con protecciones de goma <\/li>\n<li>Gancho magn\u00e9tico integrado que permite realizar pruebas con una mano o sin manos <\/li>\n<li>Recogecables incluido <\/li>\n<li>Su dise\u00f1o ergon\u00f3mico se ajusta de forma natural a su mano <\/li>\n<li>Desconexi\u00f3n autom\u00e1tica (APO) para ahorrar bater\u00eda <\/li>\n<\/ul>\n<p>Incluye:  <\/p>\n<ul>\n<li>Mult\u00edmetro tipo barra extensible con indicaci\u00f3n de valor medio cuadr\u00e1tico (RMS) verdadero (valor eficaz verdadero) y retroiluminaci\u00f3n HS36 <\/li>\n<li>Accesorio de pinza amperim\u00e9trica de 400 A ACH4 <\/li>\n<li>Cables de prueba de silicona premium ADLS2 <\/li>\n<li>Extensiones de cables cortas con pinzas de cocodrilo ASA2 <\/li>\n<li>Estuche para medidor premium ANC1 <\/li>\n<li>Bater\u00eda alcalina de 9 V (instalada) <\/li>\n<li>Manual del operador <\/li>\n<\/ul>\n","protected":false},"excerpt":{"rendered":"<p>Funciona con todos los cabezales accesorios Tensi\u00f3n sin contacto Microamperios de CC para pruebas de rectificaci\u00f3n de llama 400 amperios &#8230;<\/p>\n","protected":false},"featured_media":17765,"comment_status":"open","ping_status":"closed","template":"","meta":{"_acf_changed":false},"product_brand":[],"product_cat":[174,133],"product_tag":[],"class_list":{"0":"post-17763","1":"product","2":"type-product","3":"status-publish","4":"has-post-thumbnail","6":"product_cat-stick-meters-es-2","7":"product_cat-electrical-meters-es-2","9":"first","10":"instock","11":"shipping-taxable","12":"product-type-simple"},"acf":[],"yoast_head":"<!-- This site is optimized with the Yoast SEO plugin v27.3 - https:\/\/yoast.com\/product\/yoast-seo-wordpress\/ -->\n<title>HS36 \u2013 Con indicaci\u00f3n de valor medio cuadr\u00e1tico (RMS) verdadero (valor eficaz verdadero) y retroiluminaci\u00f3n - Fieldpiece Instruments<\/title>\n<meta name=\"robots\" content=\"index, follow, max-snippet:-1, max-image-preview:large, max-video-preview:-1\" \/>\n<link rel=\"canonical\" href=\"https:\/\/www.fieldpiece.com\/es\/producto\/hs36-true-rms-with-backlight\/\" \/>\n<meta property=\"og:locale\" content=\"es_ES\" \/>\n<meta property=\"og:type\" content=\"article\" \/>\n<meta property=\"og:title\" content=\"HS36 \u2013 Con indicaci\u00f3n de valor medio cuadr\u00e1tico (RMS) verdadero (valor eficaz verdadero) y retroiluminaci\u00f3n - Fieldpiece Instruments\" \/>\n<meta property=\"og:description\" content=\"Funciona con todos los cabezales accesorios Tensi\u00f3n sin contacto Microamperios de CC para pruebas de rectificaci\u00f3n de llama 400 amperios ...\" \/>\n<meta property=\"og:url\" content=\"https:\/\/www.fieldpiece.com\/es\/producto\/hs36-true-rms-with-backlight\/\" \/>\n<meta property=\"og:site_name\" content=\"Fieldpiece Instruments\" \/>\n<meta property=\"article:modified_time\" content=\"2023-04-27T06:55:05+00:00\" \/>\n<meta property=\"og:image\" content=\"https:\/\/resources.fieldpiece.com\/wp-content\/uploads\/2021\/01\/HS36-SRC-product.png\" \/>\n\t<meta property=\"og:image:width\" content=\"470\" \/>\n\t<meta property=\"og:image:height\" content=\"470\" \/>\n\t<meta property=\"og:image:type\" content=\"image\/png\" \/>\n<meta name=\"twitter:card\" content=\"summary_large_image\" \/>\n<meta name=\"twitter:label1\" content=\"Tiempo de lectura\" \/>\n\t<meta name=\"twitter:data1\" content=\"2 minutos\" \/>\n<script type=\"application\/ld+json\" class=\"yoast-schema-graph\">{\"@context\":\"https:\\\/\\\/schema.org\",\"@graph\":[{\"@type\":\"WebPage\",\"@id\":\"https:\\\/\\\/www.fieldpiece.com\\\/es\\\/producto\\\/hs36-true-rms-with-backlight\\\/\",\"url\":\"https:\\\/\\\/www.fieldpiece.com\\\/es\\\/producto\\\/hs36-true-rms-with-backlight\\\/\",\"name\":\"HS36 \u2013 Con indicaci\u00f3n de valor medio cuadr\u00e1tico (RMS) verdadero (valor eficaz verdadero) y retroiluminaci\u00f3n - Fieldpiece Instruments\",\"isPartOf\":{\"@id\":\"https:\\\/\\\/www.fieldpiece.com\\\/es\\\/#website\"},\"primaryImageOfPage\":{\"@id\":\"https:\\\/\\\/www.fieldpiece.com\\\/es\\\/producto\\\/hs36-true-rms-with-backlight\\\/#primaryimage\"},\"image\":{\"@id\":\"https:\\\/\\\/www.fieldpiece.com\\\/es\\\/producto\\\/hs36-true-rms-with-backlight\\\/#primaryimage\"},\"thumbnailUrl\":\"https:\\\/\\\/resources.fieldpiece.com\\\/wp-content\\\/uploads\\\/2021\\\/01\\\/HS36-SRC-product.png\",\"datePublished\":\"2023-04-26T12:06:41+00:00\",\"dateModified\":\"2023-04-27T06:55:05+00:00\",\"breadcrumb\":{\"@id\":\"https:\\\/\\\/www.fieldpiece.com\\\/es\\\/producto\\\/hs36-true-rms-with-backlight\\\/#breadcrumb\"},\"inLanguage\":\"es\",\"potentialAction\":[{\"@type\":\"ReadAction\",\"target\":[\"https:\\\/\\\/www.fieldpiece.com\\\/es\\\/producto\\\/hs36-true-rms-with-backlight\\\/\"]}]},{\"@type\":\"ImageObject\",\"inLanguage\":\"es\",\"@id\":\"https:\\\/\\\/www.fieldpiece.com\\\/es\\\/producto\\\/hs36-true-rms-with-backlight\\\/#primaryimage\",\"url\":\"https:\\\/\\\/resources.fieldpiece.com\\\/wp-content\\\/uploads\\\/2021\\\/01\\\/HS36-SRC-product.png\",\"contentUrl\":\"https:\\\/\\\/resources.fieldpiece.com\\\/wp-content\\\/uploads\\\/2021\\\/01\\\/HS36-SRC-product.png\",\"width\":470,\"height\":470,\"caption\":\"HS36 True Pocket RMS Expandable Multimeter Kit with Backlight\"},{\"@type\":\"BreadcrumbList\",\"@id\":\"https:\\\/\\\/www.fieldpiece.com\\\/es\\\/producto\\\/hs36-true-rms-with-backlight\\\/#breadcrumb\",\"itemListElement\":[{\"@type\":\"ListItem\",\"position\":1,\"name\":\"Home\",\"item\":\"https:\\\/\\\/www.fieldpiece.com\\\/es\\\/\"},{\"@type\":\"ListItem\",\"position\":2,\"name\":\"Shop\",\"item\":\"https:\\\/\\\/www.fieldpiece.com\\\/shop\\\/\"},{\"@type\":\"ListItem\",\"position\":3,\"name\":\"HS36 \u2013 Con indicaci\u00f3n de valor medio cuadr\u00e1tico (RMS) verdadero (valor eficaz verdadero) y retroiluminaci\u00f3n\"}]},{\"@type\":\"WebSite\",\"@id\":\"https:\\\/\\\/www.fieldpiece.com\\\/es\\\/#website\",\"url\":\"https:\\\/\\\/www.fieldpiece.com\\\/es\\\/\",\"name\":\"Fieldpiece Instruments\",\"description\":\"\",\"publisher\":{\"@id\":\"https:\\\/\\\/www.fieldpiece.com\\\/es\\\/#organization\"},\"potentialAction\":[{\"@type\":\"SearchAction\",\"target\":{\"@type\":\"EntryPoint\",\"urlTemplate\":\"https:\\\/\\\/www.fieldpiece.com\\\/es\\\/?s={search_term_string}\"},\"query-input\":{\"@type\":\"PropertyValueSpecification\",\"valueRequired\":true,\"valueName\":\"search_term_string\"}}],\"inLanguage\":\"es\"},{\"@type\":\"Organization\",\"@id\":\"https:\\\/\\\/www.fieldpiece.com\\\/es\\\/#organization\",\"name\":\"Fieldpiece Instruments\",\"url\":\"https:\\\/\\\/www.fieldpiece.com\\\/es\\\/\",\"logo\":{\"@type\":\"ImageObject\",\"inLanguage\":\"es\",\"@id\":\"https:\\\/\\\/www.fieldpiece.com\\\/es\\\/#\\\/schema\\\/logo\\\/image\\\/\",\"url\":\"https:\\\/\\\/resources.fieldpiece.com\\\/wp-content\\\/uploads\\\/2021\\\/02\\\/Logos-490x358-1.jpg\",\"contentUrl\":\"https:\\\/\\\/resources.fieldpiece.com\\\/wp-content\\\/uploads\\\/2021\\\/02\\\/Logos-490x358-1.jpg\",\"width\":490,\"height\":358,\"caption\":\"Fieldpiece Instruments\"},\"image\":{\"@id\":\"https:\\\/\\\/www.fieldpiece.com\\\/es\\\/#\\\/schema\\\/logo\\\/image\\\/\"}}]}<\/script>\n<!-- \/ Yoast SEO plugin. -->","yoast_head_json":{"title":"HS36 \u2013 Con indicaci\u00f3n de valor medio cuadr\u00e1tico (RMS) verdadero (valor eficaz verdadero) y retroiluminaci\u00f3n - Fieldpiece Instruments","robots":{"index":"index","follow":"follow","max-snippet":"max-snippet:-1","max-image-preview":"max-image-preview:large","max-video-preview":"max-video-preview:-1"},"canonical":"https:\/\/www.fieldpiece.com\/es\/producto\/hs36-true-rms-with-backlight\/","og_locale":"es_ES","og_type":"article","og_title":"HS36 \u2013 Con indicaci\u00f3n de valor medio cuadr\u00e1tico (RMS) verdadero (valor eficaz verdadero) y retroiluminaci\u00f3n - Fieldpiece Instruments","og_description":"Funciona con todos los cabezales accesorios Tensi\u00f3n sin contacto Microamperios de CC para pruebas de rectificaci\u00f3n de llama 400 amperios ...","og_url":"https:\/\/www.fieldpiece.com\/es\/producto\/hs36-true-rms-with-backlight\/","og_site_name":"Fieldpiece Instruments","article_modified_time":"2023-04-27T06:55:05+00:00","og_image":[{"width":470,"height":470,"url":"https:\/\/resources.fieldpiece.com\/wp-content\/uploads\/2021\/01\/HS36-SRC-product.png","type":"image\/png"}],"twitter_card":"summary_large_image","twitter_misc":{"Tiempo de lectura":"2 minutos"},"schema":{"@context":"https:\/\/schema.org","@graph":[{"@type":"WebPage","@id":"https:\/\/www.fieldpiece.com\/es\/producto\/hs36-true-rms-with-backlight\/","url":"https:\/\/www.fieldpiece.com\/es\/producto\/hs36-true-rms-with-backlight\/","name":"HS36 \u2013 Con indicaci\u00f3n de valor medio cuadr\u00e1tico (RMS) verdadero (valor eficaz verdadero) y retroiluminaci\u00f3n - Fieldpiece Instruments","isPartOf":{"@id":"https:\/\/www.fieldpiece.com\/es\/#website"},"primaryImageOfPage":{"@id":"https:\/\/www.fieldpiece.com\/es\/producto\/hs36-true-rms-with-backlight\/#primaryimage"},"image":{"@id":"https:\/\/www.fieldpiece.com\/es\/producto\/hs36-true-rms-with-backlight\/#primaryimage"},"thumbnailUrl":"https:\/\/resources.fieldpiece.com\/wp-content\/uploads\/2021\/01\/HS36-SRC-product.png","datePublished":"2023-04-26T12:06:41+00:00","dateModified":"2023-04-27T06:55:05+00:00","breadcrumb":{"@id":"https:\/\/www.fieldpiece.com\/es\/producto\/hs36-true-rms-with-backlight\/#breadcrumb"},"inLanguage":"es","potentialAction":[{"@type":"ReadAction","target":["https:\/\/www.fieldpiece.com\/es\/producto\/hs36-true-rms-with-backlight\/"]}]},{"@type":"ImageObject","inLanguage":"es","@id":"https:\/\/www.fieldpiece.com\/es\/producto\/hs36-true-rms-with-backlight\/#primaryimage","url":"https:\/\/resources.fieldpiece.com\/wp-content\/uploads\/2021\/01\/HS36-SRC-product.png","contentUrl":"https:\/\/resources.fieldpiece.com\/wp-content\/uploads\/2021\/01\/HS36-SRC-product.png","width":470,"height":470,"caption":"HS36 True Pocket RMS Expandable Multimeter Kit with Backlight"},{"@type":"BreadcrumbList","@id":"https:\/\/www.fieldpiece.com\/es\/producto\/hs36-true-rms-with-backlight\/#breadcrumb","itemListElement":[{"@type":"ListItem","position":1,"name":"Home","item":"https:\/\/www.fieldpiece.com\/es\/"},{"@type":"ListItem","position":2,"name":"Shop","item":"https:\/\/www.fieldpiece.com\/shop\/"},{"@type":"ListItem","position":3,"name":"HS36 \u2013 Con indicaci\u00f3n de valor medio cuadr\u00e1tico (RMS) verdadero (valor eficaz verdadero) y retroiluminaci\u00f3n"}]},{"@type":"WebSite","@id":"https:\/\/www.fieldpiece.com\/es\/#website","url":"https:\/\/www.fieldpiece.com\/es\/","name":"Fieldpiece Instruments","description":"","publisher":{"@id":"https:\/\/www.fieldpiece.com\/es\/#organization"},"potentialAction":[{"@type":"SearchAction","target":{"@type":"EntryPoint","urlTemplate":"https:\/\/www.fieldpiece.com\/es\/?s={search_term_string}"},"query-input":{"@type":"PropertyValueSpecification","valueRequired":true,"valueName":"search_term_string"}}],"inLanguage":"es"},{"@type":"Organization","@id":"https:\/\/www.fieldpiece.com\/es\/#organization","name":"Fieldpiece Instruments","url":"https:\/\/www.fieldpiece.com\/es\/","logo":{"@type":"ImageObject","inLanguage":"es","@id":"https:\/\/www.fieldpiece.com\/es\/#\/schema\/logo\/image\/","url":"https:\/\/resources.fieldpiece.com\/wp-content\/uploads\/2021\/02\/Logos-490x358-1.jpg","contentUrl":"https:\/\/resources.fieldpiece.com\/wp-content\/uploads\/2021\/02\/Logos-490x358-1.jpg","width":490,"height":358,"caption":"Fieldpiece Instruments"},"image":{"@id":"https:\/\/www.fieldpiece.com\/es\/#\/schema\/logo\/image\/"}}]}},"_links":{"self":[{"href":"https:\/\/www.fieldpiece.com\/es\/wp-json\/wp\/v2\/product\/17763","targetHints":{"allow":["GET"]}}],"collection":[{"href":"https:\/\/www.fieldpiece.com\/es\/wp-json\/wp\/v2\/product"}],"about":[{"href":"https:\/\/www.fieldpiece.com\/es\/wp-json\/wp\/v2\/types\/product"}],"replies":[{"embeddable":true,"href":"https:\/\/www.fieldpiece.com\/es\/wp-json\/wp\/v2\/comments?post=17763"}],"wp:featuredmedia":[{"embeddable":true,"href":"https:\/\/www.fieldpiece.com\/es\/wp-json\/wp\/v2\/media\/17765"}],"wp:attachment":[{"href":"https:\/\/www.fieldpiece.com\/es\/wp-json\/wp\/v2\/media?parent=17763"}],"wp:term":[{"taxonomy":"product_brand","embeddable":true,"href":"https:\/\/www.fieldpiece.com\/es\/wp-json\/wp\/v2\/product_brand?post=17763"},{"taxonomy":"product_cat","embeddable":true,"href":"https:\/\/www.fieldpiece.com\/es\/wp-json\/wp\/v2\/product_cat?post=17763"},{"taxonomy":"product_tag","embeddable":true,"href":"https:\/\/www.fieldpiece.com\/es\/wp-json\/wp\/v2\/product_tag?post=17763"}],"curies":[{"name":"wp","href":"https:\/\/api.w.org\/{rel}","templated":true}]}}