	{"id":17741,"date":"2020-11-02T11:27:53","date_gmt":"2020-11-02T11:27:53","guid":{"rendered":"https:\/\/www.fieldpiece.com\/product\/lt17a-digital-meter\/"},"modified":"2023-04-26T23:53:58","modified_gmt":"2023-04-27T06:53:58","slug":"lt17a-digital-meter","status":"publish","type":"product","link":"https:\/\/www.fieldpiece.com\/es\/producto\/lt17a-digital-meter\/","title":{"rendered":"LT17A &#8211; Mult\u00edmetro digital"},"content":{"rendered":"<p>Temperatura hasta 760 \u00baC (1400 \u00baF)<br \/>\n400 A CA con la pinza incluida<br \/>\nCapacitancia hasta 200 \u00b5F<br \/>\nFunciona con cabezales accesorios<br \/>\nMicroamperios, para pruebas de piloto de llama<br \/>\nFrecuencia, para la configuraci\u00f3n de motores <\/p>\n<p><strong>Mult\u00edmetro digital de estilo cl\u00e1sico con medici\u00f3n de temperatura, \u00b5F, microamperios y frecuencia, con retroiluminaci\u00f3n &#8211; La mejor relaci\u00f3n calidad\/precio &#8211; LT17A<\/strong><br \/>\nEste mult\u00edmetro manual incluye los par\u00e1metros y escalas que usted necesita para la mayor\u00eda de aplicaciones del sector de la climatizaci\u00f3n y la refrigeraci\u00f3n.\u00a0 El medidor LT17A mide corriente, resistencia, tensi\u00f3n, capacitancia, frecuencia y continuidad, entre otros. Los cables de prueba se guardan en el cuerpo del medidor y, con las puntas de las sondas retiradas, se conectan a cualquier cabezal accesorio Fieldpiece. El cuerpo est\u00e1 fabricado con pl\u00e1stico ABS duradero e incluye una retroiluminaci\u00f3n azul brillante para realizar pruebas en zonas con poca luz. Consiga una gran exactitud utilizando el termopar tipo k incluido y un potenci\u00f3metro de calibraci\u00f3n de temperatura f\u00e1cilmente accesible. <\/p>\n<p>Las capacidades de prueba que ofrece este medidor de estilo cl\u00e1sico son su principal ventaja competitiva. Adem\u00e1s de todas las escalas, permite realizar mediciones de temperatura directas y funciona con todos nuestros cabezales accesorios. Estas caracter\u00edsticas lo convierten en uno de los medidores cl\u00e1sicos m\u00e1s completos disponibles para los profesionales de la climatizaci\u00f3n. <\/p>\n<ul>\n<li>Compatible con los cabezales accesorios Fieldpiece.<\/li>\n<li>Indicador de continuidad <\/li>\n<li>400 A CA <\/li>\n<li>Capacitancia (\u00b5F) <\/li>\n<li>Temperatura <\/li>\n<li>Microamperios de CC &#8211; Pruebas de rectificaci\u00f3n de llama <\/li>\n<li>Frecuencia <\/li>\n<li>Cables de silicona con puntas de sonda extra\u00edbles <\/li>\n<li>Soporte de apoyo y gancho magn\u00e9tico <\/li>\n<li>Retroiluminaci\u00f3n azul brillante <\/li>\n<li>Funciones de retenci\u00f3n de MAX\/MIN<\/li>\n<li>Registre la lectura m\u00ednima o m\u00e1xima durante una medici\u00f3n. Para salir de la funci\u00f3n MAX\/MIN, mantenga pulsado el bot\u00f3n durante m\u00e1s de 2 segundos<\/li>\n<li>V CA <\/li>\n<li>V CC <\/li>\n<li>Resistencia (ohmios) <\/li>\n<li>Comprobaci\u00f3n de diodos <\/li>\n<li>Carcasa resistente de ABS con funda de goma <\/li>\n<li>Pese a ser un medidor de estilo cl\u00e1sico, se adapta de forma natural a la mano <\/li>\n<li>Desconexi\u00f3n autom\u00e1tica para ahorrar bater\u00eda <\/li>\n<\/ul>\n<p>Incluye: <\/p>\n<ul>\n<li>Pinza amperim\u00e9trica de estilo cl\u00e1sico con medici\u00f3n de temperatura LT17A <\/li>\n<li>Cables de prueba de silicona premium ADLS2 <\/li>\n<li>Accesorio de pinza amperim\u00e9trica de 400 A ACH4 <\/li>\n<li>Termopares tipo K de soporte con enrollacables ATB1 <\/li>\n<li>Extensiones cortas con pinzas de cocodrilo ASA2 <\/li>\n<li>Estuche para instrumentos estilo bandolera ANC5 <\/li>\n<li>Bater\u00eda alcalina de 9 V (instalada) <\/li>\n<li>Manual del operador <\/li>\n<\/ul>\n","protected":false},"excerpt":{"rendered":"<p>Temperatura hasta 760 \u00baC (1400 \u00baF) 400 A CA con la pinza incluida Capacitancia hasta 200 \u00b5F Funciona con cabezales &#8230;<\/p>\n","protected":false},"featured_media":17743,"comment_status":"open","ping_status":"closed","template":"","meta":{"_acf_changed":false},"product_brand":[],"product_cat":[170,133],"product_tag":[],"class_list":{"0":"post-17741","1":"product","2":"type-product","3":"status-publish","4":"has-post-thumbnail","6":"product_cat-bench-meter-es-2","7":"product_cat-electrical-meters-es-2","9":"first","10":"instock","11":"shipping-taxable","12":"product-type-simple"},"acf":[],"yoast_head":"<!-- This site is optimized with the Yoast SEO plugin v27.3 - https:\/\/yoast.com\/product\/yoast-seo-wordpress\/ -->\n<title>LT17A - Mult\u00edmetro digital - Fieldpiece Instruments<\/title>\n<meta name=\"robots\" content=\"index, follow, max-snippet:-1, max-image-preview:large, max-video-preview:-1\" \/>\n<link rel=\"canonical\" href=\"https:\/\/www.fieldpiece.com\/es\/producto\/lt17a-digital-meter\/\" \/>\n<meta property=\"og:locale\" content=\"es_ES\" \/>\n<meta property=\"og:type\" content=\"article\" \/>\n<meta property=\"og:title\" content=\"LT17A - Mult\u00edmetro digital - Fieldpiece Instruments\" \/>\n<meta property=\"og:description\" content=\"Temperatura hasta 760 \u00baC (1400 \u00baF) 400 A CA con la pinza incluida Capacitancia hasta 200 \u00b5F Funciona con cabezales ...\" \/>\n<meta property=\"og:url\" content=\"https:\/\/www.fieldpiece.com\/es\/producto\/lt17a-digital-meter\/\" \/>\n<meta property=\"og:site_name\" content=\"Fieldpiece Instruments\" \/>\n<meta property=\"article:modified_time\" content=\"2023-04-27T06:53:58+00:00\" \/>\n<meta property=\"og:image\" content=\"https:\/\/resources.fieldpiece.com\/wp-content\/uploads\/2021\/01\/LT17A-SRC-product.png\" \/>\n\t<meta property=\"og:image:width\" content=\"470\" \/>\n\t<meta property=\"og:image:height\" content=\"470\" \/>\n\t<meta property=\"og:image:type\" content=\"image\/png\" \/>\n<meta name=\"twitter:card\" content=\"summary_large_image\" \/>\n<meta name=\"twitter:label1\" content=\"Tiempo de lectura\" \/>\n\t<meta name=\"twitter:data1\" content=\"2 minutos\" \/>\n<script type=\"application\/ld+json\" class=\"yoast-schema-graph\">{\"@context\":\"https:\\\/\\\/schema.org\",\"@graph\":[{\"@type\":\"WebPage\",\"@id\":\"https:\\\/\\\/www.fieldpiece.com\\\/es\\\/producto\\\/lt17a-digital-meter\\\/\",\"url\":\"https:\\\/\\\/www.fieldpiece.com\\\/es\\\/producto\\\/lt17a-digital-meter\\\/\",\"name\":\"LT17A - Mult\u00edmetro digital - Fieldpiece Instruments\",\"isPartOf\":{\"@id\":\"https:\\\/\\\/www.fieldpiece.com\\\/es\\\/#website\"},\"primaryImageOfPage\":{\"@id\":\"https:\\\/\\\/www.fieldpiece.com\\\/es\\\/producto\\\/lt17a-digital-meter\\\/#primaryimage\"},\"image\":{\"@id\":\"https:\\\/\\\/www.fieldpiece.com\\\/es\\\/producto\\\/lt17a-digital-meter\\\/#primaryimage\"},\"thumbnailUrl\":\"https:\\\/\\\/resources.fieldpiece.com\\\/wp-content\\\/uploads\\\/2021\\\/01\\\/LT17A-SRC-product.png\",\"datePublished\":\"2020-11-02T11:27:53+00:00\",\"dateModified\":\"2023-04-27T06:53:58+00:00\",\"breadcrumb\":{\"@id\":\"https:\\\/\\\/www.fieldpiece.com\\\/es\\\/producto\\\/lt17a-digital-meter\\\/#breadcrumb\"},\"inLanguage\":\"es\",\"potentialAction\":[{\"@type\":\"ReadAction\",\"target\":[\"https:\\\/\\\/www.fieldpiece.com\\\/es\\\/producto\\\/lt17a-digital-meter\\\/\"]}]},{\"@type\":\"ImageObject\",\"inLanguage\":\"es\",\"@id\":\"https:\\\/\\\/www.fieldpiece.com\\\/es\\\/producto\\\/lt17a-digital-meter\\\/#primaryimage\",\"url\":\"https:\\\/\\\/resources.fieldpiece.com\\\/wp-content\\\/uploads\\\/2021\\\/01\\\/LT17A-SRC-product.png\",\"contentUrl\":\"https:\\\/\\\/resources.fieldpiece.com\\\/wp-content\\\/uploads\\\/2021\\\/01\\\/LT17A-SRC-product.png\",\"width\":470,\"height\":470,\"caption\":\"Digital Multimeter\"},{\"@type\":\"BreadcrumbList\",\"@id\":\"https:\\\/\\\/www.fieldpiece.com\\\/es\\\/producto\\\/lt17a-digital-meter\\\/#breadcrumb\",\"itemListElement\":[{\"@type\":\"ListItem\",\"position\":1,\"name\":\"Home\",\"item\":\"https:\\\/\\\/www.fieldpiece.com\\\/es\\\/\"},{\"@type\":\"ListItem\",\"position\":2,\"name\":\"Shop\",\"item\":\"https:\\\/\\\/www.fieldpiece.com\\\/shop\\\/\"},{\"@type\":\"ListItem\",\"position\":3,\"name\":\"LT17A &#8211; Mult\u00edmetro digital\"}]},{\"@type\":\"WebSite\",\"@id\":\"https:\\\/\\\/www.fieldpiece.com\\\/es\\\/#website\",\"url\":\"https:\\\/\\\/www.fieldpiece.com\\\/es\\\/\",\"name\":\"Fieldpiece Instruments\",\"description\":\"\",\"publisher\":{\"@id\":\"https:\\\/\\\/www.fieldpiece.com\\\/es\\\/#organization\"},\"potentialAction\":[{\"@type\":\"SearchAction\",\"target\":{\"@type\":\"EntryPoint\",\"urlTemplate\":\"https:\\\/\\\/www.fieldpiece.com\\\/es\\\/?s={search_term_string}\"},\"query-input\":{\"@type\":\"PropertyValueSpecification\",\"valueRequired\":true,\"valueName\":\"search_term_string\"}}],\"inLanguage\":\"es\"},{\"@type\":\"Organization\",\"@id\":\"https:\\\/\\\/www.fieldpiece.com\\\/es\\\/#organization\",\"name\":\"Fieldpiece Instruments\",\"url\":\"https:\\\/\\\/www.fieldpiece.com\\\/es\\\/\",\"logo\":{\"@type\":\"ImageObject\",\"inLanguage\":\"es\",\"@id\":\"https:\\\/\\\/www.fieldpiece.com\\\/es\\\/#\\\/schema\\\/logo\\\/image\\\/\",\"url\":\"https:\\\/\\\/resources.fieldpiece.com\\\/wp-content\\\/uploads\\\/2021\\\/02\\\/Logos-490x358-1.jpg\",\"contentUrl\":\"https:\\\/\\\/resources.fieldpiece.com\\\/wp-content\\\/uploads\\\/2021\\\/02\\\/Logos-490x358-1.jpg\",\"width\":490,\"height\":358,\"caption\":\"Fieldpiece Instruments\"},\"image\":{\"@id\":\"https:\\\/\\\/www.fieldpiece.com\\\/es\\\/#\\\/schema\\\/logo\\\/image\\\/\"}}]}<\/script>\n<!-- \/ Yoast SEO plugin. -->","yoast_head_json":{"title":"LT17A - Mult\u00edmetro digital - Fieldpiece Instruments","robots":{"index":"index","follow":"follow","max-snippet":"max-snippet:-1","max-image-preview":"max-image-preview:large","max-video-preview":"max-video-preview:-1"},"canonical":"https:\/\/www.fieldpiece.com\/es\/producto\/lt17a-digital-meter\/","og_locale":"es_ES","og_type":"article","og_title":"LT17A - Mult\u00edmetro digital - Fieldpiece Instruments","og_description":"Temperatura hasta 760 \u00baC (1400 \u00baF) 400 A CA con la pinza incluida Capacitancia hasta 200 \u00b5F Funciona con cabezales ...","og_url":"https:\/\/www.fieldpiece.com\/es\/producto\/lt17a-digital-meter\/","og_site_name":"Fieldpiece Instruments","article_modified_time":"2023-04-27T06:53:58+00:00","og_image":[{"width":470,"height":470,"url":"https:\/\/resources.fieldpiece.com\/wp-content\/uploads\/2021\/01\/LT17A-SRC-product.png","type":"image\/png"}],"twitter_card":"summary_large_image","twitter_misc":{"Tiempo de lectura":"2 minutos"},"schema":{"@context":"https:\/\/schema.org","@graph":[{"@type":"WebPage","@id":"https:\/\/www.fieldpiece.com\/es\/producto\/lt17a-digital-meter\/","url":"https:\/\/www.fieldpiece.com\/es\/producto\/lt17a-digital-meter\/","name":"LT17A - Mult\u00edmetro digital - Fieldpiece Instruments","isPartOf":{"@id":"https:\/\/www.fieldpiece.com\/es\/#website"},"primaryImageOfPage":{"@id":"https:\/\/www.fieldpiece.com\/es\/producto\/lt17a-digital-meter\/#primaryimage"},"image":{"@id":"https:\/\/www.fieldpiece.com\/es\/producto\/lt17a-digital-meter\/#primaryimage"},"thumbnailUrl":"https:\/\/resources.fieldpiece.com\/wp-content\/uploads\/2021\/01\/LT17A-SRC-product.png","datePublished":"2020-11-02T11:27:53+00:00","dateModified":"2023-04-27T06:53:58+00:00","breadcrumb":{"@id":"https:\/\/www.fieldpiece.com\/es\/producto\/lt17a-digital-meter\/#breadcrumb"},"inLanguage":"es","potentialAction":[{"@type":"ReadAction","target":["https:\/\/www.fieldpiece.com\/es\/producto\/lt17a-digital-meter\/"]}]},{"@type":"ImageObject","inLanguage":"es","@id":"https:\/\/www.fieldpiece.com\/es\/producto\/lt17a-digital-meter\/#primaryimage","url":"https:\/\/resources.fieldpiece.com\/wp-content\/uploads\/2021\/01\/LT17A-SRC-product.png","contentUrl":"https:\/\/resources.fieldpiece.com\/wp-content\/uploads\/2021\/01\/LT17A-SRC-product.png","width":470,"height":470,"caption":"Digital Multimeter"},{"@type":"BreadcrumbList","@id":"https:\/\/www.fieldpiece.com\/es\/producto\/lt17a-digital-meter\/#breadcrumb","itemListElement":[{"@type":"ListItem","position":1,"name":"Home","item":"https:\/\/www.fieldpiece.com\/es\/"},{"@type":"ListItem","position":2,"name":"Shop","item":"https:\/\/www.fieldpiece.com\/shop\/"},{"@type":"ListItem","position":3,"name":"LT17A &#8211; Mult\u00edmetro digital"}]},{"@type":"WebSite","@id":"https:\/\/www.fieldpiece.com\/es\/#website","url":"https:\/\/www.fieldpiece.com\/es\/","name":"Fieldpiece Instruments","description":"","publisher":{"@id":"https:\/\/www.fieldpiece.com\/es\/#organization"},"potentialAction":[{"@type":"SearchAction","target":{"@type":"EntryPoint","urlTemplate":"https:\/\/www.fieldpiece.com\/es\/?s={search_term_string}"},"query-input":{"@type":"PropertyValueSpecification","valueRequired":true,"valueName":"search_term_string"}}],"inLanguage":"es"},{"@type":"Organization","@id":"https:\/\/www.fieldpiece.com\/es\/#organization","name":"Fieldpiece Instruments","url":"https:\/\/www.fieldpiece.com\/es\/","logo":{"@type":"ImageObject","inLanguage":"es","@id":"https:\/\/www.fieldpiece.com\/es\/#\/schema\/logo\/image\/","url":"https:\/\/resources.fieldpiece.com\/wp-content\/uploads\/2021\/02\/Logos-490x358-1.jpg","contentUrl":"https:\/\/resources.fieldpiece.com\/wp-content\/uploads\/2021\/02\/Logos-490x358-1.jpg","width":490,"height":358,"caption":"Fieldpiece Instruments"},"image":{"@id":"https:\/\/www.fieldpiece.com\/es\/#\/schema\/logo\/image\/"}}]}},"_links":{"self":[{"href":"https:\/\/www.fieldpiece.com\/es\/wp-json\/wp\/v2\/product\/17741","targetHints":{"allow":["GET"]}}],"collection":[{"href":"https:\/\/www.fieldpiece.com\/es\/wp-json\/wp\/v2\/product"}],"about":[{"href":"https:\/\/www.fieldpiece.com\/es\/wp-json\/wp\/v2\/types\/product"}],"replies":[{"embeddable":true,"href":"https:\/\/www.fieldpiece.com\/es\/wp-json\/wp\/v2\/comments?post=17741"}],"wp:featuredmedia":[{"embeddable":true,"href":"https:\/\/www.fieldpiece.com\/es\/wp-json\/wp\/v2\/media\/17743"}],"wp:attachment":[{"href":"https:\/\/www.fieldpiece.com\/es\/wp-json\/wp\/v2\/media?parent=17741"}],"wp:term":[{"taxonomy":"product_brand","embeddable":true,"href":"https:\/\/www.fieldpiece.com\/es\/wp-json\/wp\/v2\/product_brand?post=17741"},{"taxonomy":"product_cat","embeddable":true,"href":"https:\/\/www.fieldpiece.com\/es\/wp-json\/wp\/v2\/product_cat?post=17741"},{"taxonomy":"product_tag","embeddable":true,"href":"https:\/\/www.fieldpiece.com\/es\/wp-json\/wp\/v2\/product_tag?post=17741"}],"curies":[{"name":"wp","href":"https:\/\/api.w.org\/{rel}","templated":true}]}}