	{"id":17714,"date":"2020-11-02T11:28:07","date_gmt":"2020-11-02T11:28:07","guid":{"rendered":"https:\/\/www.fieldpiece.com\/product\/st4-dual-temperature-meter\/"},"modified":"2023-04-26T23:52:09","modified_gmt":"2023-04-27T06:52:09","slug":"st4-dual-temperature-meter","status":"publish","type":"product","link":"https:\/\/www.fieldpiece.com\/es\/producto\/st4-dual-temperature-meter\/","title":{"rendered":"ST4 &#8211; Medidor de temperatura doble"},"content":{"rendered":"<p>Dos termopares tipo K incluidos<br \/>\nCompatible con cualquier termopar tipo K<br \/>\nResoluci\u00f3n de 0,06 \u00b0C (0,1 \u00b0F) Botones MIN\/MAX y HOLD independientes<br \/>\nCalibraci\u00f3n en campo sencilla <\/p>\n<p>El accesorio de temperatura doble ST4 de Fieldpiece mide dos temperaturas simult\u00e1neamente utilizando los termopares tipo K de soporte con enrollacables incluidos.\u00a0 La tecnolog\u00eda del ST4 proporciona una compensaci\u00f3n de temperatura superior en los ambientes r\u00e1pidamente cambiantes en los que suele desarrollarse el servicio en campo.\u00a0 Utilice el ST4 para determinar Delta T y cualquier diferencia de temperaturas que desee medir.\u00a0 Muestra T1, T2 y T1-T2 con grandes n\u00fameros en la pantalla LCD. Cuenta con dos potenci\u00f3metros de calibraci\u00f3n en la parte frontal y se suministra con nuestro estuche con tapa transparente y gancho magn\u00e9tico ANC6.\u00a0 Util\u00edcelo con nuestro termopar de bulbo h\u00famedo ATWB1 opcional para medir el sobrecalentamiento objetivo o con nuestros termopares de pinza para tubo para comprobar la presencia de filtros deshidratantes bloqueados. <\/p>\n<p>El medidor de temperatura doble ST4, que ha sido espec\u00edficamente dise\u00f1ado para el sector de la climatizaci\u00f3n y la refrigeraci\u00f3n, mide dos temperaturas y calcula la diferencia en unidades imperiales o m\u00e9tricas. Este modelo ofrece a los t\u00e9cnicos todas las ventajas de un term\u00f3metro digital con un dise\u00f1o para uso intensivo. <\/p>\n<ul>\n<li>Capaz de medir T1, T2 o T1-T2 <\/li>\n<li>Funda de goma resistente <\/li>\n<li>Funciones MIN\/MAX y HOLD <\/li>\n<li>El LED indica si la sonda est\u00e1 desacoplada <\/li>\n<li>Gran compensaci\u00f3n de temperatura para entornos que cambian r\u00e1pidamente <\/li>\n<li>Selector de \u00baF o \u00baC <\/li>\n<li>Dos termopares tipo K incluidos <\/li>\n<li>Funda con tapa transparente y gancho magn\u00e9tico incluida <\/li>\n<\/ul>\n<p>La tecnolog\u00eda que el ST4 incorpora en su interior proporciona una compensaci\u00f3n de temperatura superior en los ambientes r\u00e1pidamente cambiantes en los que suele desarrollarse el servicio en campo. Los medidores con adaptadores para termopares suelen tardar mucho en estabilizarse debido a la transferencia de calor ambiente.\u00a0 El ST4, al igual que todos nuestros term\u00f3metros y medidores tipo K, se estabiliza r\u00e1pidamente para que pueda llevarlo desde una azotea hasta un cuarto fr\u00edo y obtener lecturas m\u00e1s precisas con mayor rapidez que los equipos de la competencia. Adem\u00e1s, incluye una funda de goma resistente y una bolsa para colgar para realizar pruebas f\u00e1cilmente con las manos libres mientras trabaja en otros asuntos durante su visita de servicio. <\/p>\n<p>Incluye:  <\/p>\n<ul>\n<li>Medidor de temperatura doble ST4 <\/li>\n<li>(2) Termopares tipo K de soporte con enrollacables ATB1 <\/li>\n<li>(2) Bandas de sujeci\u00f3n de velcro (no se muestran en la imagen) <\/li>\n<li>Bolsa de nailon con tapa transparente con gancho magn\u00e9tico ANC6 <\/li>\n<li>Bater\u00eda alcalina de 9 V (instalada) <\/li>\n<li>Manual del operador <\/li>\n<\/ul>\n","protected":false},"excerpt":{"rendered":"<p>Dos termopares tipo K incluidos Compatible con cualquier termopar tipo K Resoluci\u00f3n de 0,06 \u00b0C (0,1 \u00b0F) Botones MIN\/MAX y &#8230;<\/p>\n","protected":false},"featured_media":17716,"comment_status":"open","ping_status":"closed","template":"","meta":{"_acf_changed":false},"product_brand":[],"product_cat":[125],"product_tag":[],"class_list":{"0":"post-17714","1":"product","2":"type-product","3":"status-publish","4":"has-post-thumbnail","6":"product_cat-air-flow-and-temp-rh-esss","8":"first","9":"instock","10":"shipping-taxable","11":"product-type-simple"},"acf":[],"yoast_head":"<!-- This site is optimized with the Yoast SEO plugin v27.3 - https:\/\/yoast.com\/product\/yoast-seo-wordpress\/ -->\n<title>ST4 - Medidor de temperatura doble - Fieldpiece Instruments<\/title>\n<meta name=\"robots\" content=\"index, follow, max-snippet:-1, max-image-preview:large, max-video-preview:-1\" \/>\n<link rel=\"canonical\" href=\"https:\/\/www.fieldpiece.com\/es\/producto\/st4-dual-temperature-meter\/\" \/>\n<meta property=\"og:locale\" content=\"es_ES\" \/>\n<meta property=\"og:type\" content=\"article\" \/>\n<meta property=\"og:title\" content=\"ST4 - Medidor de temperatura doble - Fieldpiece Instruments\" \/>\n<meta property=\"og:description\" content=\"Dos termopares tipo K incluidos Compatible con cualquier termopar tipo K Resoluci\u00f3n de 0,06 \u00b0C (0,1 \u00b0F) Botones MIN\/MAX y ...\" \/>\n<meta property=\"og:url\" content=\"https:\/\/www.fieldpiece.com\/es\/producto\/st4-dual-temperature-meter\/\" \/>\n<meta property=\"og:site_name\" content=\"Fieldpiece Instruments\" \/>\n<meta property=\"article:modified_time\" content=\"2023-04-27T06:52:09+00:00\" \/>\n<meta property=\"og:image\" content=\"https:\/\/resources.fieldpiece.com\/wp-content\/uploads\/2020\/11\/ST4-SRC-product.png\" \/>\n\t<meta property=\"og:image:width\" content=\"470\" \/>\n\t<meta property=\"og:image:height\" content=\"470\" \/>\n\t<meta property=\"og:image:type\" content=\"image\/png\" \/>\n<meta name=\"twitter:card\" content=\"summary_large_image\" \/>\n<meta name=\"twitter:label1\" content=\"Tiempo de lectura\" \/>\n\t<meta name=\"twitter:data1\" content=\"2 minutos\" \/>\n<script type=\"application\/ld+json\" class=\"yoast-schema-graph\">{\"@context\":\"https:\\\/\\\/schema.org\",\"@graph\":[{\"@type\":\"WebPage\",\"@id\":\"https:\\\/\\\/www.fieldpiece.com\\\/es\\\/producto\\\/st4-dual-temperature-meter\\\/\",\"url\":\"https:\\\/\\\/www.fieldpiece.com\\\/es\\\/producto\\\/st4-dual-temperature-meter\\\/\",\"name\":\"ST4 - Medidor de temperatura doble - Fieldpiece Instruments\",\"isPartOf\":{\"@id\":\"https:\\\/\\\/www.fieldpiece.com\\\/es\\\/#website\"},\"primaryImageOfPage\":{\"@id\":\"https:\\\/\\\/www.fieldpiece.com\\\/es\\\/producto\\\/st4-dual-temperature-meter\\\/#primaryimage\"},\"image\":{\"@id\":\"https:\\\/\\\/www.fieldpiece.com\\\/es\\\/producto\\\/st4-dual-temperature-meter\\\/#primaryimage\"},\"thumbnailUrl\":\"https:\\\/\\\/resources.fieldpiece.com\\\/wp-content\\\/uploads\\\/2020\\\/11\\\/ST4-SRC-product.png\",\"datePublished\":\"2020-11-02T11:28:07+00:00\",\"dateModified\":\"2023-04-27T06:52:09+00:00\",\"breadcrumb\":{\"@id\":\"https:\\\/\\\/www.fieldpiece.com\\\/es\\\/producto\\\/st4-dual-temperature-meter\\\/#breadcrumb\"},\"inLanguage\":\"es\",\"potentialAction\":[{\"@type\":\"ReadAction\",\"target\":[\"https:\\\/\\\/www.fieldpiece.com\\\/es\\\/producto\\\/st4-dual-temperature-meter\\\/\"]}]},{\"@type\":\"ImageObject\",\"inLanguage\":\"es\",\"@id\":\"https:\\\/\\\/www.fieldpiece.com\\\/es\\\/producto\\\/st4-dual-temperature-meter\\\/#primaryimage\",\"url\":\"https:\\\/\\\/resources.fieldpiece.com\\\/wp-content\\\/uploads\\\/2020\\\/11\\\/ST4-SRC-product.png\",\"contentUrl\":\"https:\\\/\\\/resources.fieldpiece.com\\\/wp-content\\\/uploads\\\/2020\\\/11\\\/ST4-SRC-product.png\",\"width\":470,\"height\":470,\"caption\":\"ST4 - Dual Temperature Meter Type K\"},{\"@type\":\"BreadcrumbList\",\"@id\":\"https:\\\/\\\/www.fieldpiece.com\\\/es\\\/producto\\\/st4-dual-temperature-meter\\\/#breadcrumb\",\"itemListElement\":[{\"@type\":\"ListItem\",\"position\":1,\"name\":\"Home\",\"item\":\"https:\\\/\\\/www.fieldpiece.com\\\/es\\\/\"},{\"@type\":\"ListItem\",\"position\":2,\"name\":\"Shop\",\"item\":\"https:\\\/\\\/www.fieldpiece.com\\\/shop\\\/\"},{\"@type\":\"ListItem\",\"position\":3,\"name\":\"ST4 &#8211; Medidor de temperatura doble\"}]},{\"@type\":\"WebSite\",\"@id\":\"https:\\\/\\\/www.fieldpiece.com\\\/es\\\/#website\",\"url\":\"https:\\\/\\\/www.fieldpiece.com\\\/es\\\/\",\"name\":\"Fieldpiece Instruments\",\"description\":\"\",\"publisher\":{\"@id\":\"https:\\\/\\\/www.fieldpiece.com\\\/es\\\/#organization\"},\"potentialAction\":[{\"@type\":\"SearchAction\",\"target\":{\"@type\":\"EntryPoint\",\"urlTemplate\":\"https:\\\/\\\/www.fieldpiece.com\\\/es\\\/?s={search_term_string}\"},\"query-input\":{\"@type\":\"PropertyValueSpecification\",\"valueRequired\":true,\"valueName\":\"search_term_string\"}}],\"inLanguage\":\"es\"},{\"@type\":\"Organization\",\"@id\":\"https:\\\/\\\/www.fieldpiece.com\\\/es\\\/#organization\",\"name\":\"Fieldpiece Instruments\",\"url\":\"https:\\\/\\\/www.fieldpiece.com\\\/es\\\/\",\"logo\":{\"@type\":\"ImageObject\",\"inLanguage\":\"es\",\"@id\":\"https:\\\/\\\/www.fieldpiece.com\\\/es\\\/#\\\/schema\\\/logo\\\/image\\\/\",\"url\":\"https:\\\/\\\/resources.fieldpiece.com\\\/wp-content\\\/uploads\\\/2021\\\/02\\\/Logos-490x358-1.jpg\",\"contentUrl\":\"https:\\\/\\\/resources.fieldpiece.com\\\/wp-content\\\/uploads\\\/2021\\\/02\\\/Logos-490x358-1.jpg\",\"width\":490,\"height\":358,\"caption\":\"Fieldpiece Instruments\"},\"image\":{\"@id\":\"https:\\\/\\\/www.fieldpiece.com\\\/es\\\/#\\\/schema\\\/logo\\\/image\\\/\"}}]}<\/script>\n<!-- \/ Yoast SEO plugin. -->","yoast_head_json":{"title":"ST4 - Medidor de temperatura doble - Fieldpiece Instruments","robots":{"index":"index","follow":"follow","max-snippet":"max-snippet:-1","max-image-preview":"max-image-preview:large","max-video-preview":"max-video-preview:-1"},"canonical":"https:\/\/www.fieldpiece.com\/es\/producto\/st4-dual-temperature-meter\/","og_locale":"es_ES","og_type":"article","og_title":"ST4 - Medidor de temperatura doble - Fieldpiece Instruments","og_description":"Dos termopares tipo K incluidos Compatible con cualquier termopar tipo K Resoluci\u00f3n de 0,06 \u00b0C (0,1 \u00b0F) Botones MIN\/MAX y ...","og_url":"https:\/\/www.fieldpiece.com\/es\/producto\/st4-dual-temperature-meter\/","og_site_name":"Fieldpiece Instruments","article_modified_time":"2023-04-27T06:52:09+00:00","og_image":[{"width":470,"height":470,"url":"https:\/\/resources.fieldpiece.com\/wp-content\/uploads\/2020\/11\/ST4-SRC-product.png","type":"image\/png"}],"twitter_card":"summary_large_image","twitter_misc":{"Tiempo de lectura":"2 minutos"},"schema":{"@context":"https:\/\/schema.org","@graph":[{"@type":"WebPage","@id":"https:\/\/www.fieldpiece.com\/es\/producto\/st4-dual-temperature-meter\/","url":"https:\/\/www.fieldpiece.com\/es\/producto\/st4-dual-temperature-meter\/","name":"ST4 - Medidor de temperatura doble - Fieldpiece Instruments","isPartOf":{"@id":"https:\/\/www.fieldpiece.com\/es\/#website"},"primaryImageOfPage":{"@id":"https:\/\/www.fieldpiece.com\/es\/producto\/st4-dual-temperature-meter\/#primaryimage"},"image":{"@id":"https:\/\/www.fieldpiece.com\/es\/producto\/st4-dual-temperature-meter\/#primaryimage"},"thumbnailUrl":"https:\/\/resources.fieldpiece.com\/wp-content\/uploads\/2020\/11\/ST4-SRC-product.png","datePublished":"2020-11-02T11:28:07+00:00","dateModified":"2023-04-27T06:52:09+00:00","breadcrumb":{"@id":"https:\/\/www.fieldpiece.com\/es\/producto\/st4-dual-temperature-meter\/#breadcrumb"},"inLanguage":"es","potentialAction":[{"@type":"ReadAction","target":["https:\/\/www.fieldpiece.com\/es\/producto\/st4-dual-temperature-meter\/"]}]},{"@type":"ImageObject","inLanguage":"es","@id":"https:\/\/www.fieldpiece.com\/es\/producto\/st4-dual-temperature-meter\/#primaryimage","url":"https:\/\/resources.fieldpiece.com\/wp-content\/uploads\/2020\/11\/ST4-SRC-product.png","contentUrl":"https:\/\/resources.fieldpiece.com\/wp-content\/uploads\/2020\/11\/ST4-SRC-product.png","width":470,"height":470,"caption":"ST4 - Dual Temperature Meter Type K"},{"@type":"BreadcrumbList","@id":"https:\/\/www.fieldpiece.com\/es\/producto\/st4-dual-temperature-meter\/#breadcrumb","itemListElement":[{"@type":"ListItem","position":1,"name":"Home","item":"https:\/\/www.fieldpiece.com\/es\/"},{"@type":"ListItem","position":2,"name":"Shop","item":"https:\/\/www.fieldpiece.com\/shop\/"},{"@type":"ListItem","position":3,"name":"ST4 &#8211; Medidor de temperatura doble"}]},{"@type":"WebSite","@id":"https:\/\/www.fieldpiece.com\/es\/#website","url":"https:\/\/www.fieldpiece.com\/es\/","name":"Fieldpiece Instruments","description":"","publisher":{"@id":"https:\/\/www.fieldpiece.com\/es\/#organization"},"potentialAction":[{"@type":"SearchAction","target":{"@type":"EntryPoint","urlTemplate":"https:\/\/www.fieldpiece.com\/es\/?s={search_term_string}"},"query-input":{"@type":"PropertyValueSpecification","valueRequired":true,"valueName":"search_term_string"}}],"inLanguage":"es"},{"@type":"Organization","@id":"https:\/\/www.fieldpiece.com\/es\/#organization","name":"Fieldpiece Instruments","url":"https:\/\/www.fieldpiece.com\/es\/","logo":{"@type":"ImageObject","inLanguage":"es","@id":"https:\/\/www.fieldpiece.com\/es\/#\/schema\/logo\/image\/","url":"https:\/\/resources.fieldpiece.com\/wp-content\/uploads\/2021\/02\/Logos-490x358-1.jpg","contentUrl":"https:\/\/resources.fieldpiece.com\/wp-content\/uploads\/2021\/02\/Logos-490x358-1.jpg","width":490,"height":358,"caption":"Fieldpiece Instruments"},"image":{"@id":"https:\/\/www.fieldpiece.com\/es\/#\/schema\/logo\/image\/"}}]}},"_links":{"self":[{"href":"https:\/\/www.fieldpiece.com\/es\/wp-json\/wp\/v2\/product\/17714","targetHints":{"allow":["GET"]}}],"collection":[{"href":"https:\/\/www.fieldpiece.com\/es\/wp-json\/wp\/v2\/product"}],"about":[{"href":"https:\/\/www.fieldpiece.com\/es\/wp-json\/wp\/v2\/types\/product"}],"replies":[{"embeddable":true,"href":"https:\/\/www.fieldpiece.com\/es\/wp-json\/wp\/v2\/comments?post=17714"}],"wp:featuredmedia":[{"embeddable":true,"href":"https:\/\/www.fieldpiece.com\/es\/wp-json\/wp\/v2\/media\/17716"}],"wp:attachment":[{"href":"https:\/\/www.fieldpiece.com\/es\/wp-json\/wp\/v2\/media?parent=17714"}],"wp:term":[{"taxonomy":"product_brand","embeddable":true,"href":"https:\/\/www.fieldpiece.com\/es\/wp-json\/wp\/v2\/product_brand?post=17714"},{"taxonomy":"product_cat","embeddable":true,"href":"https:\/\/www.fieldpiece.com\/es\/wp-json\/wp\/v2\/product_cat?post=17714"},{"taxonomy":"product_tag","embeddable":true,"href":"https:\/\/www.fieldpiece.com\/es\/wp-json\/wp\/v2\/product_tag?post=17714"}],"curies":[{"name":"wp","href":"https:\/\/api.w.org\/{rel}","templated":true}]}}