	{"id":17621,"date":"2020-11-02T11:28:52","date_gmt":"2023-04-26T12:06:41","guid":{"rendered":"https:\/\/www.fieldpiece.com\/product\/aav3-air-velocity-and-temperature-accessory-head\/"},"modified":"2023-04-26T23:46:59","modified_gmt":"2023-04-27T06:46:59","slug":"aav3-air-velocity-and-temperature-accessory-head","status":"publish","type":"product","link":"https:\/\/www.fieldpiece.com\/es\/producto\/aav3-air-velocity-and-temperature-accessory-head\/","title":{"rendered":"AAV3 &#8211; Cabezal accesorio para medici\u00f3n de la temperatura y velocidad del aire"},"content":{"rendered":"<p>Mide el caudal en pies c\u00fabicos por minuto (PCM)<br \/>\nSu gran \u00e1labe cubre la mayor parte del \u00e1rea libre del registro<br \/>\nMuestra medici\u00f3n de promedio y en tiempo real <\/p>\n<p>El AAV3 es un cabezal accesorio de anem\u00f3metro que puede utilizarse con nuestros instrumentos modulares y mide la velocidad y temperatura del aire en unidades imperiales o m\u00e9tricas:\u00a0 pies\/min, m\/s, mph, km\/h, \u00baF (grados Fahrenheit) o \u00baC (grados Celsius).\u00a0 Multiplique la velocidad del aire por el \u00e1rea libre del registro para estimar el caudal en PCM o diagnosticar obstrucciones en el conducto y comprobar r\u00e1pidamente el equilibrio en el flujo de aire dentro de un espacio acondicionado.\u00a0 Utilice nuestro registrador de datos DL3 para registrar el caudal o la temperatura del aire en el tiempo. Dispone de modos de comprobaci\u00f3n en promedio y en tiempo real. <\/p>\n<p>El accesorio para medici\u00f3n de la velocidad y temperatura AAV3 ofrece varias funciones y ventajas a los t\u00e9cnicos de campo: <\/p>\n<ul>\n<li>Funciona con cualquier mango o instrumento extensible Fieldpiece o cualquier mult\u00edmetro digital con escalas de mV CC y nuestros cables desmontables.<\/li>\n<li>Mide la velocidad y temperatura del aire.<\/li>\n<li>Mide en zonas de dif\u00edcil acceso con los cables de prueba desmontables.<\/li>\n<li>Muestra lecturas de forma ininterrumpida en el modo de promedio o conmuta al modo de medici\u00f3n en tiempo real.<\/li>\n<li>Indicador de bater\u00eda baja.<\/li>\n<li>Desconexi\u00f3n autom\u00e1tica tras 10 minutos (puede desactivarse). <\/li>\n<\/ul>\n<p>Incluye:  <\/p>\n<ul>\n<li>Cabezal accesorio para medici\u00f3n de la temperatura y velocidad del aire AAV3 <\/li>\n<li>Bater\u00eda alcalina de 9 V (instalada) <\/li>\n<li>Manual del operador <\/li>\n<\/ul>\n","protected":false},"excerpt":{"rendered":"<p>Mide el caudal en pies c\u00fabicos por minuto (PCM) Su gran \u00e1labe cubre la mayor parte del \u00e1rea libre del &#8230;<\/p>\n","protected":false},"featured_media":17623,"comment_status":"open","ping_status":"closed","template":"","meta":{"_acf_changed":false},"product_brand":[],"product_cat":[159,160],"product_tag":[],"class_list":{"0":"post-17621","1":"product","2":"type-product","3":"status-publish","4":"has-post-thumbnail","6":"product_cat-accessory-heads-es-2","7":"product_cat-other-es-2","9":"first","10":"instock","11":"shipping-taxable","12":"product-type-simple"},"acf":[],"yoast_head":"<!-- This site is optimized with the Yoast SEO plugin v27.2 - https:\/\/yoast.com\/product\/yoast-seo-wordpress\/ -->\n<title>AAV3 - Cabezal accesorio para medici\u00f3n de la temperatura y velocidad del aire - Fieldpiece Instruments<\/title>\n<meta name=\"robots\" content=\"index, follow, max-snippet:-1, max-image-preview:large, max-video-preview:-1\" \/>\n<link rel=\"canonical\" href=\"https:\/\/www.fieldpiece.com\/es\/producto\/aav3-air-velocity-and-temperature-accessory-head\/\" \/>\n<meta property=\"og:locale\" content=\"es_ES\" \/>\n<meta property=\"og:type\" content=\"article\" \/>\n<meta property=\"og:title\" content=\"AAV3 - Cabezal accesorio para medici\u00f3n de la temperatura y velocidad del aire - Fieldpiece Instruments\" \/>\n<meta property=\"og:description\" content=\"Mide el caudal en pies c\u00fabicos por minuto (PCM) Su gran \u00e1labe cubre la mayor parte del \u00e1rea libre del ...\" \/>\n<meta property=\"og:url\" content=\"https:\/\/www.fieldpiece.com\/es\/producto\/aav3-air-velocity-and-temperature-accessory-head\/\" \/>\n<meta property=\"og:site_name\" content=\"Fieldpiece Instruments\" \/>\n<meta property=\"article:modified_time\" content=\"2023-04-27T06:46:59+00:00\" \/>\n<meta property=\"og:image\" content=\"https:\/\/resources.fieldpiece.com\/wp-content\/uploads\/2021\/01\/AAV3-SRC-product.png\" \/>\n\t<meta property=\"og:image:width\" content=\"470\" \/>\n\t<meta property=\"og:image:height\" content=\"470\" \/>\n\t<meta property=\"og:image:type\" content=\"image\/png\" \/>\n<meta name=\"twitter:card\" content=\"summary_large_image\" \/>\n<meta name=\"twitter:label1\" content=\"Tiempo de lectura\" \/>\n\t<meta name=\"twitter:data1\" content=\"2 minutos\" \/>\n<script type=\"application\/ld+json\" class=\"yoast-schema-graph\">{\"@context\":\"https:\/\/schema.org\",\"@graph\":[{\"@type\":\"WebPage\",\"@id\":\"https:\/\/www.fieldpiece.com\/es\/producto\/aav3-air-velocity-and-temperature-accessory-head\/\",\"url\":\"https:\/\/www.fieldpiece.com\/es\/producto\/aav3-air-velocity-and-temperature-accessory-head\/\",\"name\":\"AAV3 - Cabezal accesorio para medici\u00f3n de la temperatura y velocidad del aire - Fieldpiece Instruments\",\"isPartOf\":{\"@id\":\"https:\/\/www.fieldpiece.com\/es\/#website\"},\"primaryImageOfPage\":{\"@id\":\"https:\/\/www.fieldpiece.com\/es\/producto\/aav3-air-velocity-and-temperature-accessory-head\/#primaryimage\"},\"image\":{\"@id\":\"https:\/\/www.fieldpiece.com\/es\/producto\/aav3-air-velocity-and-temperature-accessory-head\/#primaryimage\"},\"thumbnailUrl\":\"https:\/\/resources.fieldpiece.com\/wp-content\/uploads\/2021\/01\/AAV3-SRC-product.png\",\"datePublished\":\"2023-04-26T12:06:41+00:00\",\"dateModified\":\"2023-04-27T06:46:59+00:00\",\"breadcrumb\":{\"@id\":\"https:\/\/www.fieldpiece.com\/es\/producto\/aav3-air-velocity-and-temperature-accessory-head\/#breadcrumb\"},\"inLanguage\":\"es\",\"potentialAction\":[{\"@type\":\"ReadAction\",\"target\":[\"https:\/\/www.fieldpiece.com\/es\/producto\/aav3-air-velocity-and-temperature-accessory-head\/\"]}]},{\"@type\":\"ImageObject\",\"inLanguage\":\"es\",\"@id\":\"https:\/\/www.fieldpiece.com\/es\/producto\/aav3-air-velocity-and-temperature-accessory-head\/#primaryimage\",\"url\":\"https:\/\/resources.fieldpiece.com\/wp-content\/uploads\/2021\/01\/AAV3-SRC-product.png\",\"contentUrl\":\"https:\/\/resources.fieldpiece.com\/wp-content\/uploads\/2021\/01\/AAV3-SRC-product.png\",\"width\":470,\"height\":470,\"caption\":\"AAV3 - Digital Anemometer\"},{\"@type\":\"BreadcrumbList\",\"@id\":\"https:\/\/www.fieldpiece.com\/es\/producto\/aav3-air-velocity-and-temperature-accessory-head\/#breadcrumb\",\"itemListElement\":[{\"@type\":\"ListItem\",\"position\":1,\"name\":\"Home\",\"item\":\"https:\/\/www.fieldpiece.com\/es\/\"},{\"@type\":\"ListItem\",\"position\":2,\"name\":\"Shop\",\"item\":\"https:\/\/www.fieldpiece.com\/shop\/\"},{\"@type\":\"ListItem\",\"position\":3,\"name\":\"AAV3 &#8211; Cabezal accesorio para medici\u00f3n de la temperatura y velocidad del aire\"}]},{\"@type\":\"WebSite\",\"@id\":\"https:\/\/www.fieldpiece.com\/es\/#website\",\"url\":\"https:\/\/www.fieldpiece.com\/es\/\",\"name\":\"Fieldpiece Instruments\",\"description\":\"\",\"publisher\":{\"@id\":\"https:\/\/www.fieldpiece.com\/es\/#organization\"},\"potentialAction\":[{\"@type\":\"SearchAction\",\"target\":{\"@type\":\"EntryPoint\",\"urlTemplate\":\"https:\/\/www.fieldpiece.com\/es\/?s={search_term_string}\"},\"query-input\":{\"@type\":\"PropertyValueSpecification\",\"valueRequired\":true,\"valueName\":\"search_term_string\"}}],\"inLanguage\":\"es\"},{\"@type\":\"Organization\",\"@id\":\"https:\/\/www.fieldpiece.com\/es\/#organization\",\"name\":\"Fieldpiece Instruments\",\"url\":\"https:\/\/www.fieldpiece.com\/es\/\",\"logo\":{\"@type\":\"ImageObject\",\"inLanguage\":\"es\",\"@id\":\"https:\/\/www.fieldpiece.com\/es\/#\/schema\/logo\/image\/\",\"url\":\"https:\/\/resources.fieldpiece.com\/wp-content\/uploads\/2021\/02\/Logos-490x358-1.jpg\",\"contentUrl\":\"https:\/\/resources.fieldpiece.com\/wp-content\/uploads\/2021\/02\/Logos-490x358-1.jpg\",\"width\":490,\"height\":358,\"caption\":\"Fieldpiece Instruments\"},\"image\":{\"@id\":\"https:\/\/www.fieldpiece.com\/es\/#\/schema\/logo\/image\/\"}}]}<\/script>\n<!-- \/ Yoast SEO plugin. -->","yoast_head_json":{"title":"AAV3 - Cabezal accesorio para medici\u00f3n de la temperatura y velocidad del aire - Fieldpiece Instruments","robots":{"index":"index","follow":"follow","max-snippet":"max-snippet:-1","max-image-preview":"max-image-preview:large","max-video-preview":"max-video-preview:-1"},"canonical":"https:\/\/www.fieldpiece.com\/es\/producto\/aav3-air-velocity-and-temperature-accessory-head\/","og_locale":"es_ES","og_type":"article","og_title":"AAV3 - Cabezal accesorio para medici\u00f3n de la temperatura y velocidad del aire - Fieldpiece Instruments","og_description":"Mide el caudal en pies c\u00fabicos por minuto (PCM) Su gran \u00e1labe cubre la mayor parte del \u00e1rea libre del ...","og_url":"https:\/\/www.fieldpiece.com\/es\/producto\/aav3-air-velocity-and-temperature-accessory-head\/","og_site_name":"Fieldpiece Instruments","article_modified_time":"2023-04-27T06:46:59+00:00","og_image":[{"width":470,"height":470,"url":"https:\/\/resources.fieldpiece.com\/wp-content\/uploads\/2021\/01\/AAV3-SRC-product.png","type":"image\/png"}],"twitter_card":"summary_large_image","twitter_misc":{"Tiempo de lectura":"2 minutos"},"schema":{"@context":"https:\/\/schema.org","@graph":[{"@type":"WebPage","@id":"https:\/\/www.fieldpiece.com\/es\/producto\/aav3-air-velocity-and-temperature-accessory-head\/","url":"https:\/\/www.fieldpiece.com\/es\/producto\/aav3-air-velocity-and-temperature-accessory-head\/","name":"AAV3 - Cabezal accesorio para medici\u00f3n de la temperatura y velocidad del aire - Fieldpiece Instruments","isPartOf":{"@id":"https:\/\/www.fieldpiece.com\/es\/#website"},"primaryImageOfPage":{"@id":"https:\/\/www.fieldpiece.com\/es\/producto\/aav3-air-velocity-and-temperature-accessory-head\/#primaryimage"},"image":{"@id":"https:\/\/www.fieldpiece.com\/es\/producto\/aav3-air-velocity-and-temperature-accessory-head\/#primaryimage"},"thumbnailUrl":"https:\/\/resources.fieldpiece.com\/wp-content\/uploads\/2021\/01\/AAV3-SRC-product.png","datePublished":"2023-04-26T12:06:41+00:00","dateModified":"2023-04-27T06:46:59+00:00","breadcrumb":{"@id":"https:\/\/www.fieldpiece.com\/es\/producto\/aav3-air-velocity-and-temperature-accessory-head\/#breadcrumb"},"inLanguage":"es","potentialAction":[{"@type":"ReadAction","target":["https:\/\/www.fieldpiece.com\/es\/producto\/aav3-air-velocity-and-temperature-accessory-head\/"]}]},{"@type":"ImageObject","inLanguage":"es","@id":"https:\/\/www.fieldpiece.com\/es\/producto\/aav3-air-velocity-and-temperature-accessory-head\/#primaryimage","url":"https:\/\/resources.fieldpiece.com\/wp-content\/uploads\/2021\/01\/AAV3-SRC-product.png","contentUrl":"https:\/\/resources.fieldpiece.com\/wp-content\/uploads\/2021\/01\/AAV3-SRC-product.png","width":470,"height":470,"caption":"AAV3 - Digital Anemometer"},{"@type":"BreadcrumbList","@id":"https:\/\/www.fieldpiece.com\/es\/producto\/aav3-air-velocity-and-temperature-accessory-head\/#breadcrumb","itemListElement":[{"@type":"ListItem","position":1,"name":"Home","item":"https:\/\/www.fieldpiece.com\/es\/"},{"@type":"ListItem","position":2,"name":"Shop","item":"https:\/\/www.fieldpiece.com\/shop\/"},{"@type":"ListItem","position":3,"name":"AAV3 &#8211; Cabezal accesorio para medici\u00f3n de la temperatura y velocidad del aire"}]},{"@type":"WebSite","@id":"https:\/\/www.fieldpiece.com\/es\/#website","url":"https:\/\/www.fieldpiece.com\/es\/","name":"Fieldpiece Instruments","description":"","publisher":{"@id":"https:\/\/www.fieldpiece.com\/es\/#organization"},"potentialAction":[{"@type":"SearchAction","target":{"@type":"EntryPoint","urlTemplate":"https:\/\/www.fieldpiece.com\/es\/?s={search_term_string}"},"query-input":{"@type":"PropertyValueSpecification","valueRequired":true,"valueName":"search_term_string"}}],"inLanguage":"es"},{"@type":"Organization","@id":"https:\/\/www.fieldpiece.com\/es\/#organization","name":"Fieldpiece Instruments","url":"https:\/\/www.fieldpiece.com\/es\/","logo":{"@type":"ImageObject","inLanguage":"es","@id":"https:\/\/www.fieldpiece.com\/es\/#\/schema\/logo\/image\/","url":"https:\/\/resources.fieldpiece.com\/wp-content\/uploads\/2021\/02\/Logos-490x358-1.jpg","contentUrl":"https:\/\/resources.fieldpiece.com\/wp-content\/uploads\/2021\/02\/Logos-490x358-1.jpg","width":490,"height":358,"caption":"Fieldpiece Instruments"},"image":{"@id":"https:\/\/www.fieldpiece.com\/es\/#\/schema\/logo\/image\/"}}]}},"_links":{"self":[{"href":"https:\/\/www.fieldpiece.com\/es\/wp-json\/wp\/v2\/product\/17621","targetHints":{"allow":["GET"]}}],"collection":[{"href":"https:\/\/www.fieldpiece.com\/es\/wp-json\/wp\/v2\/product"}],"about":[{"href":"https:\/\/www.fieldpiece.com\/es\/wp-json\/wp\/v2\/types\/product"}],"replies":[{"embeddable":true,"href":"https:\/\/www.fieldpiece.com\/es\/wp-json\/wp\/v2\/comments?post=17621"}],"wp:featuredmedia":[{"embeddable":true,"href":"https:\/\/www.fieldpiece.com\/es\/wp-json\/wp\/v2\/media\/17623"}],"wp:attachment":[{"href":"https:\/\/www.fieldpiece.com\/es\/wp-json\/wp\/v2\/media?parent=17621"}],"wp:term":[{"taxonomy":"product_brand","embeddable":true,"href":"https:\/\/www.fieldpiece.com\/es\/wp-json\/wp\/v2\/product_brand?post=17621"},{"taxonomy":"product_cat","embeddable":true,"href":"https:\/\/www.fieldpiece.com\/es\/wp-json\/wp\/v2\/product_cat?post=17621"},{"taxonomy":"product_tag","embeddable":true,"href":"https:\/\/www.fieldpiece.com\/es\/wp-json\/wp\/v2\/product_tag?post=17621"}],"curies":[{"name":"wp","href":"https:\/\/api.w.org\/{rel}","templated":true}]}}