	{"id":17569,"date":"2020-11-02T11:29:18","date_gmt":"2023-04-26T12:06:41","guid":{"rendered":"https:\/\/www.fieldpiece.com\/product\/ach4-400a-amp-clamp-accessory-head\/"},"modified":"2023-04-26T23:41:13","modified_gmt":"2023-04-27T06:41:13","slug":"ach4-400a-amp-clamp-accessory-head","status":"publish","type":"product","link":"https:\/\/www.fieldpiece.com\/es\/producto\/ach4-400a-amp-clamp-accessory-head\/","title":{"rendered":"ACH4 &#8211; Cabezal accesorio de pinza amperim\u00e9trica de 400 A"},"content":{"rendered":"<p>La funci\u00f3n de garra de la pinza ayuda a aislar los cables para su prueba<br \/>\nDetecte corrientes (amperios) de arranque\/funcionamiento en motores y compresores<br \/>\nExcelente complemento para mult\u00edmetros tipo barra  <\/p>\n<p>El ACH4 es un cabezal accesorio de pinza amperim\u00e9trica de tama\u00f1o reducido que permite leer r\u00e1pidamente hasta 400 A CA. <span data-sheets-value=\"{&quot;1&quot;:2,&quot;2&quot;:&quot;La funci\u00f3n de garra de la pinza facilita la recogida r\u00e1pida del cable que hay que medir.&quot;}\" data-sheets-userformat=\"{&quot;2&quot;:12732,&quot;5&quot;:{&quot;1&quot;:[{&quot;1&quot;:2,&quot;2&quot;:0,&quot;5&quot;:{&quot;1&quot;:2,&quot;2&quot;:0}},{&quot;1&quot;:0,&quot;2&quot;:0,&quot;3&quot;:3},{&quot;1&quot;:1,&quot;2&quot;:0,&quot;4&quot;:1}]},&quot;6&quot;:{&quot;1&quot;:[{&quot;1&quot;:2,&quot;2&quot;:0,&quot;5&quot;:{&quot;1&quot;:2,&quot;2&quot;:0}},{&quot;1&quot;:0,&quot;2&quot;:0,&quot;3&quot;:3},{&quot;1&quot;:1,&quot;2&quot;:0,&quot;4&quot;:1}]},&quot;7&quot;:{&quot;1&quot;:[{&quot;1&quot;:2,&quot;2&quot;:0,&quot;5&quot;:{&quot;1&quot;:2,&quot;2&quot;:0}},{&quot;1&quot;:0,&quot;2&quot;:0,&quot;3&quot;:3},{&quot;1&quot;:1,&quot;2&quot;:0,&quot;4&quot;:1}]},&quot;8&quot;:{&quot;1&quot;:[{&quot;1&quot;:2,&quot;2&quot;:0,&quot;5&quot;:{&quot;1&quot;:2,&quot;2&quot;:0}},{&quot;1&quot;:0,&quot;2&quot;:0,&quot;3&quot;:3},{&quot;1&quot;:1,&quot;2&quot;:0,&quot;4&quot;:1}]},&quot;10&quot;:2,&quot;11&quot;:4,&quot;15&quot;:&quot;Calibri&quot;,&quot;16&quot;:11}\">La funci\u00f3n de garra de la pinza facilita la recogida r\u00e1pida del cable que hay que medir.<\/span>\u00a0Una vez que se a\u00edsla el conductor con corriente, los amperios se convierten en mV CA para lectura directa en el medidor. El ACH4 funciona con el medidor tipo barra de Fieldpiece, el mango electr\u00f3nico EHDL1, el mango inal\u00e1mbrico EH4W, el registrador de datos DL3, los analizadores de sistema HG2 y HG3 HVAC Guide\u00ae o cualquier otro mult\u00edmetro digital (con escala de mV CA) conectado mediante los cables de silicona desmontables ADLS2 de Fieldpiece o el adaptador de mango AHDL1. <\/p>\n<p><strong>Funciones: <\/strong> <\/p>\n<ul>\n<li>Con\u00e9ctelo directamente a cualquier medidor tipo barra de Fieldpiece (en la imagen aparece acoplado al HS36) <\/li>\n<li>Utilice la pinza amperim\u00e9trica en forma remota en zonas de dif\u00edcil acceso con nuestros cables de silicona premium con puntas de sonda desmontables (modelo ADLS2) <\/li>\n<li>La garra en \u00e1ngulo ofrece un \u00e1ngulo de apertura a 4,5 cm (1,8&#8243;) y hace de la medici\u00f3n de cualquier cable una tarea f\u00e1cil y r\u00e1pida. <\/li>\n<\/ul>\n<p>Incluye:  <\/p>\n<ul>\n<li>Accesorio de pinza amperim\u00e9trica de 400 A ACH4 <\/li>\n<li>Manual del operador <\/li>\n<\/ul>\n","protected":false},"excerpt":{"rendered":"<p>La funci\u00f3n de garra de la pinza ayuda a aislar los cables para su prueba Detecte corrientes (amperios) de arranque\/funcionamiento &#8230;<\/p>\n","protected":false},"featured_media":17571,"comment_status":"open","ping_status":"closed","template":"","meta":{"_acf_changed":false},"product_brand":[],"product_cat":[159,160],"product_tag":[],"class_list":{"0":"post-17569","1":"product","2":"type-product","3":"status-publish","4":"has-post-thumbnail","6":"product_cat-accessory-heads-es-2","7":"product_cat-other-es-2","9":"first","10":"instock","11":"shipping-taxable","12":"product-type-simple"},"acf":[],"yoast_head":"<!-- This site is optimized with the Yoast SEO plugin v27.3 - https:\/\/yoast.com\/product\/yoast-seo-wordpress\/ -->\n<title>ACH4 - Cabezal accesorio de pinza amperim\u00e9trica de 400 A - Fieldpiece Instruments<\/title>\n<meta name=\"robots\" content=\"index, follow, max-snippet:-1, max-image-preview:large, max-video-preview:-1\" \/>\n<link rel=\"canonical\" href=\"https:\/\/www.fieldpiece.com\/es\/producto\/ach4-400a-amp-clamp-accessory-head\/\" \/>\n<meta property=\"og:locale\" content=\"es_ES\" \/>\n<meta property=\"og:type\" content=\"article\" \/>\n<meta property=\"og:title\" content=\"ACH4 - Cabezal accesorio de pinza amperim\u00e9trica de 400 A - Fieldpiece Instruments\" \/>\n<meta property=\"og:description\" content=\"La funci\u00f3n de garra de la pinza ayuda a aislar los cables para su prueba Detecte corrientes (amperios) de arranque\/funcionamiento ...\" \/>\n<meta property=\"og:url\" content=\"https:\/\/www.fieldpiece.com\/es\/producto\/ach4-400a-amp-clamp-accessory-head\/\" \/>\n<meta property=\"og:site_name\" content=\"Fieldpiece Instruments\" \/>\n<meta property=\"article:modified_time\" content=\"2023-04-27T06:41:13+00:00\" \/>\n<meta property=\"og:image\" content=\"https:\/\/resources.fieldpiece.com\/wp-content\/uploads\/2021\/01\/ACH4-SRC-product.png\" \/>\n\t<meta property=\"og:image:width\" content=\"470\" \/>\n\t<meta property=\"og:image:height\" content=\"470\" \/>\n\t<meta property=\"og:image:type\" content=\"image\/png\" \/>\n<meta name=\"twitter:card\" content=\"summary_large_image\" \/>\n<meta name=\"twitter:label1\" content=\"Tiempo de lectura\" \/>\n\t<meta name=\"twitter:data1\" content=\"1 minuto\" \/>\n<script type=\"application\/ld+json\" class=\"yoast-schema-graph\">{\"@context\":\"https:\\\/\\\/schema.org\",\"@graph\":[{\"@type\":\"WebPage\",\"@id\":\"https:\\\/\\\/www.fieldpiece.com\\\/es\\\/producto\\\/ach4-400a-amp-clamp-accessory-head\\\/\",\"url\":\"https:\\\/\\\/www.fieldpiece.com\\\/es\\\/producto\\\/ach4-400a-amp-clamp-accessory-head\\\/\",\"name\":\"ACH4 - Cabezal accesorio de pinza amperim\u00e9trica de 400 A - Fieldpiece Instruments\",\"isPartOf\":{\"@id\":\"https:\\\/\\\/www.fieldpiece.com\\\/es\\\/#website\"},\"primaryImageOfPage\":{\"@id\":\"https:\\\/\\\/www.fieldpiece.com\\\/es\\\/producto\\\/ach4-400a-amp-clamp-accessory-head\\\/#primaryimage\"},\"image\":{\"@id\":\"https:\\\/\\\/www.fieldpiece.com\\\/es\\\/producto\\\/ach4-400a-amp-clamp-accessory-head\\\/#primaryimage\"},\"thumbnailUrl\":\"https:\\\/\\\/resources.fieldpiece.com\\\/wp-content\\\/uploads\\\/2021\\\/01\\\/ACH4-SRC-product.png\",\"datePublished\":\"2023-04-26T12:06:41+00:00\",\"dateModified\":\"2023-04-27T06:41:13+00:00\",\"breadcrumb\":{\"@id\":\"https:\\\/\\\/www.fieldpiece.com\\\/es\\\/producto\\\/ach4-400a-amp-clamp-accessory-head\\\/#breadcrumb\"},\"inLanguage\":\"es\",\"potentialAction\":[{\"@type\":\"ReadAction\",\"target\":[\"https:\\\/\\\/www.fieldpiece.com\\\/es\\\/producto\\\/ach4-400a-amp-clamp-accessory-head\\\/\"]}]},{\"@type\":\"ImageObject\",\"inLanguage\":\"es\",\"@id\":\"https:\\\/\\\/www.fieldpiece.com\\\/es\\\/producto\\\/ach4-400a-amp-clamp-accessory-head\\\/#primaryimage\",\"url\":\"https:\\\/\\\/resources.fieldpiece.com\\\/wp-content\\\/uploads\\\/2021\\\/01\\\/ACH4-SRC-product.png\",\"contentUrl\":\"https:\\\/\\\/resources.fieldpiece.com\\\/wp-content\\\/uploads\\\/2021\\\/01\\\/ACH4-SRC-product.png\",\"width\":470,\"height\":470,\"caption\":\"400A Amp Clamp Meter Accessory Head\"},{\"@type\":\"BreadcrumbList\",\"@id\":\"https:\\\/\\\/www.fieldpiece.com\\\/es\\\/producto\\\/ach4-400a-amp-clamp-accessory-head\\\/#breadcrumb\",\"itemListElement\":[{\"@type\":\"ListItem\",\"position\":1,\"name\":\"Home\",\"item\":\"https:\\\/\\\/www.fieldpiece.com\\\/es\\\/\"},{\"@type\":\"ListItem\",\"position\":2,\"name\":\"Shop\",\"item\":\"https:\\\/\\\/www.fieldpiece.com\\\/shop\\\/\"},{\"@type\":\"ListItem\",\"position\":3,\"name\":\"ACH4 &#8211; Cabezal accesorio de pinza amperim\u00e9trica de 400 A\"}]},{\"@type\":\"WebSite\",\"@id\":\"https:\\\/\\\/www.fieldpiece.com\\\/es\\\/#website\",\"url\":\"https:\\\/\\\/www.fieldpiece.com\\\/es\\\/\",\"name\":\"Fieldpiece Instruments\",\"description\":\"\",\"publisher\":{\"@id\":\"https:\\\/\\\/www.fieldpiece.com\\\/es\\\/#organization\"},\"potentialAction\":[{\"@type\":\"SearchAction\",\"target\":{\"@type\":\"EntryPoint\",\"urlTemplate\":\"https:\\\/\\\/www.fieldpiece.com\\\/es\\\/?s={search_term_string}\"},\"query-input\":{\"@type\":\"PropertyValueSpecification\",\"valueRequired\":true,\"valueName\":\"search_term_string\"}}],\"inLanguage\":\"es\"},{\"@type\":\"Organization\",\"@id\":\"https:\\\/\\\/www.fieldpiece.com\\\/es\\\/#organization\",\"name\":\"Fieldpiece Instruments\",\"url\":\"https:\\\/\\\/www.fieldpiece.com\\\/es\\\/\",\"logo\":{\"@type\":\"ImageObject\",\"inLanguage\":\"es\",\"@id\":\"https:\\\/\\\/www.fieldpiece.com\\\/es\\\/#\\\/schema\\\/logo\\\/image\\\/\",\"url\":\"https:\\\/\\\/resources.fieldpiece.com\\\/wp-content\\\/uploads\\\/2021\\\/02\\\/Logos-490x358-1.jpg\",\"contentUrl\":\"https:\\\/\\\/resources.fieldpiece.com\\\/wp-content\\\/uploads\\\/2021\\\/02\\\/Logos-490x358-1.jpg\",\"width\":490,\"height\":358,\"caption\":\"Fieldpiece Instruments\"},\"image\":{\"@id\":\"https:\\\/\\\/www.fieldpiece.com\\\/es\\\/#\\\/schema\\\/logo\\\/image\\\/\"}}]}<\/script>\n<!-- \/ Yoast SEO plugin. -->","yoast_head_json":{"title":"ACH4 - Cabezal accesorio de pinza amperim\u00e9trica de 400 A - Fieldpiece Instruments","robots":{"index":"index","follow":"follow","max-snippet":"max-snippet:-1","max-image-preview":"max-image-preview:large","max-video-preview":"max-video-preview:-1"},"canonical":"https:\/\/www.fieldpiece.com\/es\/producto\/ach4-400a-amp-clamp-accessory-head\/","og_locale":"es_ES","og_type":"article","og_title":"ACH4 - Cabezal accesorio de pinza amperim\u00e9trica de 400 A - Fieldpiece Instruments","og_description":"La funci\u00f3n de garra de la pinza ayuda a aislar los cables para su prueba Detecte corrientes (amperios) de arranque\/funcionamiento ...","og_url":"https:\/\/www.fieldpiece.com\/es\/producto\/ach4-400a-amp-clamp-accessory-head\/","og_site_name":"Fieldpiece Instruments","article_modified_time":"2023-04-27T06:41:13+00:00","og_image":[{"width":470,"height":470,"url":"https:\/\/resources.fieldpiece.com\/wp-content\/uploads\/2021\/01\/ACH4-SRC-product.png","type":"image\/png"}],"twitter_card":"summary_large_image","twitter_misc":{"Tiempo de lectura":"1 minuto"},"schema":{"@context":"https:\/\/schema.org","@graph":[{"@type":"WebPage","@id":"https:\/\/www.fieldpiece.com\/es\/producto\/ach4-400a-amp-clamp-accessory-head\/","url":"https:\/\/www.fieldpiece.com\/es\/producto\/ach4-400a-amp-clamp-accessory-head\/","name":"ACH4 - Cabezal accesorio de pinza amperim\u00e9trica de 400 A - Fieldpiece Instruments","isPartOf":{"@id":"https:\/\/www.fieldpiece.com\/es\/#website"},"primaryImageOfPage":{"@id":"https:\/\/www.fieldpiece.com\/es\/producto\/ach4-400a-amp-clamp-accessory-head\/#primaryimage"},"image":{"@id":"https:\/\/www.fieldpiece.com\/es\/producto\/ach4-400a-amp-clamp-accessory-head\/#primaryimage"},"thumbnailUrl":"https:\/\/resources.fieldpiece.com\/wp-content\/uploads\/2021\/01\/ACH4-SRC-product.png","datePublished":"2023-04-26T12:06:41+00:00","dateModified":"2023-04-27T06:41:13+00:00","breadcrumb":{"@id":"https:\/\/www.fieldpiece.com\/es\/producto\/ach4-400a-amp-clamp-accessory-head\/#breadcrumb"},"inLanguage":"es","potentialAction":[{"@type":"ReadAction","target":["https:\/\/www.fieldpiece.com\/es\/producto\/ach4-400a-amp-clamp-accessory-head\/"]}]},{"@type":"ImageObject","inLanguage":"es","@id":"https:\/\/www.fieldpiece.com\/es\/producto\/ach4-400a-amp-clamp-accessory-head\/#primaryimage","url":"https:\/\/resources.fieldpiece.com\/wp-content\/uploads\/2021\/01\/ACH4-SRC-product.png","contentUrl":"https:\/\/resources.fieldpiece.com\/wp-content\/uploads\/2021\/01\/ACH4-SRC-product.png","width":470,"height":470,"caption":"400A Amp Clamp Meter Accessory Head"},{"@type":"BreadcrumbList","@id":"https:\/\/www.fieldpiece.com\/es\/producto\/ach4-400a-amp-clamp-accessory-head\/#breadcrumb","itemListElement":[{"@type":"ListItem","position":1,"name":"Home","item":"https:\/\/www.fieldpiece.com\/es\/"},{"@type":"ListItem","position":2,"name":"Shop","item":"https:\/\/www.fieldpiece.com\/shop\/"},{"@type":"ListItem","position":3,"name":"ACH4 &#8211; Cabezal accesorio de pinza amperim\u00e9trica de 400 A"}]},{"@type":"WebSite","@id":"https:\/\/www.fieldpiece.com\/es\/#website","url":"https:\/\/www.fieldpiece.com\/es\/","name":"Fieldpiece Instruments","description":"","publisher":{"@id":"https:\/\/www.fieldpiece.com\/es\/#organization"},"potentialAction":[{"@type":"SearchAction","target":{"@type":"EntryPoint","urlTemplate":"https:\/\/www.fieldpiece.com\/es\/?s={search_term_string}"},"query-input":{"@type":"PropertyValueSpecification","valueRequired":true,"valueName":"search_term_string"}}],"inLanguage":"es"},{"@type":"Organization","@id":"https:\/\/www.fieldpiece.com\/es\/#organization","name":"Fieldpiece Instruments","url":"https:\/\/www.fieldpiece.com\/es\/","logo":{"@type":"ImageObject","inLanguage":"es","@id":"https:\/\/www.fieldpiece.com\/es\/#\/schema\/logo\/image\/","url":"https:\/\/resources.fieldpiece.com\/wp-content\/uploads\/2021\/02\/Logos-490x358-1.jpg","contentUrl":"https:\/\/resources.fieldpiece.com\/wp-content\/uploads\/2021\/02\/Logos-490x358-1.jpg","width":490,"height":358,"caption":"Fieldpiece Instruments"},"image":{"@id":"https:\/\/www.fieldpiece.com\/es\/#\/schema\/logo\/image\/"}}]}},"_links":{"self":[{"href":"https:\/\/www.fieldpiece.com\/es\/wp-json\/wp\/v2\/product\/17569","targetHints":{"allow":["GET"]}}],"collection":[{"href":"https:\/\/www.fieldpiece.com\/es\/wp-json\/wp\/v2\/product"}],"about":[{"href":"https:\/\/www.fieldpiece.com\/es\/wp-json\/wp\/v2\/types\/product"}],"replies":[{"embeddable":true,"href":"https:\/\/www.fieldpiece.com\/es\/wp-json\/wp\/v2\/comments?post=17569"}],"wp:featuredmedia":[{"embeddable":true,"href":"https:\/\/www.fieldpiece.com\/es\/wp-json\/wp\/v2\/media\/17571"}],"wp:attachment":[{"href":"https:\/\/www.fieldpiece.com\/es\/wp-json\/wp\/v2\/media?parent=17569"}],"wp:term":[{"taxonomy":"product_brand","embeddable":true,"href":"https:\/\/www.fieldpiece.com\/es\/wp-json\/wp\/v2\/product_brand?post=17569"},{"taxonomy":"product_cat","embeddable":true,"href":"https:\/\/www.fieldpiece.com\/es\/wp-json\/wp\/v2\/product_cat?post=17569"},{"taxonomy":"product_tag","embeddable":true,"href":"https:\/\/www.fieldpiece.com\/es\/wp-json\/wp\/v2\/product_tag?post=17569"}],"curies":[{"name":"wp","href":"https:\/\/api.w.org\/{rel}","templated":true}]}}