	{"id":17481,"date":"2020-11-02T11:29:43","date_gmt":"2023-04-26T12:06:41","guid":{"rendered":"https:\/\/www.fieldpiece.com\/product\/sdmn6-dual-port-manometer-and-pressure-switch-tester\/"},"modified":"2023-04-26T23:39:36","modified_gmt":"2023-04-27T06:39:36","slug":"sdmn6-dual-port-manometer-and-pressure-switch-tester","status":"publish","type":"product","link":"https:\/\/www.fieldpiece.com\/es\/producto\/sdmn6-dual-port-manometer-and-pressure-switch-tester\/","title":{"rendered":"SDMN6 &#8211; Man\u00f3metro de dos puertos y probador de interruptores de presi\u00f3n"},"content":{"rendered":"<p>Presiones de gas, est\u00e1tica y diferencial<br \/>\nPruebe interruptores de presi\u00f3n<br \/>\nCalibre f\u00e1cilmente cualquier interruptor de presi\u00f3n ajustable<br \/>\nExcelente para diagnosticar el rendimiento de hornos <\/p>\n<p>El man\u00f3metro de dos puertos SDMN6 mide presiones del gas y est\u00e1tica y, adem\u00e1s, comprueba con precisi\u00f3n interruptores de presi\u00f3n simulando aspiraci\u00f3n mediante una bomba interna. Un interruptor de presi\u00f3n es un dispositivo de seguridad que impide que un horno funcione de forma no segura.\u00a0 El SDMN6 prueba el interruptor de presi\u00f3n para determinar si est\u00e1 funcionando correctamente o si est\u00e1 empezando a fallar, lo que puede provocar que el horno en el que est\u00e1 instalado funcione en condiciones no seguras.\u00a0 Adem\u00e1s, con el SDMN6 podr\u00e1 calibrar f\u00e1cilmente interruptores de presi\u00f3n ajustables seg\u00fan las especificaciones del fabricante sin necesidad de llevar una gran variedad de interruptores de presi\u00f3n en su veh\u00edculo de servicio. <\/p>\n<p>El man\u00f3metro de doble puerto tiene los intervalos necesarios para medir la presi\u00f3n de gas y la resoluci\u00f3n necesaria para medir la presi\u00f3n est\u00e1tica.\u00a0 El SDMN6, un instrumento id\u00f3neo para los t\u00e9cnicos de climatizaci\u00f3n y refrigeraci\u00f3n, puede determinar si la presi\u00f3n de gas que entra en la vivienda o sale del regulador es la correcta. El SDMN6 mide la presi\u00f3n de gas h+C5asta 60&#8243; de columna de agua (WC) con una resoluci\u00f3n de 0,1&#8243; WC. Adem\u00e1s, el equipo mide tanto la presi\u00f3n positiva como la negativa, lo cual lo hace apto para mediciones en l\u00edneas de control de vac\u00edo. La unidad toma lecturas de presi\u00f3n diferencial y muestra la diferencia entre P1 y P2 en todo momento en la esquina inferior derecha de su pantalla LCD de f\u00e1cil lectura. El dispositivo permite utilizar cuatro escalas de medici\u00f3n diferentes: pulgadas de columna de agua, mil\u00edmetros de columna de agua, mBar y psi. <\/p>\n<p>El SDMN6 tambi\u00e9n dispone de un ajuste a cero para poner a cero el medidor bajo diferentes presiones ambientales. Adem\u00e1s, dispone de un bot\u00f3n HOLD para mantener la lectura que se est\u00e1 mostrando. La funci\u00f3n de desconexi\u00f3n autom\u00e1tica ahorra bater\u00eda y puede desactivarse si se desea. En el modo de presi\u00f3n est\u00e1tica, la unidad puede medir hasta 2&#8243; de columna de agua (WC) con una resoluci\u00f3n de 0,010&#8243; WC, lo que permite al t\u00e9cnico medir peque\u00f1as diferencias de presi\u00f3n de aire (o est\u00e1tica). <\/p>\n<p>Incluye:  <\/p>\n<ul>\n<li>SDMN6 &#8211; Man\u00f3metro de dos puertos y probador de interruptores de presi\u00f3n <\/li>\n<li>ANC1 &#8211; Estuche de transporte de cuatro bolsillos <\/li>\n<li>ASP2 &#8211; Sondas de presi\u00f3n est\u00e1tica <\/li>\n<li>RMA316 &#8211; Tubos de presi\u00f3n <\/li>\n<li>Cables de conexi\u00f3n r\u00e1pida <\/li>\n<li>Mangueras y derivaci\u00f3n en Y <\/li>\n<li>Mangueras con conectores de rosca de lat\u00f3n <\/li>\n<\/ul>\n","protected":false},"excerpt":{"rendered":"<p>Presiones de gas, est\u00e1tica y diferencial Pruebe interruptores de presi\u00f3n Calibre f\u00e1cilmente cualquier interruptor de presi\u00f3n ajustable Excelente para diagnosticar &#8230;<\/p>\n","protected":false},"featured_media":17483,"comment_status":"open","ping_status":"closed","template":"","meta":{"_acf_changed":false},"product_brand":[],"product_cat":[140,141],"product_tag":[],"class_list":{"0":"post-17481","1":"product","2":"type-product","3":"status-publish","4":"has-post-thumbnail","6":"product_cat-combustion-es-2","7":"product_cat-manometers-es-2","9":"first","10":"instock","11":"shipping-taxable","12":"product-type-simple"},"acf":[],"yoast_head":"<!-- This site is optimized with the Yoast SEO plugin v27.3 - https:\/\/yoast.com\/product\/yoast-seo-wordpress\/ -->\n<title>SDMN6 - Man\u00f3metro de dos puertos y probador de interruptores de presi\u00f3n - Fieldpiece Instruments<\/title>\n<meta name=\"robots\" content=\"index, follow, max-snippet:-1, max-image-preview:large, max-video-preview:-1\" \/>\n<link rel=\"canonical\" href=\"https:\/\/www.fieldpiece.com\/es\/producto\/sdmn6-dual-port-manometer-and-pressure-switch-tester\/\" \/>\n<meta property=\"og:locale\" content=\"es_ES\" \/>\n<meta property=\"og:type\" content=\"article\" \/>\n<meta property=\"og:title\" content=\"SDMN6 - Man\u00f3metro de dos puertos y probador de interruptores de presi\u00f3n - Fieldpiece Instruments\" \/>\n<meta property=\"og:description\" content=\"Presiones de gas, est\u00e1tica y diferencial Pruebe interruptores de presi\u00f3n Calibre f\u00e1cilmente cualquier interruptor de presi\u00f3n ajustable Excelente para diagnosticar ...\" \/>\n<meta property=\"og:url\" content=\"https:\/\/www.fieldpiece.com\/es\/producto\/sdmn6-dual-port-manometer-and-pressure-switch-tester\/\" \/>\n<meta property=\"og:site_name\" content=\"Fieldpiece Instruments\" \/>\n<meta property=\"article:modified_time\" content=\"2023-04-27T06:39:36+00:00\" \/>\n<meta property=\"og:image\" content=\"https:\/\/resources.fieldpiece.com\/wp-content\/uploads\/2021\/01\/SDMN6-SRC-Product.png\" \/>\n\t<meta property=\"og:image:width\" content=\"470\" \/>\n\t<meta property=\"og:image:height\" content=\"470\" \/>\n\t<meta property=\"og:image:type\" content=\"image\/png\" \/>\n<meta name=\"twitter:card\" content=\"summary_large_image\" \/>\n<meta name=\"twitter:label1\" content=\"Tiempo de lectura\" \/>\n\t<meta name=\"twitter:data1\" content=\"2 minutos\" \/>\n<script type=\"application\/ld+json\" class=\"yoast-schema-graph\">{\"@context\":\"https:\\\/\\\/schema.org\",\"@graph\":[{\"@type\":\"WebPage\",\"@id\":\"https:\\\/\\\/www.fieldpiece.com\\\/es\\\/producto\\\/sdmn6-dual-port-manometer-and-pressure-switch-tester\\\/\",\"url\":\"https:\\\/\\\/www.fieldpiece.com\\\/es\\\/producto\\\/sdmn6-dual-port-manometer-and-pressure-switch-tester\\\/\",\"name\":\"SDMN6 - Man\u00f3metro de dos puertos y probador de interruptores de presi\u00f3n - Fieldpiece Instruments\",\"isPartOf\":{\"@id\":\"https:\\\/\\\/www.fieldpiece.com\\\/es\\\/#website\"},\"primaryImageOfPage\":{\"@id\":\"https:\\\/\\\/www.fieldpiece.com\\\/es\\\/producto\\\/sdmn6-dual-port-manometer-and-pressure-switch-tester\\\/#primaryimage\"},\"image\":{\"@id\":\"https:\\\/\\\/www.fieldpiece.com\\\/es\\\/producto\\\/sdmn6-dual-port-manometer-and-pressure-switch-tester\\\/#primaryimage\"},\"thumbnailUrl\":\"https:\\\/\\\/resources.fieldpiece.com\\\/wp-content\\\/uploads\\\/2021\\\/01\\\/SDMN6-SRC-Product.png\",\"datePublished\":\"2023-04-26T12:06:41+00:00\",\"dateModified\":\"2023-04-27T06:39:36+00:00\",\"breadcrumb\":{\"@id\":\"https:\\\/\\\/www.fieldpiece.com\\\/es\\\/producto\\\/sdmn6-dual-port-manometer-and-pressure-switch-tester\\\/#breadcrumb\"},\"inLanguage\":\"es\",\"potentialAction\":[{\"@type\":\"ReadAction\",\"target\":[\"https:\\\/\\\/www.fieldpiece.com\\\/es\\\/producto\\\/sdmn6-dual-port-manometer-and-pressure-switch-tester\\\/\"]}]},{\"@type\":\"ImageObject\",\"inLanguage\":\"es\",\"@id\":\"https:\\\/\\\/www.fieldpiece.com\\\/es\\\/producto\\\/sdmn6-dual-port-manometer-and-pressure-switch-tester\\\/#primaryimage\",\"url\":\"https:\\\/\\\/resources.fieldpiece.com\\\/wp-content\\\/uploads\\\/2021\\\/01\\\/SDMN6-SRC-Product.png\",\"contentUrl\":\"https:\\\/\\\/resources.fieldpiece.com\\\/wp-content\\\/uploads\\\/2021\\\/01\\\/SDMN6-SRC-Product.png\",\"width\":470,\"height\":470,\"caption\":\"SDMN6 Dual Port Manometer w\\\/ Pressure Switch Tester\"},{\"@type\":\"BreadcrumbList\",\"@id\":\"https:\\\/\\\/www.fieldpiece.com\\\/es\\\/producto\\\/sdmn6-dual-port-manometer-and-pressure-switch-tester\\\/#breadcrumb\",\"itemListElement\":[{\"@type\":\"ListItem\",\"position\":1,\"name\":\"Home\",\"item\":\"https:\\\/\\\/www.fieldpiece.com\\\/es\\\/\"},{\"@type\":\"ListItem\",\"position\":2,\"name\":\"Shop\",\"item\":\"https:\\\/\\\/www.fieldpiece.com\\\/shop\\\/\"},{\"@type\":\"ListItem\",\"position\":3,\"name\":\"SDMN6 &#8211; Man\u00f3metro de dos puertos y probador de interruptores de presi\u00f3n\"}]},{\"@type\":\"WebSite\",\"@id\":\"https:\\\/\\\/www.fieldpiece.com\\\/es\\\/#website\",\"url\":\"https:\\\/\\\/www.fieldpiece.com\\\/es\\\/\",\"name\":\"Fieldpiece Instruments\",\"description\":\"\",\"publisher\":{\"@id\":\"https:\\\/\\\/www.fieldpiece.com\\\/es\\\/#organization\"},\"potentialAction\":[{\"@type\":\"SearchAction\",\"target\":{\"@type\":\"EntryPoint\",\"urlTemplate\":\"https:\\\/\\\/www.fieldpiece.com\\\/es\\\/?s={search_term_string}\"},\"query-input\":{\"@type\":\"PropertyValueSpecification\",\"valueRequired\":true,\"valueName\":\"search_term_string\"}}],\"inLanguage\":\"es\"},{\"@type\":\"Organization\",\"@id\":\"https:\\\/\\\/www.fieldpiece.com\\\/es\\\/#organization\",\"name\":\"Fieldpiece Instruments\",\"url\":\"https:\\\/\\\/www.fieldpiece.com\\\/es\\\/\",\"logo\":{\"@type\":\"ImageObject\",\"inLanguage\":\"es\",\"@id\":\"https:\\\/\\\/www.fieldpiece.com\\\/es\\\/#\\\/schema\\\/logo\\\/image\\\/\",\"url\":\"https:\\\/\\\/resources.fieldpiece.com\\\/wp-content\\\/uploads\\\/2021\\\/02\\\/Logos-490x358-1.jpg\",\"contentUrl\":\"https:\\\/\\\/resources.fieldpiece.com\\\/wp-content\\\/uploads\\\/2021\\\/02\\\/Logos-490x358-1.jpg\",\"width\":490,\"height\":358,\"caption\":\"Fieldpiece Instruments\"},\"image\":{\"@id\":\"https:\\\/\\\/www.fieldpiece.com\\\/es\\\/#\\\/schema\\\/logo\\\/image\\\/\"}}]}<\/script>\n<!-- \/ Yoast SEO plugin. -->","yoast_head_json":{"title":"SDMN6 - Man\u00f3metro de dos puertos y probador de interruptores de presi\u00f3n - Fieldpiece Instruments","robots":{"index":"index","follow":"follow","max-snippet":"max-snippet:-1","max-image-preview":"max-image-preview:large","max-video-preview":"max-video-preview:-1"},"canonical":"https:\/\/www.fieldpiece.com\/es\/producto\/sdmn6-dual-port-manometer-and-pressure-switch-tester\/","og_locale":"es_ES","og_type":"article","og_title":"SDMN6 - Man\u00f3metro de dos puertos y probador de interruptores de presi\u00f3n - Fieldpiece Instruments","og_description":"Presiones de gas, est\u00e1tica y diferencial Pruebe interruptores de presi\u00f3n Calibre f\u00e1cilmente cualquier interruptor de presi\u00f3n ajustable Excelente para diagnosticar ...","og_url":"https:\/\/www.fieldpiece.com\/es\/producto\/sdmn6-dual-port-manometer-and-pressure-switch-tester\/","og_site_name":"Fieldpiece Instruments","article_modified_time":"2023-04-27T06:39:36+00:00","og_image":[{"width":470,"height":470,"url":"https:\/\/resources.fieldpiece.com\/wp-content\/uploads\/2021\/01\/SDMN6-SRC-Product.png","type":"image\/png"}],"twitter_card":"summary_large_image","twitter_misc":{"Tiempo de lectura":"2 minutos"},"schema":{"@context":"https:\/\/schema.org","@graph":[{"@type":"WebPage","@id":"https:\/\/www.fieldpiece.com\/es\/producto\/sdmn6-dual-port-manometer-and-pressure-switch-tester\/","url":"https:\/\/www.fieldpiece.com\/es\/producto\/sdmn6-dual-port-manometer-and-pressure-switch-tester\/","name":"SDMN6 - Man\u00f3metro de dos puertos y probador de interruptores de presi\u00f3n - Fieldpiece Instruments","isPartOf":{"@id":"https:\/\/www.fieldpiece.com\/es\/#website"},"primaryImageOfPage":{"@id":"https:\/\/www.fieldpiece.com\/es\/producto\/sdmn6-dual-port-manometer-and-pressure-switch-tester\/#primaryimage"},"image":{"@id":"https:\/\/www.fieldpiece.com\/es\/producto\/sdmn6-dual-port-manometer-and-pressure-switch-tester\/#primaryimage"},"thumbnailUrl":"https:\/\/resources.fieldpiece.com\/wp-content\/uploads\/2021\/01\/SDMN6-SRC-Product.png","datePublished":"2023-04-26T12:06:41+00:00","dateModified":"2023-04-27T06:39:36+00:00","breadcrumb":{"@id":"https:\/\/www.fieldpiece.com\/es\/producto\/sdmn6-dual-port-manometer-and-pressure-switch-tester\/#breadcrumb"},"inLanguage":"es","potentialAction":[{"@type":"ReadAction","target":["https:\/\/www.fieldpiece.com\/es\/producto\/sdmn6-dual-port-manometer-and-pressure-switch-tester\/"]}]},{"@type":"ImageObject","inLanguage":"es","@id":"https:\/\/www.fieldpiece.com\/es\/producto\/sdmn6-dual-port-manometer-and-pressure-switch-tester\/#primaryimage","url":"https:\/\/resources.fieldpiece.com\/wp-content\/uploads\/2021\/01\/SDMN6-SRC-Product.png","contentUrl":"https:\/\/resources.fieldpiece.com\/wp-content\/uploads\/2021\/01\/SDMN6-SRC-Product.png","width":470,"height":470,"caption":"SDMN6 Dual Port Manometer w\/ Pressure Switch Tester"},{"@type":"BreadcrumbList","@id":"https:\/\/www.fieldpiece.com\/es\/producto\/sdmn6-dual-port-manometer-and-pressure-switch-tester\/#breadcrumb","itemListElement":[{"@type":"ListItem","position":1,"name":"Home","item":"https:\/\/www.fieldpiece.com\/es\/"},{"@type":"ListItem","position":2,"name":"Shop","item":"https:\/\/www.fieldpiece.com\/shop\/"},{"@type":"ListItem","position":3,"name":"SDMN6 &#8211; Man\u00f3metro de dos puertos y probador de interruptores de presi\u00f3n"}]},{"@type":"WebSite","@id":"https:\/\/www.fieldpiece.com\/es\/#website","url":"https:\/\/www.fieldpiece.com\/es\/","name":"Fieldpiece Instruments","description":"","publisher":{"@id":"https:\/\/www.fieldpiece.com\/es\/#organization"},"potentialAction":[{"@type":"SearchAction","target":{"@type":"EntryPoint","urlTemplate":"https:\/\/www.fieldpiece.com\/es\/?s={search_term_string}"},"query-input":{"@type":"PropertyValueSpecification","valueRequired":true,"valueName":"search_term_string"}}],"inLanguage":"es"},{"@type":"Organization","@id":"https:\/\/www.fieldpiece.com\/es\/#organization","name":"Fieldpiece Instruments","url":"https:\/\/www.fieldpiece.com\/es\/","logo":{"@type":"ImageObject","inLanguage":"es","@id":"https:\/\/www.fieldpiece.com\/es\/#\/schema\/logo\/image\/","url":"https:\/\/resources.fieldpiece.com\/wp-content\/uploads\/2021\/02\/Logos-490x358-1.jpg","contentUrl":"https:\/\/resources.fieldpiece.com\/wp-content\/uploads\/2021\/02\/Logos-490x358-1.jpg","width":490,"height":358,"caption":"Fieldpiece Instruments"},"image":{"@id":"https:\/\/www.fieldpiece.com\/es\/#\/schema\/logo\/image\/"}}]}},"_links":{"self":[{"href":"https:\/\/www.fieldpiece.com\/es\/wp-json\/wp\/v2\/product\/17481","targetHints":{"allow":["GET"]}}],"collection":[{"href":"https:\/\/www.fieldpiece.com\/es\/wp-json\/wp\/v2\/product"}],"about":[{"href":"https:\/\/www.fieldpiece.com\/es\/wp-json\/wp\/v2\/types\/product"}],"replies":[{"embeddable":true,"href":"https:\/\/www.fieldpiece.com\/es\/wp-json\/wp\/v2\/comments?post=17481"}],"wp:featuredmedia":[{"embeddable":true,"href":"https:\/\/www.fieldpiece.com\/es\/wp-json\/wp\/v2\/media\/17483"}],"wp:attachment":[{"href":"https:\/\/www.fieldpiece.com\/es\/wp-json\/wp\/v2\/media?parent=17481"}],"wp:term":[{"taxonomy":"product_brand","embeddable":true,"href":"https:\/\/www.fieldpiece.com\/es\/wp-json\/wp\/v2\/product_brand?post=17481"},{"taxonomy":"product_cat","embeddable":true,"href":"https:\/\/www.fieldpiece.com\/es\/wp-json\/wp\/v2\/product_cat?post=17481"},{"taxonomy":"product_tag","embeddable":true,"href":"https:\/\/www.fieldpiece.com\/es\/wp-json\/wp\/v2\/product_tag?post=17481"}],"curies":[{"name":"wp","href":"https:\/\/api.w.org\/{rel}","templated":true}]}}