	{"id":17442,"date":"2020-11-02T11:29:51","date_gmt":"2020-11-02T11:29:51","guid":{"rendered":"https:\/\/www.fieldpiece.com\/product\/sc260-compact-clamp-meter-with-true-rms\/"},"modified":"2023-04-26T05:08:41","modified_gmt":"2023-04-26T12:08:41","slug":"sc260-compact-clamp-meter-with-true-rms","status":"publish","type":"product","link":"https:\/\/www.fieldpiece.com\/es\/producto\/sc260-compact-clamp-meter-with-true-rms\/","title":{"rendered":"SC260 &#8211; Pinza amperim\u00e9trica compacta con indicaci\u00f3n de valor medio cuadr\u00e1tico (RMS) verdadero (valor eficaz verdadero)"},"content":{"rendered":"<p>Indicaci\u00f3n de valor medio cuadr\u00e1tico (RMS) verdadero (valor eficaz verdadero)<br \/>\nTensi\u00f3n CA\/CC<br \/>\nTemperatura<br \/>\nPantalla con retroiluminaci\u00f3n brillante <\/p>\n<p>La pinza amperim\u00e9trica compacta SC260 es un excelente medidor para comprobar mediciones el\u00e9ctricas en el sector de la climatizaci\u00f3n y la refrigeraci\u00f3n.\u00a0 Ofrece mediciones de valor medio cuadr\u00e1tico (RMS) verdadero (valor eficaz verdadero), para probar variadores de frecuencia con mayor exactitud, e indicaciones de temperatura en grados Fahrenheit y Celsius.\u00a0 La SC260 tambi\u00e9n cuenta con una pantalla retroiluminada para la lectura de las mediciones en lugares con poca luz y un resistente im\u00e1n giratorio para realizar mediciones con las manos libres. <\/p>\n<p>La SC260 le ayuda a ahorrar tiempo gracias a su nueva funci\u00f3n de selecci\u00f3n autom\u00e1tica.\u00a0 Solo tendr\u00e1 que ajustar el dial y conectar los cables y la pinza amperim\u00e9trica seleccionar\u00e1 autom\u00e1ticamente la medici\u00f3n apropiada en funci\u00f3n de lo que detecte.\u00a0 Su alta resistencia a la temperatura le permite desplazarse r\u00e1pidamente desde un congelador fr\u00edo hasta una calurosa azotea y obtener mediciones de temperatura exactas que no se logran con otros term\u00f3metros de menor capacidad. <\/p>\n<ul>\n<li>Tensi\u00f3n CA\/CC <\/li>\n<li>Valor medio cuadr\u00e1tico (RMS) verdadero (valor eficaz verdadero) <\/li>\n<li>400 amperios de CA <\/li>\n<li>Temperatura \u00b0F\/\u00b0C <\/li>\n<li>Capacitancia <\/li>\n<li>Tensi\u00f3n sin contacto <\/li>\n<li>40 megaohmios con una resoluci\u00f3n de 0,01 <\/li>\n<li>Continuidad <\/li>\n<li>Comprobaci\u00f3n de diodos <\/li>\n<li>Max\/Min\/Hold <\/li>\n<li>Pantalla LCD con retroiluminaci\u00f3n <\/li>\n<li>Indicador de bater\u00eda baja <\/li>\n<li>Aviso de alta tensi\u00f3n <\/li>\n<\/ul>\n<p>Incluye:  <\/p>\n<ul>\n<li>Pinza amperim\u00e9trica SC260 <\/li>\n<li>Juego de cables de silicona premium con puntas chapadas en oro y vaina extra\u00edble ADLS2 <\/li>\n<li>Termopar tipo K con enrollacable ATB1 <\/li>\n<li>Correa de velcro<\/li>\n<li>Bater\u00eda de 9 V <\/li>\n<li>Estuche acolchado ANC4 <\/li>\n<\/ul>\n","protected":false},"excerpt":{"rendered":"<p>Indicaci\u00f3n de valor medio cuadr\u00e1tico (RMS) verdadero (valor eficaz verdadero) Tensi\u00f3n CA\/CC Temperatura Pantalla con retroiluminaci\u00f3n brillante La pinza amperim\u00e9trica &#8230;<\/p>\n","protected":false},"featured_media":17444,"comment_status":"open","ping_status":"closed","template":"","meta":{"_acf_changed":false},"product_brand":[],"product_cat":[133,132],"product_tag":[],"class_list":{"0":"post-17442","1":"product","2":"type-product","3":"status-publish","4":"has-post-thumbnail","6":"product_cat-electrical-meters-es-2","7":"product_cat-clamp-meters-es-2","9":"first","10":"instock","11":"shipping-taxable","12":"product-type-simple"},"acf":[],"yoast_head":"<!-- This site is optimized with the Yoast SEO plugin v27.3 - https:\/\/yoast.com\/product\/yoast-seo-wordpress\/ -->\n<title>SC260 - Pinza amperim\u00e9trica compacta con indicaci\u00f3n de valor medio cuadr\u00e1tico (RMS) verdadero (valor eficaz verdadero) - Fieldpiece Instruments<\/title>\n<meta name=\"robots\" content=\"index, follow, max-snippet:-1, max-image-preview:large, max-video-preview:-1\" \/>\n<link rel=\"canonical\" href=\"https:\/\/www.fieldpiece.com\/es\/producto\/sc260-compact-clamp-meter-with-true-rms\/\" \/>\n<meta property=\"og:locale\" content=\"es_ES\" \/>\n<meta property=\"og:type\" content=\"article\" \/>\n<meta property=\"og:title\" content=\"SC260 - Pinza amperim\u00e9trica compacta con indicaci\u00f3n de valor medio cuadr\u00e1tico (RMS) verdadero (valor eficaz verdadero) - Fieldpiece Instruments\" \/>\n<meta property=\"og:description\" content=\"Indicaci\u00f3n de valor medio cuadr\u00e1tico (RMS) verdadero (valor eficaz verdadero) Tensi\u00f3n CA\/CC Temperatura Pantalla con retroiluminaci\u00f3n brillante La pinza amperim\u00e9trica ...\" \/>\n<meta property=\"og:url\" content=\"https:\/\/www.fieldpiece.com\/es\/producto\/sc260-compact-clamp-meter-with-true-rms\/\" \/>\n<meta property=\"og:site_name\" content=\"Fieldpiece Instruments\" \/>\n<meta property=\"article:modified_time\" content=\"2023-04-26T12:08:41+00:00\" \/>\n<meta property=\"og:image\" content=\"https:\/\/resources.fieldpiece.com\/wp-content\/uploads\/2021\/01\/SC260-SRC-product.png\" \/>\n\t<meta property=\"og:image:width\" content=\"470\" \/>\n\t<meta property=\"og:image:height\" content=\"470\" \/>\n\t<meta property=\"og:image:type\" content=\"image\/png\" \/>\n<meta name=\"twitter:card\" content=\"summary_large_image\" \/>\n<meta name=\"twitter:label1\" content=\"Tiempo de lectura\" \/>\n\t<meta name=\"twitter:data1\" content=\"1 minuto\" \/>\n<script type=\"application\/ld+json\" class=\"yoast-schema-graph\">{\"@context\":\"https:\\\/\\\/schema.org\",\"@graph\":[{\"@type\":\"WebPage\",\"@id\":\"https:\\\/\\\/www.fieldpiece.com\\\/es\\\/producto\\\/sc260-compact-clamp-meter-with-true-rms\\\/\",\"url\":\"https:\\\/\\\/www.fieldpiece.com\\\/es\\\/producto\\\/sc260-compact-clamp-meter-with-true-rms\\\/\",\"name\":\"SC260 - Pinza amperim\u00e9trica compacta con indicaci\u00f3n de valor medio cuadr\u00e1tico (RMS) verdadero (valor eficaz verdadero) - Fieldpiece Instruments\",\"isPartOf\":{\"@id\":\"https:\\\/\\\/www.fieldpiece.com\\\/es\\\/#website\"},\"primaryImageOfPage\":{\"@id\":\"https:\\\/\\\/www.fieldpiece.com\\\/es\\\/producto\\\/sc260-compact-clamp-meter-with-true-rms\\\/#primaryimage\"},\"image\":{\"@id\":\"https:\\\/\\\/www.fieldpiece.com\\\/es\\\/producto\\\/sc260-compact-clamp-meter-with-true-rms\\\/#primaryimage\"},\"thumbnailUrl\":\"https:\\\/\\\/resources.fieldpiece.com\\\/wp-content\\\/uploads\\\/2021\\\/01\\\/SC260-SRC-product.png\",\"datePublished\":\"2020-11-02T11:29:51+00:00\",\"dateModified\":\"2023-04-26T12:08:41+00:00\",\"breadcrumb\":{\"@id\":\"https:\\\/\\\/www.fieldpiece.com\\\/es\\\/producto\\\/sc260-compact-clamp-meter-with-true-rms\\\/#breadcrumb\"},\"inLanguage\":\"es\",\"potentialAction\":[{\"@type\":\"ReadAction\",\"target\":[\"https:\\\/\\\/www.fieldpiece.com\\\/es\\\/producto\\\/sc260-compact-clamp-meter-with-true-rms\\\/\"]}]},{\"@type\":\"ImageObject\",\"inLanguage\":\"es\",\"@id\":\"https:\\\/\\\/www.fieldpiece.com\\\/es\\\/producto\\\/sc260-compact-clamp-meter-with-true-rms\\\/#primaryimage\",\"url\":\"https:\\\/\\\/resources.fieldpiece.com\\\/wp-content\\\/uploads\\\/2021\\\/01\\\/SC260-SRC-product.png\",\"contentUrl\":\"https:\\\/\\\/resources.fieldpiece.com\\\/wp-content\\\/uploads\\\/2021\\\/01\\\/SC260-SRC-product.png\",\"width\":470,\"height\":470,\"caption\":\"SC260 - 400A Compact Clamp Meter With True RMS\"},{\"@type\":\"BreadcrumbList\",\"@id\":\"https:\\\/\\\/www.fieldpiece.com\\\/es\\\/producto\\\/sc260-compact-clamp-meter-with-true-rms\\\/#breadcrumb\",\"itemListElement\":[{\"@type\":\"ListItem\",\"position\":1,\"name\":\"Home\",\"item\":\"https:\\\/\\\/www.fieldpiece.com\\\/es\\\/\"},{\"@type\":\"ListItem\",\"position\":2,\"name\":\"Shop\",\"item\":\"https:\\\/\\\/www.fieldpiece.com\\\/shop\\\/\"},{\"@type\":\"ListItem\",\"position\":3,\"name\":\"SC260 &#8211; Pinza amperim\u00e9trica compacta con indicaci\u00f3n de valor medio cuadr\u00e1tico (RMS) verdadero (valor eficaz verdadero)\"}]},{\"@type\":\"WebSite\",\"@id\":\"https:\\\/\\\/www.fieldpiece.com\\\/es\\\/#website\",\"url\":\"https:\\\/\\\/www.fieldpiece.com\\\/es\\\/\",\"name\":\"Fieldpiece Instruments\",\"description\":\"\",\"publisher\":{\"@id\":\"https:\\\/\\\/www.fieldpiece.com\\\/es\\\/#organization\"},\"potentialAction\":[{\"@type\":\"SearchAction\",\"target\":{\"@type\":\"EntryPoint\",\"urlTemplate\":\"https:\\\/\\\/www.fieldpiece.com\\\/es\\\/?s={search_term_string}\"},\"query-input\":{\"@type\":\"PropertyValueSpecification\",\"valueRequired\":true,\"valueName\":\"search_term_string\"}}],\"inLanguage\":\"es\"},{\"@type\":\"Organization\",\"@id\":\"https:\\\/\\\/www.fieldpiece.com\\\/es\\\/#organization\",\"name\":\"Fieldpiece Instruments\",\"url\":\"https:\\\/\\\/www.fieldpiece.com\\\/es\\\/\",\"logo\":{\"@type\":\"ImageObject\",\"inLanguage\":\"es\",\"@id\":\"https:\\\/\\\/www.fieldpiece.com\\\/es\\\/#\\\/schema\\\/logo\\\/image\\\/\",\"url\":\"https:\\\/\\\/resources.fieldpiece.com\\\/wp-content\\\/uploads\\\/2021\\\/02\\\/Logos-490x358-1.jpg\",\"contentUrl\":\"https:\\\/\\\/resources.fieldpiece.com\\\/wp-content\\\/uploads\\\/2021\\\/02\\\/Logos-490x358-1.jpg\",\"width\":490,\"height\":358,\"caption\":\"Fieldpiece Instruments\"},\"image\":{\"@id\":\"https:\\\/\\\/www.fieldpiece.com\\\/es\\\/#\\\/schema\\\/logo\\\/image\\\/\"}}]}<\/script>\n<!-- \/ Yoast SEO plugin. -->","yoast_head_json":{"title":"SC260 - Pinza amperim\u00e9trica compacta con indicaci\u00f3n de valor medio cuadr\u00e1tico (RMS) verdadero (valor eficaz verdadero) - Fieldpiece Instruments","robots":{"index":"index","follow":"follow","max-snippet":"max-snippet:-1","max-image-preview":"max-image-preview:large","max-video-preview":"max-video-preview:-1"},"canonical":"https:\/\/www.fieldpiece.com\/es\/producto\/sc260-compact-clamp-meter-with-true-rms\/","og_locale":"es_ES","og_type":"article","og_title":"SC260 - Pinza amperim\u00e9trica compacta con indicaci\u00f3n de valor medio cuadr\u00e1tico (RMS) verdadero (valor eficaz verdadero) - Fieldpiece Instruments","og_description":"Indicaci\u00f3n de valor medio cuadr\u00e1tico (RMS) verdadero (valor eficaz verdadero) Tensi\u00f3n CA\/CC Temperatura Pantalla con retroiluminaci\u00f3n brillante La pinza amperim\u00e9trica ...","og_url":"https:\/\/www.fieldpiece.com\/es\/producto\/sc260-compact-clamp-meter-with-true-rms\/","og_site_name":"Fieldpiece Instruments","article_modified_time":"2023-04-26T12:08:41+00:00","og_image":[{"width":470,"height":470,"url":"https:\/\/resources.fieldpiece.com\/wp-content\/uploads\/2021\/01\/SC260-SRC-product.png","type":"image\/png"}],"twitter_card":"summary_large_image","twitter_misc":{"Tiempo de lectura":"1 minuto"},"schema":{"@context":"https:\/\/schema.org","@graph":[{"@type":"WebPage","@id":"https:\/\/www.fieldpiece.com\/es\/producto\/sc260-compact-clamp-meter-with-true-rms\/","url":"https:\/\/www.fieldpiece.com\/es\/producto\/sc260-compact-clamp-meter-with-true-rms\/","name":"SC260 - Pinza amperim\u00e9trica compacta con indicaci\u00f3n de valor medio cuadr\u00e1tico (RMS) verdadero (valor eficaz verdadero) - Fieldpiece Instruments","isPartOf":{"@id":"https:\/\/www.fieldpiece.com\/es\/#website"},"primaryImageOfPage":{"@id":"https:\/\/www.fieldpiece.com\/es\/producto\/sc260-compact-clamp-meter-with-true-rms\/#primaryimage"},"image":{"@id":"https:\/\/www.fieldpiece.com\/es\/producto\/sc260-compact-clamp-meter-with-true-rms\/#primaryimage"},"thumbnailUrl":"https:\/\/resources.fieldpiece.com\/wp-content\/uploads\/2021\/01\/SC260-SRC-product.png","datePublished":"2020-11-02T11:29:51+00:00","dateModified":"2023-04-26T12:08:41+00:00","breadcrumb":{"@id":"https:\/\/www.fieldpiece.com\/es\/producto\/sc260-compact-clamp-meter-with-true-rms\/#breadcrumb"},"inLanguage":"es","potentialAction":[{"@type":"ReadAction","target":["https:\/\/www.fieldpiece.com\/es\/producto\/sc260-compact-clamp-meter-with-true-rms\/"]}]},{"@type":"ImageObject","inLanguage":"es","@id":"https:\/\/www.fieldpiece.com\/es\/producto\/sc260-compact-clamp-meter-with-true-rms\/#primaryimage","url":"https:\/\/resources.fieldpiece.com\/wp-content\/uploads\/2021\/01\/SC260-SRC-product.png","contentUrl":"https:\/\/resources.fieldpiece.com\/wp-content\/uploads\/2021\/01\/SC260-SRC-product.png","width":470,"height":470,"caption":"SC260 - 400A Compact Clamp Meter With True RMS"},{"@type":"BreadcrumbList","@id":"https:\/\/www.fieldpiece.com\/es\/producto\/sc260-compact-clamp-meter-with-true-rms\/#breadcrumb","itemListElement":[{"@type":"ListItem","position":1,"name":"Home","item":"https:\/\/www.fieldpiece.com\/es\/"},{"@type":"ListItem","position":2,"name":"Shop","item":"https:\/\/www.fieldpiece.com\/shop\/"},{"@type":"ListItem","position":3,"name":"SC260 &#8211; Pinza amperim\u00e9trica compacta con indicaci\u00f3n de valor medio cuadr\u00e1tico (RMS) verdadero (valor eficaz verdadero)"}]},{"@type":"WebSite","@id":"https:\/\/www.fieldpiece.com\/es\/#website","url":"https:\/\/www.fieldpiece.com\/es\/","name":"Fieldpiece Instruments","description":"","publisher":{"@id":"https:\/\/www.fieldpiece.com\/es\/#organization"},"potentialAction":[{"@type":"SearchAction","target":{"@type":"EntryPoint","urlTemplate":"https:\/\/www.fieldpiece.com\/es\/?s={search_term_string}"},"query-input":{"@type":"PropertyValueSpecification","valueRequired":true,"valueName":"search_term_string"}}],"inLanguage":"es"},{"@type":"Organization","@id":"https:\/\/www.fieldpiece.com\/es\/#organization","name":"Fieldpiece Instruments","url":"https:\/\/www.fieldpiece.com\/es\/","logo":{"@type":"ImageObject","inLanguage":"es","@id":"https:\/\/www.fieldpiece.com\/es\/#\/schema\/logo\/image\/","url":"https:\/\/resources.fieldpiece.com\/wp-content\/uploads\/2021\/02\/Logos-490x358-1.jpg","contentUrl":"https:\/\/resources.fieldpiece.com\/wp-content\/uploads\/2021\/02\/Logos-490x358-1.jpg","width":490,"height":358,"caption":"Fieldpiece Instruments"},"image":{"@id":"https:\/\/www.fieldpiece.com\/es\/#\/schema\/logo\/image\/"}}]}},"_links":{"self":[{"href":"https:\/\/www.fieldpiece.com\/es\/wp-json\/wp\/v2\/product\/17442","targetHints":{"allow":["GET"]}}],"collection":[{"href":"https:\/\/www.fieldpiece.com\/es\/wp-json\/wp\/v2\/product"}],"about":[{"href":"https:\/\/www.fieldpiece.com\/es\/wp-json\/wp\/v2\/types\/product"}],"replies":[{"embeddable":true,"href":"https:\/\/www.fieldpiece.com\/es\/wp-json\/wp\/v2\/comments?post=17442"}],"wp:featuredmedia":[{"embeddable":true,"href":"https:\/\/www.fieldpiece.com\/es\/wp-json\/wp\/v2\/media\/17444"}],"wp:attachment":[{"href":"https:\/\/www.fieldpiece.com\/es\/wp-json\/wp\/v2\/media?parent=17442"}],"wp:term":[{"taxonomy":"product_brand","embeddable":true,"href":"https:\/\/www.fieldpiece.com\/es\/wp-json\/wp\/v2\/product_brand?post=17442"},{"taxonomy":"product_cat","embeddable":true,"href":"https:\/\/www.fieldpiece.com\/es\/wp-json\/wp\/v2\/product_cat?post=17442"},{"taxonomy":"product_tag","embeddable":true,"href":"https:\/\/www.fieldpiece.com\/es\/wp-json\/wp\/v2\/product_tag?post=17442"}],"curies":[{"name":"wp","href":"https:\/\/api.w.org\/{rel}","templated":true}]}}