	{"id":17417,"date":"2020-11-02T11:30:25","date_gmt":"2020-11-02T11:30:25","guid":{"rendered":"https:\/\/www.fieldpiece.com\/product\/mr45-digital-recovery-machine\/"},"modified":"2023-04-26T05:08:32","modified_gmt":"2023-04-26T12:08:32","slug":"mr45-digital-recovery-machine","status":"publish","type":"product","link":"https:\/\/www.fieldpiece.com\/es\/producto\/mr45-digital-recovery-machine\/","title":{"rendered":"MR45 &#8211; M\u00e1quina digital de recuperaci\u00f3n de refrigerante"},"content":{"rendered":"<p>Arranca y funciona f\u00e1cilmente a baja tensi\u00f3n<br \/>\nMinimiza las obstrucciones por l\u00edquido y maximiza la recuperaci\u00f3n del vapor<br \/>\nPuertos de f\u00e1cil acceso<br \/>\nResistente al agua para soportar la lluvia directa y preparada para R32  <\/p>\n<p><strong>Bienvenido a la revoluci\u00f3n de la recuperaci\u00f3n <\/strong> <\/p>\n<p>La m\u00e1quina de recuperaci\u00f3n de refrigerante MR45 de Fieldpiece incorpora un mecanismo de control del sistema integrado que ajusta el r\u00e9gimen del motor para manejar l\u00edquidos y funcionar el doble de r\u00e1pido con vapor.\u00a0 La MR45 tambi\u00e9n eleva la baja tensi\u00f3n del enchufe de alimentaci\u00f3n para suministrar plena potencia al motor all\u00ed donde las ca\u00eddas de alta tensi\u00f3n constituyen un problema.\u00a0 Gracias a su potente motor de 1 CV y a su condensador de gran tama\u00f1o, esta m\u00e1quina se destaca en trabajos de mayor duraci\u00f3n y temperatura.\u00a0 Su pantalla de f\u00e1cil lectura, bajo peso (10 kg, 22 libras), puertos rectos para conexi\u00f3n de mangueras y dial \u00fanico hacen que esta m\u00e1quina resulte f\u00e1cil de usar y lo suficientemente resistente para el uso diario, incluso bajo la lluvia. <\/p>\n<ul>\n<li>Protege frente a ca\u00eddas de tensi\u00f3n (funciona a solo 95 V CA) <\/li>\n<li>Purga autom\u00e1tica con un solo dial <\/li>\n<li>Duplica las rpm (3000) y la potencia (1 CV) con su motor de CC <\/li>\n<li>Su condensador extra grande refrigera m\u00e1s r\u00e1pido, especialmente en d\u00edas de calor <\/li>\n<li>Pesa solo 10 kg (22 lb) <\/li>\n<li>Resistente al agua para soportar la lluvia directa <\/li>\n<li>Puertos de f\u00e1cil acceso <\/li>\n<li>Larga vida \u00fatil y baja fricci\u00f3n gracias a sus cilindros de cer\u00e1mica <\/li>\n<li>Compresor de doble cilindro <\/li>\n<li>Conexiones de manguera sencillas y recogecables integrado para el cable de alimentaci\u00f3n <\/li>\n<li>Gran pantalla retroiluminada con mensajes de estado <\/li>\n<li>Preparada para A2L, R32 incluido <\/li>\n<\/ul>\n<p>Incluye: <\/p>\n<ul>\n<li>La mejor m\u00e1quina de recuperaci\u00f3n de refrigerante del mercado.\u00a0 Y un manual del operador.<\/li>\n<\/ul>\n","protected":false},"excerpt":{"rendered":"<p>Arranca y funciona f\u00e1cilmente a baja tensi\u00f3n Minimiza las obstrucciones por l\u00edquido y maximiza la recuperaci\u00f3n del vapor Puertos de &#8230;<\/p>\n","protected":false},"featured_media":118758,"comment_status":"open","ping_status":"closed","template":"","meta":{"_acf_changed":false},"product_brand":[],"product_cat":[129,128],"product_tag":[],"class_list":{"0":"post-17417","1":"product","2":"type-product","3":"status-publish","4":"has-post-thumbnail","6":"product_cat-recovery-machine-es-2","7":"product_cat-recovery-and-vacuum-es-2","9":"first","10":"instock","11":"shipping-taxable","12":"product-type-simple"},"acf":[],"yoast_head":"<!-- This site is optimized with the Yoast SEO plugin v27.2 - https:\/\/yoast.com\/product\/yoast-seo-wordpress\/ -->\n<title>MR45 - M\u00e1quina digital de recuperaci\u00f3n de refrigerante - Fieldpiece Instruments<\/title>\n<meta name=\"robots\" content=\"index, follow, max-snippet:-1, max-image-preview:large, max-video-preview:-1\" \/>\n<link rel=\"canonical\" href=\"https:\/\/www.fieldpiece.com\/es\/producto\/mr45-digital-recovery-machine\/\" \/>\n<meta property=\"og:locale\" content=\"es_ES\" \/>\n<meta property=\"og:type\" content=\"article\" \/>\n<meta property=\"og:title\" content=\"MR45 - M\u00e1quina digital de recuperaci\u00f3n de refrigerante - Fieldpiece Instruments\" \/>\n<meta property=\"og:description\" content=\"Arranca y funciona f\u00e1cilmente a baja tensi\u00f3n Minimiza las obstrucciones por l\u00edquido y maximiza la recuperaci\u00f3n del vapor Puertos de ...\" \/>\n<meta property=\"og:url\" content=\"https:\/\/www.fieldpiece.com\/es\/producto\/mr45-digital-recovery-machine\/\" \/>\n<meta property=\"og:site_name\" content=\"Fieldpiece Instruments\" \/>\n<meta property=\"article:modified_time\" content=\"2023-04-26T12:08:32+00:00\" \/>\n<meta property=\"og:image\" content=\"https:\/\/resources.fieldpiece.com\/wp-content\/uploads\/2020\/11\/MR45-Web-SRC-zeroStop-03.png\" \/>\n\t<meta property=\"og:image:width\" content=\"1000\" \/>\n\t<meta property=\"og:image:height\" content=\"1000\" \/>\n\t<meta property=\"og:image:type\" content=\"image\/png\" \/>\n<meta name=\"twitter:card\" content=\"summary_large_image\" \/>\n<meta name=\"twitter:label1\" content=\"Tiempo de lectura\" \/>\n\t<meta name=\"twitter:data1\" content=\"2 minutos\" \/>\n<script type=\"application\/ld+json\" class=\"yoast-schema-graph\">{\"@context\":\"https:\/\/schema.org\",\"@graph\":[{\"@type\":\"WebPage\",\"@id\":\"https:\/\/www.fieldpiece.com\/es\/producto\/mr45-digital-recovery-machine\/\",\"url\":\"https:\/\/www.fieldpiece.com\/es\/producto\/mr45-digital-recovery-machine\/\",\"name\":\"MR45 - M\u00e1quina digital de recuperaci\u00f3n de refrigerante - Fieldpiece Instruments\",\"isPartOf\":{\"@id\":\"https:\/\/www.fieldpiece.com\/es\/#website\"},\"primaryImageOfPage\":{\"@id\":\"https:\/\/www.fieldpiece.com\/es\/producto\/mr45-digital-recovery-machine\/#primaryimage\"},\"image\":{\"@id\":\"https:\/\/www.fieldpiece.com\/es\/producto\/mr45-digital-recovery-machine\/#primaryimage\"},\"thumbnailUrl\":\"https:\/\/resources.fieldpiece.com\/wp-content\/uploads\/2020\/11\/MR45-v02.png\",\"datePublished\":\"2020-11-02T11:30:25+00:00\",\"dateModified\":\"2023-04-26T12:08:32+00:00\",\"breadcrumb\":{\"@id\":\"https:\/\/www.fieldpiece.com\/es\/producto\/mr45-digital-recovery-machine\/#breadcrumb\"},\"inLanguage\":\"es\",\"potentialAction\":[{\"@type\":\"ReadAction\",\"target\":[\"https:\/\/www.fieldpiece.com\/es\/producto\/mr45-digital-recovery-machine\/\"]}]},{\"@type\":\"ImageObject\",\"inLanguage\":\"es\",\"@id\":\"https:\/\/www.fieldpiece.com\/es\/producto\/mr45-digital-recovery-machine\/#primaryimage\",\"url\":\"https:\/\/resources.fieldpiece.com\/wp-content\/uploads\/2020\/11\/MR45-v02.png\",\"contentUrl\":\"https:\/\/resources.fieldpiece.com\/wp-content\/uploads\/2020\/11\/MR45-v02.png\",\"width\":470,\"height\":470},{\"@type\":\"BreadcrumbList\",\"@id\":\"https:\/\/www.fieldpiece.com\/es\/producto\/mr45-digital-recovery-machine\/#breadcrumb\",\"itemListElement\":[{\"@type\":\"ListItem\",\"position\":1,\"name\":\"Home\",\"item\":\"https:\/\/www.fieldpiece.com\/es\/\"},{\"@type\":\"ListItem\",\"position\":2,\"name\":\"Shop\",\"item\":\"https:\/\/www.fieldpiece.com\/shop\/\"},{\"@type\":\"ListItem\",\"position\":3,\"name\":\"MR45 &#8211; M\u00e1quina digital de recuperaci\u00f3n de refrigerante\"}]},{\"@type\":\"WebSite\",\"@id\":\"https:\/\/www.fieldpiece.com\/es\/#website\",\"url\":\"https:\/\/www.fieldpiece.com\/es\/\",\"name\":\"Fieldpiece Instruments\",\"description\":\"\",\"publisher\":{\"@id\":\"https:\/\/www.fieldpiece.com\/es\/#organization\"},\"potentialAction\":[{\"@type\":\"SearchAction\",\"target\":{\"@type\":\"EntryPoint\",\"urlTemplate\":\"https:\/\/www.fieldpiece.com\/es\/?s={search_term_string}\"},\"query-input\":{\"@type\":\"PropertyValueSpecification\",\"valueRequired\":true,\"valueName\":\"search_term_string\"}}],\"inLanguage\":\"es\"},{\"@type\":\"Organization\",\"@id\":\"https:\/\/www.fieldpiece.com\/es\/#organization\",\"name\":\"Fieldpiece Instruments\",\"url\":\"https:\/\/www.fieldpiece.com\/es\/\",\"logo\":{\"@type\":\"ImageObject\",\"inLanguage\":\"es\",\"@id\":\"https:\/\/www.fieldpiece.com\/es\/#\/schema\/logo\/image\/\",\"url\":\"https:\/\/resources.fieldpiece.com\/wp-content\/uploads\/2021\/02\/Logos-490x358-1.jpg\",\"contentUrl\":\"https:\/\/resources.fieldpiece.com\/wp-content\/uploads\/2021\/02\/Logos-490x358-1.jpg\",\"width\":490,\"height\":358,\"caption\":\"Fieldpiece Instruments\"},\"image\":{\"@id\":\"https:\/\/www.fieldpiece.com\/es\/#\/schema\/logo\/image\/\"}}]}<\/script>\n<!-- \/ Yoast SEO plugin. -->","yoast_head_json":{"title":"MR45 - M\u00e1quina digital de recuperaci\u00f3n de refrigerante - Fieldpiece Instruments","robots":{"index":"index","follow":"follow","max-snippet":"max-snippet:-1","max-image-preview":"max-image-preview:large","max-video-preview":"max-video-preview:-1"},"canonical":"https:\/\/www.fieldpiece.com\/es\/producto\/mr45-digital-recovery-machine\/","og_locale":"es_ES","og_type":"article","og_title":"MR45 - M\u00e1quina digital de recuperaci\u00f3n de refrigerante - Fieldpiece Instruments","og_description":"Arranca y funciona f\u00e1cilmente a baja tensi\u00f3n Minimiza las obstrucciones por l\u00edquido y maximiza la recuperaci\u00f3n del vapor Puertos de ...","og_url":"https:\/\/www.fieldpiece.com\/es\/producto\/mr45-digital-recovery-machine\/","og_site_name":"Fieldpiece Instruments","article_modified_time":"2023-04-26T12:08:32+00:00","og_image":[{"width":1000,"height":1000,"url":"https:\/\/resources.fieldpiece.com\/wp-content\/uploads\/2020\/11\/MR45-Web-SRC-zeroStop-03.png","type":"image\/png"}],"twitter_card":"summary_large_image","twitter_misc":{"Tiempo de lectura":"2 minutos"},"schema":{"@context":"https:\/\/schema.org","@graph":[{"@type":"WebPage","@id":"https:\/\/www.fieldpiece.com\/es\/producto\/mr45-digital-recovery-machine\/","url":"https:\/\/www.fieldpiece.com\/es\/producto\/mr45-digital-recovery-machine\/","name":"MR45 - M\u00e1quina digital de recuperaci\u00f3n de refrigerante - Fieldpiece Instruments","isPartOf":{"@id":"https:\/\/www.fieldpiece.com\/es\/#website"},"primaryImageOfPage":{"@id":"https:\/\/www.fieldpiece.com\/es\/producto\/mr45-digital-recovery-machine\/#primaryimage"},"image":{"@id":"https:\/\/www.fieldpiece.com\/es\/producto\/mr45-digital-recovery-machine\/#primaryimage"},"thumbnailUrl":"https:\/\/resources.fieldpiece.com\/wp-content\/uploads\/2020\/11\/MR45-v02.png","datePublished":"2020-11-02T11:30:25+00:00","dateModified":"2023-04-26T12:08:32+00:00","breadcrumb":{"@id":"https:\/\/www.fieldpiece.com\/es\/producto\/mr45-digital-recovery-machine\/#breadcrumb"},"inLanguage":"es","potentialAction":[{"@type":"ReadAction","target":["https:\/\/www.fieldpiece.com\/es\/producto\/mr45-digital-recovery-machine\/"]}]},{"@type":"ImageObject","inLanguage":"es","@id":"https:\/\/www.fieldpiece.com\/es\/producto\/mr45-digital-recovery-machine\/#primaryimage","url":"https:\/\/resources.fieldpiece.com\/wp-content\/uploads\/2020\/11\/MR45-v02.png","contentUrl":"https:\/\/resources.fieldpiece.com\/wp-content\/uploads\/2020\/11\/MR45-v02.png","width":470,"height":470},{"@type":"BreadcrumbList","@id":"https:\/\/www.fieldpiece.com\/es\/producto\/mr45-digital-recovery-machine\/#breadcrumb","itemListElement":[{"@type":"ListItem","position":1,"name":"Home","item":"https:\/\/www.fieldpiece.com\/es\/"},{"@type":"ListItem","position":2,"name":"Shop","item":"https:\/\/www.fieldpiece.com\/shop\/"},{"@type":"ListItem","position":3,"name":"MR45 &#8211; M\u00e1quina digital de recuperaci\u00f3n de refrigerante"}]},{"@type":"WebSite","@id":"https:\/\/www.fieldpiece.com\/es\/#website","url":"https:\/\/www.fieldpiece.com\/es\/","name":"Fieldpiece Instruments","description":"","publisher":{"@id":"https:\/\/www.fieldpiece.com\/es\/#organization"},"potentialAction":[{"@type":"SearchAction","target":{"@type":"EntryPoint","urlTemplate":"https:\/\/www.fieldpiece.com\/es\/?s={search_term_string}"},"query-input":{"@type":"PropertyValueSpecification","valueRequired":true,"valueName":"search_term_string"}}],"inLanguage":"es"},{"@type":"Organization","@id":"https:\/\/www.fieldpiece.com\/es\/#organization","name":"Fieldpiece Instruments","url":"https:\/\/www.fieldpiece.com\/es\/","logo":{"@type":"ImageObject","inLanguage":"es","@id":"https:\/\/www.fieldpiece.com\/es\/#\/schema\/logo\/image\/","url":"https:\/\/resources.fieldpiece.com\/wp-content\/uploads\/2021\/02\/Logos-490x358-1.jpg","contentUrl":"https:\/\/resources.fieldpiece.com\/wp-content\/uploads\/2021\/02\/Logos-490x358-1.jpg","width":490,"height":358,"caption":"Fieldpiece Instruments"},"image":{"@id":"https:\/\/www.fieldpiece.com\/es\/#\/schema\/logo\/image\/"}}]}},"_links":{"self":[{"href":"https:\/\/www.fieldpiece.com\/es\/wp-json\/wp\/v2\/product\/17417","targetHints":{"allow":["GET"]}}],"collection":[{"href":"https:\/\/www.fieldpiece.com\/es\/wp-json\/wp\/v2\/product"}],"about":[{"href":"https:\/\/www.fieldpiece.com\/es\/wp-json\/wp\/v2\/types\/product"}],"replies":[{"embeddable":true,"href":"https:\/\/www.fieldpiece.com\/es\/wp-json\/wp\/v2\/comments?post=17417"}],"wp:featuredmedia":[{"embeddable":true,"href":"https:\/\/www.fieldpiece.com\/es\/wp-json\/wp\/v2\/media\/118758"}],"wp:attachment":[{"href":"https:\/\/www.fieldpiece.com\/es\/wp-json\/wp\/v2\/media?parent=17417"}],"wp:term":[{"taxonomy":"product_brand","embeddable":true,"href":"https:\/\/www.fieldpiece.com\/es\/wp-json\/wp\/v2\/product_brand?post=17417"},{"taxonomy":"product_cat","embeddable":true,"href":"https:\/\/www.fieldpiece.com\/es\/wp-json\/wp\/v2\/product_cat?post=17417"},{"taxonomy":"product_tag","embeddable":true,"href":"https:\/\/www.fieldpiece.com\/es\/wp-json\/wp\/v2\/product_tag?post=17417"}],"curies":[{"name":"wp","href":"https:\/\/api.w.org\/{rel}","templated":true}]}}