	{"id":17391,"date":"2020-11-03T11:28:44","date_gmt":"2023-04-26T12:06:41","guid":{"rendered":"https:\/\/www.fieldpiece.com\/product\/sta2-in-duct-hot-wire-anemometer\/"},"modified":"2023-04-26T23:38:27","modified_gmt":"2023-04-27T06:38:27","slug":"sta2-in-duct-hot-wire-anemometer","status":"publish","type":"product","link":"https:\/\/www.fieldpiece.com\/es\/producto\/sta2-in-duct-hot-wire-anemometer\/","title":{"rendered":"STA2 &#8211; Anem\u00f3metro de hilo caliente para mediciones en conductos"},"content":{"rendered":"<p>Equilibrado de aire en conductos, con respuesta r\u00e1pida<br \/>\nMinimiza el efecto de las turbulencias<br \/>\nPruebas con manos libres<br \/>\nSonda telesc\u00f3pica de 38&#8243; para medici\u00f3n transversal en conductos<br \/>\nSu pantalla doble muestra una combinaci\u00f3n de caudal en pies c\u00fabicos por minuto (PCM), velocidad del aire o temperatura en tiempo real <\/p>\n<p>El STA2 es un anem\u00f3metro de hilo caliente para mediciones en conductos, dise\u00f1ado para las necesidades de equilibrado de aire de los profesionales de la climatizaci\u00f3n.\u00a0 Su punta de sonda compacta hace que la medici\u00f3n directa de la velocidad del aire en conductos sea una tarea sencilla. Perfecto para atravesar conductos y calcular autom\u00e1ticamente el caudal en pies c\u00fabicos por minuto (PCM) sin la molestia y el gasto que supone usar una campana voluminosa.\u00a0 Su sonda telesc\u00f3pica de 38&#8243; con regla grabada a l\u00e1ser y bordes rebajados permite a los t\u00e9cnicos localizar el punto de medici\u00f3n adecuado dentro de un conducto y garantiza su correcta alineaci\u00f3n. <\/p>\n<p>Este anem\u00f3metro de hilo caliente para mediciones en conductos calcula r\u00e1pidamente el caudal en pies c\u00fabicos por minuto (CFM) a partir de la velocidad del aire y el \u00e1rea libre.\u00a0 Gracias a su intuitiva interfaz, el STA2 hace que capturar los datos correctos resulte sencillo<\/p>\n<p>* Mide la velocidad y la temperatura del aire<br \/>\n* Calcula el caudal en pies c\u00fabicos por minuto (PCM)<br \/>\n* Sonda telesc\u00f3pica delgada de 38&#8243; para medici\u00f3n transversal en conductos<br \/>\n* Respuesta r\u00e1pida<br \/>\n* Pantalla doble para la visualizaci\u00f3n combinada del caudal en PCM, velocidad del aire o temperatura en tiempo real<br \/>\n* Indicadores de profundidad y direcci\u00f3n<br \/>\n* Minimiza el efecto de las turbulencias mediante promedios de tiempo\/punto de prueba<br \/>\n* Pruebas con manos libres, con cono estabilizador y gancho magn\u00e9tico <\/p>\n<p>Incluye:  <\/p>\n<ul>\n<li>Anem\u00f3metro de hilo caliente &#8211; STA2<\/li>\n<li>Cono estabilizador<\/li>\n<li>Estuche moldeado por soplado con acolchado<\/li>\n<\/ul>\n","protected":false},"excerpt":{"rendered":"<p>Equilibrado de aire en conductos, con respuesta r\u00e1pida Minimiza el efecto de las turbulencias Pruebas con manos libres Sonda telesc\u00f3pica &#8230;<\/p>\n","protected":false},"featured_media":17393,"comment_status":"open","ping_status":"closed","template":"","meta":{"_acf_changed":false},"product_brand":[],"product_cat":[125],"product_tag":[],"class_list":{"0":"post-17391","1":"product","2":"type-product","3":"status-publish","4":"has-post-thumbnail","6":"product_cat-air-flow-and-temp-rh-esss","8":"first","9":"instock","10":"shipping-taxable","11":"product-type-simple"},"acf":[],"yoast_head":"<!-- This site is optimized with the Yoast SEO plugin v27.2 - https:\/\/yoast.com\/product\/yoast-seo-wordpress\/ -->\n<title>STA2 - Anem\u00f3metro de hilo caliente para mediciones en conductos - Fieldpiece Instruments<\/title>\n<meta name=\"robots\" content=\"index, follow, max-snippet:-1, max-image-preview:large, max-video-preview:-1\" \/>\n<link rel=\"canonical\" href=\"https:\/\/www.fieldpiece.com\/es\/producto\/sta2-in-duct-hot-wire-anemometer\/\" \/>\n<meta property=\"og:locale\" content=\"es_ES\" \/>\n<meta property=\"og:type\" content=\"article\" \/>\n<meta property=\"og:title\" content=\"STA2 - Anem\u00f3metro de hilo caliente para mediciones en conductos - Fieldpiece Instruments\" \/>\n<meta property=\"og:description\" content=\"Equilibrado de aire en conductos, con respuesta r\u00e1pida Minimiza el efecto de las turbulencias Pruebas con manos libres Sonda telesc\u00f3pica ...\" \/>\n<meta property=\"og:url\" content=\"https:\/\/www.fieldpiece.com\/es\/producto\/sta2-in-duct-hot-wire-anemometer\/\" \/>\n<meta property=\"og:site_name\" content=\"Fieldpiece Instruments\" \/>\n<meta property=\"article:modified_time\" content=\"2023-04-27T06:38:27+00:00\" \/>\n<meta property=\"og:image\" content=\"https:\/\/resources.fieldpiece.com\/wp-content\/uploads\/2020\/11\/STA2-SRC-Product.png\" \/>\n\t<meta property=\"og:image:width\" content=\"470\" \/>\n\t<meta property=\"og:image:height\" content=\"470\" \/>\n\t<meta property=\"og:image:type\" content=\"image\/png\" \/>\n<meta name=\"twitter:card\" content=\"summary_large_image\" \/>\n<meta name=\"twitter:label1\" content=\"Tiempo de lectura\" \/>\n\t<meta name=\"twitter:data1\" content=\"2 minutos\" \/>\n<script type=\"application\/ld+json\" class=\"yoast-schema-graph\">{\"@context\":\"https:\/\/schema.org\",\"@graph\":[{\"@type\":\"WebPage\",\"@id\":\"https:\/\/www.fieldpiece.com\/es\/producto\/sta2-in-duct-hot-wire-anemometer\/\",\"url\":\"https:\/\/www.fieldpiece.com\/es\/producto\/sta2-in-duct-hot-wire-anemometer\/\",\"name\":\"STA2 - Anem\u00f3metro de hilo caliente para mediciones en conductos - Fieldpiece Instruments\",\"isPartOf\":{\"@id\":\"https:\/\/www.fieldpiece.com\/es\/#website\"},\"primaryImageOfPage\":{\"@id\":\"https:\/\/www.fieldpiece.com\/es\/producto\/sta2-in-duct-hot-wire-anemometer\/#primaryimage\"},\"image\":{\"@id\":\"https:\/\/www.fieldpiece.com\/es\/producto\/sta2-in-duct-hot-wire-anemometer\/#primaryimage\"},\"thumbnailUrl\":\"https:\/\/resources.fieldpiece.com\/wp-content\/uploads\/2020\/11\/STA2-SRC-Product.png\",\"datePublished\":\"2023-04-26T12:06:41+00:00\",\"dateModified\":\"2023-04-27T06:38:27+00:00\",\"breadcrumb\":{\"@id\":\"https:\/\/www.fieldpiece.com\/es\/producto\/sta2-in-duct-hot-wire-anemometer\/#breadcrumb\"},\"inLanguage\":\"es\",\"potentialAction\":[{\"@type\":\"ReadAction\",\"target\":[\"https:\/\/www.fieldpiece.com\/es\/producto\/sta2-in-duct-hot-wire-anemometer\/\"]}]},{\"@type\":\"ImageObject\",\"inLanguage\":\"es\",\"@id\":\"https:\/\/www.fieldpiece.com\/es\/producto\/sta2-in-duct-hot-wire-anemometer\/#primaryimage\",\"url\":\"https:\/\/resources.fieldpiece.com\/wp-content\/uploads\/2020\/11\/STA2-SRC-Product.png\",\"contentUrl\":\"https:\/\/resources.fieldpiece.com\/wp-content\/uploads\/2020\/11\/STA2-SRC-Product.png\",\"width\":470,\"height\":470,\"caption\":\"STA2 - Hands Free Duct Hot Wire Anemometer\"},{\"@type\":\"BreadcrumbList\",\"@id\":\"https:\/\/www.fieldpiece.com\/es\/producto\/sta2-in-duct-hot-wire-anemometer\/#breadcrumb\",\"itemListElement\":[{\"@type\":\"ListItem\",\"position\":1,\"name\":\"Home\",\"item\":\"https:\/\/www.fieldpiece.com\/es\/\"},{\"@type\":\"ListItem\",\"position\":2,\"name\":\"Shop\",\"item\":\"https:\/\/www.fieldpiece.com\/shop\/\"},{\"@type\":\"ListItem\",\"position\":3,\"name\":\"STA2 &#8211; Anem\u00f3metro de hilo caliente para mediciones en conductos\"}]},{\"@type\":\"WebSite\",\"@id\":\"https:\/\/www.fieldpiece.com\/es\/#website\",\"url\":\"https:\/\/www.fieldpiece.com\/es\/\",\"name\":\"Fieldpiece Instruments\",\"description\":\"\",\"publisher\":{\"@id\":\"https:\/\/www.fieldpiece.com\/es\/#organization\"},\"potentialAction\":[{\"@type\":\"SearchAction\",\"target\":{\"@type\":\"EntryPoint\",\"urlTemplate\":\"https:\/\/www.fieldpiece.com\/es\/?s={search_term_string}\"},\"query-input\":{\"@type\":\"PropertyValueSpecification\",\"valueRequired\":true,\"valueName\":\"search_term_string\"}}],\"inLanguage\":\"es\"},{\"@type\":\"Organization\",\"@id\":\"https:\/\/www.fieldpiece.com\/es\/#organization\",\"name\":\"Fieldpiece Instruments\",\"url\":\"https:\/\/www.fieldpiece.com\/es\/\",\"logo\":{\"@type\":\"ImageObject\",\"inLanguage\":\"es\",\"@id\":\"https:\/\/www.fieldpiece.com\/es\/#\/schema\/logo\/image\/\",\"url\":\"https:\/\/resources.fieldpiece.com\/wp-content\/uploads\/2021\/02\/Logos-490x358-1.jpg\",\"contentUrl\":\"https:\/\/resources.fieldpiece.com\/wp-content\/uploads\/2021\/02\/Logos-490x358-1.jpg\",\"width\":490,\"height\":358,\"caption\":\"Fieldpiece Instruments\"},\"image\":{\"@id\":\"https:\/\/www.fieldpiece.com\/es\/#\/schema\/logo\/image\/\"}}]}<\/script>\n<!-- \/ Yoast SEO plugin. -->","yoast_head_json":{"title":"STA2 - Anem\u00f3metro de hilo caliente para mediciones en conductos - Fieldpiece Instruments","robots":{"index":"index","follow":"follow","max-snippet":"max-snippet:-1","max-image-preview":"max-image-preview:large","max-video-preview":"max-video-preview:-1"},"canonical":"https:\/\/www.fieldpiece.com\/es\/producto\/sta2-in-duct-hot-wire-anemometer\/","og_locale":"es_ES","og_type":"article","og_title":"STA2 - Anem\u00f3metro de hilo caliente para mediciones en conductos - Fieldpiece Instruments","og_description":"Equilibrado de aire en conductos, con respuesta r\u00e1pida Minimiza el efecto de las turbulencias Pruebas con manos libres Sonda telesc\u00f3pica ...","og_url":"https:\/\/www.fieldpiece.com\/es\/producto\/sta2-in-duct-hot-wire-anemometer\/","og_site_name":"Fieldpiece Instruments","article_modified_time":"2023-04-27T06:38:27+00:00","og_image":[{"width":470,"height":470,"url":"https:\/\/resources.fieldpiece.com\/wp-content\/uploads\/2020\/11\/STA2-SRC-Product.png","type":"image\/png"}],"twitter_card":"summary_large_image","twitter_misc":{"Tiempo de lectura":"2 minutos"},"schema":{"@context":"https:\/\/schema.org","@graph":[{"@type":"WebPage","@id":"https:\/\/www.fieldpiece.com\/es\/producto\/sta2-in-duct-hot-wire-anemometer\/","url":"https:\/\/www.fieldpiece.com\/es\/producto\/sta2-in-duct-hot-wire-anemometer\/","name":"STA2 - Anem\u00f3metro de hilo caliente para mediciones en conductos - Fieldpiece Instruments","isPartOf":{"@id":"https:\/\/www.fieldpiece.com\/es\/#website"},"primaryImageOfPage":{"@id":"https:\/\/www.fieldpiece.com\/es\/producto\/sta2-in-duct-hot-wire-anemometer\/#primaryimage"},"image":{"@id":"https:\/\/www.fieldpiece.com\/es\/producto\/sta2-in-duct-hot-wire-anemometer\/#primaryimage"},"thumbnailUrl":"https:\/\/resources.fieldpiece.com\/wp-content\/uploads\/2020\/11\/STA2-SRC-Product.png","datePublished":"2023-04-26T12:06:41+00:00","dateModified":"2023-04-27T06:38:27+00:00","breadcrumb":{"@id":"https:\/\/www.fieldpiece.com\/es\/producto\/sta2-in-duct-hot-wire-anemometer\/#breadcrumb"},"inLanguage":"es","potentialAction":[{"@type":"ReadAction","target":["https:\/\/www.fieldpiece.com\/es\/producto\/sta2-in-duct-hot-wire-anemometer\/"]}]},{"@type":"ImageObject","inLanguage":"es","@id":"https:\/\/www.fieldpiece.com\/es\/producto\/sta2-in-duct-hot-wire-anemometer\/#primaryimage","url":"https:\/\/resources.fieldpiece.com\/wp-content\/uploads\/2020\/11\/STA2-SRC-Product.png","contentUrl":"https:\/\/resources.fieldpiece.com\/wp-content\/uploads\/2020\/11\/STA2-SRC-Product.png","width":470,"height":470,"caption":"STA2 - Hands Free Duct Hot Wire Anemometer"},{"@type":"BreadcrumbList","@id":"https:\/\/www.fieldpiece.com\/es\/producto\/sta2-in-duct-hot-wire-anemometer\/#breadcrumb","itemListElement":[{"@type":"ListItem","position":1,"name":"Home","item":"https:\/\/www.fieldpiece.com\/es\/"},{"@type":"ListItem","position":2,"name":"Shop","item":"https:\/\/www.fieldpiece.com\/shop\/"},{"@type":"ListItem","position":3,"name":"STA2 &#8211; Anem\u00f3metro de hilo caliente para mediciones en conductos"}]},{"@type":"WebSite","@id":"https:\/\/www.fieldpiece.com\/es\/#website","url":"https:\/\/www.fieldpiece.com\/es\/","name":"Fieldpiece Instruments","description":"","publisher":{"@id":"https:\/\/www.fieldpiece.com\/es\/#organization"},"potentialAction":[{"@type":"SearchAction","target":{"@type":"EntryPoint","urlTemplate":"https:\/\/www.fieldpiece.com\/es\/?s={search_term_string}"},"query-input":{"@type":"PropertyValueSpecification","valueRequired":true,"valueName":"search_term_string"}}],"inLanguage":"es"},{"@type":"Organization","@id":"https:\/\/www.fieldpiece.com\/es\/#organization","name":"Fieldpiece Instruments","url":"https:\/\/www.fieldpiece.com\/es\/","logo":{"@type":"ImageObject","inLanguage":"es","@id":"https:\/\/www.fieldpiece.com\/es\/#\/schema\/logo\/image\/","url":"https:\/\/resources.fieldpiece.com\/wp-content\/uploads\/2021\/02\/Logos-490x358-1.jpg","contentUrl":"https:\/\/resources.fieldpiece.com\/wp-content\/uploads\/2021\/02\/Logos-490x358-1.jpg","width":490,"height":358,"caption":"Fieldpiece Instruments"},"image":{"@id":"https:\/\/www.fieldpiece.com\/es\/#\/schema\/logo\/image\/"}}]}},"_links":{"self":[{"href":"https:\/\/www.fieldpiece.com\/es\/wp-json\/wp\/v2\/product\/17391","targetHints":{"allow":["GET"]}}],"collection":[{"href":"https:\/\/www.fieldpiece.com\/es\/wp-json\/wp\/v2\/product"}],"about":[{"href":"https:\/\/www.fieldpiece.com\/es\/wp-json\/wp\/v2\/types\/product"}],"replies":[{"embeddable":true,"href":"https:\/\/www.fieldpiece.com\/es\/wp-json\/wp\/v2\/comments?post=17391"}],"wp:featuredmedia":[{"embeddable":true,"href":"https:\/\/www.fieldpiece.com\/es\/wp-json\/wp\/v2\/media\/17393"}],"wp:attachment":[{"href":"https:\/\/www.fieldpiece.com\/es\/wp-json\/wp\/v2\/media?parent=17391"}],"wp:term":[{"taxonomy":"product_brand","embeddable":true,"href":"https:\/\/www.fieldpiece.com\/es\/wp-json\/wp\/v2\/product_brand?post=17391"},{"taxonomy":"product_cat","embeddable":true,"href":"https:\/\/www.fieldpiece.com\/es\/wp-json\/wp\/v2\/product_cat?post=17391"},{"taxonomy":"product_tag","embeddable":true,"href":"https:\/\/www.fieldpiece.com\/es\/wp-json\/wp\/v2\/product_tag?post=17391"}],"curies":[{"name":"wp","href":"https:\/\/api.w.org\/{rel}","templated":true}]}}