	{"id":123635,"date":"2026-01-21T07:28:36","date_gmt":"2026-01-21T15:28:36","guid":{"rendered":"https:\/\/www.fieldpiece.com\/?post_type=product&#038;p=123635"},"modified":"2026-02-12T06:22:27","modified_gmt":"2026-02-12T14:22:27","slug":"juego-de-manometros-analogicos-gs422f-con-colector-de-4-puertos","status":"publish","type":"product","link":"https:\/\/www.fieldpiece.com\/es\/producto\/juego-de-manometros-analogicos-gs422f-con-colector-de-4-puertos\/","title":{"rendered":"GS422F &#8211; Juego de man\u00f3metros anal\u00f3gicos GS422F con colector de 4 puertos"},"content":{"rendered":"<ul>\n<li style=\"font-weight: 400;\">Cuatro anillos de temperatura de saturaci\u00f3n de refrigerante: R22\/R32\/R454B\/R410A<\/li>\n<li>Mirilla integrada para ver el flujo de refrigerante<\/li>\n<li>Marcador de presi\u00f3n giratorio<\/li>\n<li>Soportes de manguera intercambiables (1\/4\u201d est\u00e1ndar, 5\/16\u201d opcional)<\/li>\n<li>Perillas de v\u00e1lvula de alto agarre para una operaci\u00f3n sencilla<\/li>\n<li>V\u00e1lvulas de pist\u00f3n para un control preciso<\/li>\n<li>Carcasa protectora de goma<\/li>\n<li>Gancho para colgar que gira y se pliega dentro de la carcasa<\/li>\n<\/ul>\n<p><strong>Dise\u00f1ado para el rendimiento<br \/>\n<\/strong>Hay tranquilidad al confiar en las herramientas con las que te formaste \u2013 herramientas que se sienten familiares. Los juegos de man\u00f3metros anal\u00f3gicos Fieldpiece son compa\u00f1eros resistentes y confiables en los que puedes confiar para el diagn\u00f3stico del sistema, la recuperaci\u00f3n de refrigerante, las pruebas de presi\u00f3n y la carga. El GS422F est\u00e1 equipado con cuatro anillos de temperatura de saturaci\u00f3n de refrigerante y un marcador de presi\u00f3n giratorio para maximizar el uso y minimizar los costos. Dise\u00f1ado para soportar el inevitable desgaste en el lugar de trabajo y ofrecer lecturas claras y precisas \u2013 trabajar\u00e1s con confianza en todo momento.<\/p>\n<p><strong>Incluye:<\/strong><br \/>\n\u2022 GS422F Manifold de 4 puertos<br \/>\n\u2022 (1) Manual del operador<\/p>\n","protected":false},"excerpt":{"rendered":"<p>Cuatro anillos de temperatura de saturaci\u00f3n de refrigerante: R22\/R32\/R454B\/R410A Mirilla integrada para ver el flujo de refrigerante Marcador de presi\u00f3n &#8230;<\/p>\n","protected":false},"featured_media":123513,"comment_status":"open","ping_status":"closed","template":"","meta":{"_acf_changed":false},"product_brand":[],"product_cat":[805],"product_tag":[],"class_list":{"0":"post-123635","1":"product","2":"type-product","3":"status-publish","4":"has-post-thumbnail","6":"product_cat-juegos-de-indicadores-analogicos","8":"first","9":"instock","10":"shipping-taxable","11":"product-type-simple"},"acf":[],"yoast_head":"<!-- This site is optimized with the Yoast SEO plugin v27.3 - https:\/\/yoast.com\/product\/yoast-seo-wordpress\/ -->\n<title>GS422F - Juego de man\u00f3metros anal\u00f3gicos GS422F con colector de 4 puertos - Fieldpiece Instruments<\/title>\n<meta name=\"description\" content=\"Descubra nuestro juego de man\u00f3metros anal\u00f3gicos para colector de refrigerante de 4 puertos. Este juego de man\u00f3metros incluye cuatro anillos de temperatura de saturaci\u00f3n del refrigerante y mucho m\u00e1s.\" \/>\n<meta name=\"robots\" content=\"index, follow, max-snippet:-1, max-image-preview:large, max-video-preview:-1\" \/>\n<link rel=\"canonical\" href=\"https:\/\/www.fieldpiece.com\/es\/producto\/juego-de-manometros-analogicos-gs422f-con-colector-de-4-puertos\/\" \/>\n<meta property=\"og:locale\" content=\"es_ES\" \/>\n<meta property=\"og:type\" content=\"article\" \/>\n<meta property=\"og:title\" content=\"GS422F - Juego de man\u00f3metros anal\u00f3gicos GS422F con colector de 4 puertos - Fieldpiece Instruments\" \/>\n<meta property=\"og:description\" content=\"Descubra nuestro juego de man\u00f3metros anal\u00f3gicos para colector de refrigerante de 4 puertos. Este juego de man\u00f3metros incluye cuatro anillos de temperatura de saturaci\u00f3n del refrigerante y mucho m\u00e1s.\" \/>\n<meta property=\"og:url\" content=\"https:\/\/www.fieldpiece.com\/es\/producto\/juego-de-manometros-analogicos-gs422f-con-colector-de-4-puertos\/\" \/>\n<meta property=\"og:site_name\" content=\"Fieldpiece Instruments\" \/>\n<meta property=\"article:modified_time\" content=\"2026-02-12T14:22:27+00:00\" \/>\n<meta property=\"og:image\" content=\"https:\/\/resources.fieldpiece.com\/wp-content\/uploads\/2026\/01\/GS422F-470x470-01.png\" \/>\n\t<meta property=\"og:image:width\" content=\"470\" \/>\n\t<meta property=\"og:image:height\" content=\"470\" \/>\n\t<meta property=\"og:image:type\" content=\"image\/png\" \/>\n<meta name=\"twitter:card\" content=\"summary_large_image\" \/>\n<meta name=\"twitter:label1\" content=\"Tiempo de lectura\" \/>\n\t<meta name=\"twitter:data1\" content=\"1 minuto\" \/>\n<script type=\"application\/ld+json\" class=\"yoast-schema-graph\">{\"@context\":\"https:\\\/\\\/schema.org\",\"@graph\":[{\"@type\":\"WebPage\",\"@id\":\"https:\\\/\\\/www.fieldpiece.com\\\/es\\\/producto\\\/juego-de-manometros-analogicos-gs422f-con-colector-de-4-puertos\\\/\",\"url\":\"https:\\\/\\\/www.fieldpiece.com\\\/es\\\/producto\\\/juego-de-manometros-analogicos-gs422f-con-colector-de-4-puertos\\\/\",\"name\":\"GS422F - Juego de man\u00f3metros anal\u00f3gicos GS422F con colector de 4 puertos - Fieldpiece Instruments\",\"isPartOf\":{\"@id\":\"https:\\\/\\\/www.fieldpiece.com\\\/es\\\/#website\"},\"primaryImageOfPage\":{\"@id\":\"https:\\\/\\\/www.fieldpiece.com\\\/es\\\/producto\\\/juego-de-manometros-analogicos-gs422f-con-colector-de-4-puertos\\\/#primaryimage\"},\"image\":{\"@id\":\"https:\\\/\\\/www.fieldpiece.com\\\/es\\\/producto\\\/juego-de-manometros-analogicos-gs422f-con-colector-de-4-puertos\\\/#primaryimage\"},\"thumbnailUrl\":\"https:\\\/\\\/resources.fieldpiece.com\\\/wp-content\\\/uploads\\\/2026\\\/01\\\/GS422F-470x470-01.png\",\"datePublished\":\"2026-01-21T15:28:36+00:00\",\"dateModified\":\"2026-02-12T14:22:27+00:00\",\"description\":\"Descubra nuestro juego de man\u00f3metros anal\u00f3gicos para colector de refrigerante de 4 puertos. Este juego de man\u00f3metros incluye cuatro anillos de temperatura de saturaci\u00f3n del refrigerante y mucho m\u00e1s.\",\"breadcrumb\":{\"@id\":\"https:\\\/\\\/www.fieldpiece.com\\\/es\\\/producto\\\/juego-de-manometros-analogicos-gs422f-con-colector-de-4-puertos\\\/#breadcrumb\"},\"inLanguage\":\"es\",\"potentialAction\":[{\"@type\":\"ReadAction\",\"target\":[\"https:\\\/\\\/www.fieldpiece.com\\\/es\\\/producto\\\/juego-de-manometros-analogicos-gs422f-con-colector-de-4-puertos\\\/\"]}]},{\"@type\":\"ImageObject\",\"inLanguage\":\"es\",\"@id\":\"https:\\\/\\\/www.fieldpiece.com\\\/es\\\/producto\\\/juego-de-manometros-analogicos-gs422f-con-colector-de-4-puertos\\\/#primaryimage\",\"url\":\"https:\\\/\\\/resources.fieldpiece.com\\\/wp-content\\\/uploads\\\/2026\\\/01\\\/GS422F-470x470-01.png\",\"contentUrl\":\"https:\\\/\\\/resources.fieldpiece.com\\\/wp-content\\\/uploads\\\/2026\\\/01\\\/GS422F-470x470-01.png\",\"width\":470,\"height\":470},{\"@type\":\"BreadcrumbList\",\"@id\":\"https:\\\/\\\/www.fieldpiece.com\\\/es\\\/producto\\\/juego-de-manometros-analogicos-gs422f-con-colector-de-4-puertos\\\/#breadcrumb\",\"itemListElement\":[{\"@type\":\"ListItem\",\"position\":1,\"name\":\"Home\",\"item\":\"https:\\\/\\\/www.fieldpiece.com\\\/es\\\/\"},{\"@type\":\"ListItem\",\"position\":2,\"name\":\"Shop\",\"item\":\"https:\\\/\\\/www.fieldpiece.com\\\/shop\\\/\"},{\"@type\":\"ListItem\",\"position\":3,\"name\":\"GS422F &#8211; Juego de man\u00f3metros anal\u00f3gicos GS422F con colector de 4 puertos\"}]},{\"@type\":\"WebSite\",\"@id\":\"https:\\\/\\\/www.fieldpiece.com\\\/es\\\/#website\",\"url\":\"https:\\\/\\\/www.fieldpiece.com\\\/es\\\/\",\"name\":\"Fieldpiece Instruments\",\"description\":\"\",\"publisher\":{\"@id\":\"https:\\\/\\\/www.fieldpiece.com\\\/es\\\/#organization\"},\"potentialAction\":[{\"@type\":\"SearchAction\",\"target\":{\"@type\":\"EntryPoint\",\"urlTemplate\":\"https:\\\/\\\/www.fieldpiece.com\\\/es\\\/?s={search_term_string}\"},\"query-input\":{\"@type\":\"PropertyValueSpecification\",\"valueRequired\":true,\"valueName\":\"search_term_string\"}}],\"inLanguage\":\"es\"},{\"@type\":\"Organization\",\"@id\":\"https:\\\/\\\/www.fieldpiece.com\\\/es\\\/#organization\",\"name\":\"Fieldpiece Instruments\",\"url\":\"https:\\\/\\\/www.fieldpiece.com\\\/es\\\/\",\"logo\":{\"@type\":\"ImageObject\",\"inLanguage\":\"es\",\"@id\":\"https:\\\/\\\/www.fieldpiece.com\\\/es\\\/#\\\/schema\\\/logo\\\/image\\\/\",\"url\":\"https:\\\/\\\/resources.fieldpiece.com\\\/wp-content\\\/uploads\\\/2021\\\/02\\\/Logos-490x358-1.jpg\",\"contentUrl\":\"https:\\\/\\\/resources.fieldpiece.com\\\/wp-content\\\/uploads\\\/2021\\\/02\\\/Logos-490x358-1.jpg\",\"width\":490,\"height\":358,\"caption\":\"Fieldpiece Instruments\"},\"image\":{\"@id\":\"https:\\\/\\\/www.fieldpiece.com\\\/es\\\/#\\\/schema\\\/logo\\\/image\\\/\"}}]}<\/script>\n<!-- \/ Yoast SEO plugin. -->","yoast_head_json":{"title":"GS422F - Juego de man\u00f3metros anal\u00f3gicos GS422F con colector de 4 puertos - Fieldpiece Instruments","description":"Descubra nuestro juego de man\u00f3metros anal\u00f3gicos para colector de refrigerante de 4 puertos. Este juego de man\u00f3metros incluye cuatro anillos de temperatura de saturaci\u00f3n del refrigerante y mucho m\u00e1s.","robots":{"index":"index","follow":"follow","max-snippet":"max-snippet:-1","max-image-preview":"max-image-preview:large","max-video-preview":"max-video-preview:-1"},"canonical":"https:\/\/www.fieldpiece.com\/es\/producto\/juego-de-manometros-analogicos-gs422f-con-colector-de-4-puertos\/","og_locale":"es_ES","og_type":"article","og_title":"GS422F - Juego de man\u00f3metros anal\u00f3gicos GS422F con colector de 4 puertos - Fieldpiece Instruments","og_description":"Descubra nuestro juego de man\u00f3metros anal\u00f3gicos para colector de refrigerante de 4 puertos. Este juego de man\u00f3metros incluye cuatro anillos de temperatura de saturaci\u00f3n del refrigerante y mucho m\u00e1s.","og_url":"https:\/\/www.fieldpiece.com\/es\/producto\/juego-de-manometros-analogicos-gs422f-con-colector-de-4-puertos\/","og_site_name":"Fieldpiece Instruments","article_modified_time":"2026-02-12T14:22:27+00:00","og_image":[{"width":470,"height":470,"url":"https:\/\/resources.fieldpiece.com\/wp-content\/uploads\/2026\/01\/GS422F-470x470-01.png","type":"image\/png"}],"twitter_card":"summary_large_image","twitter_misc":{"Tiempo de lectura":"1 minuto"},"schema":{"@context":"https:\/\/schema.org","@graph":[{"@type":"WebPage","@id":"https:\/\/www.fieldpiece.com\/es\/producto\/juego-de-manometros-analogicos-gs422f-con-colector-de-4-puertos\/","url":"https:\/\/www.fieldpiece.com\/es\/producto\/juego-de-manometros-analogicos-gs422f-con-colector-de-4-puertos\/","name":"GS422F - Juego de man\u00f3metros anal\u00f3gicos GS422F con colector de 4 puertos - Fieldpiece Instruments","isPartOf":{"@id":"https:\/\/www.fieldpiece.com\/es\/#website"},"primaryImageOfPage":{"@id":"https:\/\/www.fieldpiece.com\/es\/producto\/juego-de-manometros-analogicos-gs422f-con-colector-de-4-puertos\/#primaryimage"},"image":{"@id":"https:\/\/www.fieldpiece.com\/es\/producto\/juego-de-manometros-analogicos-gs422f-con-colector-de-4-puertos\/#primaryimage"},"thumbnailUrl":"https:\/\/resources.fieldpiece.com\/wp-content\/uploads\/2026\/01\/GS422F-470x470-01.png","datePublished":"2026-01-21T15:28:36+00:00","dateModified":"2026-02-12T14:22:27+00:00","description":"Descubra nuestro juego de man\u00f3metros anal\u00f3gicos para colector de refrigerante de 4 puertos. Este juego de man\u00f3metros incluye cuatro anillos de temperatura de saturaci\u00f3n del refrigerante y mucho m\u00e1s.","breadcrumb":{"@id":"https:\/\/www.fieldpiece.com\/es\/producto\/juego-de-manometros-analogicos-gs422f-con-colector-de-4-puertos\/#breadcrumb"},"inLanguage":"es","potentialAction":[{"@type":"ReadAction","target":["https:\/\/www.fieldpiece.com\/es\/producto\/juego-de-manometros-analogicos-gs422f-con-colector-de-4-puertos\/"]}]},{"@type":"ImageObject","inLanguage":"es","@id":"https:\/\/www.fieldpiece.com\/es\/producto\/juego-de-manometros-analogicos-gs422f-con-colector-de-4-puertos\/#primaryimage","url":"https:\/\/resources.fieldpiece.com\/wp-content\/uploads\/2026\/01\/GS422F-470x470-01.png","contentUrl":"https:\/\/resources.fieldpiece.com\/wp-content\/uploads\/2026\/01\/GS422F-470x470-01.png","width":470,"height":470},{"@type":"BreadcrumbList","@id":"https:\/\/www.fieldpiece.com\/es\/producto\/juego-de-manometros-analogicos-gs422f-con-colector-de-4-puertos\/#breadcrumb","itemListElement":[{"@type":"ListItem","position":1,"name":"Home","item":"https:\/\/www.fieldpiece.com\/es\/"},{"@type":"ListItem","position":2,"name":"Shop","item":"https:\/\/www.fieldpiece.com\/shop\/"},{"@type":"ListItem","position":3,"name":"GS422F &#8211; Juego de man\u00f3metros anal\u00f3gicos GS422F con colector de 4 puertos"}]},{"@type":"WebSite","@id":"https:\/\/www.fieldpiece.com\/es\/#website","url":"https:\/\/www.fieldpiece.com\/es\/","name":"Fieldpiece Instruments","description":"","publisher":{"@id":"https:\/\/www.fieldpiece.com\/es\/#organization"},"potentialAction":[{"@type":"SearchAction","target":{"@type":"EntryPoint","urlTemplate":"https:\/\/www.fieldpiece.com\/es\/?s={search_term_string}"},"query-input":{"@type":"PropertyValueSpecification","valueRequired":true,"valueName":"search_term_string"}}],"inLanguage":"es"},{"@type":"Organization","@id":"https:\/\/www.fieldpiece.com\/es\/#organization","name":"Fieldpiece Instruments","url":"https:\/\/www.fieldpiece.com\/es\/","logo":{"@type":"ImageObject","inLanguage":"es","@id":"https:\/\/www.fieldpiece.com\/es\/#\/schema\/logo\/image\/","url":"https:\/\/resources.fieldpiece.com\/wp-content\/uploads\/2021\/02\/Logos-490x358-1.jpg","contentUrl":"https:\/\/resources.fieldpiece.com\/wp-content\/uploads\/2021\/02\/Logos-490x358-1.jpg","width":490,"height":358,"caption":"Fieldpiece Instruments"},"image":{"@id":"https:\/\/www.fieldpiece.com\/es\/#\/schema\/logo\/image\/"}}]}},"_links":{"self":[{"href":"https:\/\/www.fieldpiece.com\/es\/wp-json\/wp\/v2\/product\/123635","targetHints":{"allow":["GET"]}}],"collection":[{"href":"https:\/\/www.fieldpiece.com\/es\/wp-json\/wp\/v2\/product"}],"about":[{"href":"https:\/\/www.fieldpiece.com\/es\/wp-json\/wp\/v2\/types\/product"}],"replies":[{"embeddable":true,"href":"https:\/\/www.fieldpiece.com\/es\/wp-json\/wp\/v2\/comments?post=123635"}],"wp:featuredmedia":[{"embeddable":true,"href":"https:\/\/www.fieldpiece.com\/es\/wp-json\/wp\/v2\/media\/123513"}],"wp:attachment":[{"href":"https:\/\/www.fieldpiece.com\/es\/wp-json\/wp\/v2\/media?parent=123635"}],"wp:term":[{"taxonomy":"product_brand","embeddable":true,"href":"https:\/\/www.fieldpiece.com\/es\/wp-json\/wp\/v2\/product_brand?post=123635"},{"taxonomy":"product_cat","embeddable":true,"href":"https:\/\/www.fieldpiece.com\/es\/wp-json\/wp\/v2\/product_cat?post=123635"},{"taxonomy":"product_tag","embeddable":true,"href":"https:\/\/www.fieldpiece.com\/es\/wp-json\/wp\/v2\/product_tag?post=123635"}],"curies":[{"name":"wp","href":"https:\/\/api.w.org\/{rel}","templated":true}]}}