	{"id":123108,"date":"2025-02-26T05:44:22","date_gmt":"2025-02-26T13:44:22","guid":{"rendered":"https:\/\/www.fieldpiece.com\/product\/drx3-all-in-one-refrigerant-leak-detector\/"},"modified":"2026-03-02T06:33:56","modified_gmt":"2026-03-02T14:33:56","slug":"detector-de-fugas-de-refrigerante-todo-en-uno-drx3","status":"publish","type":"product","link":"https:\/\/www.fieldpiece.com\/es\/producto\/detector-de-fugas-de-refrigerante-todo-en-uno-drx3\/","title":{"rendered":"DRX3 &#8211; Detector de fugas de refrigerante y gas combustible"},"content":{"rendered":"<ul>\n<li>Detecta refrigerantes A3, A2L, A1 y gases combustibles<\/li>\n<li>Sensor de diodo calentado, preciso y reemplazable en campo<\/li>\n<li>Bater\u00edas de larga duraci\u00f3n reemplazables en campo<\/li>\n<li>Modos de cero autom\u00e1tico y manual<\/li>\n<li>Configuraciones de sensibilidad alta, media y baja<\/li>\n<li>Aplicaci\u00f3n del sistema Job Link\u00ae conectada<\/li>\n<\/ul>\n<p><strong>Encuentre fugas r\u00e1pidamente.<br \/>\n<\/strong>Viaja ligero con una herramienta, un sensor, de forma r\u00e1pida y<br \/>\nDetecta con precisi\u00f3n HC, HFC, HCFC, CFC, HFO, H2\/N2 (gas trazador) y mezclas de refrigerantes, as\u00ed como gases de calefacci\u00f3n. El DRX3 est\u00e1 dise\u00f1ado para brindar rendimiento y seguridad, cumpliendo con los requisitos de ubicaciones peligrosas ATEX Zona 2 y Clase I, divisi\u00f3n 2.<\/p>\n<p>El DRX3, liviano y resistente, lo ayuda a localizar fugas en el sistema r\u00e1pidamente con m\u00faltiples indicadores visuales y de audio que cambian con la intensidad de la fuga<strong>:<\/strong><\/p>\n<ul>\n<li>LED parpadeante en la punta de la sonda<\/li>\n<li>Alarma fuerte y audible<\/li>\n<li>Visualizaci\u00f3n gr\u00e1fica y num\u00e9rica<\/li>\n<li>En vivo en la aplicaci\u00f3n Job Link System<\/li>\n<\/ul>\n<p><strong><em>Aligere su bolsa de herramientas con el detector de fugas DRX3 todo en uno.<\/em><\/strong><\/p>\n<p><strong>Qu\u00e9 est\u00e1 incluido<\/strong><\/p>\n<ul>\n<li style=\"list-style-type: none;\">\n<ul>\n<li>(1) Detector de fugas de refrigerante con diodo calentado &#8211; DRX3<\/li>\n<li>(1) Estuche moldeado por soplado<\/li>\n<li>(1) Sensor de diodo calentado \u2013 RXA3<\/li>\n<\/ul>\n<\/li>\n<\/ul>\n","protected":false},"excerpt":{"rendered":"<p>Detecta refrigerantes A3, A2L, A1 y gases combustibles Sensor de diodo calentado, preciso y reemplazable en campo Bater\u00edas de larga &#8230;<\/p>\n","protected":false},"featured_media":122314,"comment_status":"open","ping_status":"closed","template":"","meta":{"_acf_changed":false},"product_brand":[],"product_cat":[154],"product_tag":[],"class_list":{"0":"post-123108","1":"product","2":"type-product","3":"status-publish","4":"has-post-thumbnail","6":"product_cat-leak-detectors-es-2","8":"first","9":"instock","10":"shipping-taxable","11":"product-type-simple"},"acf":[],"yoast_head":"<!-- This site is optimized with the Yoast SEO plugin v27.3 - https:\/\/yoast.com\/product\/yoast-seo-wordpress\/ -->\n<title>Detector de Fugas Refrigerante DRX3 | Fieldpiece<\/title>\n<meta name=\"description\" content=\"The DRX3 all in one refrigerant leak detector helps locate leaks quickly improving safety and efficiency during HVAC service calls daily onsite work.\" \/>\n<meta name=\"robots\" content=\"index, follow, max-snippet:-1, max-image-preview:large, max-video-preview:-1\" \/>\n<link rel=\"canonical\" href=\"https:\/\/www.fieldpiece.com\/es\/producto\/detector-de-fugas-de-refrigerante-todo-en-uno-drx3\/\" \/>\n<meta property=\"og:locale\" content=\"es_ES\" \/>\n<meta property=\"og:type\" content=\"article\" \/>\n<meta property=\"og:title\" content=\"Detector de Fugas Refrigerante DRX3 | Fieldpiece\" \/>\n<meta property=\"og:description\" content=\"The DRX3 all in one refrigerant leak detector helps locate leaks quickly improving safety and efficiency during HVAC service calls daily onsite work.\" \/>\n<meta property=\"og:url\" content=\"https:\/\/www.fieldpiece.com\/es\/producto\/detector-de-fugas-de-refrigerante-todo-en-uno-drx3\/\" \/>\n<meta property=\"og:site_name\" content=\"Fieldpiece Instruments\" \/>\n<meta property=\"article:modified_time\" content=\"2026-03-02T14:33:56+00:00\" \/>\n<meta property=\"og:image\" content=\"https:\/\/resources.fieldpiece.com\/wp-content\/uploads\/2025\/02\/DRX3-470x470-1.png\" \/>\n\t<meta property=\"og:image:width\" content=\"470\" \/>\n\t<meta property=\"og:image:height\" content=\"470\" \/>\n\t<meta property=\"og:image:type\" content=\"image\/png\" \/>\n<meta name=\"twitter:card\" content=\"summary_large_image\" \/>\n<meta name=\"twitter:label1\" content=\"Tiempo de lectura\" \/>\n\t<meta name=\"twitter:data1\" content=\"2 minutos\" \/>\n<script type=\"application\/ld+json\" class=\"yoast-schema-graph\">{\"@context\":\"https:\\\/\\\/schema.org\",\"@graph\":[{\"@type\":\"WebPage\",\"@id\":\"https:\\\/\\\/www.fieldpiece.com\\\/es\\\/producto\\\/detector-de-fugas-de-refrigerante-todo-en-uno-drx3\\\/\",\"url\":\"https:\\\/\\\/www.fieldpiece.com\\\/es\\\/producto\\\/detector-de-fugas-de-refrigerante-todo-en-uno-drx3\\\/\",\"name\":\"Detector de Fugas Refrigerante DRX3 | Fieldpiece\",\"isPartOf\":{\"@id\":\"https:\\\/\\\/www.fieldpiece.com\\\/es\\\/#website\"},\"primaryImageOfPage\":{\"@id\":\"https:\\\/\\\/www.fieldpiece.com\\\/es\\\/producto\\\/detector-de-fugas-de-refrigerante-todo-en-uno-drx3\\\/#primaryimage\"},\"image\":{\"@id\":\"https:\\\/\\\/www.fieldpiece.com\\\/es\\\/producto\\\/detector-de-fugas-de-refrigerante-todo-en-uno-drx3\\\/#primaryimage\"},\"thumbnailUrl\":\"https:\\\/\\\/resources.fieldpiece.com\\\/wp-content\\\/uploads\\\/2025\\\/02\\\/DRX3-470x470-1.png\",\"datePublished\":\"2025-02-26T13:44:22+00:00\",\"dateModified\":\"2026-03-02T14:33:56+00:00\",\"description\":\"The DRX3 all in one refrigerant leak detector helps locate leaks quickly improving safety and efficiency during HVAC service calls daily onsite work.\",\"breadcrumb\":{\"@id\":\"https:\\\/\\\/www.fieldpiece.com\\\/es\\\/producto\\\/detector-de-fugas-de-refrigerante-todo-en-uno-drx3\\\/#breadcrumb\"},\"inLanguage\":\"es\",\"potentialAction\":[{\"@type\":\"ReadAction\",\"target\":[\"https:\\\/\\\/www.fieldpiece.com\\\/es\\\/producto\\\/detector-de-fugas-de-refrigerante-todo-en-uno-drx3\\\/\"]}]},{\"@type\":\"ImageObject\",\"inLanguage\":\"es\",\"@id\":\"https:\\\/\\\/www.fieldpiece.com\\\/es\\\/producto\\\/detector-de-fugas-de-refrigerante-todo-en-uno-drx3\\\/#primaryimage\",\"url\":\"https:\\\/\\\/resources.fieldpiece.com\\\/wp-content\\\/uploads\\\/2025\\\/02\\\/DRX3-470x470-1.png\",\"contentUrl\":\"https:\\\/\\\/resources.fieldpiece.com\\\/wp-content\\\/uploads\\\/2025\\\/02\\\/DRX3-470x470-1.png\",\"width\":470,\"height\":470},{\"@type\":\"BreadcrumbList\",\"@id\":\"https:\\\/\\\/www.fieldpiece.com\\\/es\\\/producto\\\/detector-de-fugas-de-refrigerante-todo-en-uno-drx3\\\/#breadcrumb\",\"itemListElement\":[{\"@type\":\"ListItem\",\"position\":1,\"name\":\"Home\",\"item\":\"https:\\\/\\\/www.fieldpiece.com\\\/es\\\/\"},{\"@type\":\"ListItem\",\"position\":2,\"name\":\"Shop\",\"item\":\"https:\\\/\\\/www.fieldpiece.com\\\/shop\\\/\"},{\"@type\":\"ListItem\",\"position\":3,\"name\":\"DRX3 &#8211; Detector de fugas de refrigerante y gas combustible\"}]},{\"@type\":\"WebSite\",\"@id\":\"https:\\\/\\\/www.fieldpiece.com\\\/es\\\/#website\",\"url\":\"https:\\\/\\\/www.fieldpiece.com\\\/es\\\/\",\"name\":\"Fieldpiece Instruments\",\"description\":\"\",\"publisher\":{\"@id\":\"https:\\\/\\\/www.fieldpiece.com\\\/es\\\/#organization\"},\"potentialAction\":[{\"@type\":\"SearchAction\",\"target\":{\"@type\":\"EntryPoint\",\"urlTemplate\":\"https:\\\/\\\/www.fieldpiece.com\\\/es\\\/?s={search_term_string}\"},\"query-input\":{\"@type\":\"PropertyValueSpecification\",\"valueRequired\":true,\"valueName\":\"search_term_string\"}}],\"inLanguage\":\"es\"},{\"@type\":\"Organization\",\"@id\":\"https:\\\/\\\/www.fieldpiece.com\\\/es\\\/#organization\",\"name\":\"Fieldpiece Instruments\",\"url\":\"https:\\\/\\\/www.fieldpiece.com\\\/es\\\/\",\"logo\":{\"@type\":\"ImageObject\",\"inLanguage\":\"es\",\"@id\":\"https:\\\/\\\/www.fieldpiece.com\\\/es\\\/#\\\/schema\\\/logo\\\/image\\\/\",\"url\":\"https:\\\/\\\/resources.fieldpiece.com\\\/wp-content\\\/uploads\\\/2021\\\/02\\\/Logos-490x358-1.jpg\",\"contentUrl\":\"https:\\\/\\\/resources.fieldpiece.com\\\/wp-content\\\/uploads\\\/2021\\\/02\\\/Logos-490x358-1.jpg\",\"width\":490,\"height\":358,\"caption\":\"Fieldpiece Instruments\"},\"image\":{\"@id\":\"https:\\\/\\\/www.fieldpiece.com\\\/es\\\/#\\\/schema\\\/logo\\\/image\\\/\"}}]}<\/script>\n<!-- \/ Yoast SEO plugin. -->","yoast_head_json":{"title":"Detector de Fugas Refrigerante DRX3 | Fieldpiece","description":"The DRX3 all in one refrigerant leak detector helps locate leaks quickly improving safety and efficiency during HVAC service calls daily onsite work.","robots":{"index":"index","follow":"follow","max-snippet":"max-snippet:-1","max-image-preview":"max-image-preview:large","max-video-preview":"max-video-preview:-1"},"canonical":"https:\/\/www.fieldpiece.com\/es\/producto\/detector-de-fugas-de-refrigerante-todo-en-uno-drx3\/","og_locale":"es_ES","og_type":"article","og_title":"Detector de Fugas Refrigerante DRX3 | Fieldpiece","og_description":"The DRX3 all in one refrigerant leak detector helps locate leaks quickly improving safety and efficiency during HVAC service calls daily onsite work.","og_url":"https:\/\/www.fieldpiece.com\/es\/producto\/detector-de-fugas-de-refrigerante-todo-en-uno-drx3\/","og_site_name":"Fieldpiece Instruments","article_modified_time":"2026-03-02T14:33:56+00:00","og_image":[{"width":470,"height":470,"url":"https:\/\/resources.fieldpiece.com\/wp-content\/uploads\/2025\/02\/DRX3-470x470-1.png","type":"image\/png"}],"twitter_card":"summary_large_image","twitter_misc":{"Tiempo de lectura":"2 minutos"},"schema":{"@context":"https:\/\/schema.org","@graph":[{"@type":"WebPage","@id":"https:\/\/www.fieldpiece.com\/es\/producto\/detector-de-fugas-de-refrigerante-todo-en-uno-drx3\/","url":"https:\/\/www.fieldpiece.com\/es\/producto\/detector-de-fugas-de-refrigerante-todo-en-uno-drx3\/","name":"Detector de Fugas Refrigerante DRX3 | Fieldpiece","isPartOf":{"@id":"https:\/\/www.fieldpiece.com\/es\/#website"},"primaryImageOfPage":{"@id":"https:\/\/www.fieldpiece.com\/es\/producto\/detector-de-fugas-de-refrigerante-todo-en-uno-drx3\/#primaryimage"},"image":{"@id":"https:\/\/www.fieldpiece.com\/es\/producto\/detector-de-fugas-de-refrigerante-todo-en-uno-drx3\/#primaryimage"},"thumbnailUrl":"https:\/\/resources.fieldpiece.com\/wp-content\/uploads\/2025\/02\/DRX3-470x470-1.png","datePublished":"2025-02-26T13:44:22+00:00","dateModified":"2026-03-02T14:33:56+00:00","description":"The DRX3 all in one refrigerant leak detector helps locate leaks quickly improving safety and efficiency during HVAC service calls daily onsite work.","breadcrumb":{"@id":"https:\/\/www.fieldpiece.com\/es\/producto\/detector-de-fugas-de-refrigerante-todo-en-uno-drx3\/#breadcrumb"},"inLanguage":"es","potentialAction":[{"@type":"ReadAction","target":["https:\/\/www.fieldpiece.com\/es\/producto\/detector-de-fugas-de-refrigerante-todo-en-uno-drx3\/"]}]},{"@type":"ImageObject","inLanguage":"es","@id":"https:\/\/www.fieldpiece.com\/es\/producto\/detector-de-fugas-de-refrigerante-todo-en-uno-drx3\/#primaryimage","url":"https:\/\/resources.fieldpiece.com\/wp-content\/uploads\/2025\/02\/DRX3-470x470-1.png","contentUrl":"https:\/\/resources.fieldpiece.com\/wp-content\/uploads\/2025\/02\/DRX3-470x470-1.png","width":470,"height":470},{"@type":"BreadcrumbList","@id":"https:\/\/www.fieldpiece.com\/es\/producto\/detector-de-fugas-de-refrigerante-todo-en-uno-drx3\/#breadcrumb","itemListElement":[{"@type":"ListItem","position":1,"name":"Home","item":"https:\/\/www.fieldpiece.com\/es\/"},{"@type":"ListItem","position":2,"name":"Shop","item":"https:\/\/www.fieldpiece.com\/shop\/"},{"@type":"ListItem","position":3,"name":"DRX3 &#8211; Detector de fugas de refrigerante y gas combustible"}]},{"@type":"WebSite","@id":"https:\/\/www.fieldpiece.com\/es\/#website","url":"https:\/\/www.fieldpiece.com\/es\/","name":"Fieldpiece Instruments","description":"","publisher":{"@id":"https:\/\/www.fieldpiece.com\/es\/#organization"},"potentialAction":[{"@type":"SearchAction","target":{"@type":"EntryPoint","urlTemplate":"https:\/\/www.fieldpiece.com\/es\/?s={search_term_string}"},"query-input":{"@type":"PropertyValueSpecification","valueRequired":true,"valueName":"search_term_string"}}],"inLanguage":"es"},{"@type":"Organization","@id":"https:\/\/www.fieldpiece.com\/es\/#organization","name":"Fieldpiece Instruments","url":"https:\/\/www.fieldpiece.com\/es\/","logo":{"@type":"ImageObject","inLanguage":"es","@id":"https:\/\/www.fieldpiece.com\/es\/#\/schema\/logo\/image\/","url":"https:\/\/resources.fieldpiece.com\/wp-content\/uploads\/2021\/02\/Logos-490x358-1.jpg","contentUrl":"https:\/\/resources.fieldpiece.com\/wp-content\/uploads\/2021\/02\/Logos-490x358-1.jpg","width":490,"height":358,"caption":"Fieldpiece Instruments"},"image":{"@id":"https:\/\/www.fieldpiece.com\/es\/#\/schema\/logo\/image\/"}}]}},"_links":{"self":[{"href":"https:\/\/www.fieldpiece.com\/es\/wp-json\/wp\/v2\/product\/123108","targetHints":{"allow":["GET"]}}],"collection":[{"href":"https:\/\/www.fieldpiece.com\/es\/wp-json\/wp\/v2\/product"}],"about":[{"href":"https:\/\/www.fieldpiece.com\/es\/wp-json\/wp\/v2\/types\/product"}],"replies":[{"embeddable":true,"href":"https:\/\/www.fieldpiece.com\/es\/wp-json\/wp\/v2\/comments?post=123108"}],"wp:featuredmedia":[{"embeddable":true,"href":"https:\/\/www.fieldpiece.com\/es\/wp-json\/wp\/v2\/media\/122314"}],"wp:attachment":[{"href":"https:\/\/www.fieldpiece.com\/es\/wp-json\/wp\/v2\/media?parent=123108"}],"wp:term":[{"taxonomy":"product_brand","embeddable":true,"href":"https:\/\/www.fieldpiece.com\/es\/wp-json\/wp\/v2\/product_brand?post=123108"},{"taxonomy":"product_cat","embeddable":true,"href":"https:\/\/www.fieldpiece.com\/es\/wp-json\/wp\/v2\/product_cat?post=123108"},{"taxonomy":"product_tag","embeddable":true,"href":"https:\/\/www.fieldpiece.com\/es\/wp-json\/wp\/v2\/product_tag?post=123108"}],"curies":[{"name":"wp","href":"https:\/\/api.w.org\/{rel}","templated":true}]}}