	{"id":123093,"date":"2024-06-20T10:51:07","date_gmt":"2024-06-20T17:51:07","guid":{"rendered":"https:\/\/www.fieldpiece.com\/product\/sm382v-sman-wireless-refrigerant-3-port-manifold\/"},"modified":"2026-03-02T06:34:41","modified_gmt":"2026-03-02T14:34:41","slug":"colector-de-3-puertos-refrigerante-inalambrico-sm382v-sman","status":"publish","type":"product","link":"https:\/\/www.fieldpiece.com\/es\/producto\/colector-de-3-puertos-refrigerante-inalambrico-sm382v-sman\/","title":{"rendered":"SM382V | \u00a1NUEVO! Colector de refrigerante inal\u00e1mbrico SMAN (3 puertos)"},"content":{"rendered":"<p>Admite m\u00e1s de 70 refrigerantes<br \/>\nCompatible con A2L<br \/>\nCuenta con un vacu\u00f3metro integral<br \/>\nRegistra horas de datos<br \/>\nEjecuta una prueba de presi\u00f3n de nitr\u00f3geno con temperatura compensada.<br \/>\nMuestra en 12 idiomas<br \/>\nSirve como centro de datos central para las herramientas inal\u00e1mbricas Job Link\u00ae y se conecta a la aplicaci\u00f3n del sistema Job Link\u00ae<br \/>\nResistente al polvo y al agua (IP55)<\/p>\n<p><strong>Dise\u00f1ado para el rendimiento<\/strong><br \/>\nConocimiento, potencia y experiencia est\u00e1n empaquetados en los colectores de refrigerante de 2 v\u00e1lvulas SMAN\u00ae. A\u00f1os de retroalimentaci\u00f3n de especialistas en aire acondicionado y refrigeraci\u00f3n se combinan con el enfoque l\u00e1ser de Fieldpiece en la mejora continua para ofrecerle el colector de refrigerante digital m\u00e1s resistente y avanzado del mercado.<br \/>\nCon capacidades inal\u00e1mbricas, registro de datos y pruebas de estanqueidad, el SM382V est\u00e1 dise\u00f1ado para que pueda hacer su trabajo m\u00e1s f\u00e1cil, m\u00e1s r\u00e1pido y mejor.<\/p>\n<p><strong>Simplemente fuerte<\/strong><br \/>\nEl colector de 2 v\u00e1lvulas SM382V es simplemente fuerte. La carcasa resistente, el gancho reforzado, la resistencia al agua y al polvo IP55, la pantalla resistente a impactos, los conectores de termopar protegidos y la mirilla herm\u00e9ticamente sellada garantizan que los SMAN est\u00e9n listos para comenzar a trabajar.<\/p>\n<p>The SM382V wireless 3 port refrigerant manifold provides accurate readings and mobile connectivity for faster HVAC diagnostics and charging.El SM382V est\u00e1 dise\u00f1ado para funcionar como usted lo hace con funciones avanzadas para optimizar su trabajo y brindarle las respuestas que necesita.<\/p>\n<p>Medidas<br \/>\n\u2022 Presiones de l\u00ednea, temperaturas de tuber\u00edas, temperatura de bulbo seco y vac\u00edo del sistema<\/p>\n<p>Calcula<br \/>\n\u2022 Sobrecalentamiento, subenfriamiento, saturaci\u00f3n de vapor, saturaci\u00f3n de l\u00edquido y delta T<br \/>\n\u2022 Delta T objetivo en vivo y temperatura de salida del evaporador objetivo con herramientas inal\u00e1mbricas Job Link opcionales<br \/>\n\u2022 Diferencial de presi\u00f3n con compensaci\u00f3n de temperatura para pruebas de presi\u00f3n de nitr\u00f3geno<\/p>\n<p>Registros de datos<br \/>\n\u2022 Almacena hasta 9 trabajos internamente<br \/>\n\u2022 Registra hasta 168 horas continuas<\/p>\n<p>Es personalizable<br \/>\n\u2022 Seleccione las medidas a mostrar<br \/>\n\u2022 Seleccione encendido\/apagado inal\u00e1mbrico<br \/>\n\u2022 Establecer alarmas de vac\u00edo alto y bajo<\/p>\n<p><strong>Parte del sistema Job Link\u00ae de herramientas inal\u00e1mbricas <\/strong><br \/>\nAgregue herramientas inal\u00e1mbricas del sistema Job Link\u00ae a su arsenal y obtenga lecturas en vivo directamente en la pantalla del colector SMAN\u00ae de los psicr\u00f3metros Job Link (JL3RH), las abrazaderas de tuber\u00eda Job Link (JL3PC) y la b\u00e1scula de refrigerante SR47. Coloque abrazaderas para tuber\u00edas en el lugar perfecto. Vea mediciones y c\u00e1lculos del aire en vivo mientras realiza ajustes. Supervise y registre el peso del refrigerante para obtener una documentaci\u00f3n precisa de recuperaci\u00f3n y carga.<\/p>\n<p><strong>Aumente el profesionalismo con la aplicaci\u00f3n del sistema Job Link\u00ae<\/strong><br \/>\nAgilice y simplifique a\u00fan m\u00e1s su llamada con la aplicaci\u00f3n Job Link System. Vea sus medidas hasta a 1000 pies de distancia en su dispositivo m\u00f3vil. Documente su trabajo y proporcione informes profesionales, incluida la recuperaci\u00f3n de refrigerante y el peso de la carga, simplemente conect\u00e1ndose a la aplicaci\u00f3n Job Link System.<\/p>\n<p><strong>Incluye:<\/strong><br \/>\n\u2022 Colector de 3 puertos SM382V<br \/>\n\u2022 (2) Termopar de abrazadera de tubo tipo K con cable TC24<br \/>\n\u2022 (1) Termopar de cuentas tipo K ATA1 con clip<br \/>\n\u2022 (1) Estuche acolchado ANC82 de f\u00e1cil apertura<br \/>\n\u2022 (6) pilas alcalinas AA<br \/>\n\u2022 (1) Manual del operador<\/p>\n","protected":false},"excerpt":{"rendered":"<p>Construcci\u00f3n s\u00faper robusta<br \/>\nRegistro de datos<br \/>\nPrueba de estanqueidad del sistema con compensaci\u00f3n de temperatura<br \/>\nEnv\u00eda y recibe lecturas inal\u00e1mbricas<br \/>\nConectores de termopar protegidos para tuber\u00edas y temperaturas exteriores<br \/>\nR32 listo<br \/>\nResistente al agua (IP54)<\/p>\n<p><strong>Dise\u00f1ado para ofrecer rendimiento&lt;\/s&#8230;<\/strong><\/p>\n","protected":false},"featured_media":120629,"comment_status":"open","ping_status":"closed","template":"","meta":{"_acf_changed":false},"product_brand":[],"product_cat":[178,228,207],"product_tag":[],"class_list":{"0":"post-123093","1":"product","2":"type-product","3":"status-publish","4":"has-post-thumbnail","6":"product_cat-digital-manifolds-es-2","7":"product_cat-digital-manifolds-job-link-es","8":"product_cat-job-link-system-es","10":"first","11":"instock","12":"shipping-taxable","13":"product-type-simple"},"acf":[],"yoast_head":"<!-- This site is optimized with the Yoast SEO plugin v27.2 - https:\/\/yoast.com\/product\/yoast-seo-wordpress\/ -->\n<title>SM382V Colector Inal\u00e1mbrico 3 Puertos | Fieldpiece<\/title>\n<meta name=\"description\" content=\"The SM382V wireless 3 port refrigerant manifold provides accurate readings and mobile connectivity for faster HVAC diagnostics and charging.\" \/>\n<meta name=\"robots\" content=\"index, follow, max-snippet:-1, max-image-preview:large, max-video-preview:-1\" \/>\n<link rel=\"canonical\" href=\"https:\/\/www.fieldpiece.com\/es\/producto\/colector-de-3-puertos-refrigerante-inalambrico-sm382v-sman\/\" \/>\n<meta property=\"og:locale\" content=\"es_ES\" \/>\n<meta property=\"og:type\" content=\"article\" \/>\n<meta property=\"og:title\" content=\"SM382V Colector Inal\u00e1mbrico 3 Puertos | Fieldpiece\" \/>\n<meta property=\"og:description\" content=\"The SM382V wireless 3 port refrigerant manifold provides accurate readings and mobile connectivity for faster HVAC diagnostics and charging.\" \/>\n<meta property=\"og:url\" content=\"https:\/\/www.fieldpiece.com\/es\/producto\/colector-de-3-puertos-refrigerante-inalambrico-sm382v-sman\/\" \/>\n<meta property=\"og:site_name\" content=\"Fieldpiece Instruments\" \/>\n<meta property=\"article:modified_time\" content=\"2026-03-02T14:34:41+00:00\" \/>\n<meta property=\"og:image\" content=\"https:\/\/resources.fieldpiece.com\/wp-content\/uploads\/2024\/06\/SM382V_72dpi_430x430.png\" \/>\n\t<meta property=\"og:image:width\" content=\"470\" \/>\n\t<meta property=\"og:image:height\" content=\"470\" \/>\n\t<meta property=\"og:image:type\" content=\"image\/png\" \/>\n<meta name=\"twitter:card\" content=\"summary_large_image\" \/>\n<meta name=\"twitter:label1\" content=\"Tiempo de lectura\" \/>\n\t<meta name=\"twitter:data1\" content=\"3 minutos\" \/>\n<script type=\"application\/ld+json\" class=\"yoast-schema-graph\">{\"@context\":\"https:\/\/schema.org\",\"@graph\":[{\"@type\":\"WebPage\",\"@id\":\"https:\/\/www.fieldpiece.com\/es\/producto\/colector-de-3-puertos-refrigerante-inalambrico-sm382v-sman\/\",\"url\":\"https:\/\/www.fieldpiece.com\/es\/producto\/colector-de-3-puertos-refrigerante-inalambrico-sm382v-sman\/\",\"name\":\"SM382V Colector Inal\u00e1mbrico 3 Puertos | Fieldpiece\",\"isPartOf\":{\"@id\":\"https:\/\/www.fieldpiece.com\/es\/#website\"},\"primaryImageOfPage\":{\"@id\":\"https:\/\/www.fieldpiece.com\/es\/producto\/colector-de-3-puertos-refrigerante-inalambrico-sm382v-sman\/#primaryimage\"},\"image\":{\"@id\":\"https:\/\/www.fieldpiece.com\/es\/producto\/colector-de-3-puertos-refrigerante-inalambrico-sm382v-sman\/#primaryimage\"},\"thumbnailUrl\":\"https:\/\/resources.fieldpiece.com\/wp-content\/uploads\/2024\/06\/SM382V_72dpi_430x430.png\",\"datePublished\":\"2024-06-20T17:51:07+00:00\",\"dateModified\":\"2026-03-02T14:34:41+00:00\",\"description\":\"The SM382V wireless 3 port refrigerant manifold provides accurate readings and mobile connectivity for faster HVAC diagnostics and charging.\",\"breadcrumb\":{\"@id\":\"https:\/\/www.fieldpiece.com\/es\/producto\/colector-de-3-puertos-refrigerante-inalambrico-sm382v-sman\/#breadcrumb\"},\"inLanguage\":\"es\",\"potentialAction\":[{\"@type\":\"ReadAction\",\"target\":[\"https:\/\/www.fieldpiece.com\/es\/producto\/colector-de-3-puertos-refrigerante-inalambrico-sm382v-sman\/\"]}]},{\"@type\":\"ImageObject\",\"inLanguage\":\"es\",\"@id\":\"https:\/\/www.fieldpiece.com\/es\/producto\/colector-de-3-puertos-refrigerante-inalambrico-sm382v-sman\/#primaryimage\",\"url\":\"https:\/\/resources.fieldpiece.com\/wp-content\/uploads\/2024\/06\/SM382V_72dpi_430x430.png\",\"contentUrl\":\"https:\/\/resources.fieldpiece.com\/wp-content\/uploads\/2024\/06\/SM382V_72dpi_430x430.png\",\"width\":470,\"height\":470},{\"@type\":\"BreadcrumbList\",\"@id\":\"https:\/\/www.fieldpiece.com\/es\/producto\/colector-de-3-puertos-refrigerante-inalambrico-sm382v-sman\/#breadcrumb\",\"itemListElement\":[{\"@type\":\"ListItem\",\"position\":1,\"name\":\"Home\",\"item\":\"https:\/\/www.fieldpiece.com\/es\/\"},{\"@type\":\"ListItem\",\"position\":2,\"name\":\"Shop\",\"item\":\"https:\/\/www.fieldpiece.com\/shop\/\"},{\"@type\":\"ListItem\",\"position\":3,\"name\":\"SM382V | \u00a1NUEVO! Colector de refrigerante inal\u00e1mbrico SMAN (3 puertos)\"}]},{\"@type\":\"WebSite\",\"@id\":\"https:\/\/www.fieldpiece.com\/es\/#website\",\"url\":\"https:\/\/www.fieldpiece.com\/es\/\",\"name\":\"Fieldpiece Instruments\",\"description\":\"\",\"publisher\":{\"@id\":\"https:\/\/www.fieldpiece.com\/es\/#organization\"},\"potentialAction\":[{\"@type\":\"SearchAction\",\"target\":{\"@type\":\"EntryPoint\",\"urlTemplate\":\"https:\/\/www.fieldpiece.com\/es\/?s={search_term_string}\"},\"query-input\":{\"@type\":\"PropertyValueSpecification\",\"valueRequired\":true,\"valueName\":\"search_term_string\"}}],\"inLanguage\":\"es\"},{\"@type\":\"Organization\",\"@id\":\"https:\/\/www.fieldpiece.com\/es\/#organization\",\"name\":\"Fieldpiece Instruments\",\"url\":\"https:\/\/www.fieldpiece.com\/es\/\",\"logo\":{\"@type\":\"ImageObject\",\"inLanguage\":\"es\",\"@id\":\"https:\/\/www.fieldpiece.com\/es\/#\/schema\/logo\/image\/\",\"url\":\"https:\/\/resources.fieldpiece.com\/wp-content\/uploads\/2021\/02\/Logos-490x358-1.jpg\",\"contentUrl\":\"https:\/\/resources.fieldpiece.com\/wp-content\/uploads\/2021\/02\/Logos-490x358-1.jpg\",\"width\":490,\"height\":358,\"caption\":\"Fieldpiece Instruments\"},\"image\":{\"@id\":\"https:\/\/www.fieldpiece.com\/es\/#\/schema\/logo\/image\/\"}}]}<\/script>\n<!-- \/ Yoast SEO plugin. -->","yoast_head_json":{"title":"SM382V Colector Inal\u00e1mbrico 3 Puertos | Fieldpiece","description":"The SM382V wireless 3 port refrigerant manifold provides accurate readings and mobile connectivity for faster HVAC diagnostics and charging.","robots":{"index":"index","follow":"follow","max-snippet":"max-snippet:-1","max-image-preview":"max-image-preview:large","max-video-preview":"max-video-preview:-1"},"canonical":"https:\/\/www.fieldpiece.com\/es\/producto\/colector-de-3-puertos-refrigerante-inalambrico-sm382v-sman\/","og_locale":"es_ES","og_type":"article","og_title":"SM382V Colector Inal\u00e1mbrico 3 Puertos | Fieldpiece","og_description":"The SM382V wireless 3 port refrigerant manifold provides accurate readings and mobile connectivity for faster HVAC diagnostics and charging.","og_url":"https:\/\/www.fieldpiece.com\/es\/producto\/colector-de-3-puertos-refrigerante-inalambrico-sm382v-sman\/","og_site_name":"Fieldpiece Instruments","article_modified_time":"2026-03-02T14:34:41+00:00","og_image":[{"width":470,"height":470,"url":"https:\/\/resources.fieldpiece.com\/wp-content\/uploads\/2024\/06\/SM382V_72dpi_430x430.png","type":"image\/png"}],"twitter_card":"summary_large_image","twitter_misc":{"Tiempo de lectura":"3 minutos"},"schema":{"@context":"https:\/\/schema.org","@graph":[{"@type":"WebPage","@id":"https:\/\/www.fieldpiece.com\/es\/producto\/colector-de-3-puertos-refrigerante-inalambrico-sm382v-sman\/","url":"https:\/\/www.fieldpiece.com\/es\/producto\/colector-de-3-puertos-refrigerante-inalambrico-sm382v-sman\/","name":"SM382V Colector Inal\u00e1mbrico 3 Puertos | Fieldpiece","isPartOf":{"@id":"https:\/\/www.fieldpiece.com\/es\/#website"},"primaryImageOfPage":{"@id":"https:\/\/www.fieldpiece.com\/es\/producto\/colector-de-3-puertos-refrigerante-inalambrico-sm382v-sman\/#primaryimage"},"image":{"@id":"https:\/\/www.fieldpiece.com\/es\/producto\/colector-de-3-puertos-refrigerante-inalambrico-sm382v-sman\/#primaryimage"},"thumbnailUrl":"https:\/\/resources.fieldpiece.com\/wp-content\/uploads\/2024\/06\/SM382V_72dpi_430x430.png","datePublished":"2024-06-20T17:51:07+00:00","dateModified":"2026-03-02T14:34:41+00:00","description":"The SM382V wireless 3 port refrigerant manifold provides accurate readings and mobile connectivity for faster HVAC diagnostics and charging.","breadcrumb":{"@id":"https:\/\/www.fieldpiece.com\/es\/producto\/colector-de-3-puertos-refrigerante-inalambrico-sm382v-sman\/#breadcrumb"},"inLanguage":"es","potentialAction":[{"@type":"ReadAction","target":["https:\/\/www.fieldpiece.com\/es\/producto\/colector-de-3-puertos-refrigerante-inalambrico-sm382v-sman\/"]}]},{"@type":"ImageObject","inLanguage":"es","@id":"https:\/\/www.fieldpiece.com\/es\/producto\/colector-de-3-puertos-refrigerante-inalambrico-sm382v-sman\/#primaryimage","url":"https:\/\/resources.fieldpiece.com\/wp-content\/uploads\/2024\/06\/SM382V_72dpi_430x430.png","contentUrl":"https:\/\/resources.fieldpiece.com\/wp-content\/uploads\/2024\/06\/SM382V_72dpi_430x430.png","width":470,"height":470},{"@type":"BreadcrumbList","@id":"https:\/\/www.fieldpiece.com\/es\/producto\/colector-de-3-puertos-refrigerante-inalambrico-sm382v-sman\/#breadcrumb","itemListElement":[{"@type":"ListItem","position":1,"name":"Home","item":"https:\/\/www.fieldpiece.com\/es\/"},{"@type":"ListItem","position":2,"name":"Shop","item":"https:\/\/www.fieldpiece.com\/shop\/"},{"@type":"ListItem","position":3,"name":"SM382V | \u00a1NUEVO! Colector de refrigerante inal\u00e1mbrico SMAN (3 puertos)"}]},{"@type":"WebSite","@id":"https:\/\/www.fieldpiece.com\/es\/#website","url":"https:\/\/www.fieldpiece.com\/es\/","name":"Fieldpiece Instruments","description":"","publisher":{"@id":"https:\/\/www.fieldpiece.com\/es\/#organization"},"potentialAction":[{"@type":"SearchAction","target":{"@type":"EntryPoint","urlTemplate":"https:\/\/www.fieldpiece.com\/es\/?s={search_term_string}"},"query-input":{"@type":"PropertyValueSpecification","valueRequired":true,"valueName":"search_term_string"}}],"inLanguage":"es"},{"@type":"Organization","@id":"https:\/\/www.fieldpiece.com\/es\/#organization","name":"Fieldpiece Instruments","url":"https:\/\/www.fieldpiece.com\/es\/","logo":{"@type":"ImageObject","inLanguage":"es","@id":"https:\/\/www.fieldpiece.com\/es\/#\/schema\/logo\/image\/","url":"https:\/\/resources.fieldpiece.com\/wp-content\/uploads\/2021\/02\/Logos-490x358-1.jpg","contentUrl":"https:\/\/resources.fieldpiece.com\/wp-content\/uploads\/2021\/02\/Logos-490x358-1.jpg","width":490,"height":358,"caption":"Fieldpiece Instruments"},"image":{"@id":"https:\/\/www.fieldpiece.com\/es\/#\/schema\/logo\/image\/"}}]}},"_links":{"self":[{"href":"https:\/\/www.fieldpiece.com\/es\/wp-json\/wp\/v2\/product\/123093","targetHints":{"allow":["GET"]}}],"collection":[{"href":"https:\/\/www.fieldpiece.com\/es\/wp-json\/wp\/v2\/product"}],"about":[{"href":"https:\/\/www.fieldpiece.com\/es\/wp-json\/wp\/v2\/types\/product"}],"replies":[{"embeddable":true,"href":"https:\/\/www.fieldpiece.com\/es\/wp-json\/wp\/v2\/comments?post=123093"}],"wp:featuredmedia":[{"embeddable":true,"href":"https:\/\/www.fieldpiece.com\/es\/wp-json\/wp\/v2\/media\/120629"}],"wp:attachment":[{"href":"https:\/\/www.fieldpiece.com\/es\/wp-json\/wp\/v2\/media?parent=123093"}],"wp:term":[{"taxonomy":"product_brand","embeddable":true,"href":"https:\/\/www.fieldpiece.com\/es\/wp-json\/wp\/v2\/product_brand?post=123093"},{"taxonomy":"product_cat","embeddable":true,"href":"https:\/\/www.fieldpiece.com\/es\/wp-json\/wp\/v2\/product_cat?post=123093"},{"taxonomy":"product_tag","embeddable":true,"href":"https:\/\/www.fieldpiece.com\/es\/wp-json\/wp\/v2\/product_tag?post=123093"}],"curies":[{"name":"wp","href":"https:\/\/api.w.org\/{rel}","templated":true}]}}