	{"id":119185,"date":"2023-12-07T06:55:28","date_gmt":"2024-06-07T13:23:06","guid":{"rendered":"https:\/\/www.fieldpiece.com\/product\/vc1-valve-core-removal-tool\/"},"modified":"2024-06-12T01:54:35","modified_gmt":"2024-06-12T08:54:35","slug":"vc1-herramienta-de-extraccion-de-nucleos-de-valvulas-de-1-4-pulgada","status":"publish","type":"product","link":"https:\/\/www.fieldpiece.com\/es\/producto\/vc1-herramienta-de-extraccion-de-nucleos-de-valvulas-de-1-4-pulgada\/","title":{"rendered":"VC1 \u2014 Herramienta de extracci\u00f3n de n\u00facleos de v\u00e1lvulas de 1\/4 pulgada"},"content":{"rendered":"<p style=\"font-weight: 400;\">Para espacios reducidos, la VC1 ultracompacta es su VCRT ideal. La varilla de captura se acopla de manera confiable al n\u00facleo de la v\u00e1lvula, la primera vez y todas las veces; ya no tendr\u00e1 que buscar n\u00facleos de v\u00e1lvula perdidos.<\/p>\n<ul>\n<li>Cambie el conector para puerto de servicio est\u00e1ndar de 1\/4 pulgada por el conector opcional de 5\/16 pulgada para mini-splits<\/li>\n<li>Fije el n\u00facleo de la v\u00e1lvula en un solo intento: una junta asegura el pasador del n\u00facleo de la v\u00e1lvula<\/li>\n<li>Mantenga el n\u00facleo de la v\u00e1lvula a mano durante el servicio con la tapa magn\u00e9tica<\/li>\n<li>Vac\u00edo de hasta 20 micras<\/li>\n<li>Compatible con A2L<\/li>\n<\/ul>\n","protected":false},"excerpt":{"rendered":"<p>Herramienta compacta de extracci\u00f3n de n\u00facleos de una sola v\u00e1lvula<\/p>\n","protected":false},"featured_media":120965,"comment_status":"open","ping_status":"closed","template":"","meta":{"_acf_changed":false},"product_brand":[],"product_cat":[774],"product_tag":[],"class_list":{"0":"post-119185","1":"product","2":"type-product","3":"status-publish","4":"has-post-thumbnail","6":"product_cat-valve-core-removal-tools-es","8":"first","9":"instock","10":"shipping-taxable","11":"product-type-simple"},"acf":[],"yoast_head":"<!-- This site is optimized with the Yoast SEO plugin v27.3 - https:\/\/yoast.com\/product\/yoast-seo-wordpress\/ -->\n<title>Herramienta compacta de extracci\u00f3n de n\u00facleos de una sola v\u00e1lvula de 1\/4 pulgada | Fieldpiece<\/title>\n<meta name=\"description\" content=\"La herramienta ultracompacta de extracci\u00f3n de n\u00facleos de v\u00e1lvulas de 1\/4 pulgada Fieldpiece VC1 funciona perfectamente en espacios reducidos y es compatible con A2L. \u00a1Obtenga m\u00e1s informaci\u00f3n en Fieldpiece hoy mismo!\" \/>\n<meta name=\"robots\" content=\"index, follow, max-snippet:-1, max-image-preview:large, max-video-preview:-1\" \/>\n<link rel=\"canonical\" href=\"https:\/\/www.fieldpiece.com\/es\/producto\/vc1-herramienta-de-extraccion-de-nucleos-de-valvulas-de-1-4-pulgada\/\" \/>\n<meta property=\"og:locale\" content=\"es_ES\" \/>\n<meta property=\"og:type\" content=\"article\" \/>\n<meta property=\"og:title\" content=\"Herramienta compacta de extracci\u00f3n de n\u00facleos de una sola v\u00e1lvula de 1\/4 pulgada | Fieldpiece\" \/>\n<meta property=\"og:description\" content=\"La herramienta ultracompacta de extracci\u00f3n de n\u00facleos de v\u00e1lvulas de 1\/4 pulgada Fieldpiece VC1 funciona perfectamente en espacios reducidos y es compatible con A2L. \u00a1Obtenga m\u00e1s informaci\u00f3n en Fieldpiece hoy mismo!\" \/>\n<meta property=\"og:url\" content=\"https:\/\/www.fieldpiece.com\/es\/producto\/vc1-herramienta-de-extraccion-de-nucleos-de-valvulas-de-1-4-pulgada\/\" \/>\n<meta property=\"og:site_name\" content=\"Fieldpiece Instruments\" \/>\n<meta property=\"article:modified_time\" content=\"2024-06-12T08:54:35+00:00\" \/>\n<meta property=\"og:image\" content=\"https:\/\/resources.fieldpiece.com\/wp-content\/uploads\/2023\/12\/470x470-VC1.png\" \/>\n\t<meta property=\"og:image:width\" content=\"470\" \/>\n\t<meta property=\"og:image:height\" content=\"470\" \/>\n\t<meta property=\"og:image:type\" content=\"image\/png\" \/>\n<meta name=\"twitter:card\" content=\"summary_large_image\" \/>\n<meta name=\"twitter:label1\" content=\"Tiempo de lectura\" \/>\n\t<meta name=\"twitter:data1\" content=\"1 minuto\" \/>\n<script type=\"application\/ld+json\" class=\"yoast-schema-graph\">{\"@context\":\"https:\\\/\\\/schema.org\",\"@graph\":[{\"@type\":\"WebPage\",\"@id\":\"https:\\\/\\\/www.fieldpiece.com\\\/es\\\/producto\\\/vc1-herramienta-de-extraccion-de-nucleos-de-valvulas-de-1-4-pulgada\\\/\",\"url\":\"https:\\\/\\\/www.fieldpiece.com\\\/es\\\/producto\\\/vc1-herramienta-de-extraccion-de-nucleos-de-valvulas-de-1-4-pulgada\\\/\",\"name\":\"Herramienta compacta de extracci\u00f3n de n\u00facleos de una sola v\u00e1lvula de 1\\\/4 pulgada | Fieldpiece\",\"isPartOf\":{\"@id\":\"https:\\\/\\\/www.fieldpiece.com\\\/es\\\/#website\"},\"primaryImageOfPage\":{\"@id\":\"https:\\\/\\\/www.fieldpiece.com\\\/es\\\/producto\\\/vc1-herramienta-de-extraccion-de-nucleos-de-valvulas-de-1-4-pulgada\\\/#primaryimage\"},\"image\":{\"@id\":\"https:\\\/\\\/www.fieldpiece.com\\\/es\\\/producto\\\/vc1-herramienta-de-extraccion-de-nucleos-de-valvulas-de-1-4-pulgada\\\/#primaryimage\"},\"thumbnailUrl\":\"https:\\\/\\\/resources.fieldpiece.com\\\/wp-content\\\/uploads\\\/2023\\\/12\\\/470x470-VC1.webp\",\"datePublished\":\"2024-06-07T13:23:06+00:00\",\"dateModified\":\"2024-06-12T08:54:35+00:00\",\"description\":\"La herramienta ultracompacta de extracci\u00f3n de n\u00facleos de v\u00e1lvulas de 1\\\/4 pulgada Fieldpiece VC1 funciona perfectamente en espacios reducidos y es compatible con A2L. \u00a1Obtenga m\u00e1s informaci\u00f3n en Fieldpiece hoy mismo!\",\"breadcrumb\":{\"@id\":\"https:\\\/\\\/www.fieldpiece.com\\\/es\\\/producto\\\/vc1-herramienta-de-extraccion-de-nucleos-de-valvulas-de-1-4-pulgada\\\/#breadcrumb\"},\"inLanguage\":\"es\",\"potentialAction\":[{\"@type\":\"ReadAction\",\"target\":[\"https:\\\/\\\/www.fieldpiece.com\\\/es\\\/producto\\\/vc1-herramienta-de-extraccion-de-nucleos-de-valvulas-de-1-4-pulgada\\\/\"]}]},{\"@type\":\"ImageObject\",\"inLanguage\":\"es\",\"@id\":\"https:\\\/\\\/www.fieldpiece.com\\\/es\\\/producto\\\/vc1-herramienta-de-extraccion-de-nucleos-de-valvulas-de-1-4-pulgada\\\/#primaryimage\",\"url\":\"https:\\\/\\\/resources.fieldpiece.com\\\/wp-content\\\/uploads\\\/2023\\\/12\\\/470x470-VC1.webp\",\"contentUrl\":\"https:\\\/\\\/resources.fieldpiece.com\\\/wp-content\\\/uploads\\\/2023\\\/12\\\/470x470-VC1.webp\",\"width\":470,\"height\":470},{\"@type\":\"BreadcrumbList\",\"@id\":\"https:\\\/\\\/www.fieldpiece.com\\\/es\\\/producto\\\/vc1-herramienta-de-extraccion-de-nucleos-de-valvulas-de-1-4-pulgada\\\/#breadcrumb\",\"itemListElement\":[{\"@type\":\"ListItem\",\"position\":1,\"name\":\"Home\",\"item\":\"https:\\\/\\\/www.fieldpiece.com\\\/es\\\/\"},{\"@type\":\"ListItem\",\"position\":2,\"name\":\"Shop\",\"item\":\"https:\\\/\\\/www.fieldpiece.com\\\/shop\\\/\"},{\"@type\":\"ListItem\",\"position\":3,\"name\":\"VC1 \u2014 Herramienta de extracci\u00f3n de n\u00facleos de v\u00e1lvulas de 1\\\/4 pulgada\"}]},{\"@type\":\"WebSite\",\"@id\":\"https:\\\/\\\/www.fieldpiece.com\\\/es\\\/#website\",\"url\":\"https:\\\/\\\/www.fieldpiece.com\\\/es\\\/\",\"name\":\"Fieldpiece Instruments\",\"description\":\"\",\"publisher\":{\"@id\":\"https:\\\/\\\/www.fieldpiece.com\\\/es\\\/#organization\"},\"potentialAction\":[{\"@type\":\"SearchAction\",\"target\":{\"@type\":\"EntryPoint\",\"urlTemplate\":\"https:\\\/\\\/www.fieldpiece.com\\\/es\\\/?s={search_term_string}\"},\"query-input\":{\"@type\":\"PropertyValueSpecification\",\"valueRequired\":true,\"valueName\":\"search_term_string\"}}],\"inLanguage\":\"es\"},{\"@type\":\"Organization\",\"@id\":\"https:\\\/\\\/www.fieldpiece.com\\\/es\\\/#organization\",\"name\":\"Fieldpiece Instruments\",\"url\":\"https:\\\/\\\/www.fieldpiece.com\\\/es\\\/\",\"logo\":{\"@type\":\"ImageObject\",\"inLanguage\":\"es\",\"@id\":\"https:\\\/\\\/www.fieldpiece.com\\\/es\\\/#\\\/schema\\\/logo\\\/image\\\/\",\"url\":\"https:\\\/\\\/resources.fieldpiece.com\\\/wp-content\\\/uploads\\\/2021\\\/02\\\/Logos-490x358-1.jpg\",\"contentUrl\":\"https:\\\/\\\/resources.fieldpiece.com\\\/wp-content\\\/uploads\\\/2021\\\/02\\\/Logos-490x358-1.jpg\",\"width\":490,\"height\":358,\"caption\":\"Fieldpiece Instruments\"},\"image\":{\"@id\":\"https:\\\/\\\/www.fieldpiece.com\\\/es\\\/#\\\/schema\\\/logo\\\/image\\\/\"}}]}<\/script>\n<!-- \/ Yoast SEO plugin. -->","yoast_head_json":{"title":"Herramienta compacta de extracci\u00f3n de n\u00facleos de una sola v\u00e1lvula de 1\/4 pulgada | Fieldpiece","description":"La herramienta ultracompacta de extracci\u00f3n de n\u00facleos de v\u00e1lvulas de 1\/4 pulgada Fieldpiece VC1 funciona perfectamente en espacios reducidos y es compatible con A2L. \u00a1Obtenga m\u00e1s informaci\u00f3n en Fieldpiece hoy mismo!","robots":{"index":"index","follow":"follow","max-snippet":"max-snippet:-1","max-image-preview":"max-image-preview:large","max-video-preview":"max-video-preview:-1"},"canonical":"https:\/\/www.fieldpiece.com\/es\/producto\/vc1-herramienta-de-extraccion-de-nucleos-de-valvulas-de-1-4-pulgada\/","og_locale":"es_ES","og_type":"article","og_title":"Herramienta compacta de extracci\u00f3n de n\u00facleos de una sola v\u00e1lvula de 1\/4 pulgada | Fieldpiece","og_description":"La herramienta ultracompacta de extracci\u00f3n de n\u00facleos de v\u00e1lvulas de 1\/4 pulgada Fieldpiece VC1 funciona perfectamente en espacios reducidos y es compatible con A2L. \u00a1Obtenga m\u00e1s informaci\u00f3n en Fieldpiece hoy mismo!","og_url":"https:\/\/www.fieldpiece.com\/es\/producto\/vc1-herramienta-de-extraccion-de-nucleos-de-valvulas-de-1-4-pulgada\/","og_site_name":"Fieldpiece Instruments","article_modified_time":"2024-06-12T08:54:35+00:00","og_image":[{"width":470,"height":470,"url":"https:\/\/resources.fieldpiece.com\/wp-content\/uploads\/2023\/12\/470x470-VC1.png","type":"image\/png"}],"twitter_card":"summary_large_image","twitter_misc":{"Tiempo de lectura":"1 minuto"},"schema":{"@context":"https:\/\/schema.org","@graph":[{"@type":"WebPage","@id":"https:\/\/www.fieldpiece.com\/es\/producto\/vc1-herramienta-de-extraccion-de-nucleos-de-valvulas-de-1-4-pulgada\/","url":"https:\/\/www.fieldpiece.com\/es\/producto\/vc1-herramienta-de-extraccion-de-nucleos-de-valvulas-de-1-4-pulgada\/","name":"Herramienta compacta de extracci\u00f3n de n\u00facleos de una sola v\u00e1lvula de 1\/4 pulgada | Fieldpiece","isPartOf":{"@id":"https:\/\/www.fieldpiece.com\/es\/#website"},"primaryImageOfPage":{"@id":"https:\/\/www.fieldpiece.com\/es\/producto\/vc1-herramienta-de-extraccion-de-nucleos-de-valvulas-de-1-4-pulgada\/#primaryimage"},"image":{"@id":"https:\/\/www.fieldpiece.com\/es\/producto\/vc1-herramienta-de-extraccion-de-nucleos-de-valvulas-de-1-4-pulgada\/#primaryimage"},"thumbnailUrl":"https:\/\/resources.fieldpiece.com\/wp-content\/uploads\/2023\/12\/470x470-VC1.webp","datePublished":"2024-06-07T13:23:06+00:00","dateModified":"2024-06-12T08:54:35+00:00","description":"La herramienta ultracompacta de extracci\u00f3n de n\u00facleos de v\u00e1lvulas de 1\/4 pulgada Fieldpiece VC1 funciona perfectamente en espacios reducidos y es compatible con A2L. \u00a1Obtenga m\u00e1s informaci\u00f3n en Fieldpiece hoy mismo!","breadcrumb":{"@id":"https:\/\/www.fieldpiece.com\/es\/producto\/vc1-herramienta-de-extraccion-de-nucleos-de-valvulas-de-1-4-pulgada\/#breadcrumb"},"inLanguage":"es","potentialAction":[{"@type":"ReadAction","target":["https:\/\/www.fieldpiece.com\/es\/producto\/vc1-herramienta-de-extraccion-de-nucleos-de-valvulas-de-1-4-pulgada\/"]}]},{"@type":"ImageObject","inLanguage":"es","@id":"https:\/\/www.fieldpiece.com\/es\/producto\/vc1-herramienta-de-extraccion-de-nucleos-de-valvulas-de-1-4-pulgada\/#primaryimage","url":"https:\/\/resources.fieldpiece.com\/wp-content\/uploads\/2023\/12\/470x470-VC1.webp","contentUrl":"https:\/\/resources.fieldpiece.com\/wp-content\/uploads\/2023\/12\/470x470-VC1.webp","width":470,"height":470},{"@type":"BreadcrumbList","@id":"https:\/\/www.fieldpiece.com\/es\/producto\/vc1-herramienta-de-extraccion-de-nucleos-de-valvulas-de-1-4-pulgada\/#breadcrumb","itemListElement":[{"@type":"ListItem","position":1,"name":"Home","item":"https:\/\/www.fieldpiece.com\/es\/"},{"@type":"ListItem","position":2,"name":"Shop","item":"https:\/\/www.fieldpiece.com\/shop\/"},{"@type":"ListItem","position":3,"name":"VC1 \u2014 Herramienta de extracci\u00f3n de n\u00facleos de v\u00e1lvulas de 1\/4 pulgada"}]},{"@type":"WebSite","@id":"https:\/\/www.fieldpiece.com\/es\/#website","url":"https:\/\/www.fieldpiece.com\/es\/","name":"Fieldpiece Instruments","description":"","publisher":{"@id":"https:\/\/www.fieldpiece.com\/es\/#organization"},"potentialAction":[{"@type":"SearchAction","target":{"@type":"EntryPoint","urlTemplate":"https:\/\/www.fieldpiece.com\/es\/?s={search_term_string}"},"query-input":{"@type":"PropertyValueSpecification","valueRequired":true,"valueName":"search_term_string"}}],"inLanguage":"es"},{"@type":"Organization","@id":"https:\/\/www.fieldpiece.com\/es\/#organization","name":"Fieldpiece Instruments","url":"https:\/\/www.fieldpiece.com\/es\/","logo":{"@type":"ImageObject","inLanguage":"es","@id":"https:\/\/www.fieldpiece.com\/es\/#\/schema\/logo\/image\/","url":"https:\/\/resources.fieldpiece.com\/wp-content\/uploads\/2021\/02\/Logos-490x358-1.jpg","contentUrl":"https:\/\/resources.fieldpiece.com\/wp-content\/uploads\/2021\/02\/Logos-490x358-1.jpg","width":490,"height":358,"caption":"Fieldpiece Instruments"},"image":{"@id":"https:\/\/www.fieldpiece.com\/es\/#\/schema\/logo\/image\/"}}]}},"_links":{"self":[{"href":"https:\/\/www.fieldpiece.com\/es\/wp-json\/wp\/v2\/product\/119185","targetHints":{"allow":["GET"]}}],"collection":[{"href":"https:\/\/www.fieldpiece.com\/es\/wp-json\/wp\/v2\/product"}],"about":[{"href":"https:\/\/www.fieldpiece.com\/es\/wp-json\/wp\/v2\/types\/product"}],"replies":[{"embeddable":true,"href":"https:\/\/www.fieldpiece.com\/es\/wp-json\/wp\/v2\/comments?post=119185"}],"wp:featuredmedia":[{"embeddable":true,"href":"https:\/\/www.fieldpiece.com\/es\/wp-json\/wp\/v2\/media\/120965"}],"wp:attachment":[{"href":"https:\/\/www.fieldpiece.com\/es\/wp-json\/wp\/v2\/media?parent=119185"}],"wp:term":[{"taxonomy":"product_brand","embeddable":true,"href":"https:\/\/www.fieldpiece.com\/es\/wp-json\/wp\/v2\/product_brand?post=119185"},{"taxonomy":"product_cat","embeddable":true,"href":"https:\/\/www.fieldpiece.com\/es\/wp-json\/wp\/v2\/product_cat?post=119185"},{"taxonomy":"product_tag","embeddable":true,"href":"https:\/\/www.fieldpiece.com\/es\/wp-json\/wp\/v2\/product_tag?post=119185"}],"curies":[{"name":"wp","href":"https:\/\/api.w.org\/{rel}","templated":true}]}}