	{"id":119183,"date":"2024-01-17T08:48:50","date_gmt":"2024-06-07T13:23:06","guid":{"rendered":"https:\/\/www.fieldpiece.com\/product\/vc1g-valve-core-removal-tool-with-sight-glass\/"},"modified":"2024-06-12T01:55:49","modified_gmt":"2024-06-12T08:55:49","slug":"vc1g-herramienta-de-extraccion-de-nucleos-de-valvulas-de-1-4-pulgada-con-mirilla","status":"publish","type":"product","link":"https:\/\/www.fieldpiece.com\/es\/producto\/vc1g-herramienta-de-extraccion-de-nucleos-de-valvulas-de-1-4-pulgada-con-mirilla\/","title":{"rendered":"VC1G \u2014 Herramienta de extracci\u00f3n de n\u00facleos de v\u00e1lvulas de 1\/4 pulgada, con mirilla"},"content":{"rendered":"<p style=\"font-weight: 400;\">Porque ver es creer, la VC1G tiene una mirilla integrada para comprobar visualmente que el n\u00facleo de la v\u00e1lvula est\u00e9 enganchado antes de retirarlo, as\u00ed como para confirmar que el refrigerante est\u00e9 fluyendo. La varilla de captura se acopla de manera confiable al n\u00facleo de la v\u00e1lvula, la primera vez y todas las veces; ya no tendr\u00e1 que buscar n\u00facleos de v\u00e1lvula perdidos.<\/p>\n<ul>\n<li>Cambie el conector para puerto de servicio est\u00e1ndar de 1\/4 pulgada por el conector opcional de 5\/16 pulgada para mini-splits<\/li>\n<li>Fije el n\u00facleo de la v\u00e1lvula en un solo intento: una junta asegura el pasador del n\u00facleo de la v\u00e1lvula<\/li>\n<li>Extracci\u00f3n e inserci\u00f3n m\u00e1s f\u00e1ciles contra la presi\u00f3n con una rueda de confort: una tapa magn\u00e9tica recubierta de goma que gira libremente<\/li>\n<li>Vac\u00edo de hasta 20 micras<\/li>\n<li>Compatible con A2L<\/li>\n<\/ul>\n","protected":false},"excerpt":{"rendered":"<p>Herramienta de extracci\u00f3n de n\u00facleos de v\u00e1lvulas con mirilla<\/p>\n","protected":false},"featured_media":117669,"comment_status":"open","ping_status":"closed","template":"","meta":{"_acf_changed":false},"product_brand":[],"product_cat":[774],"product_tag":[],"class_list":{"0":"post-119183","1":"product","2":"type-product","3":"status-publish","4":"has-post-thumbnail","6":"product_cat-valve-core-removal-tools-es","8":"first","9":"instock","10":"shipping-taxable","11":"product-type-simple"},"acf":[],"yoast_head":"<!-- This site is optimized with the Yoast SEO plugin v27.3 - https:\/\/yoast.com\/product\/yoast-seo-wordpress\/ -->\n<title>Herramienta de extracci\u00f3n de n\u00facleos de v\u00e1lvulas de 1\/4\u2033 con mirilla | Fieldpiece<\/title>\n<meta name=\"description\" content=\"La herramienta de extracci\u00f3n de n\u00facleos de v\u00e1lvulas de 1\/4 pulgada Fieldpiece VC1G tiene una mirilla integrada para poder verificar visualmente que el n\u00facleo de la v\u00e1lvula est\u00e9 enganchado antes de retirarlo.\" \/>\n<meta name=\"robots\" content=\"index, follow, max-snippet:-1, max-image-preview:large, max-video-preview:-1\" \/>\n<link rel=\"canonical\" href=\"https:\/\/www.fieldpiece.com\/es\/producto\/vc1g-herramienta-de-extraccion-de-nucleos-de-valvulas-de-1-4-pulgada-con-mirilla\/\" \/>\n<meta property=\"og:locale\" content=\"es_ES\" \/>\n<meta property=\"og:type\" content=\"article\" \/>\n<meta property=\"og:title\" content=\"Herramienta de extracci\u00f3n de n\u00facleos de v\u00e1lvulas de 1\/4\u2033 con mirilla | Fieldpiece\" \/>\n<meta property=\"og:description\" content=\"La herramienta de extracci\u00f3n de n\u00facleos de v\u00e1lvulas de 1\/4 pulgada Fieldpiece VC1G tiene una mirilla integrada para poder verificar visualmente que el n\u00facleo de la v\u00e1lvula est\u00e9 enganchado antes de retirarlo.\" \/>\n<meta property=\"og:url\" content=\"https:\/\/www.fieldpiece.com\/es\/producto\/vc1g-herramienta-de-extraccion-de-nucleos-de-valvulas-de-1-4-pulgada-con-mirilla\/\" \/>\n<meta property=\"og:site_name\" content=\"Fieldpiece Instruments\" \/>\n<meta property=\"article:modified_time\" content=\"2024-06-12T08:55:49+00:00\" \/>\n<meta property=\"og:image\" content=\"https:\/\/resources.fieldpiece.com\/wp-content\/uploads\/2024\/01\/VCRT-VC1G-470x470-1.png\" \/>\n\t<meta property=\"og:image:width\" content=\"470\" \/>\n\t<meta property=\"og:image:height\" content=\"470\" \/>\n\t<meta property=\"og:image:type\" content=\"image\/png\" \/>\n<meta name=\"twitter:card\" content=\"summary_large_image\" \/>\n<meta name=\"twitter:label1\" content=\"Tiempo de lectura\" \/>\n\t<meta name=\"twitter:data1\" content=\"1 minuto\" \/>\n<script type=\"application\/ld+json\" class=\"yoast-schema-graph\">{\"@context\":\"https:\\\/\\\/schema.org\",\"@graph\":[{\"@type\":\"WebPage\",\"@id\":\"https:\\\/\\\/www.fieldpiece.com\\\/es\\\/producto\\\/vc1g-herramienta-de-extraccion-de-nucleos-de-valvulas-de-1-4-pulgada-con-mirilla\\\/\",\"url\":\"https:\\\/\\\/www.fieldpiece.com\\\/es\\\/producto\\\/vc1g-herramienta-de-extraccion-de-nucleos-de-valvulas-de-1-4-pulgada-con-mirilla\\\/\",\"name\":\"Herramienta de extracci\u00f3n de n\u00facleos de v\u00e1lvulas de 1\\\/4\u2033 con mirilla | Fieldpiece\",\"isPartOf\":{\"@id\":\"https:\\\/\\\/www.fieldpiece.com\\\/es\\\/#website\"},\"primaryImageOfPage\":{\"@id\":\"https:\\\/\\\/www.fieldpiece.com\\\/es\\\/producto\\\/vc1g-herramienta-de-extraccion-de-nucleos-de-valvulas-de-1-4-pulgada-con-mirilla\\\/#primaryimage\"},\"image\":{\"@id\":\"https:\\\/\\\/www.fieldpiece.com\\\/es\\\/producto\\\/vc1g-herramienta-de-extraccion-de-nucleos-de-valvulas-de-1-4-pulgada-con-mirilla\\\/#primaryimage\"},\"thumbnailUrl\":\"https:\\\/\\\/resources.fieldpiece.com\\\/wp-content\\\/uploads\\\/2024\\\/01\\\/VCRT-VC1G-470x470-1.png\",\"datePublished\":\"2024-06-07T13:23:06+00:00\",\"dateModified\":\"2024-06-12T08:55:49+00:00\",\"description\":\"La herramienta de extracci\u00f3n de n\u00facleos de v\u00e1lvulas de 1\\\/4 pulgada Fieldpiece VC1G tiene una mirilla integrada para poder verificar visualmente que el n\u00facleo de la v\u00e1lvula est\u00e9 enganchado antes de retirarlo.\",\"breadcrumb\":{\"@id\":\"https:\\\/\\\/www.fieldpiece.com\\\/es\\\/producto\\\/vc1g-herramienta-de-extraccion-de-nucleos-de-valvulas-de-1-4-pulgada-con-mirilla\\\/#breadcrumb\"},\"inLanguage\":\"es\",\"potentialAction\":[{\"@type\":\"ReadAction\",\"target\":[\"https:\\\/\\\/www.fieldpiece.com\\\/es\\\/producto\\\/vc1g-herramienta-de-extraccion-de-nucleos-de-valvulas-de-1-4-pulgada-con-mirilla\\\/\"]}]},{\"@type\":\"ImageObject\",\"inLanguage\":\"es\",\"@id\":\"https:\\\/\\\/www.fieldpiece.com\\\/es\\\/producto\\\/vc1g-herramienta-de-extraccion-de-nucleos-de-valvulas-de-1-4-pulgada-con-mirilla\\\/#primaryimage\",\"url\":\"https:\\\/\\\/resources.fieldpiece.com\\\/wp-content\\\/uploads\\\/2024\\\/01\\\/VCRT-VC1G-470x470-1.png\",\"contentUrl\":\"https:\\\/\\\/resources.fieldpiece.com\\\/wp-content\\\/uploads\\\/2024\\\/01\\\/VCRT-VC1G-470x470-1.png\",\"width\":470,\"height\":470},{\"@type\":\"BreadcrumbList\",\"@id\":\"https:\\\/\\\/www.fieldpiece.com\\\/es\\\/producto\\\/vc1g-herramienta-de-extraccion-de-nucleos-de-valvulas-de-1-4-pulgada-con-mirilla\\\/#breadcrumb\",\"itemListElement\":[{\"@type\":\"ListItem\",\"position\":1,\"name\":\"Home\",\"item\":\"https:\\\/\\\/www.fieldpiece.com\\\/es\\\/\"},{\"@type\":\"ListItem\",\"position\":2,\"name\":\"Shop\",\"item\":\"https:\\\/\\\/www.fieldpiece.com\\\/shop\\\/\"},{\"@type\":\"ListItem\",\"position\":3,\"name\":\"VC1G \u2014 Herramienta de extracci\u00f3n de n\u00facleos de v\u00e1lvulas de 1\\\/4 pulgada, con mirilla\"}]},{\"@type\":\"WebSite\",\"@id\":\"https:\\\/\\\/www.fieldpiece.com\\\/es\\\/#website\",\"url\":\"https:\\\/\\\/www.fieldpiece.com\\\/es\\\/\",\"name\":\"Fieldpiece Instruments\",\"description\":\"\",\"publisher\":{\"@id\":\"https:\\\/\\\/www.fieldpiece.com\\\/es\\\/#organization\"},\"potentialAction\":[{\"@type\":\"SearchAction\",\"target\":{\"@type\":\"EntryPoint\",\"urlTemplate\":\"https:\\\/\\\/www.fieldpiece.com\\\/es\\\/?s={search_term_string}\"},\"query-input\":{\"@type\":\"PropertyValueSpecification\",\"valueRequired\":true,\"valueName\":\"search_term_string\"}}],\"inLanguage\":\"es\"},{\"@type\":\"Organization\",\"@id\":\"https:\\\/\\\/www.fieldpiece.com\\\/es\\\/#organization\",\"name\":\"Fieldpiece Instruments\",\"url\":\"https:\\\/\\\/www.fieldpiece.com\\\/es\\\/\",\"logo\":{\"@type\":\"ImageObject\",\"inLanguage\":\"es\",\"@id\":\"https:\\\/\\\/www.fieldpiece.com\\\/es\\\/#\\\/schema\\\/logo\\\/image\\\/\",\"url\":\"https:\\\/\\\/resources.fieldpiece.com\\\/wp-content\\\/uploads\\\/2021\\\/02\\\/Logos-490x358-1.jpg\",\"contentUrl\":\"https:\\\/\\\/resources.fieldpiece.com\\\/wp-content\\\/uploads\\\/2021\\\/02\\\/Logos-490x358-1.jpg\",\"width\":490,\"height\":358,\"caption\":\"Fieldpiece Instruments\"},\"image\":{\"@id\":\"https:\\\/\\\/www.fieldpiece.com\\\/es\\\/#\\\/schema\\\/logo\\\/image\\\/\"}}]}<\/script>\n<!-- \/ Yoast SEO plugin. -->","yoast_head_json":{"title":"Herramienta de extracci\u00f3n de n\u00facleos de v\u00e1lvulas de 1\/4\u2033 con mirilla | Fieldpiece","description":"La herramienta de extracci\u00f3n de n\u00facleos de v\u00e1lvulas de 1\/4 pulgada Fieldpiece VC1G tiene una mirilla integrada para poder verificar visualmente que el n\u00facleo de la v\u00e1lvula est\u00e9 enganchado antes de retirarlo.","robots":{"index":"index","follow":"follow","max-snippet":"max-snippet:-1","max-image-preview":"max-image-preview:large","max-video-preview":"max-video-preview:-1"},"canonical":"https:\/\/www.fieldpiece.com\/es\/producto\/vc1g-herramienta-de-extraccion-de-nucleos-de-valvulas-de-1-4-pulgada-con-mirilla\/","og_locale":"es_ES","og_type":"article","og_title":"Herramienta de extracci\u00f3n de n\u00facleos de v\u00e1lvulas de 1\/4\u2033 con mirilla | Fieldpiece","og_description":"La herramienta de extracci\u00f3n de n\u00facleos de v\u00e1lvulas de 1\/4 pulgada Fieldpiece VC1G tiene una mirilla integrada para poder verificar visualmente que el n\u00facleo de la v\u00e1lvula est\u00e9 enganchado antes de retirarlo.","og_url":"https:\/\/www.fieldpiece.com\/es\/producto\/vc1g-herramienta-de-extraccion-de-nucleos-de-valvulas-de-1-4-pulgada-con-mirilla\/","og_site_name":"Fieldpiece Instruments","article_modified_time":"2024-06-12T08:55:49+00:00","og_image":[{"width":470,"height":470,"url":"https:\/\/resources.fieldpiece.com\/wp-content\/uploads\/2024\/01\/VCRT-VC1G-470x470-1.png","type":"image\/png"}],"twitter_card":"summary_large_image","twitter_misc":{"Tiempo de lectura":"1 minuto"},"schema":{"@context":"https:\/\/schema.org","@graph":[{"@type":"WebPage","@id":"https:\/\/www.fieldpiece.com\/es\/producto\/vc1g-herramienta-de-extraccion-de-nucleos-de-valvulas-de-1-4-pulgada-con-mirilla\/","url":"https:\/\/www.fieldpiece.com\/es\/producto\/vc1g-herramienta-de-extraccion-de-nucleos-de-valvulas-de-1-4-pulgada-con-mirilla\/","name":"Herramienta de extracci\u00f3n de n\u00facleos de v\u00e1lvulas de 1\/4\u2033 con mirilla | Fieldpiece","isPartOf":{"@id":"https:\/\/www.fieldpiece.com\/es\/#website"},"primaryImageOfPage":{"@id":"https:\/\/www.fieldpiece.com\/es\/producto\/vc1g-herramienta-de-extraccion-de-nucleos-de-valvulas-de-1-4-pulgada-con-mirilla\/#primaryimage"},"image":{"@id":"https:\/\/www.fieldpiece.com\/es\/producto\/vc1g-herramienta-de-extraccion-de-nucleos-de-valvulas-de-1-4-pulgada-con-mirilla\/#primaryimage"},"thumbnailUrl":"https:\/\/resources.fieldpiece.com\/wp-content\/uploads\/2024\/01\/VCRT-VC1G-470x470-1.png","datePublished":"2024-06-07T13:23:06+00:00","dateModified":"2024-06-12T08:55:49+00:00","description":"La herramienta de extracci\u00f3n de n\u00facleos de v\u00e1lvulas de 1\/4 pulgada Fieldpiece VC1G tiene una mirilla integrada para poder verificar visualmente que el n\u00facleo de la v\u00e1lvula est\u00e9 enganchado antes de retirarlo.","breadcrumb":{"@id":"https:\/\/www.fieldpiece.com\/es\/producto\/vc1g-herramienta-de-extraccion-de-nucleos-de-valvulas-de-1-4-pulgada-con-mirilla\/#breadcrumb"},"inLanguage":"es","potentialAction":[{"@type":"ReadAction","target":["https:\/\/www.fieldpiece.com\/es\/producto\/vc1g-herramienta-de-extraccion-de-nucleos-de-valvulas-de-1-4-pulgada-con-mirilla\/"]}]},{"@type":"ImageObject","inLanguage":"es","@id":"https:\/\/www.fieldpiece.com\/es\/producto\/vc1g-herramienta-de-extraccion-de-nucleos-de-valvulas-de-1-4-pulgada-con-mirilla\/#primaryimage","url":"https:\/\/resources.fieldpiece.com\/wp-content\/uploads\/2024\/01\/VCRT-VC1G-470x470-1.png","contentUrl":"https:\/\/resources.fieldpiece.com\/wp-content\/uploads\/2024\/01\/VCRT-VC1G-470x470-1.png","width":470,"height":470},{"@type":"BreadcrumbList","@id":"https:\/\/www.fieldpiece.com\/es\/producto\/vc1g-herramienta-de-extraccion-de-nucleos-de-valvulas-de-1-4-pulgada-con-mirilla\/#breadcrumb","itemListElement":[{"@type":"ListItem","position":1,"name":"Home","item":"https:\/\/www.fieldpiece.com\/es\/"},{"@type":"ListItem","position":2,"name":"Shop","item":"https:\/\/www.fieldpiece.com\/shop\/"},{"@type":"ListItem","position":3,"name":"VC1G \u2014 Herramienta de extracci\u00f3n de n\u00facleos de v\u00e1lvulas de 1\/4 pulgada, con mirilla"}]},{"@type":"WebSite","@id":"https:\/\/www.fieldpiece.com\/es\/#website","url":"https:\/\/www.fieldpiece.com\/es\/","name":"Fieldpiece Instruments","description":"","publisher":{"@id":"https:\/\/www.fieldpiece.com\/es\/#organization"},"potentialAction":[{"@type":"SearchAction","target":{"@type":"EntryPoint","urlTemplate":"https:\/\/www.fieldpiece.com\/es\/?s={search_term_string}"},"query-input":{"@type":"PropertyValueSpecification","valueRequired":true,"valueName":"search_term_string"}}],"inLanguage":"es"},{"@type":"Organization","@id":"https:\/\/www.fieldpiece.com\/es\/#organization","name":"Fieldpiece Instruments","url":"https:\/\/www.fieldpiece.com\/es\/","logo":{"@type":"ImageObject","inLanguage":"es","@id":"https:\/\/www.fieldpiece.com\/es\/#\/schema\/logo\/image\/","url":"https:\/\/resources.fieldpiece.com\/wp-content\/uploads\/2021\/02\/Logos-490x358-1.jpg","contentUrl":"https:\/\/resources.fieldpiece.com\/wp-content\/uploads\/2021\/02\/Logos-490x358-1.jpg","width":490,"height":358,"caption":"Fieldpiece Instruments"},"image":{"@id":"https:\/\/www.fieldpiece.com\/es\/#\/schema\/logo\/image\/"}}]}},"_links":{"self":[{"href":"https:\/\/www.fieldpiece.com\/es\/wp-json\/wp\/v2\/product\/119183","targetHints":{"allow":["GET"]}}],"collection":[{"href":"https:\/\/www.fieldpiece.com\/es\/wp-json\/wp\/v2\/product"}],"about":[{"href":"https:\/\/www.fieldpiece.com\/es\/wp-json\/wp\/v2\/types\/product"}],"replies":[{"embeddable":true,"href":"https:\/\/www.fieldpiece.com\/es\/wp-json\/wp\/v2\/comments?post=119183"}],"wp:featuredmedia":[{"embeddable":true,"href":"https:\/\/www.fieldpiece.com\/es\/wp-json\/wp\/v2\/media\/117669"}],"wp:attachment":[{"href":"https:\/\/www.fieldpiece.com\/es\/wp-json\/wp\/v2\/media?parent=119183"}],"wp:term":[{"taxonomy":"product_brand","embeddable":true,"href":"https:\/\/www.fieldpiece.com\/es\/wp-json\/wp\/v2\/product_brand?post=119183"},{"taxonomy":"product_cat","embeddable":true,"href":"https:\/\/www.fieldpiece.com\/es\/wp-json\/wp\/v2\/product_cat?post=119183"},{"taxonomy":"product_tag","embeddable":true,"href":"https:\/\/www.fieldpiece.com\/es\/wp-json\/wp\/v2\/product_tag?post=119183"}],"curies":[{"name":"wp","href":"https:\/\/api.w.org\/{rel}","templated":true}]}}