	{"id":119122,"date":"2023-05-12T11:27:51","date_gmt":"2023-05-12T18:27:51","guid":{"rendered":"https:\/\/www.fieldpiece.com\/product\/hv1\/"},"modified":"2024-06-12T01:45:26","modified_gmt":"2024-06-12T08:45:26","slug":"hv1-manguera-de-vacio-3-8-pulgada","status":"publish","type":"product","link":"https:\/\/www.fieldpiece.com\/es\/producto\/hv1-manguera-de-vacio-3-8-pulgada\/","title":{"rendered":"HV1 &#8211; Manguera de vac\u00edo 3\/8 pulgada"},"content":{"rendered":"<ul>\n<li>Compatible con A2L<\/li>\n<li style=\"font-weight: 400;\">Robusto engarce triple de anillo completo<\/li>\n<li style=\"font-weight: 400;\">Presi\u00f3n de trabajo: 800 psi<\/li>\n<li style=\"font-weight: 400;\">Presi\u00f3n de rotura: 4000 psi<\/li>\n<li style=\"font-weight: 400;\">Barrera de permeabilidad (cumple con la norma SAE J2196)<\/li>\n<li>Para evacuaci\u00f3n<\/li>\n<li>Conectores: 3\/8 pulgada x 3\/8 pulgada<\/li>\n<li>Longitud de la manguera: 5 pies (1,5 m)<\/li>\n<li><a href=\"https:\/\/resources.fieldpiece.com\/wp-content\/uploads\/2024\/03\/Hoses-ProductFlyer-v03.pdf\" target=\"_blank\" rel=\"noopener\">Folleto de producto de mangueras y conectores<\/a> (pdf | versi\u00f3n 3)<\/li>\n<\/ul>\n","protected":false},"excerpt":{"rendered":"<p>Compatible con A2L Robusto engarce triple de anillo completo Presi\u00f3n de trabajo: 800 psi Presi\u00f3n de rotura: 4000 psi Barrera &#8230;<\/p>\n","protected":false},"featured_media":109412,"comment_status":"open","ping_status":"closed","template":"","meta":{"_acf_changed":false},"product_brand":[],"product_cat":[773,768],"product_tag":[701],"class_list":{"0":"post-119122","1":"product","2":"type-product","3":"status-publish","4":"has-post-thumbnail","6":"product_cat-vacuum-hoses-es","7":"product_cat-hoses-and-fittings-es","8":"product_tag-hoses-es","10":"first","11":"instock","12":"shipping-taxable","13":"product-type-simple"},"acf":[],"yoast_head":"<!-- This site is optimized with the Yoast SEO plugin v27.3 - https:\/\/yoast.com\/product\/yoast-seo-wordpress\/ -->\n<title>HV1 - Manguera de vac\u00edo 3\/8 pulgada | Fieldpiece Instruments<\/title>\n<meta name=\"description\" content=\"Eche un vistazo a la manguera de vac\u00edo HV1 de 3\/8 pulgada para carga, recuperaci\u00f3n y evacuaci\u00f3n de HVACR de Fieldpiece. Vea la l\u00ednea completa de mangueras y conectores de HVAC Fieldpiece.\" \/>\n<meta name=\"robots\" content=\"index, follow, max-snippet:-1, max-image-preview:large, max-video-preview:-1\" \/>\n<link rel=\"canonical\" href=\"https:\/\/www.fieldpiece.com\/es\/producto\/hv1-manguera-de-vacio-3-8-pulgada\/\" \/>\n<meta property=\"og:locale\" content=\"es_ES\" \/>\n<meta property=\"og:type\" content=\"article\" \/>\n<meta property=\"og:title\" content=\"HV1 - Manguera de vac\u00edo 3\/8 pulgada | Fieldpiece Instruments\" \/>\n<meta property=\"og:description\" content=\"Eche un vistazo a la manguera de vac\u00edo HV1 de 3\/8 pulgada para carga, recuperaci\u00f3n y evacuaci\u00f3n de HVACR de Fieldpiece. Vea la l\u00ednea completa de mangueras y conectores de HVAC Fieldpiece.\" \/>\n<meta property=\"og:url\" content=\"https:\/\/www.fieldpiece.com\/es\/producto\/hv1-manguera-de-vacio-3-8-pulgada\/\" \/>\n<meta property=\"og:site_name\" content=\"Fieldpiece Instruments\" \/>\n<meta property=\"article:modified_time\" content=\"2024-06-12T08:45:26+00:00\" \/>\n<meta property=\"og:image\" content=\"https:\/\/resources.fieldpiece.com\/wp-content\/uploads\/2023\/05\/470x470-HV1-02.png\" \/>\n\t<meta property=\"og:image:width\" content=\"470\" \/>\n\t<meta property=\"og:image:height\" content=\"470\" \/>\n\t<meta property=\"og:image:type\" content=\"image\/png\" \/>\n<meta name=\"twitter:card\" content=\"summary_large_image\" \/>\n<meta name=\"twitter:label1\" content=\"Tiempo de lectura\" \/>\n\t<meta name=\"twitter:data1\" content=\"1 minuto\" \/>\n<script type=\"application\/ld+json\" class=\"yoast-schema-graph\">{\"@context\":\"https:\\\/\\\/schema.org\",\"@graph\":[{\"@type\":\"WebPage\",\"@id\":\"https:\\\/\\\/www.fieldpiece.com\\\/es\\\/producto\\\/hv1-manguera-de-vacio-3-8-pulgada\\\/\",\"url\":\"https:\\\/\\\/www.fieldpiece.com\\\/es\\\/producto\\\/hv1-manguera-de-vacio-3-8-pulgada\\\/\",\"name\":\"HV1 - Manguera de vac\u00edo 3\\\/8 pulgada | Fieldpiece Instruments\",\"isPartOf\":{\"@id\":\"https:\\\/\\\/www.fieldpiece.com\\\/es\\\/#website\"},\"primaryImageOfPage\":{\"@id\":\"https:\\\/\\\/www.fieldpiece.com\\\/es\\\/producto\\\/hv1-manguera-de-vacio-3-8-pulgada\\\/#primaryimage\"},\"image\":{\"@id\":\"https:\\\/\\\/www.fieldpiece.com\\\/es\\\/producto\\\/hv1-manguera-de-vacio-3-8-pulgada\\\/#primaryimage\"},\"thumbnailUrl\":\"https:\\\/\\\/resources.fieldpiece.com\\\/wp-content\\\/uploads\\\/2023\\\/05\\\/470x470-HV1-02.png\",\"datePublished\":\"2023-05-12T18:27:51+00:00\",\"dateModified\":\"2024-06-12T08:45:26+00:00\",\"description\":\"Eche un vistazo a la manguera de vac\u00edo HV1 de 3\\\/8 pulgada para carga, recuperaci\u00f3n y evacuaci\u00f3n de HVACR de Fieldpiece. Vea la l\u00ednea completa de mangueras y conectores de HVAC Fieldpiece.\",\"breadcrumb\":{\"@id\":\"https:\\\/\\\/www.fieldpiece.com\\\/es\\\/producto\\\/hv1-manguera-de-vacio-3-8-pulgada\\\/#breadcrumb\"},\"inLanguage\":\"es\",\"potentialAction\":[{\"@type\":\"ReadAction\",\"target\":[\"https:\\\/\\\/www.fieldpiece.com\\\/es\\\/producto\\\/hv1-manguera-de-vacio-3-8-pulgada\\\/\"]}]},{\"@type\":\"ImageObject\",\"inLanguage\":\"es\",\"@id\":\"https:\\\/\\\/www.fieldpiece.com\\\/es\\\/producto\\\/hv1-manguera-de-vacio-3-8-pulgada\\\/#primaryimage\",\"url\":\"https:\\\/\\\/resources.fieldpiece.com\\\/wp-content\\\/uploads\\\/2023\\\/05\\\/470x470-HV1-02.png\",\"contentUrl\":\"https:\\\/\\\/resources.fieldpiece.com\\\/wp-content\\\/uploads\\\/2023\\\/05\\\/470x470-HV1-02.png\",\"width\":470,\"height\":470},{\"@type\":\"BreadcrumbList\",\"@id\":\"https:\\\/\\\/www.fieldpiece.com\\\/es\\\/producto\\\/hv1-manguera-de-vacio-3-8-pulgada\\\/#breadcrumb\",\"itemListElement\":[{\"@type\":\"ListItem\",\"position\":1,\"name\":\"Home\",\"item\":\"https:\\\/\\\/www.fieldpiece.com\\\/es\\\/\"},{\"@type\":\"ListItem\",\"position\":2,\"name\":\"Shop\",\"item\":\"https:\\\/\\\/www.fieldpiece.com\\\/shop\\\/\"},{\"@type\":\"ListItem\",\"position\":3,\"name\":\"HV1 &#8211; Manguera de vac\u00edo 3\\\/8 pulgada\"}]},{\"@type\":\"WebSite\",\"@id\":\"https:\\\/\\\/www.fieldpiece.com\\\/es\\\/#website\",\"url\":\"https:\\\/\\\/www.fieldpiece.com\\\/es\\\/\",\"name\":\"Fieldpiece Instruments\",\"description\":\"\",\"publisher\":{\"@id\":\"https:\\\/\\\/www.fieldpiece.com\\\/es\\\/#organization\"},\"potentialAction\":[{\"@type\":\"SearchAction\",\"target\":{\"@type\":\"EntryPoint\",\"urlTemplate\":\"https:\\\/\\\/www.fieldpiece.com\\\/es\\\/?s={search_term_string}\"},\"query-input\":{\"@type\":\"PropertyValueSpecification\",\"valueRequired\":true,\"valueName\":\"search_term_string\"}}],\"inLanguage\":\"es\"},{\"@type\":\"Organization\",\"@id\":\"https:\\\/\\\/www.fieldpiece.com\\\/es\\\/#organization\",\"name\":\"Fieldpiece Instruments\",\"url\":\"https:\\\/\\\/www.fieldpiece.com\\\/es\\\/\",\"logo\":{\"@type\":\"ImageObject\",\"inLanguage\":\"es\",\"@id\":\"https:\\\/\\\/www.fieldpiece.com\\\/es\\\/#\\\/schema\\\/logo\\\/image\\\/\",\"url\":\"https:\\\/\\\/resources.fieldpiece.com\\\/wp-content\\\/uploads\\\/2021\\\/02\\\/Logos-490x358-1.jpg\",\"contentUrl\":\"https:\\\/\\\/resources.fieldpiece.com\\\/wp-content\\\/uploads\\\/2021\\\/02\\\/Logos-490x358-1.jpg\",\"width\":490,\"height\":358,\"caption\":\"Fieldpiece Instruments\"},\"image\":{\"@id\":\"https:\\\/\\\/www.fieldpiece.com\\\/es\\\/#\\\/schema\\\/logo\\\/image\\\/\"}}]}<\/script>\n<!-- \/ Yoast SEO plugin. -->","yoast_head_json":{"title":"HV1 - Manguera de vac\u00edo 3\/8 pulgada | Fieldpiece Instruments","description":"Eche un vistazo a la manguera de vac\u00edo HV1 de 3\/8 pulgada para carga, recuperaci\u00f3n y evacuaci\u00f3n de HVACR de Fieldpiece. Vea la l\u00ednea completa de mangueras y conectores de HVAC Fieldpiece.","robots":{"index":"index","follow":"follow","max-snippet":"max-snippet:-1","max-image-preview":"max-image-preview:large","max-video-preview":"max-video-preview:-1"},"canonical":"https:\/\/www.fieldpiece.com\/es\/producto\/hv1-manguera-de-vacio-3-8-pulgada\/","og_locale":"es_ES","og_type":"article","og_title":"HV1 - Manguera de vac\u00edo 3\/8 pulgada | Fieldpiece Instruments","og_description":"Eche un vistazo a la manguera de vac\u00edo HV1 de 3\/8 pulgada para carga, recuperaci\u00f3n y evacuaci\u00f3n de HVACR de Fieldpiece. Vea la l\u00ednea completa de mangueras y conectores de HVAC Fieldpiece.","og_url":"https:\/\/www.fieldpiece.com\/es\/producto\/hv1-manguera-de-vacio-3-8-pulgada\/","og_site_name":"Fieldpiece Instruments","article_modified_time":"2024-06-12T08:45:26+00:00","og_image":[{"width":470,"height":470,"url":"https:\/\/resources.fieldpiece.com\/wp-content\/uploads\/2023\/05\/470x470-HV1-02.png","type":"image\/png"}],"twitter_card":"summary_large_image","twitter_misc":{"Tiempo de lectura":"1 minuto"},"schema":{"@context":"https:\/\/schema.org","@graph":[{"@type":"WebPage","@id":"https:\/\/www.fieldpiece.com\/es\/producto\/hv1-manguera-de-vacio-3-8-pulgada\/","url":"https:\/\/www.fieldpiece.com\/es\/producto\/hv1-manguera-de-vacio-3-8-pulgada\/","name":"HV1 - Manguera de vac\u00edo 3\/8 pulgada | Fieldpiece Instruments","isPartOf":{"@id":"https:\/\/www.fieldpiece.com\/es\/#website"},"primaryImageOfPage":{"@id":"https:\/\/www.fieldpiece.com\/es\/producto\/hv1-manguera-de-vacio-3-8-pulgada\/#primaryimage"},"image":{"@id":"https:\/\/www.fieldpiece.com\/es\/producto\/hv1-manguera-de-vacio-3-8-pulgada\/#primaryimage"},"thumbnailUrl":"https:\/\/resources.fieldpiece.com\/wp-content\/uploads\/2023\/05\/470x470-HV1-02.png","datePublished":"2023-05-12T18:27:51+00:00","dateModified":"2024-06-12T08:45:26+00:00","description":"Eche un vistazo a la manguera de vac\u00edo HV1 de 3\/8 pulgada para carga, recuperaci\u00f3n y evacuaci\u00f3n de HVACR de Fieldpiece. Vea la l\u00ednea completa de mangueras y conectores de HVAC Fieldpiece.","breadcrumb":{"@id":"https:\/\/www.fieldpiece.com\/es\/producto\/hv1-manguera-de-vacio-3-8-pulgada\/#breadcrumb"},"inLanguage":"es","potentialAction":[{"@type":"ReadAction","target":["https:\/\/www.fieldpiece.com\/es\/producto\/hv1-manguera-de-vacio-3-8-pulgada\/"]}]},{"@type":"ImageObject","inLanguage":"es","@id":"https:\/\/www.fieldpiece.com\/es\/producto\/hv1-manguera-de-vacio-3-8-pulgada\/#primaryimage","url":"https:\/\/resources.fieldpiece.com\/wp-content\/uploads\/2023\/05\/470x470-HV1-02.png","contentUrl":"https:\/\/resources.fieldpiece.com\/wp-content\/uploads\/2023\/05\/470x470-HV1-02.png","width":470,"height":470},{"@type":"BreadcrumbList","@id":"https:\/\/www.fieldpiece.com\/es\/producto\/hv1-manguera-de-vacio-3-8-pulgada\/#breadcrumb","itemListElement":[{"@type":"ListItem","position":1,"name":"Home","item":"https:\/\/www.fieldpiece.com\/es\/"},{"@type":"ListItem","position":2,"name":"Shop","item":"https:\/\/www.fieldpiece.com\/shop\/"},{"@type":"ListItem","position":3,"name":"HV1 &#8211; Manguera de vac\u00edo 3\/8 pulgada"}]},{"@type":"WebSite","@id":"https:\/\/www.fieldpiece.com\/es\/#website","url":"https:\/\/www.fieldpiece.com\/es\/","name":"Fieldpiece Instruments","description":"","publisher":{"@id":"https:\/\/www.fieldpiece.com\/es\/#organization"},"potentialAction":[{"@type":"SearchAction","target":{"@type":"EntryPoint","urlTemplate":"https:\/\/www.fieldpiece.com\/es\/?s={search_term_string}"},"query-input":{"@type":"PropertyValueSpecification","valueRequired":true,"valueName":"search_term_string"}}],"inLanguage":"es"},{"@type":"Organization","@id":"https:\/\/www.fieldpiece.com\/es\/#organization","name":"Fieldpiece Instruments","url":"https:\/\/www.fieldpiece.com\/es\/","logo":{"@type":"ImageObject","inLanguage":"es","@id":"https:\/\/www.fieldpiece.com\/es\/#\/schema\/logo\/image\/","url":"https:\/\/resources.fieldpiece.com\/wp-content\/uploads\/2021\/02\/Logos-490x358-1.jpg","contentUrl":"https:\/\/resources.fieldpiece.com\/wp-content\/uploads\/2021\/02\/Logos-490x358-1.jpg","width":490,"height":358,"caption":"Fieldpiece Instruments"},"image":{"@id":"https:\/\/www.fieldpiece.com\/es\/#\/schema\/logo\/image\/"}}]}},"_links":{"self":[{"href":"https:\/\/www.fieldpiece.com\/es\/wp-json\/wp\/v2\/product\/119122","targetHints":{"allow":["GET"]}}],"collection":[{"href":"https:\/\/www.fieldpiece.com\/es\/wp-json\/wp\/v2\/product"}],"about":[{"href":"https:\/\/www.fieldpiece.com\/es\/wp-json\/wp\/v2\/types\/product"}],"replies":[{"embeddable":true,"href":"https:\/\/www.fieldpiece.com\/es\/wp-json\/wp\/v2\/comments?post=119122"}],"wp:featuredmedia":[{"embeddable":true,"href":"https:\/\/www.fieldpiece.com\/es\/wp-json\/wp\/v2\/media\/109412"}],"wp:attachment":[{"href":"https:\/\/www.fieldpiece.com\/es\/wp-json\/wp\/v2\/media?parent=119122"}],"wp:term":[{"taxonomy":"product_brand","embeddable":true,"href":"https:\/\/www.fieldpiece.com\/es\/wp-json\/wp\/v2\/product_brand?post=119122"},{"taxonomy":"product_cat","embeddable":true,"href":"https:\/\/www.fieldpiece.com\/es\/wp-json\/wp\/v2\/product_cat?post=119122"},{"taxonomy":"product_tag","embeddable":true,"href":"https:\/\/www.fieldpiece.com\/es\/wp-json\/wp\/v2\/product_tag?post=119122"}],"curies":[{"name":"wp","href":"https:\/\/api.w.org\/{rel}","templated":true}]}}