	{"id":119112,"date":"2024-01-17T10:01:08","date_gmt":"2024-06-07T10:56:55","guid":{"rendered":"https:\/\/www.fieldpiece.com\/product\/rvc4-1-4-swappable-port-fitting\/"},"modified":"2024-06-12T01:57:18","modified_gmt":"2024-06-12T08:57:18","slug":"rvc4-conector-para-puerto-de-servicio-de-vcrt-de-1-4-pulgada","status":"publish","type":"product","link":"https:\/\/www.fieldpiece.com\/es\/producto\/rvc4-conector-para-puerto-de-servicio-de-vcrt-de-1-4-pulgada\/","title":{"rendered":"RVC4 \u2014 Conector para puerto de servicio de VCRT de 1\/4 pulgada"},"content":{"rendered":"<p>Las herramientas de extracci\u00f3n de n\u00facleos de v\u00e1lvulas Fieldpiece est\u00e1n dise\u00f1adas para reemplazar f\u00e1cilmente el conector para puerto de servicio est\u00e1ndar de 1\/4 pulgada cuando sea necesario y cambiarlo por un conector de 5\/16 pulgada para trabajar en sistemas mini-split.<\/p>\n<ul>\n<li>Conector para puerto de servicio de 1\/4 pulgada de repuesto para VC2G, VC1G y VC1<\/li>\n<li>Incluye 5 juntas t\u00f3ricas de repuesto y un tubo de almacenamiento<\/li>\n<li>Lat\u00f3n, para distinguirlo f\u00e1cilmente de un conector de lat\u00f3n zincado de 5\/16 pulgada<\/li>\n<li>Compatible con A2L<\/li>\n<\/ul>\n","protected":false},"excerpt":{"rendered":"<p>Conector para puerto intercambiable de 5\/16 pulgada<\/p>\n","protected":false},"featured_media":117597,"comment_status":"closed","ping_status":"closed","template":"","meta":{"_acf_changed":false},"product_brand":[],"product_cat":[774],"product_tag":[],"class_list":{"0":"post-119112","1":"product","2":"type-product","3":"status-publish","4":"has-post-thumbnail","6":"product_cat-valve-core-removal-tools-es","8":"first","9":"instock","10":"shipping-taxable","11":"product-type-simple"},"acf":[],"yoast_head":"<!-- This site is optimized with the Yoast SEO plugin v27.3 - https:\/\/yoast.com\/product\/yoast-seo-wordpress\/ -->\n<title>Conector para puerto de servicio de VCRT de 1\/4 pulgada | Fieldpiece Instruments<\/title>\n<meta name=\"description\" content=\"\u00bfNecesita un conector para puerto de servicio de 1\/4 pulgada de reemplazo para las herramientas de extracci\u00f3n de n\u00facleos de v\u00e1lvulas Fieldpiece VC2G, VC1G y VC1? Obtenga uno hoy mismo de Fieldpiece Instruments.\" \/>\n<meta name=\"robots\" content=\"index, follow, max-snippet:-1, max-image-preview:large, max-video-preview:-1\" \/>\n<link rel=\"canonical\" href=\"https:\/\/www.fieldpiece.com\/es\/producto\/rvc4-conector-para-puerto-de-servicio-de-vcrt-de-1-4-pulgada\/\" \/>\n<meta property=\"og:locale\" content=\"es_ES\" \/>\n<meta property=\"og:type\" content=\"article\" \/>\n<meta property=\"og:title\" content=\"Conector para puerto de servicio de VCRT de 1\/4 pulgada | Fieldpiece Instruments\" \/>\n<meta property=\"og:description\" content=\"\u00bfNecesita un conector para puerto de servicio de 1\/4 pulgada de reemplazo para las herramientas de extracci\u00f3n de n\u00facleos de v\u00e1lvulas Fieldpiece VC2G, VC1G y VC1? Obtenga uno hoy mismo de Fieldpiece Instruments.\" \/>\n<meta property=\"og:url\" content=\"https:\/\/www.fieldpiece.com\/es\/producto\/rvc4-conector-para-puerto-de-servicio-de-vcrt-de-1-4-pulgada\/\" \/>\n<meta property=\"og:site_name\" content=\"Fieldpiece Instruments\" \/>\n<meta property=\"article:modified_time\" content=\"2024-06-12T08:57:18+00:00\" \/>\n<meta property=\"og:image\" content=\"https:\/\/resources.fieldpiece.com\/wp-content\/uploads\/2024\/01\/RVC4-470x470-1.png\" \/>\n\t<meta property=\"og:image:width\" content=\"470\" \/>\n\t<meta property=\"og:image:height\" content=\"470\" \/>\n\t<meta property=\"og:image:type\" content=\"image\/png\" \/>\n<meta name=\"twitter:card\" content=\"summary_large_image\" \/>\n<meta name=\"twitter:label1\" content=\"Tiempo de lectura\" \/>\n\t<meta name=\"twitter:data1\" content=\"1 minuto\" \/>\n<script type=\"application\/ld+json\" class=\"yoast-schema-graph\">{\"@context\":\"https:\\\/\\\/schema.org\",\"@graph\":[{\"@type\":\"WebPage\",\"@id\":\"https:\\\/\\\/www.fieldpiece.com\\\/es\\\/producto\\\/rvc4-conector-para-puerto-de-servicio-de-vcrt-de-1-4-pulgada\\\/\",\"url\":\"https:\\\/\\\/www.fieldpiece.com\\\/es\\\/producto\\\/rvc4-conector-para-puerto-de-servicio-de-vcrt-de-1-4-pulgada\\\/\",\"name\":\"Conector para puerto de servicio de VCRT de 1\\\/4 pulgada | Fieldpiece Instruments\",\"isPartOf\":{\"@id\":\"https:\\\/\\\/www.fieldpiece.com\\\/es\\\/#website\"},\"primaryImageOfPage\":{\"@id\":\"https:\\\/\\\/www.fieldpiece.com\\\/es\\\/producto\\\/rvc4-conector-para-puerto-de-servicio-de-vcrt-de-1-4-pulgada\\\/#primaryimage\"},\"image\":{\"@id\":\"https:\\\/\\\/www.fieldpiece.com\\\/es\\\/producto\\\/rvc4-conector-para-puerto-de-servicio-de-vcrt-de-1-4-pulgada\\\/#primaryimage\"},\"thumbnailUrl\":\"https:\\\/\\\/resources.fieldpiece.com\\\/wp-content\\\/uploads\\\/2024\\\/01\\\/RVC4-470x470-1.png\",\"datePublished\":\"2024-06-07T10:56:55+00:00\",\"dateModified\":\"2024-06-12T08:57:18+00:00\",\"description\":\"\u00bfNecesita un conector para puerto de servicio de 1\\\/4 pulgada de reemplazo para las herramientas de extracci\u00f3n de n\u00facleos de v\u00e1lvulas Fieldpiece VC2G, VC1G y VC1? Obtenga uno hoy mismo de Fieldpiece Instruments.\",\"breadcrumb\":{\"@id\":\"https:\\\/\\\/www.fieldpiece.com\\\/es\\\/producto\\\/rvc4-conector-para-puerto-de-servicio-de-vcrt-de-1-4-pulgada\\\/#breadcrumb\"},\"inLanguage\":\"es\",\"potentialAction\":[{\"@type\":\"ReadAction\",\"target\":[\"https:\\\/\\\/www.fieldpiece.com\\\/es\\\/producto\\\/rvc4-conector-para-puerto-de-servicio-de-vcrt-de-1-4-pulgada\\\/\"]}]},{\"@type\":\"ImageObject\",\"inLanguage\":\"es\",\"@id\":\"https:\\\/\\\/www.fieldpiece.com\\\/es\\\/producto\\\/rvc4-conector-para-puerto-de-servicio-de-vcrt-de-1-4-pulgada\\\/#primaryimage\",\"url\":\"https:\\\/\\\/resources.fieldpiece.com\\\/wp-content\\\/uploads\\\/2024\\\/01\\\/RVC4-470x470-1.png\",\"contentUrl\":\"https:\\\/\\\/resources.fieldpiece.com\\\/wp-content\\\/uploads\\\/2024\\\/01\\\/RVC4-470x470-1.png\",\"width\":470,\"height\":470},{\"@type\":\"BreadcrumbList\",\"@id\":\"https:\\\/\\\/www.fieldpiece.com\\\/es\\\/producto\\\/rvc4-conector-para-puerto-de-servicio-de-vcrt-de-1-4-pulgada\\\/#breadcrumb\",\"itemListElement\":[{\"@type\":\"ListItem\",\"position\":1,\"name\":\"Home\",\"item\":\"https:\\\/\\\/www.fieldpiece.com\\\/es\\\/\"},{\"@type\":\"ListItem\",\"position\":2,\"name\":\"Shop\",\"item\":\"https:\\\/\\\/www.fieldpiece.com\\\/shop\\\/\"},{\"@type\":\"ListItem\",\"position\":3,\"name\":\"RVC4 \u2014 Conector para puerto de servicio de VCRT de 1\\\/4 pulgada\"}]},{\"@type\":\"WebSite\",\"@id\":\"https:\\\/\\\/www.fieldpiece.com\\\/es\\\/#website\",\"url\":\"https:\\\/\\\/www.fieldpiece.com\\\/es\\\/\",\"name\":\"Fieldpiece Instruments\",\"description\":\"\",\"publisher\":{\"@id\":\"https:\\\/\\\/www.fieldpiece.com\\\/es\\\/#organization\"},\"potentialAction\":[{\"@type\":\"SearchAction\",\"target\":{\"@type\":\"EntryPoint\",\"urlTemplate\":\"https:\\\/\\\/www.fieldpiece.com\\\/es\\\/?s={search_term_string}\"},\"query-input\":{\"@type\":\"PropertyValueSpecification\",\"valueRequired\":true,\"valueName\":\"search_term_string\"}}],\"inLanguage\":\"es\"},{\"@type\":\"Organization\",\"@id\":\"https:\\\/\\\/www.fieldpiece.com\\\/es\\\/#organization\",\"name\":\"Fieldpiece Instruments\",\"url\":\"https:\\\/\\\/www.fieldpiece.com\\\/es\\\/\",\"logo\":{\"@type\":\"ImageObject\",\"inLanguage\":\"es\",\"@id\":\"https:\\\/\\\/www.fieldpiece.com\\\/es\\\/#\\\/schema\\\/logo\\\/image\\\/\",\"url\":\"https:\\\/\\\/resources.fieldpiece.com\\\/wp-content\\\/uploads\\\/2021\\\/02\\\/Logos-490x358-1.jpg\",\"contentUrl\":\"https:\\\/\\\/resources.fieldpiece.com\\\/wp-content\\\/uploads\\\/2021\\\/02\\\/Logos-490x358-1.jpg\",\"width\":490,\"height\":358,\"caption\":\"Fieldpiece Instruments\"},\"image\":{\"@id\":\"https:\\\/\\\/www.fieldpiece.com\\\/es\\\/#\\\/schema\\\/logo\\\/image\\\/\"}}]}<\/script>\n<!-- \/ Yoast SEO plugin. -->","yoast_head_json":{"title":"Conector para puerto de servicio de VCRT de 1\/4 pulgada | Fieldpiece Instruments","description":"\u00bfNecesita un conector para puerto de servicio de 1\/4 pulgada de reemplazo para las herramientas de extracci\u00f3n de n\u00facleos de v\u00e1lvulas Fieldpiece VC2G, VC1G y VC1? Obtenga uno hoy mismo de Fieldpiece Instruments.","robots":{"index":"index","follow":"follow","max-snippet":"max-snippet:-1","max-image-preview":"max-image-preview:large","max-video-preview":"max-video-preview:-1"},"canonical":"https:\/\/www.fieldpiece.com\/es\/producto\/rvc4-conector-para-puerto-de-servicio-de-vcrt-de-1-4-pulgada\/","og_locale":"es_ES","og_type":"article","og_title":"Conector para puerto de servicio de VCRT de 1\/4 pulgada | Fieldpiece Instruments","og_description":"\u00bfNecesita un conector para puerto de servicio de 1\/4 pulgada de reemplazo para las herramientas de extracci\u00f3n de n\u00facleos de v\u00e1lvulas Fieldpiece VC2G, VC1G y VC1? Obtenga uno hoy mismo de Fieldpiece Instruments.","og_url":"https:\/\/www.fieldpiece.com\/es\/producto\/rvc4-conector-para-puerto-de-servicio-de-vcrt-de-1-4-pulgada\/","og_site_name":"Fieldpiece Instruments","article_modified_time":"2024-06-12T08:57:18+00:00","og_image":[{"width":470,"height":470,"url":"https:\/\/resources.fieldpiece.com\/wp-content\/uploads\/2024\/01\/RVC4-470x470-1.png","type":"image\/png"}],"twitter_card":"summary_large_image","twitter_misc":{"Tiempo de lectura":"1 minuto"},"schema":{"@context":"https:\/\/schema.org","@graph":[{"@type":"WebPage","@id":"https:\/\/www.fieldpiece.com\/es\/producto\/rvc4-conector-para-puerto-de-servicio-de-vcrt-de-1-4-pulgada\/","url":"https:\/\/www.fieldpiece.com\/es\/producto\/rvc4-conector-para-puerto-de-servicio-de-vcrt-de-1-4-pulgada\/","name":"Conector para puerto de servicio de VCRT de 1\/4 pulgada | Fieldpiece Instruments","isPartOf":{"@id":"https:\/\/www.fieldpiece.com\/es\/#website"},"primaryImageOfPage":{"@id":"https:\/\/www.fieldpiece.com\/es\/producto\/rvc4-conector-para-puerto-de-servicio-de-vcrt-de-1-4-pulgada\/#primaryimage"},"image":{"@id":"https:\/\/www.fieldpiece.com\/es\/producto\/rvc4-conector-para-puerto-de-servicio-de-vcrt-de-1-4-pulgada\/#primaryimage"},"thumbnailUrl":"https:\/\/resources.fieldpiece.com\/wp-content\/uploads\/2024\/01\/RVC4-470x470-1.png","datePublished":"2024-06-07T10:56:55+00:00","dateModified":"2024-06-12T08:57:18+00:00","description":"\u00bfNecesita un conector para puerto de servicio de 1\/4 pulgada de reemplazo para las herramientas de extracci\u00f3n de n\u00facleos de v\u00e1lvulas Fieldpiece VC2G, VC1G y VC1? Obtenga uno hoy mismo de Fieldpiece Instruments.","breadcrumb":{"@id":"https:\/\/www.fieldpiece.com\/es\/producto\/rvc4-conector-para-puerto-de-servicio-de-vcrt-de-1-4-pulgada\/#breadcrumb"},"inLanguage":"es","potentialAction":[{"@type":"ReadAction","target":["https:\/\/www.fieldpiece.com\/es\/producto\/rvc4-conector-para-puerto-de-servicio-de-vcrt-de-1-4-pulgada\/"]}]},{"@type":"ImageObject","inLanguage":"es","@id":"https:\/\/www.fieldpiece.com\/es\/producto\/rvc4-conector-para-puerto-de-servicio-de-vcrt-de-1-4-pulgada\/#primaryimage","url":"https:\/\/resources.fieldpiece.com\/wp-content\/uploads\/2024\/01\/RVC4-470x470-1.png","contentUrl":"https:\/\/resources.fieldpiece.com\/wp-content\/uploads\/2024\/01\/RVC4-470x470-1.png","width":470,"height":470},{"@type":"BreadcrumbList","@id":"https:\/\/www.fieldpiece.com\/es\/producto\/rvc4-conector-para-puerto-de-servicio-de-vcrt-de-1-4-pulgada\/#breadcrumb","itemListElement":[{"@type":"ListItem","position":1,"name":"Home","item":"https:\/\/www.fieldpiece.com\/es\/"},{"@type":"ListItem","position":2,"name":"Shop","item":"https:\/\/www.fieldpiece.com\/shop\/"},{"@type":"ListItem","position":3,"name":"RVC4 \u2014 Conector para puerto de servicio de VCRT de 1\/4 pulgada"}]},{"@type":"WebSite","@id":"https:\/\/www.fieldpiece.com\/es\/#website","url":"https:\/\/www.fieldpiece.com\/es\/","name":"Fieldpiece Instruments","description":"","publisher":{"@id":"https:\/\/www.fieldpiece.com\/es\/#organization"},"potentialAction":[{"@type":"SearchAction","target":{"@type":"EntryPoint","urlTemplate":"https:\/\/www.fieldpiece.com\/es\/?s={search_term_string}"},"query-input":{"@type":"PropertyValueSpecification","valueRequired":true,"valueName":"search_term_string"}}],"inLanguage":"es"},{"@type":"Organization","@id":"https:\/\/www.fieldpiece.com\/es\/#organization","name":"Fieldpiece Instruments","url":"https:\/\/www.fieldpiece.com\/es\/","logo":{"@type":"ImageObject","inLanguage":"es","@id":"https:\/\/www.fieldpiece.com\/es\/#\/schema\/logo\/image\/","url":"https:\/\/resources.fieldpiece.com\/wp-content\/uploads\/2021\/02\/Logos-490x358-1.jpg","contentUrl":"https:\/\/resources.fieldpiece.com\/wp-content\/uploads\/2021\/02\/Logos-490x358-1.jpg","width":490,"height":358,"caption":"Fieldpiece Instruments"},"image":{"@id":"https:\/\/www.fieldpiece.com\/es\/#\/schema\/logo\/image\/"}}]}},"_links":{"self":[{"href":"https:\/\/www.fieldpiece.com\/es\/wp-json\/wp\/v2\/product\/119112","targetHints":{"allow":["GET"]}}],"collection":[{"href":"https:\/\/www.fieldpiece.com\/es\/wp-json\/wp\/v2\/product"}],"about":[{"href":"https:\/\/www.fieldpiece.com\/es\/wp-json\/wp\/v2\/types\/product"}],"replies":[{"embeddable":true,"href":"https:\/\/www.fieldpiece.com\/es\/wp-json\/wp\/v2\/comments?post=119112"}],"wp:featuredmedia":[{"embeddable":true,"href":"https:\/\/www.fieldpiece.com\/es\/wp-json\/wp\/v2\/media\/117597"}],"wp:attachment":[{"href":"https:\/\/www.fieldpiece.com\/es\/wp-json\/wp\/v2\/media?parent=119112"}],"wp:term":[{"taxonomy":"product_brand","embeddable":true,"href":"https:\/\/www.fieldpiece.com\/es\/wp-json\/wp\/v2\/product_brand?post=119112"},{"taxonomy":"product_cat","embeddable":true,"href":"https:\/\/www.fieldpiece.com\/es\/wp-json\/wp\/v2\/product_cat?post=119112"},{"taxonomy":"product_tag","embeddable":true,"href":"https:\/\/www.fieldpiece.com\/es\/wp-json\/wp\/v2\/product_tag?post=119112"}],"curies":[{"name":"wp","href":"https:\/\/api.w.org\/{rel}","templated":true}]}}