	{"id":44274,"date":"2023-04-26T04:30:54","date_gmt":"2023-04-26T11:30:54","guid":{"rendered":"https:\/\/www.fieldpiece.com\/commitment-to-innovation\/"},"modified":"2023-04-26T23:25:40","modified_gmt":"2023-04-27T06:25:40","slug":"compromiso-con-la-innovacion","status":"publish","type":"page","link":"https:\/\/www.fieldpiece.com\/es\/compromiso-con-la-innovacion\/","title":{"rendered":"Compromiso con la innovaci\u00f3n"},"content":{"rendered":"<h4><img loading=\"lazy\" decoding=\"async\" class=\"size-medium wp-image-43024 alignleft\" style=\"height: 220px;\" src=\"https:\/\/resources.fieldpiece.com\/wp-content\/uploads\/2021\/06\/JL-Family-300x174.jpg\" alt=\"\" width=\"300\" height=\"250\" \/><strong>Un conjunto completo de productos dise\u00f1ados y fabricados espec\u00edficamente para los profesionales de climatizaci\u00f3n y refrigeraci\u00f3n.<\/strong><\/h4>\n<ul class=\"commitment-body-ul\">\n<li>Herramientas que reflejan m\u00e1s de 30 a\u00f1os de liderazgo, excelencia e innovaci\u00f3n <\/li>\n<li>Analizadores digitales que han redefinido el sector y que cuentan con las funciones m\u00e1s demandadas <\/li>\n<li>El revolucionario sistema Job Link\u00ae conecta los productos de forma inal\u00e1mbrica en todo el sistema <\/li>\n<li>Las sondas y medidores ofrecen una versatilidad, confiabilidad y precisi\u00f3n inigualables <\/li>\n<li>M\u00e1quinas de recuperaci\u00f3n que facilitan mucho las cosas a los t\u00e9cnicos sobre el terreno <\/li>\n<li>Bombas de vac\u00edo que ostentan el innovador sistema de cambio de aceite RunQuick\u2122 <\/li>\n<\/ul>\n<h4>Innovaci\u00f3n tras innovaci\u00f3n tras innovaci\u00f3n <\/h4>\n<p>La familia de productos Fieldpiece tiene muchas cosas en com\u00fan. Son resistentes, vers\u00e1tiles e innovadores, y pueden soportar las exigencias del trabajo en climatizaci\u00f3n y refrigeraci\u00f3n. Esto se debe a algo m\u00e1s que tienen en com\u00fan: todos se dise\u00f1aron con la idea de que todos los profesionales de campo de climatizaci\u00f3n y refrigeraci\u00f3n se merecen las mejores herramientas posibles. <\/p>\n<p>Durante m\u00e1s de 30 a\u00f1os, hemos convertido esta premisa en la gama de herramientas de climatizaci\u00f3n y refrigeraci\u00f3n m\u00e1s amplia del mercado. Esta familia de herramientas es exactamente lo que el profesional necesita. \u00bfC\u00f3mo lo hemos hecho? En realidad, es sencillo. Hemos escuchado a los profesionales de campo para determinar exactamente lo que necesitan y hemos creado productos que resuelven los problemas cotidianos a los que se enfrentan. <\/p>\n<p>Estamos orgullosos de nuestra familia de productos y a\u00fan m\u00e1s orgullosos de la familia de ingenieros de Fieldpiece que los han dise\u00f1ado, desarrollado y probado pensando en USTED.  <\/p>\n<p>\u00bfNecesita recuperar el refrigerante a toda velocidad? \u00bfQuiere obtener un vac\u00edo completo con plena confianza? \u00bfSue\u00f1a con medir la presi\u00f3n sin todas esas engorrosas mangueras? En Fieldpiece, tenemos todo lo que necesita. Aqu\u00ed encontrar\u00e1 exactamente lo que requiere para proporcionar el mejor servicio, reparaci\u00f3n y mantenimiento. <\/p>\n<p>Elija uno de estos productos Fieldpiece. O mejor a\u00fan, complete su kit y demuestre a todo el mundo que es un verdadero maestro del oficio, llevando solo lo mejor en la furgoneta y en la caja de herramientas. <\/p>\n<table id=\"commitment_table\" class=\"basic-body-table bkt-style1\">\n<tbody>\n<tr>\n<td width=\"200\">Flujo de aire y Temperatura\/humedad relativa (HR) <\/td>\n<td>\n<ul>\n<li>Sondas dise\u00f1adas para los profesionales de campo <\/li>\n<li>Fabricadas para trabajar en espacios reducidos, hacer frente a condiciones cambiantes y proporcionar la informaci\u00f3n exacta necesaria <\/li>\n<\/ul>\n<\/td>\n<\/tr>\n<tr>\n<td>Combusti\u00f3n <\/td>\n<td>\n<ul>\n<li>Novedades que ayudan a diagnosticar, reparar y poner a punto la mayor\u00eda de los equipos de combusti\u00f3n <\/li>\n<li>Herramientas dise\u00f1adas para aplicaciones del mundo real, con funciones estupendas que agilizan las visitas de mantenimiento <\/li>\n<\/ul>\n<\/td>\n<\/tr>\n<tr>\n<td>Analizadores digitales <\/td>\n<td>\n<ul>\n<li>Los dos analizadores digitales m\u00e1s avanzados del mercado <\/li>\n<li>Repletos de todas esas funciones que necesitan los t\u00e9cnicos de campo <\/li>\n<li>Resistentes, port\u00e1tiles y vers\u00e1tiles <\/li>\n<li>Integraci\u00f3n perfecta con la aplicaci\u00f3n del sistema Job Link\u00ae <\/li>\n<\/ul>\n<\/td>\n<\/tr>\n<tr>\n<td>Medidores el\u00e9ctricos <\/td>\n<td>\n<ul>\n<li>Medidores tipo barra, de pinza y de banco dise\u00f1ados espec\u00edficamente para los profesionales de climatizaci\u00f3n y refrigeraci\u00f3n <\/li>\n<li>Medidores vers\u00e1tiles, resistentes y precisos que incorporan las funciones que usted necesita a diario <\/li>\n<\/ul>\n<\/td>\n<\/tr>\n<tr>\n<td>Sistema Job Link\u00ae <\/td>\n<td>\n<ul>\n<li>Funciona con todas nuestras herramientas inal\u00e1mbricas e incorpora perfectamente sus funciones <\/li>\n<li>Muestra una visi\u00f3n en tiempo real del sistema de climatizaci\u00f3n\/refrigeraci\u00f3n que est\u00e1 probando <\/li>\n<li>Ofrece herramientas de diagn\u00f3stico \u00fatiles a los t\u00e9cnicos <\/li>\n<li>Genera informes y se integra con el software de contabilidad <\/li>\n<\/ul>\n<\/td>\n<\/tr>\n<tr>\n<td>Detectores de fugas <\/td>\n<td>\n<ul>\n<li>Detectores de fugas de refrigerante port\u00e1tiles, potentes y resistentes <\/li>\n<li>Superan los est\u00e1ndares de sensibilidad del sector <\/li>\n<\/ul>\n<\/td>\n<\/tr>\n<tr>\n<td>Man\u00f3metros <\/td>\n<td>\n<ul>\n<li>Man\u00f3metros resistentes y vers\u00e1tiles de doble puerto <\/li>\n<li>Miden presi\u00f3n de gas, presi\u00f3n est\u00e1tica y presi\u00f3n diferencial <\/li>\n<\/ul>\n<\/td>\n<\/tr>\n<tr>\n<td>Recuperaci\u00f3n y vac\u00edo <\/td>\n<td>\n<ul>\n<li>La m\u00e1quina de recuperaci\u00f3n digital ofrece nuevas innovaciones y nuevas funciones <\/li>\n<li>Las bombas de vac\u00edo port\u00e1tiles y vers\u00e1tiles ofrecen 4 puertos y nuestro innovador sistema de cambio de aceite RunQuick\u2122 <\/li>\n<\/ul>\n<\/td>\n<\/tr>\n<tr>\n<td>B\u00e1sculas <\/td>\n<td>\n<ul>\n<li>B\u00e1sculas port\u00e1tiles dise\u00f1adas para las duras condiciones de la climatizaci\u00f3n\/refrigeraci\u00f3n <\/li>\n<li>Compactas, resistentes y precisas <\/li>\n<\/ul>\n<\/td>\n<\/tr>\n<\/tbody>\n<\/table>\n","protected":false},"excerpt":{"rendered":"<p>Un conjunto completo de productos dise\u00f1ados y fabricados espec\u00edficamente para los profesionales de climatizaci\u00f3n y refrigeraci\u00f3n. Herramientas que reflejan m\u00e1s &#8230;<\/p>\n","protected":false},"author":2,"featured_media":0,"parent":0,"menu_order":0,"comment_status":"closed","ping_status":"closed","template":"templates\/template-basic.php","meta":{"_acf_changed":false,"footnotes":""},"class_list":["post-44274","page","type-page","status-publish","hentry"],"acf":[],"yoast_head":"<!-- This site is optimized with the Yoast SEO plugin v27.2 - https:\/\/yoast.com\/product\/yoast-seo-wordpress\/ -->\n<title>Compromiso con la innovaci\u00f3n - Fieldpiece Instruments<\/title>\n<meta name=\"robots\" content=\"index, follow, max-snippet:-1, max-image-preview:large, max-video-preview:-1\" \/>\n<link rel=\"canonical\" href=\"https:\/\/www.fieldpiece.com\/es\/compromiso-con-la-innovacion\/\" \/>\n<meta property=\"og:locale\" content=\"es_ES\" \/>\n<meta property=\"og:type\" content=\"article\" \/>\n<meta property=\"og:title\" content=\"Compromiso con la innovaci\u00f3n - Fieldpiece Instruments\" \/>\n<meta property=\"og:description\" content=\"Un conjunto completo de productos dise\u00f1ados y fabricados espec\u00edficamente para los profesionales de climatizaci\u00f3n y refrigeraci\u00f3n. Herramientas que reflejan m\u00e1s ...\" \/>\n<meta property=\"og:url\" content=\"https:\/\/www.fieldpiece.com\/es\/compromiso-con-la-innovacion\/\" \/>\n<meta property=\"og:site_name\" content=\"Fieldpiece Instruments\" \/>\n<meta property=\"article:modified_time\" content=\"2023-04-27T06:25:40+00:00\" \/>\n<meta property=\"og:image\" content=\"https:\/\/www.fieldpiece.com\/wp-content\/uploads\/2021\/06\/JL-Family-300x174.jpg\" \/>\n<meta name=\"twitter:card\" content=\"summary_large_image\" \/>\n<meta name=\"twitter:label1\" content=\"Tiempo de lectura\" \/>\n\t<meta name=\"twitter:data1\" content=\"3 minutos\" \/>\n<script type=\"application\/ld+json\" class=\"yoast-schema-graph\">{\"@context\":\"https:\/\/schema.org\",\"@graph\":[{\"@type\":\"WebPage\",\"@id\":\"https:\/\/www.fieldpiece.com\/es\/compromiso-con-la-innovacion\/\",\"url\":\"https:\/\/www.fieldpiece.com\/es\/compromiso-con-la-innovacion\/\",\"name\":\"Compromiso con la innovaci\u00f3n - Fieldpiece Instruments\",\"isPartOf\":{\"@id\":\"https:\/\/www.fieldpiece.com\/es\/#website\"},\"primaryImageOfPage\":{\"@id\":\"https:\/\/www.fieldpiece.com\/es\/compromiso-con-la-innovacion\/#primaryimage\"},\"image\":{\"@id\":\"https:\/\/www.fieldpiece.com\/es\/compromiso-con-la-innovacion\/#primaryimage\"},\"thumbnailUrl\":\"https:\/\/resources.fieldpiece.com\/wp-content\/uploads\/2021\/06\/JL-Family-300x174.jpg\",\"datePublished\":\"2023-04-26T11:30:54+00:00\",\"dateModified\":\"2023-04-27T06:25:40+00:00\",\"breadcrumb\":{\"@id\":\"https:\/\/www.fieldpiece.com\/es\/compromiso-con-la-innovacion\/#breadcrumb\"},\"inLanguage\":\"es\",\"potentialAction\":[{\"@type\":\"ReadAction\",\"target\":[\"https:\/\/www.fieldpiece.com\/es\/compromiso-con-la-innovacion\/\"]}]},{\"@type\":\"ImageObject\",\"inLanguage\":\"es\",\"@id\":\"https:\/\/www.fieldpiece.com\/es\/compromiso-con-la-innovacion\/#primaryimage\",\"url\":\"https:\/\/resources.fieldpiece.com\/wp-content\/uploads\/2021\/06\/JL-Family-300x174.jpg\",\"contentUrl\":\"https:\/\/resources.fieldpiece.com\/wp-content\/uploads\/2021\/06\/JL-Family-300x174.jpg\"},{\"@type\":\"BreadcrumbList\",\"@id\":\"https:\/\/www.fieldpiece.com\/es\/compromiso-con-la-innovacion\/#breadcrumb\",\"itemListElement\":[{\"@type\":\"ListItem\",\"position\":1,\"name\":\"Home\",\"item\":\"https:\/\/www.fieldpiece.com\/es\/\"},{\"@type\":\"ListItem\",\"position\":2,\"name\":\"Compromiso con la innovaci\u00f3n\"}]},{\"@type\":\"WebSite\",\"@id\":\"https:\/\/www.fieldpiece.com\/es\/#website\",\"url\":\"https:\/\/www.fieldpiece.com\/es\/\",\"name\":\"Fieldpiece Instruments\",\"description\":\"\",\"publisher\":{\"@id\":\"https:\/\/www.fieldpiece.com\/es\/#organization\"},\"potentialAction\":[{\"@type\":\"SearchAction\",\"target\":{\"@type\":\"EntryPoint\",\"urlTemplate\":\"https:\/\/www.fieldpiece.com\/es\/?s={search_term_string}\"},\"query-input\":{\"@type\":\"PropertyValueSpecification\",\"valueRequired\":true,\"valueName\":\"search_term_string\"}}],\"inLanguage\":\"es\"},{\"@type\":\"Organization\",\"@id\":\"https:\/\/www.fieldpiece.com\/es\/#organization\",\"name\":\"Fieldpiece Instruments\",\"url\":\"https:\/\/www.fieldpiece.com\/es\/\",\"logo\":{\"@type\":\"ImageObject\",\"inLanguage\":\"es\",\"@id\":\"https:\/\/www.fieldpiece.com\/es\/#\/schema\/logo\/image\/\",\"url\":\"https:\/\/resources.fieldpiece.com\/wp-content\/uploads\/2021\/02\/Logos-490x358-1.jpg\",\"contentUrl\":\"https:\/\/resources.fieldpiece.com\/wp-content\/uploads\/2021\/02\/Logos-490x358-1.jpg\",\"width\":490,\"height\":358,\"caption\":\"Fieldpiece Instruments\"},\"image\":{\"@id\":\"https:\/\/www.fieldpiece.com\/es\/#\/schema\/logo\/image\/\"}}]}<\/script>\n<!-- \/ Yoast SEO plugin. -->","yoast_head_json":{"title":"Compromiso con la innovaci\u00f3n - Fieldpiece Instruments","robots":{"index":"index","follow":"follow","max-snippet":"max-snippet:-1","max-image-preview":"max-image-preview:large","max-video-preview":"max-video-preview:-1"},"canonical":"https:\/\/www.fieldpiece.com\/es\/compromiso-con-la-innovacion\/","og_locale":"es_ES","og_type":"article","og_title":"Compromiso con la innovaci\u00f3n - Fieldpiece Instruments","og_description":"Un conjunto completo de productos dise\u00f1ados y fabricados espec\u00edficamente para los profesionales de climatizaci\u00f3n y refrigeraci\u00f3n. Herramientas que reflejan m\u00e1s ...","og_url":"https:\/\/www.fieldpiece.com\/es\/compromiso-con-la-innovacion\/","og_site_name":"Fieldpiece Instruments","article_modified_time":"2023-04-27T06:25:40+00:00","og_image":[{"url":"https:\/\/www.fieldpiece.com\/wp-content\/uploads\/2021\/06\/JL-Family-300x174.jpg","type":"","width":"","height":""}],"twitter_card":"summary_large_image","twitter_misc":{"Tiempo de lectura":"3 minutos"},"schema":{"@context":"https:\/\/schema.org","@graph":[{"@type":"WebPage","@id":"https:\/\/www.fieldpiece.com\/es\/compromiso-con-la-innovacion\/","url":"https:\/\/www.fieldpiece.com\/es\/compromiso-con-la-innovacion\/","name":"Compromiso con la innovaci\u00f3n - Fieldpiece Instruments","isPartOf":{"@id":"https:\/\/www.fieldpiece.com\/es\/#website"},"primaryImageOfPage":{"@id":"https:\/\/www.fieldpiece.com\/es\/compromiso-con-la-innovacion\/#primaryimage"},"image":{"@id":"https:\/\/www.fieldpiece.com\/es\/compromiso-con-la-innovacion\/#primaryimage"},"thumbnailUrl":"https:\/\/resources.fieldpiece.com\/wp-content\/uploads\/2021\/06\/JL-Family-300x174.jpg","datePublished":"2023-04-26T11:30:54+00:00","dateModified":"2023-04-27T06:25:40+00:00","breadcrumb":{"@id":"https:\/\/www.fieldpiece.com\/es\/compromiso-con-la-innovacion\/#breadcrumb"},"inLanguage":"es","potentialAction":[{"@type":"ReadAction","target":["https:\/\/www.fieldpiece.com\/es\/compromiso-con-la-innovacion\/"]}]},{"@type":"ImageObject","inLanguage":"es","@id":"https:\/\/www.fieldpiece.com\/es\/compromiso-con-la-innovacion\/#primaryimage","url":"https:\/\/resources.fieldpiece.com\/wp-content\/uploads\/2021\/06\/JL-Family-300x174.jpg","contentUrl":"https:\/\/resources.fieldpiece.com\/wp-content\/uploads\/2021\/06\/JL-Family-300x174.jpg"},{"@type":"BreadcrumbList","@id":"https:\/\/www.fieldpiece.com\/es\/compromiso-con-la-innovacion\/#breadcrumb","itemListElement":[{"@type":"ListItem","position":1,"name":"Home","item":"https:\/\/www.fieldpiece.com\/es\/"},{"@type":"ListItem","position":2,"name":"Compromiso con la innovaci\u00f3n"}]},{"@type":"WebSite","@id":"https:\/\/www.fieldpiece.com\/es\/#website","url":"https:\/\/www.fieldpiece.com\/es\/","name":"Fieldpiece Instruments","description":"","publisher":{"@id":"https:\/\/www.fieldpiece.com\/es\/#organization"},"potentialAction":[{"@type":"SearchAction","target":{"@type":"EntryPoint","urlTemplate":"https:\/\/www.fieldpiece.com\/es\/?s={search_term_string}"},"query-input":{"@type":"PropertyValueSpecification","valueRequired":true,"valueName":"search_term_string"}}],"inLanguage":"es"},{"@type":"Organization","@id":"https:\/\/www.fieldpiece.com\/es\/#organization","name":"Fieldpiece Instruments","url":"https:\/\/www.fieldpiece.com\/es\/","logo":{"@type":"ImageObject","inLanguage":"es","@id":"https:\/\/www.fieldpiece.com\/es\/#\/schema\/logo\/image\/","url":"https:\/\/resources.fieldpiece.com\/wp-content\/uploads\/2021\/02\/Logos-490x358-1.jpg","contentUrl":"https:\/\/resources.fieldpiece.com\/wp-content\/uploads\/2021\/02\/Logos-490x358-1.jpg","width":490,"height":358,"caption":"Fieldpiece Instruments"},"image":{"@id":"https:\/\/www.fieldpiece.com\/es\/#\/schema\/logo\/image\/"}}]}},"_links":{"self":[{"href":"https:\/\/www.fieldpiece.com\/es\/wp-json\/wp\/v2\/pages\/44274","targetHints":{"allow":["GET"]}}],"collection":[{"href":"https:\/\/www.fieldpiece.com\/es\/wp-json\/wp\/v2\/pages"}],"about":[{"href":"https:\/\/www.fieldpiece.com\/es\/wp-json\/wp\/v2\/types\/page"}],"author":[{"embeddable":true,"href":"https:\/\/www.fieldpiece.com\/es\/wp-json\/wp\/v2\/users\/2"}],"replies":[{"embeddable":true,"href":"https:\/\/www.fieldpiece.com\/es\/wp-json\/wp\/v2\/comments?post=44274"}],"version-history":[{"count":11,"href":"https:\/\/www.fieldpiece.com\/es\/wp-json\/wp\/v2\/pages\/44274\/revisions"}],"predecessor-version":[{"id":108084,"href":"https:\/\/www.fieldpiece.com\/es\/wp-json\/wp\/v2\/pages\/44274\/revisions\/108084"}],"wp:attachment":[{"href":"https:\/\/www.fieldpiece.com\/es\/wp-json\/wp\/v2\/media?parent=44274"}],"curies":[{"name":"wp","href":"https:\/\/api.w.org\/{rel}","templated":true}]}}