	{"id":24716,"date":"2023-04-26T04:23:25","date_gmt":"2023-04-26T11:23:25","guid":{"rendered":"https:\/\/www.fieldpiece.com\/user-manuals\/"},"modified":"2023-04-27T22:17:24","modified_gmt":"2023-04-28T05:17:24","slug":"user-manuals","status":"publish","type":"page","link":"https:\/\/www.fieldpiece.com\/es\/user-manuals\/","title":{"rendered":"Manuales de usuario"},"content":{"rendered":"<h2>Manuales de usuario<\/h2>\n<p class=\"lead\">Si tiene alguna pregunta o necesita informaci\u00f3n t\u00e9cnica acerca de una herramienta Fieldpiece, utilice estos enlaces de acceso r\u00e1pido a todos los manuales de nuestros productos.<\/p>\n","protected":false},"excerpt":{"rendered":"<p>Manuales de usuario Si tiene alguna pregunta o necesita informaci\u00f3n t\u00e9cnica acerca de una herramienta Fieldpiece, utilice estos enlaces de &#8230;<\/p>\n","protected":false},"author":2,"featured_media":0,"parent":0,"menu_order":0,"comment_status":"closed","ping_status":"closed","template":"templates\/template-usermanuals.php","meta":{"_acf_changed":false,"footnotes":""},"class_list":["post-24716","page","type-page","status-publish","hentry"],"acf":[],"yoast_head":"<!-- This site is optimized with the Yoast SEO plugin v27.2 - https:\/\/yoast.com\/product\/yoast-seo-wordpress\/ -->\n<title>Manuales de usuario - Fieldpiece Instruments<\/title>\n<meta name=\"robots\" content=\"index, follow, max-snippet:-1, max-image-preview:large, max-video-preview:-1\" \/>\n<link rel=\"canonical\" href=\"https:\/\/www.fieldpiece.com\/es\/user-manuals\/\" \/>\n<meta property=\"og:locale\" content=\"es_ES\" \/>\n<meta property=\"og:type\" content=\"article\" \/>\n<meta property=\"og:title\" content=\"Manuales de usuario - Fieldpiece Instruments\" \/>\n<meta property=\"og:description\" content=\"Manuales de usuario Si tiene alguna pregunta o necesita informaci\u00f3n t\u00e9cnica acerca de una herramienta Fieldpiece, utilice estos enlaces de ...\" \/>\n<meta property=\"og:url\" content=\"https:\/\/www.fieldpiece.com\/es\/user-manuals\/\" \/>\n<meta property=\"og:site_name\" content=\"Fieldpiece Instruments\" \/>\n<meta property=\"article:modified_time\" content=\"2023-04-28T05:17:24+00:00\" \/>\n<meta name=\"twitter:card\" content=\"summary_large_image\" \/>\n<meta name=\"twitter:label1\" content=\"Tiempo de lectura\" \/>\n\t<meta name=\"twitter:data1\" content=\"1 minuto\" \/>\n<script type=\"application\/ld+json\" class=\"yoast-schema-graph\">{\"@context\":\"https:\/\/schema.org\",\"@graph\":[{\"@type\":\"WebPage\",\"@id\":\"https:\/\/www.fieldpiece.com\/es\/user-manuals\/\",\"url\":\"https:\/\/www.fieldpiece.com\/es\/user-manuals\/\",\"name\":\"Manuales de usuario - Fieldpiece Instruments\",\"isPartOf\":{\"@id\":\"https:\/\/www.fieldpiece.com\/es\/#website\"},\"datePublished\":\"2023-04-26T11:23:25+00:00\",\"dateModified\":\"2023-04-28T05:17:24+00:00\",\"breadcrumb\":{\"@id\":\"https:\/\/www.fieldpiece.com\/es\/user-manuals\/#breadcrumb\"},\"inLanguage\":\"es\",\"potentialAction\":[{\"@type\":\"ReadAction\",\"target\":[\"https:\/\/www.fieldpiece.com\/es\/user-manuals\/\"]}]},{\"@type\":\"BreadcrumbList\",\"@id\":\"https:\/\/www.fieldpiece.com\/es\/user-manuals\/#breadcrumb\",\"itemListElement\":[{\"@type\":\"ListItem\",\"position\":1,\"name\":\"Home\",\"item\":\"https:\/\/www.fieldpiece.com\/es\/\"},{\"@type\":\"ListItem\",\"position\":2,\"name\":\"Manuales de usuario\"}]},{\"@type\":\"WebSite\",\"@id\":\"https:\/\/www.fieldpiece.com\/es\/#website\",\"url\":\"https:\/\/www.fieldpiece.com\/es\/\",\"name\":\"Fieldpiece Instruments\",\"description\":\"\",\"publisher\":{\"@id\":\"https:\/\/www.fieldpiece.com\/es\/#organization\"},\"potentialAction\":[{\"@type\":\"SearchAction\",\"target\":{\"@type\":\"EntryPoint\",\"urlTemplate\":\"https:\/\/www.fieldpiece.com\/es\/?s={search_term_string}\"},\"query-input\":{\"@type\":\"PropertyValueSpecification\",\"valueRequired\":true,\"valueName\":\"search_term_string\"}}],\"inLanguage\":\"es\"},{\"@type\":\"Organization\",\"@id\":\"https:\/\/www.fieldpiece.com\/es\/#organization\",\"name\":\"Fieldpiece Instruments\",\"url\":\"https:\/\/www.fieldpiece.com\/es\/\",\"logo\":{\"@type\":\"ImageObject\",\"inLanguage\":\"es\",\"@id\":\"https:\/\/www.fieldpiece.com\/es\/#\/schema\/logo\/image\/\",\"url\":\"https:\/\/resources.fieldpiece.com\/wp-content\/uploads\/2021\/02\/Logos-490x358-1.jpg\",\"contentUrl\":\"https:\/\/resources.fieldpiece.com\/wp-content\/uploads\/2021\/02\/Logos-490x358-1.jpg\",\"width\":490,\"height\":358,\"caption\":\"Fieldpiece Instruments\"},\"image\":{\"@id\":\"https:\/\/www.fieldpiece.com\/es\/#\/schema\/logo\/image\/\"}}]}<\/script>\n<!-- \/ Yoast SEO plugin. -->","yoast_head_json":{"title":"Manuales de usuario - Fieldpiece Instruments","robots":{"index":"index","follow":"follow","max-snippet":"max-snippet:-1","max-image-preview":"max-image-preview:large","max-video-preview":"max-video-preview:-1"},"canonical":"https:\/\/www.fieldpiece.com\/es\/user-manuals\/","og_locale":"es_ES","og_type":"article","og_title":"Manuales de usuario - Fieldpiece Instruments","og_description":"Manuales de usuario Si tiene alguna pregunta o necesita informaci\u00f3n t\u00e9cnica acerca de una herramienta Fieldpiece, utilice estos enlaces de ...","og_url":"https:\/\/www.fieldpiece.com\/es\/user-manuals\/","og_site_name":"Fieldpiece Instruments","article_modified_time":"2023-04-28T05:17:24+00:00","twitter_card":"summary_large_image","twitter_misc":{"Tiempo de lectura":"1 minuto"},"schema":{"@context":"https:\/\/schema.org","@graph":[{"@type":"WebPage","@id":"https:\/\/www.fieldpiece.com\/es\/user-manuals\/","url":"https:\/\/www.fieldpiece.com\/es\/user-manuals\/","name":"Manuales de usuario - Fieldpiece Instruments","isPartOf":{"@id":"https:\/\/www.fieldpiece.com\/es\/#website"},"datePublished":"2023-04-26T11:23:25+00:00","dateModified":"2023-04-28T05:17:24+00:00","breadcrumb":{"@id":"https:\/\/www.fieldpiece.com\/es\/user-manuals\/#breadcrumb"},"inLanguage":"es","potentialAction":[{"@type":"ReadAction","target":["https:\/\/www.fieldpiece.com\/es\/user-manuals\/"]}]},{"@type":"BreadcrumbList","@id":"https:\/\/www.fieldpiece.com\/es\/user-manuals\/#breadcrumb","itemListElement":[{"@type":"ListItem","position":1,"name":"Home","item":"https:\/\/www.fieldpiece.com\/es\/"},{"@type":"ListItem","position":2,"name":"Manuales de usuario"}]},{"@type":"WebSite","@id":"https:\/\/www.fieldpiece.com\/es\/#website","url":"https:\/\/www.fieldpiece.com\/es\/","name":"Fieldpiece Instruments","description":"","publisher":{"@id":"https:\/\/www.fieldpiece.com\/es\/#organization"},"potentialAction":[{"@type":"SearchAction","target":{"@type":"EntryPoint","urlTemplate":"https:\/\/www.fieldpiece.com\/es\/?s={search_term_string}"},"query-input":{"@type":"PropertyValueSpecification","valueRequired":true,"valueName":"search_term_string"}}],"inLanguage":"es"},{"@type":"Organization","@id":"https:\/\/www.fieldpiece.com\/es\/#organization","name":"Fieldpiece Instruments","url":"https:\/\/www.fieldpiece.com\/es\/","logo":{"@type":"ImageObject","inLanguage":"es","@id":"https:\/\/www.fieldpiece.com\/es\/#\/schema\/logo\/image\/","url":"https:\/\/resources.fieldpiece.com\/wp-content\/uploads\/2021\/02\/Logos-490x358-1.jpg","contentUrl":"https:\/\/resources.fieldpiece.com\/wp-content\/uploads\/2021\/02\/Logos-490x358-1.jpg","width":490,"height":358,"caption":"Fieldpiece Instruments"},"image":{"@id":"https:\/\/www.fieldpiece.com\/es\/#\/schema\/logo\/image\/"}}]}},"_links":{"self":[{"href":"https:\/\/www.fieldpiece.com\/es\/wp-json\/wp\/v2\/pages\/24716","targetHints":{"allow":["GET"]}}],"collection":[{"href":"https:\/\/www.fieldpiece.com\/es\/wp-json\/wp\/v2\/pages"}],"about":[{"href":"https:\/\/www.fieldpiece.com\/es\/wp-json\/wp\/v2\/types\/page"}],"author":[{"embeddable":true,"href":"https:\/\/www.fieldpiece.com\/es\/wp-json\/wp\/v2\/users\/2"}],"replies":[{"embeddable":true,"href":"https:\/\/www.fieldpiece.com\/es\/wp-json\/wp\/v2\/comments?post=24716"}],"version-history":[{"count":8,"href":"https:\/\/www.fieldpiece.com\/es\/wp-json\/wp\/v2\/pages\/24716\/revisions"}],"predecessor-version":[{"id":108189,"href":"https:\/\/www.fieldpiece.com\/es\/wp-json\/wp\/v2\/pages\/24716\/revisions\/108189"}],"wp:attachment":[{"href":"https:\/\/www.fieldpiece.com\/es\/wp-json\/wp\/v2\/media?parent=24716"}],"curies":[{"name":"wp","href":"https:\/\/api.w.org\/{rel}","templated":true}]}}