	{"id":24318,"date":"2023-04-26T04:09:25","date_gmt":"2023-04-26T11:09:25","guid":{"rendered":"https:\/\/www.fieldpiece.com\/register-a-product\/"},"modified":"2025-04-16T06:44:18","modified_gmt":"2025-04-16T13:44:18","slug":"register-a-product","status":"publish","type":"page","link":"https:\/\/www.fieldpiece.com\/es\/register-a-product\/","title":{"rendered":"Registrar un producto"},"content":{"rendered":"\r\n<p><strong>\u00a1Tenemos un nuevo proceso de registro de producto y solicitud de soporte!<\/strong><\/p>\r\n<p>Por favor, haga clic en el enlace de abajo para crear una cuenta. Se requiere una cuenta para enviar un nuevo registro de producto o una solicitud de soporte.<\/p>\r\n<p>Si usted es un <strong><em>distribuidor<\/em><\/strong> o <strong><em>centro de servicio<\/em><\/strong>, despu\u00e9s de crear su cuenta, env\u00ede una <strong>Solicitud de Asociaci\u00f3n al Portal<\/strong> para que podamos identificarlo correctamente.<\/p>\r\n<h6><strong><a href=\"https:\/\/support.fieldpiece.com\/\" target=\"_blank\" rel=\"noopener\">Haga clic aqu\u00ed para ir al nuevo Portal de Soporte<\/a><\/strong><\/h6>","protected":false},"excerpt":{"rendered":"<p>\u00a1Tenemos un nuevo proceso de registro de producto y solicitud de soporte! Por favor, haga clic en el enlace de &#8230;<\/p>\n","protected":false},"author":2,"featured_media":0,"parent":0,"menu_order":0,"comment_status":"closed","ping_status":"closed","template":"templates\/template-basic.php","meta":{"_acf_changed":false,"footnotes":""},"class_list":["post-24318","page","type-page","status-publish","hentry"],"acf":[],"yoast_head":"<!-- This site is optimized with the Yoast SEO plugin v27.2 - https:\/\/yoast.com\/product\/yoast-seo-wordpress\/ -->\n<title>Registrar un producto - Fieldpiece Instruments<\/title>\n<meta name=\"robots\" content=\"index, follow, max-snippet:-1, max-image-preview:large, max-video-preview:-1\" \/>\n<link rel=\"canonical\" href=\"https:\/\/www.fieldpiece.com\/es\/register-a-product\/\" \/>\n<meta property=\"og:locale\" content=\"es_ES\" \/>\n<meta property=\"og:type\" content=\"article\" \/>\n<meta property=\"og:title\" content=\"Registrar un producto - Fieldpiece Instruments\" \/>\n<meta property=\"og:description\" content=\"\u00a1Tenemos un nuevo proceso de registro de producto y solicitud de soporte! Por favor, haga clic en el enlace de ...\" \/>\n<meta property=\"og:url\" content=\"https:\/\/www.fieldpiece.com\/es\/register-a-product\/\" \/>\n<meta property=\"og:site_name\" content=\"Fieldpiece Instruments\" \/>\n<meta property=\"article:modified_time\" content=\"2025-04-16T13:44:18+00:00\" \/>\n<meta name=\"twitter:card\" content=\"summary_large_image\" \/>\n<meta name=\"twitter:label1\" content=\"Tiempo de lectura\" \/>\n\t<meta name=\"twitter:data1\" content=\"1 minuto\" \/>\n<script type=\"application\/ld+json\" class=\"yoast-schema-graph\">{\"@context\":\"https:\/\/schema.org\",\"@graph\":[{\"@type\":\"WebPage\",\"@id\":\"https:\/\/www.fieldpiece.com\/es\/register-a-product\/\",\"url\":\"https:\/\/www.fieldpiece.com\/es\/register-a-product\/\",\"name\":\"Registrar un producto - Fieldpiece Instruments\",\"isPartOf\":{\"@id\":\"https:\/\/www.fieldpiece.com\/es\/#website\"},\"datePublished\":\"2023-04-26T11:09:25+00:00\",\"dateModified\":\"2025-04-16T13:44:18+00:00\",\"breadcrumb\":{\"@id\":\"https:\/\/www.fieldpiece.com\/es\/register-a-product\/#breadcrumb\"},\"inLanguage\":\"es\",\"potentialAction\":[{\"@type\":\"ReadAction\",\"target\":[\"https:\/\/www.fieldpiece.com\/es\/register-a-product\/\"]}]},{\"@type\":\"BreadcrumbList\",\"@id\":\"https:\/\/www.fieldpiece.com\/es\/register-a-product\/#breadcrumb\",\"itemListElement\":[{\"@type\":\"ListItem\",\"position\":1,\"name\":\"Home\",\"item\":\"https:\/\/www.fieldpiece.com\/es\/\"},{\"@type\":\"ListItem\",\"position\":2,\"name\":\"Registrar un producto\"}]},{\"@type\":\"WebSite\",\"@id\":\"https:\/\/www.fieldpiece.com\/es\/#website\",\"url\":\"https:\/\/www.fieldpiece.com\/es\/\",\"name\":\"Fieldpiece Instruments\",\"description\":\"\",\"publisher\":{\"@id\":\"https:\/\/www.fieldpiece.com\/es\/#organization\"},\"potentialAction\":[{\"@type\":\"SearchAction\",\"target\":{\"@type\":\"EntryPoint\",\"urlTemplate\":\"https:\/\/www.fieldpiece.com\/es\/?s={search_term_string}\"},\"query-input\":{\"@type\":\"PropertyValueSpecification\",\"valueRequired\":true,\"valueName\":\"search_term_string\"}}],\"inLanguage\":\"es\"},{\"@type\":\"Organization\",\"@id\":\"https:\/\/www.fieldpiece.com\/es\/#organization\",\"name\":\"Fieldpiece Instruments\",\"url\":\"https:\/\/www.fieldpiece.com\/es\/\",\"logo\":{\"@type\":\"ImageObject\",\"inLanguage\":\"es\",\"@id\":\"https:\/\/www.fieldpiece.com\/es\/#\/schema\/logo\/image\/\",\"url\":\"https:\/\/resources.fieldpiece.com\/wp-content\/uploads\/2021\/02\/Logos-490x358-1.jpg\",\"contentUrl\":\"https:\/\/resources.fieldpiece.com\/wp-content\/uploads\/2021\/02\/Logos-490x358-1.jpg\",\"width\":490,\"height\":358,\"caption\":\"Fieldpiece Instruments\"},\"image\":{\"@id\":\"https:\/\/www.fieldpiece.com\/es\/#\/schema\/logo\/image\/\"}}]}<\/script>\n<!-- \/ Yoast SEO plugin. -->","yoast_head_json":{"title":"Registrar un producto - Fieldpiece Instruments","robots":{"index":"index","follow":"follow","max-snippet":"max-snippet:-1","max-image-preview":"max-image-preview:large","max-video-preview":"max-video-preview:-1"},"canonical":"https:\/\/www.fieldpiece.com\/es\/register-a-product\/","og_locale":"es_ES","og_type":"article","og_title":"Registrar un producto - Fieldpiece Instruments","og_description":"\u00a1Tenemos un nuevo proceso de registro de producto y solicitud de soporte! Por favor, haga clic en el enlace de ...","og_url":"https:\/\/www.fieldpiece.com\/es\/register-a-product\/","og_site_name":"Fieldpiece Instruments","article_modified_time":"2025-04-16T13:44:18+00:00","twitter_card":"summary_large_image","twitter_misc":{"Tiempo de lectura":"1 minuto"},"schema":{"@context":"https:\/\/schema.org","@graph":[{"@type":"WebPage","@id":"https:\/\/www.fieldpiece.com\/es\/register-a-product\/","url":"https:\/\/www.fieldpiece.com\/es\/register-a-product\/","name":"Registrar un producto - Fieldpiece Instruments","isPartOf":{"@id":"https:\/\/www.fieldpiece.com\/es\/#website"},"datePublished":"2023-04-26T11:09:25+00:00","dateModified":"2025-04-16T13:44:18+00:00","breadcrumb":{"@id":"https:\/\/www.fieldpiece.com\/es\/register-a-product\/#breadcrumb"},"inLanguage":"es","potentialAction":[{"@type":"ReadAction","target":["https:\/\/www.fieldpiece.com\/es\/register-a-product\/"]}]},{"@type":"BreadcrumbList","@id":"https:\/\/www.fieldpiece.com\/es\/register-a-product\/#breadcrumb","itemListElement":[{"@type":"ListItem","position":1,"name":"Home","item":"https:\/\/www.fieldpiece.com\/es\/"},{"@type":"ListItem","position":2,"name":"Registrar un producto"}]},{"@type":"WebSite","@id":"https:\/\/www.fieldpiece.com\/es\/#website","url":"https:\/\/www.fieldpiece.com\/es\/","name":"Fieldpiece Instruments","description":"","publisher":{"@id":"https:\/\/www.fieldpiece.com\/es\/#organization"},"potentialAction":[{"@type":"SearchAction","target":{"@type":"EntryPoint","urlTemplate":"https:\/\/www.fieldpiece.com\/es\/?s={search_term_string}"},"query-input":{"@type":"PropertyValueSpecification","valueRequired":true,"valueName":"search_term_string"}}],"inLanguage":"es"},{"@type":"Organization","@id":"https:\/\/www.fieldpiece.com\/es\/#organization","name":"Fieldpiece Instruments","url":"https:\/\/www.fieldpiece.com\/es\/","logo":{"@type":"ImageObject","inLanguage":"es","@id":"https:\/\/www.fieldpiece.com\/es\/#\/schema\/logo\/image\/","url":"https:\/\/resources.fieldpiece.com\/wp-content\/uploads\/2021\/02\/Logos-490x358-1.jpg","contentUrl":"https:\/\/resources.fieldpiece.com\/wp-content\/uploads\/2021\/02\/Logos-490x358-1.jpg","width":490,"height":358,"caption":"Fieldpiece Instruments"},"image":{"@id":"https:\/\/www.fieldpiece.com\/es\/#\/schema\/logo\/image\/"}}]}},"_links":{"self":[{"href":"https:\/\/www.fieldpiece.com\/es\/wp-json\/wp\/v2\/pages\/24318","targetHints":{"allow":["GET"]}}],"collection":[{"href":"https:\/\/www.fieldpiece.com\/es\/wp-json\/wp\/v2\/pages"}],"about":[{"href":"https:\/\/www.fieldpiece.com\/es\/wp-json\/wp\/v2\/types\/page"}],"author":[{"embeddable":true,"href":"https:\/\/www.fieldpiece.com\/es\/wp-json\/wp\/v2\/users\/2"}],"replies":[{"embeddable":true,"href":"https:\/\/www.fieldpiece.com\/es\/wp-json\/wp\/v2\/comments?post=24318"}],"version-history":[{"count":15,"href":"https:\/\/www.fieldpiece.com\/es\/wp-json\/wp\/v2\/pages\/24318\/revisions"}],"predecessor-version":[{"id":122591,"href":"https:\/\/www.fieldpiece.com\/es\/wp-json\/wp\/v2\/pages\/24318\/revisions\/122591"}],"wp:attachment":[{"href":"https:\/\/www.fieldpiece.com\/es\/wp-json\/wp\/v2\/media?parent=24318"}],"curies":[{"name":"wp","href":"https:\/\/api.w.org\/{rel}","templated":true}]}}