	{"id":21429,"date":"2023-04-26T03:22:34","date_gmt":"2023-04-26T10:22:34","guid":{"rendered":"https:\/\/www.fieldpiece.com\/news-articles\/"},"modified":"2023-04-26T03:24:31","modified_gmt":"2023-04-26T10:24:31","slug":"news-articles","status":"publish","type":"page","link":"https:\/\/www.fieldpiece.com\/es\/news-articles\/","title":{"rendered":"Noticias y art\u00edculos"},"content":{"rendered":"&#13; \n<p>Explore esta secci\u00f3n para conocer las noticias m\u00e1s recientes y las \u00faltimas innovaciones, presentaciones de productos y eventos de Fieldpiece cerca de usted. Adem\u00e1s, encontrar\u00e1 algunos art\u00edculos recientes de nuestros l\u00edderes de opini\u00f3n y podr\u00e1 mantenerse al d\u00eda de las \u00faltimas noticias del sector.<\/p>&#13; \n&#13; \n<p>Si representa a un medio de comunicaci\u00f3n y quiere obtener informaci\u00f3n o comentarios sobre una historia, no dude en contactar con nosotros en <a href=\"mailto:fieldpiece@beyondfifteen.com\" target=\"_blank\" rel=\"noreferrer noopener\">fieldpiece@beyondfifteen.com<\/a>.<\/p>&#13; \n","protected":false},"excerpt":{"rendered":"<p>&#13; Explore esta secci\u00f3n para conocer las noticias m\u00e1s recientes y las \u00faltimas innovaciones, presentaciones de productos y eventos de &#8230;<\/p>\n","protected":false},"author":2,"featured_media":0,"parent":0,"menu_order":0,"comment_status":"closed","ping_status":"closed","template":"templates\/template-news_articles.php","meta":{"_acf_changed":false,"footnotes":""},"class_list":["post-21429","page","type-page","status-publish","hentry"],"acf":[],"yoast_head":"<!-- This site is optimized with the Yoast SEO plugin v27.3 - https:\/\/yoast.com\/product\/yoast-seo-wordpress\/ -->\n<title>Noticias y art\u00edculos - Fieldpiece Instruments<\/title>\n<meta name=\"robots\" content=\"index, follow, max-snippet:-1, max-image-preview:large, max-video-preview:-1\" \/>\n<link rel=\"canonical\" href=\"https:\/\/www.fieldpiece.com\/es\/news-articles\/\" \/>\n<meta property=\"og:locale\" content=\"es_ES\" \/>\n<meta property=\"og:type\" content=\"article\" \/>\n<meta property=\"og:title\" content=\"Noticias y art\u00edculos - Fieldpiece Instruments\" \/>\n<meta property=\"og:description\" content=\"&#013; Explore esta secci\u00f3n para conocer las noticias m\u00e1s recientes y las \u00faltimas innovaciones, presentaciones de productos y eventos de ...\" \/>\n<meta property=\"og:url\" content=\"https:\/\/www.fieldpiece.com\/es\/news-articles\/\" \/>\n<meta property=\"og:site_name\" content=\"Fieldpiece Instruments\" \/>\n<meta property=\"article:modified_time\" content=\"2023-04-26T10:24:31+00:00\" \/>\n<meta name=\"twitter:card\" content=\"summary_large_image\" \/>\n<script type=\"application\/ld+json\" class=\"yoast-schema-graph\">{\"@context\":\"https:\\\/\\\/schema.org\",\"@graph\":[{\"@type\":\"WebPage\",\"@id\":\"https:\\\/\\\/www.fieldpiece.com\\\/es\\\/news-articles\\\/\",\"url\":\"https:\\\/\\\/www.fieldpiece.com\\\/es\\\/news-articles\\\/\",\"name\":\"Noticias y art\u00edculos - Fieldpiece Instruments\",\"isPartOf\":{\"@id\":\"https:\\\/\\\/www.fieldpiece.com\\\/es\\\/#website\"},\"datePublished\":\"2023-04-26T10:22:34+00:00\",\"dateModified\":\"2023-04-26T10:24:31+00:00\",\"breadcrumb\":{\"@id\":\"https:\\\/\\\/www.fieldpiece.com\\\/es\\\/news-articles\\\/#breadcrumb\"},\"inLanguage\":\"es\",\"potentialAction\":[{\"@type\":\"ReadAction\",\"target\":[\"https:\\\/\\\/www.fieldpiece.com\\\/es\\\/news-articles\\\/\"]}]},{\"@type\":\"BreadcrumbList\",\"@id\":\"https:\\\/\\\/www.fieldpiece.com\\\/es\\\/news-articles\\\/#breadcrumb\",\"itemListElement\":[{\"@type\":\"ListItem\",\"position\":1,\"name\":\"Home\",\"item\":\"https:\\\/\\\/www.fieldpiece.com\\\/es\\\/\"},{\"@type\":\"ListItem\",\"position\":2,\"name\":\"Noticias y art\u00edculos\"}]},{\"@type\":\"WebSite\",\"@id\":\"https:\\\/\\\/www.fieldpiece.com\\\/es\\\/#website\",\"url\":\"https:\\\/\\\/www.fieldpiece.com\\\/es\\\/\",\"name\":\"Fieldpiece Instruments\",\"description\":\"\",\"publisher\":{\"@id\":\"https:\\\/\\\/www.fieldpiece.com\\\/es\\\/#organization\"},\"potentialAction\":[{\"@type\":\"SearchAction\",\"target\":{\"@type\":\"EntryPoint\",\"urlTemplate\":\"https:\\\/\\\/www.fieldpiece.com\\\/es\\\/?s={search_term_string}\"},\"query-input\":{\"@type\":\"PropertyValueSpecification\",\"valueRequired\":true,\"valueName\":\"search_term_string\"}}],\"inLanguage\":\"es\"},{\"@type\":\"Organization\",\"@id\":\"https:\\\/\\\/www.fieldpiece.com\\\/es\\\/#organization\",\"name\":\"Fieldpiece Instruments\",\"url\":\"https:\\\/\\\/www.fieldpiece.com\\\/es\\\/\",\"logo\":{\"@type\":\"ImageObject\",\"inLanguage\":\"es\",\"@id\":\"https:\\\/\\\/www.fieldpiece.com\\\/es\\\/#\\\/schema\\\/logo\\\/image\\\/\",\"url\":\"https:\\\/\\\/resources.fieldpiece.com\\\/wp-content\\\/uploads\\\/2021\\\/02\\\/Logos-490x358-1.jpg\",\"contentUrl\":\"https:\\\/\\\/resources.fieldpiece.com\\\/wp-content\\\/uploads\\\/2021\\\/02\\\/Logos-490x358-1.jpg\",\"width\":490,\"height\":358,\"caption\":\"Fieldpiece Instruments\"},\"image\":{\"@id\":\"https:\\\/\\\/www.fieldpiece.com\\\/es\\\/#\\\/schema\\\/logo\\\/image\\\/\"}}]}<\/script>\n<!-- \/ Yoast SEO plugin. -->","yoast_head_json":{"title":"Noticias y art\u00edculos - Fieldpiece Instruments","robots":{"index":"index","follow":"follow","max-snippet":"max-snippet:-1","max-image-preview":"max-image-preview:large","max-video-preview":"max-video-preview:-1"},"canonical":"https:\/\/www.fieldpiece.com\/es\/news-articles\/","og_locale":"es_ES","og_type":"article","og_title":"Noticias y art\u00edculos - Fieldpiece Instruments","og_description":"&#13; Explore esta secci\u00f3n para conocer las noticias m\u00e1s recientes y las \u00faltimas innovaciones, presentaciones de productos y eventos de ...","og_url":"https:\/\/www.fieldpiece.com\/es\/news-articles\/","og_site_name":"Fieldpiece Instruments","article_modified_time":"2023-04-26T10:24:31+00:00","twitter_card":"summary_large_image","schema":{"@context":"https:\/\/schema.org","@graph":[{"@type":"WebPage","@id":"https:\/\/www.fieldpiece.com\/es\/news-articles\/","url":"https:\/\/www.fieldpiece.com\/es\/news-articles\/","name":"Noticias y art\u00edculos - Fieldpiece Instruments","isPartOf":{"@id":"https:\/\/www.fieldpiece.com\/es\/#website"},"datePublished":"2023-04-26T10:22:34+00:00","dateModified":"2023-04-26T10:24:31+00:00","breadcrumb":{"@id":"https:\/\/www.fieldpiece.com\/es\/news-articles\/#breadcrumb"},"inLanguage":"es","potentialAction":[{"@type":"ReadAction","target":["https:\/\/www.fieldpiece.com\/es\/news-articles\/"]}]},{"@type":"BreadcrumbList","@id":"https:\/\/www.fieldpiece.com\/es\/news-articles\/#breadcrumb","itemListElement":[{"@type":"ListItem","position":1,"name":"Home","item":"https:\/\/www.fieldpiece.com\/es\/"},{"@type":"ListItem","position":2,"name":"Noticias y art\u00edculos"}]},{"@type":"WebSite","@id":"https:\/\/www.fieldpiece.com\/es\/#website","url":"https:\/\/www.fieldpiece.com\/es\/","name":"Fieldpiece Instruments","description":"","publisher":{"@id":"https:\/\/www.fieldpiece.com\/es\/#organization"},"potentialAction":[{"@type":"SearchAction","target":{"@type":"EntryPoint","urlTemplate":"https:\/\/www.fieldpiece.com\/es\/?s={search_term_string}"},"query-input":{"@type":"PropertyValueSpecification","valueRequired":true,"valueName":"search_term_string"}}],"inLanguage":"es"},{"@type":"Organization","@id":"https:\/\/www.fieldpiece.com\/es\/#organization","name":"Fieldpiece Instruments","url":"https:\/\/www.fieldpiece.com\/es\/","logo":{"@type":"ImageObject","inLanguage":"es","@id":"https:\/\/www.fieldpiece.com\/es\/#\/schema\/logo\/image\/","url":"https:\/\/resources.fieldpiece.com\/wp-content\/uploads\/2021\/02\/Logos-490x358-1.jpg","contentUrl":"https:\/\/resources.fieldpiece.com\/wp-content\/uploads\/2021\/02\/Logos-490x358-1.jpg","width":490,"height":358,"caption":"Fieldpiece Instruments"},"image":{"@id":"https:\/\/www.fieldpiece.com\/es\/#\/schema\/logo\/image\/"}}]}},"_links":{"self":[{"href":"https:\/\/www.fieldpiece.com\/es\/wp-json\/wp\/v2\/pages\/21429","targetHints":{"allow":["GET"]}}],"collection":[{"href":"https:\/\/www.fieldpiece.com\/es\/wp-json\/wp\/v2\/pages"}],"about":[{"href":"https:\/\/www.fieldpiece.com\/es\/wp-json\/wp\/v2\/types\/page"}],"author":[{"embeddable":true,"href":"https:\/\/www.fieldpiece.com\/es\/wp-json\/wp\/v2\/users\/2"}],"replies":[{"embeddable":true,"href":"https:\/\/www.fieldpiece.com\/es\/wp-json\/wp\/v2\/comments?post=21429"}],"version-history":[{"count":6,"href":"https:\/\/www.fieldpiece.com\/es\/wp-json\/wp\/v2\/pages\/21429\/revisions"}],"predecessor-version":[{"id":106730,"href":"https:\/\/www.fieldpiece.com\/es\/wp-json\/wp\/v2\/pages\/21429\/revisions\/106730"}],"wp:attachment":[{"href":"https:\/\/www.fieldpiece.com\/es\/wp-json\/wp\/v2\/media?parent=21429"}],"curies":[{"name":"wp","href":"https:\/\/api.w.org\/{rel}","templated":true}]}}