	{"id":20443,"date":"2023-04-26T03:20:30","date_gmt":"2023-04-26T10:20:30","guid":{"rendered":"https:\/\/www.fieldpiece.com\/distributor-login\/"},"modified":"2023-04-26T03:22:27","modified_gmt":"2023-04-26T10:22:27","slug":"distributor-login","status":"publish","type":"page","link":"https:\/\/www.fieldpiece.com\/es\/distributor-login\/","title":{"rendered":"Inicio de sesi\u00f3n para distribuidores"},"content":{"rendered":"&#13; \n<h3 class=\"wp-block-heading\">\u00bfA\u00fan no se ha registrado en el portal de distribuidores de Fieldpiece?<\/h3>&#13; \n&#13; \n<p>Obtenga acceso a im\u00e1genes, logotipos, capacitaci\u00f3n, materiales promocionales y mucho m\u00e1s. Solo tiene que registrarse hoy y Fieldpiece le enviar\u00e1 un correo electr\u00f3nico con su confirmaci\u00f3n y datos de acceso al portal.\u00a0<\/p>&#13;\n&#13; \n<p><a href=\"https:\/\/www.fieldpiece.com\/es\/distributor-register\/\">Reg\u00edstrese ahora<\/a><\/p>&#13; \n","protected":false},"excerpt":{"rendered":"<p>&#13; \u00bfA\u00fan no se ha registrado en el portal de distribuidores de Fieldpiece? &#13; &#13; Obtenga acceso a im\u00e1genes, logotipos, &#8230;<\/p>\n","protected":false},"author":2,"featured_media":0,"parent":0,"menu_order":0,"comment_status":"closed","ping_status":"closed","template":"templates\/template-distributor-login.php","meta":{"_acf_changed":false,"footnotes":""},"class_list":["post-20443","page","type-page","status-publish","hentry"],"acf":[],"yoast_head":"<!-- This site is optimized with the Yoast SEO plugin v27.2 - https:\/\/yoast.com\/product\/yoast-seo-wordpress\/ -->\n<title>Inicio de sesi\u00f3n para distribuidores - Fieldpiece Instruments<\/title>\n<meta name=\"robots\" content=\"index, follow, max-snippet:-1, max-image-preview:large, max-video-preview:-1\" \/>\n<link rel=\"canonical\" href=\"https:\/\/www.fieldpiece.com\/es\/distributor-login\/\" \/>\n<meta property=\"og:locale\" content=\"es_ES\" \/>\n<meta property=\"og:type\" content=\"article\" \/>\n<meta property=\"og:title\" content=\"Inicio de sesi\u00f3n para distribuidores - Fieldpiece Instruments\" \/>\n<meta property=\"og:description\" content=\"&#013; \u00bfA\u00fan no se ha registrado en el portal de distribuidores de Fieldpiece? &#013; &#013; Obtenga acceso a im\u00e1genes, logotipos, ...\" \/>\n<meta property=\"og:url\" content=\"https:\/\/www.fieldpiece.com\/es\/distributor-login\/\" \/>\n<meta property=\"og:site_name\" content=\"Fieldpiece Instruments\" \/>\n<meta property=\"article:modified_time\" content=\"2023-04-26T10:22:27+00:00\" \/>\n<meta name=\"twitter:card\" content=\"summary_large_image\" \/>\n<script type=\"application\/ld+json\" class=\"yoast-schema-graph\">{\"@context\":\"https:\/\/schema.org\",\"@graph\":[{\"@type\":\"WebPage\",\"@id\":\"https:\/\/www.fieldpiece.com\/es\/distributor-login\/\",\"url\":\"https:\/\/www.fieldpiece.com\/es\/distributor-login\/\",\"name\":\"Inicio de sesi\u00f3n para distribuidores - Fieldpiece Instruments\",\"isPartOf\":{\"@id\":\"https:\/\/www.fieldpiece.com\/es\/#website\"},\"datePublished\":\"2023-04-26T10:20:30+00:00\",\"dateModified\":\"2023-04-26T10:22:27+00:00\",\"breadcrumb\":{\"@id\":\"https:\/\/www.fieldpiece.com\/es\/distributor-login\/#breadcrumb\"},\"inLanguage\":\"es\",\"potentialAction\":[{\"@type\":\"ReadAction\",\"target\":[\"https:\/\/www.fieldpiece.com\/es\/distributor-login\/\"]}]},{\"@type\":\"BreadcrumbList\",\"@id\":\"https:\/\/www.fieldpiece.com\/es\/distributor-login\/#breadcrumb\",\"itemListElement\":[{\"@type\":\"ListItem\",\"position\":1,\"name\":\"Home\",\"item\":\"https:\/\/www.fieldpiece.com\/es\/\"},{\"@type\":\"ListItem\",\"position\":2,\"name\":\"Inicio de sesi\u00f3n para distribuidores\"}]},{\"@type\":\"WebSite\",\"@id\":\"https:\/\/www.fieldpiece.com\/es\/#website\",\"url\":\"https:\/\/www.fieldpiece.com\/es\/\",\"name\":\"Fieldpiece Instruments\",\"description\":\"\",\"publisher\":{\"@id\":\"https:\/\/www.fieldpiece.com\/es\/#organization\"},\"potentialAction\":[{\"@type\":\"SearchAction\",\"target\":{\"@type\":\"EntryPoint\",\"urlTemplate\":\"https:\/\/www.fieldpiece.com\/es\/?s={search_term_string}\"},\"query-input\":{\"@type\":\"PropertyValueSpecification\",\"valueRequired\":true,\"valueName\":\"search_term_string\"}}],\"inLanguage\":\"es\"},{\"@type\":\"Organization\",\"@id\":\"https:\/\/www.fieldpiece.com\/es\/#organization\",\"name\":\"Fieldpiece Instruments\",\"url\":\"https:\/\/www.fieldpiece.com\/es\/\",\"logo\":{\"@type\":\"ImageObject\",\"inLanguage\":\"es\",\"@id\":\"https:\/\/www.fieldpiece.com\/es\/#\/schema\/logo\/image\/\",\"url\":\"https:\/\/resources.fieldpiece.com\/wp-content\/uploads\/2021\/02\/Logos-490x358-1.jpg\",\"contentUrl\":\"https:\/\/resources.fieldpiece.com\/wp-content\/uploads\/2021\/02\/Logos-490x358-1.jpg\",\"width\":490,\"height\":358,\"caption\":\"Fieldpiece Instruments\"},\"image\":{\"@id\":\"https:\/\/www.fieldpiece.com\/es\/#\/schema\/logo\/image\/\"}}]}<\/script>\n<!-- \/ Yoast SEO plugin. -->","yoast_head_json":{"title":"Inicio de sesi\u00f3n para distribuidores - Fieldpiece Instruments","robots":{"index":"index","follow":"follow","max-snippet":"max-snippet:-1","max-image-preview":"max-image-preview:large","max-video-preview":"max-video-preview:-1"},"canonical":"https:\/\/www.fieldpiece.com\/es\/distributor-login\/","og_locale":"es_ES","og_type":"article","og_title":"Inicio de sesi\u00f3n para distribuidores - Fieldpiece Instruments","og_description":"&#13; \u00bfA\u00fan no se ha registrado en el portal de distribuidores de Fieldpiece? &#13; &#13; Obtenga acceso a im\u00e1genes, logotipos, ...","og_url":"https:\/\/www.fieldpiece.com\/es\/distributor-login\/","og_site_name":"Fieldpiece Instruments","article_modified_time":"2023-04-26T10:22:27+00:00","twitter_card":"summary_large_image","schema":{"@context":"https:\/\/schema.org","@graph":[{"@type":"WebPage","@id":"https:\/\/www.fieldpiece.com\/es\/distributor-login\/","url":"https:\/\/www.fieldpiece.com\/es\/distributor-login\/","name":"Inicio de sesi\u00f3n para distribuidores - Fieldpiece Instruments","isPartOf":{"@id":"https:\/\/www.fieldpiece.com\/es\/#website"},"datePublished":"2023-04-26T10:20:30+00:00","dateModified":"2023-04-26T10:22:27+00:00","breadcrumb":{"@id":"https:\/\/www.fieldpiece.com\/es\/distributor-login\/#breadcrumb"},"inLanguage":"es","potentialAction":[{"@type":"ReadAction","target":["https:\/\/www.fieldpiece.com\/es\/distributor-login\/"]}]},{"@type":"BreadcrumbList","@id":"https:\/\/www.fieldpiece.com\/es\/distributor-login\/#breadcrumb","itemListElement":[{"@type":"ListItem","position":1,"name":"Home","item":"https:\/\/www.fieldpiece.com\/es\/"},{"@type":"ListItem","position":2,"name":"Inicio de sesi\u00f3n para distribuidores"}]},{"@type":"WebSite","@id":"https:\/\/www.fieldpiece.com\/es\/#website","url":"https:\/\/www.fieldpiece.com\/es\/","name":"Fieldpiece Instruments","description":"","publisher":{"@id":"https:\/\/www.fieldpiece.com\/es\/#organization"},"potentialAction":[{"@type":"SearchAction","target":{"@type":"EntryPoint","urlTemplate":"https:\/\/www.fieldpiece.com\/es\/?s={search_term_string}"},"query-input":{"@type":"PropertyValueSpecification","valueRequired":true,"valueName":"search_term_string"}}],"inLanguage":"es"},{"@type":"Organization","@id":"https:\/\/www.fieldpiece.com\/es\/#organization","name":"Fieldpiece Instruments","url":"https:\/\/www.fieldpiece.com\/es\/","logo":{"@type":"ImageObject","inLanguage":"es","@id":"https:\/\/www.fieldpiece.com\/es\/#\/schema\/logo\/image\/","url":"https:\/\/resources.fieldpiece.com\/wp-content\/uploads\/2021\/02\/Logos-490x358-1.jpg","contentUrl":"https:\/\/resources.fieldpiece.com\/wp-content\/uploads\/2021\/02\/Logos-490x358-1.jpg","width":490,"height":358,"caption":"Fieldpiece Instruments"},"image":{"@id":"https:\/\/www.fieldpiece.com\/es\/#\/schema\/logo\/image\/"}}]}},"_links":{"self":[{"href":"https:\/\/www.fieldpiece.com\/es\/wp-json\/wp\/v2\/pages\/20443","targetHints":{"allow":["GET"]}}],"collection":[{"href":"https:\/\/www.fieldpiece.com\/es\/wp-json\/wp\/v2\/pages"}],"about":[{"href":"https:\/\/www.fieldpiece.com\/es\/wp-json\/wp\/v2\/types\/page"}],"author":[{"embeddable":true,"href":"https:\/\/www.fieldpiece.com\/es\/wp-json\/wp\/v2\/users\/2"}],"replies":[{"embeddable":true,"href":"https:\/\/www.fieldpiece.com\/es\/wp-json\/wp\/v2\/comments?post=20443"}],"version-history":[{"count":7,"href":"https:\/\/www.fieldpiece.com\/es\/wp-json\/wp\/v2\/pages\/20443\/revisions"}],"predecessor-version":[{"id":106676,"href":"https:\/\/www.fieldpiece.com\/es\/wp-json\/wp\/v2\/pages\/20443\/revisions\/106676"}],"wp:attachment":[{"href":"https:\/\/www.fieldpiece.com\/es\/wp-json\/wp\/v2\/media?parent=20443"}],"curies":[{"name":"wp","href":"https:\/\/api.w.org\/{rel}","templated":true}]}}