	{"id":20044,"date":"2023-04-26T03:20:30","date_gmt":"2023-04-26T10:20:30","guid":{"rendered":"https:\/\/www.fieldpiece.com\/about-fieldpiece\/"},"modified":"2023-04-26T23:06:15","modified_gmt":"2023-04-27T06:06:15","slug":"about-fieldpiece","status":"publish","type":"page","link":"https:\/\/www.fieldpiece.com\/es\/about-fieldpiece\/","title":{"rendered":"Acerca de Fieldpiece"},"content":{"rendered":" &#13;\r\n<h2 class=\"wp-block-heading\">Nuestra misi\u00f3n es ayudar a los profesionales de campo.<\/h2> &#13;\r\n<div class=\"boxright\"> \r\n<p><img decoding=\"async\" src=\"https:\/\/resources.fieldpiece.com\/wp-content\/uploads\/2020\/12\/working.jpg\" alt=\"\" \/><\/p> \r\n<p><a class=\"btn btn-primary\" href=\"https:\/\/www.fieldpiece.com\/es\/contact-fieldpiece-today\/\">P\u00f3ngase en contacto con nosotros hoy mismo.<\/a><\/p> \r\n<\/div>\r\n&#13;\r\n<p><strong>\u00abSi no podemos facilitar el trabajo del t\u00e9cnico de campo, simplemente no desarrollamos el producto\u00bb.<\/strong><\/p>&#13;\r\n &#13;\r\n<p>En Fieldpiece, no empezamos con el objetivo de liderar un sector. En realidad, partimos de la idea de que cada profesional de la climatizaci\u00f3n y refrigeraci\u00f3n que trabaja en campo necesita las mejores herramientas posibles. Se trata de una premisa sencilla, que hemos mantenido firmemente mientras nos convert\u00edamos en una de las empresas m\u00e1s innovadoras en el desarrollo de herramientas l\u00edderes del sector para profesionales de la climatizaci\u00f3n y refrigeraci\u00f3n a lo largo de los \u00faltimos 30 a\u00f1os.<\/p>&#13;\r\n<p>En cada miembro del equipo de Fieldpiece hay un explorador curioso que busca incansablemente un modo mejor de hacer las cosas. De hecho, nuestra empresa naci\u00f3 cuando nuestro fundador, Rey Harju, tuvo la visi\u00f3n de un medidor tipo barra con cabezales desmontables que los t\u00e9cnicos pudieran intercambiar para tomar diferentes lecturas. Aunque no hab\u00eda nada parecido en el mercado, cuando a Rey se le ocurri\u00f3 la idea mientras conduc\u00eda un d\u00eda del trabajo a casa, supo que los t\u00e9cnicos de campo necesitaban esta herramienta \u00fanica, vers\u00e1til, flexible y expansible capaz de ejecutar diferentes pruebas diagn\u00f3sticas.<\/p>&#13;\r\n<p>Fue entonces cuando Rey se puso manos a la obra. En 1990, tras tres a\u00f1os de pruebas, desarrollo y perfeccionamiento en su garaje, naci\u00f3 el medidor tipo barra HS24. Desde entonces, Fieldpiece ha seguido desarrollando tecnolog\u00edas innovadoras como el analizador digital SMAN\u00ae, que cambi\u00f3 para siempre la forma en que trabajan los t\u00e9cnicos, nuestras sondas inal\u00e1mbricas del sistema Job Link\u00ae, que facilitan la realizaci\u00f3n de pruebas, y una amplia gama de medidores y detectores que siguen definiendo los est\u00e1ndares del sector.<\/p>&#13;\r\n<p>\u00bfC\u00f3mo sabemos lo que necesitan los t\u00e9cnicos de campo? Porque estamos ah\u00ed con ellos todos los d\u00edas. No hay desconexi\u00f3n entre los ingenieros de nuestro edificio y los profesionales de campo. Cuando desarrollamos una nueva caracter\u00edstica o presentamos un nuevo producto, es porque sabemos que va a resolver un problema al que los t\u00e9cnicos se enfrentan todos los d\u00edas.<\/p>&#13; \r\n<div class=\"boxleftblue\"> \r\n<h2>M\u00e1s de 30 a\u00f1os en el campo<\/h2> \r\n<p><a class=\"btn btn-primary\" href=\"https:\/\/www.fieldpiece.com\/es\/our-history\/\">Vea nuestro progreso<\/a><\/p> \r\n<\/div> \r\n&#13;\r\n<p>Del mismo modo que nos hemos esforzado al m\u00e1ximo por desarrollar nuevos productos, tambi\u00e9n lo hemos hecho por desarrollar a nuestro personal. Muchos de los miembros de nuestro equipo comenzaron a trabajar en nuestras instalaciones al salir de la escuela secundaria, y les animamos a crecer y capacitarse de forma continua, obteniendo t\u00edtulos universitarios en campos que abarcan desde la f\u00edsica hasta la ingenier\u00eda industrial. Tambi\u00e9n nos centramos en fomentar un lugar de trabajo con visi\u00f3n de futuro, motivando a nuestro personal para que lea y se desarrolle de forma aut\u00f3noma.<\/p> &#13;\r\n<p>Hoy, despu\u00e9s de m\u00e1s de 30 a\u00f1os en el sector, hemos alcanzado muchos logros. Adem\u00e1s, seguimos siendo la \u00fanica empresa dedicada exclusivamente a este mercado especial.<\/p>&#13;\r\n<p>Fieldpiece determina nuestra forma de pensar, trabajar y tratar a nuestro personal y nos sirve de gu\u00eda en la creaci\u00f3n de productos que capacitan a los profesionales de la climatizaci\u00f3n y refrigeraci\u00f3n, tanto del presente como del futuro.<\/p> &#13;\r\n&#13;\r\n<p>\u00a0<\/p>&#13;\r\n","protected":false},"excerpt":{"rendered":"<p>&#13; Nuestra misi\u00f3n es ayudar a los profesionales de campo. &#13; P\u00f3ngase en contacto con nosotros hoy mismo. &#13; \u00abSi &#8230;<\/p>\n","protected":false},"author":2,"featured_media":0,"parent":0,"menu_order":0,"comment_status":"closed","ping_status":"closed","template":"templates\/template-basic.php","meta":{"_acf_changed":false,"footnotes":""},"class_list":["post-20044","page","type-page","status-publish","hentry"],"acf":[],"yoast_head":"<!-- This site is optimized with the Yoast SEO plugin v27.2 - https:\/\/yoast.com\/product\/yoast-seo-wordpress\/ -->\n<title>Acerca de Fieldpiece - Fieldpiece Instruments<\/title>\n<meta name=\"robots\" content=\"index, follow, max-snippet:-1, max-image-preview:large, max-video-preview:-1\" \/>\n<link rel=\"canonical\" href=\"https:\/\/www.fieldpiece.com\/es\/about-fieldpiece\/\" \/>\n<meta property=\"og:locale\" content=\"es_ES\" \/>\n<meta property=\"og:type\" content=\"article\" \/>\n<meta property=\"og:title\" content=\"Acerca de Fieldpiece - Fieldpiece Instruments\" \/>\n<meta property=\"og:description\" content=\"&#013; Nuestra misi\u00f3n es ayudar a los profesionales de campo. &#013; P\u00f3ngase en contacto con nosotros hoy mismo. &#013; \u00abSi ...\" \/>\n<meta property=\"og:url\" content=\"https:\/\/www.fieldpiece.com\/es\/about-fieldpiece\/\" \/>\n<meta property=\"og:site_name\" content=\"Fieldpiece Instruments\" \/>\n<meta property=\"article:modified_time\" content=\"2023-04-27T06:06:15+00:00\" \/>\n<meta property=\"og:image\" content=\"https:\/\/resources.fieldpiece.com\/wp-content\/uploads\/2020\/12\/working.jpg\" \/>\n<meta name=\"twitter:card\" content=\"summary_large_image\" \/>\n<meta name=\"twitter:label1\" content=\"Tiempo de lectura\" \/>\n\t<meta name=\"twitter:data1\" content=\"3 minutos\" \/>\n<script type=\"application\/ld+json\" class=\"yoast-schema-graph\">{\"@context\":\"https:\/\/schema.org\",\"@graph\":[{\"@type\":\"WebPage\",\"@id\":\"https:\/\/www.fieldpiece.com\/es\/about-fieldpiece\/\",\"url\":\"https:\/\/www.fieldpiece.com\/es\/about-fieldpiece\/\",\"name\":\"Acerca de Fieldpiece - Fieldpiece Instruments\",\"isPartOf\":{\"@id\":\"https:\/\/www.fieldpiece.com\/es\/#website\"},\"primaryImageOfPage\":{\"@id\":\"https:\/\/www.fieldpiece.com\/es\/about-fieldpiece\/#primaryimage\"},\"image\":{\"@id\":\"https:\/\/www.fieldpiece.com\/es\/about-fieldpiece\/#primaryimage\"},\"thumbnailUrl\":\"https:\/\/resources.fieldpiece.com\/wp-content\/uploads\/2020\/12\/working.jpg\",\"datePublished\":\"2023-04-26T10:20:30+00:00\",\"dateModified\":\"2023-04-27T06:06:15+00:00\",\"breadcrumb\":{\"@id\":\"https:\/\/www.fieldpiece.com\/es\/about-fieldpiece\/#breadcrumb\"},\"inLanguage\":\"es\",\"potentialAction\":[{\"@type\":\"ReadAction\",\"target\":[\"https:\/\/www.fieldpiece.com\/es\/about-fieldpiece\/\"]}]},{\"@type\":\"ImageObject\",\"inLanguage\":\"es\",\"@id\":\"https:\/\/www.fieldpiece.com\/es\/about-fieldpiece\/#primaryimage\",\"url\":\"https:\/\/resources.fieldpiece.com\/wp-content\/uploads\/2020\/12\/working.jpg\",\"contentUrl\":\"https:\/\/resources.fieldpiece.com\/wp-content\/uploads\/2020\/12\/working.jpg\"},{\"@type\":\"BreadcrumbList\",\"@id\":\"https:\/\/www.fieldpiece.com\/es\/about-fieldpiece\/#breadcrumb\",\"itemListElement\":[{\"@type\":\"ListItem\",\"position\":1,\"name\":\"Home\",\"item\":\"https:\/\/www.fieldpiece.com\/es\/\"},{\"@type\":\"ListItem\",\"position\":2,\"name\":\"Acerca de Fieldpiece\"}]},{\"@type\":\"WebSite\",\"@id\":\"https:\/\/www.fieldpiece.com\/es\/#website\",\"url\":\"https:\/\/www.fieldpiece.com\/es\/\",\"name\":\"Fieldpiece Instruments\",\"description\":\"\",\"publisher\":{\"@id\":\"https:\/\/www.fieldpiece.com\/es\/#organization\"},\"potentialAction\":[{\"@type\":\"SearchAction\",\"target\":{\"@type\":\"EntryPoint\",\"urlTemplate\":\"https:\/\/www.fieldpiece.com\/es\/?s={search_term_string}\"},\"query-input\":{\"@type\":\"PropertyValueSpecification\",\"valueRequired\":true,\"valueName\":\"search_term_string\"}}],\"inLanguage\":\"es\"},{\"@type\":\"Organization\",\"@id\":\"https:\/\/www.fieldpiece.com\/es\/#organization\",\"name\":\"Fieldpiece Instruments\",\"url\":\"https:\/\/www.fieldpiece.com\/es\/\",\"logo\":{\"@type\":\"ImageObject\",\"inLanguage\":\"es\",\"@id\":\"https:\/\/www.fieldpiece.com\/es\/#\/schema\/logo\/image\/\",\"url\":\"https:\/\/resources.fieldpiece.com\/wp-content\/uploads\/2021\/02\/Logos-490x358-1.jpg\",\"contentUrl\":\"https:\/\/resources.fieldpiece.com\/wp-content\/uploads\/2021\/02\/Logos-490x358-1.jpg\",\"width\":490,\"height\":358,\"caption\":\"Fieldpiece Instruments\"},\"image\":{\"@id\":\"https:\/\/www.fieldpiece.com\/es\/#\/schema\/logo\/image\/\"}}]}<\/script>\n<!-- \/ Yoast SEO plugin. -->","yoast_head_json":{"title":"Acerca de Fieldpiece - Fieldpiece Instruments","robots":{"index":"index","follow":"follow","max-snippet":"max-snippet:-1","max-image-preview":"max-image-preview:large","max-video-preview":"max-video-preview:-1"},"canonical":"https:\/\/www.fieldpiece.com\/es\/about-fieldpiece\/","og_locale":"es_ES","og_type":"article","og_title":"Acerca de Fieldpiece - Fieldpiece Instruments","og_description":"&#13; Nuestra misi\u00f3n es ayudar a los profesionales de campo. &#13; P\u00f3ngase en contacto con nosotros hoy mismo. &#13; \u00abSi ...","og_url":"https:\/\/www.fieldpiece.com\/es\/about-fieldpiece\/","og_site_name":"Fieldpiece Instruments","article_modified_time":"2023-04-27T06:06:15+00:00","og_image":[{"url":"https:\/\/resources.fieldpiece.com\/wp-content\/uploads\/2020\/12\/working.jpg","type":"","width":"","height":""}],"twitter_card":"summary_large_image","twitter_misc":{"Tiempo de lectura":"3 minutos"},"schema":{"@context":"https:\/\/schema.org","@graph":[{"@type":"WebPage","@id":"https:\/\/www.fieldpiece.com\/es\/about-fieldpiece\/","url":"https:\/\/www.fieldpiece.com\/es\/about-fieldpiece\/","name":"Acerca de Fieldpiece - Fieldpiece Instruments","isPartOf":{"@id":"https:\/\/www.fieldpiece.com\/es\/#website"},"primaryImageOfPage":{"@id":"https:\/\/www.fieldpiece.com\/es\/about-fieldpiece\/#primaryimage"},"image":{"@id":"https:\/\/www.fieldpiece.com\/es\/about-fieldpiece\/#primaryimage"},"thumbnailUrl":"https:\/\/resources.fieldpiece.com\/wp-content\/uploads\/2020\/12\/working.jpg","datePublished":"2023-04-26T10:20:30+00:00","dateModified":"2023-04-27T06:06:15+00:00","breadcrumb":{"@id":"https:\/\/www.fieldpiece.com\/es\/about-fieldpiece\/#breadcrumb"},"inLanguage":"es","potentialAction":[{"@type":"ReadAction","target":["https:\/\/www.fieldpiece.com\/es\/about-fieldpiece\/"]}]},{"@type":"ImageObject","inLanguage":"es","@id":"https:\/\/www.fieldpiece.com\/es\/about-fieldpiece\/#primaryimage","url":"https:\/\/resources.fieldpiece.com\/wp-content\/uploads\/2020\/12\/working.jpg","contentUrl":"https:\/\/resources.fieldpiece.com\/wp-content\/uploads\/2020\/12\/working.jpg"},{"@type":"BreadcrumbList","@id":"https:\/\/www.fieldpiece.com\/es\/about-fieldpiece\/#breadcrumb","itemListElement":[{"@type":"ListItem","position":1,"name":"Home","item":"https:\/\/www.fieldpiece.com\/es\/"},{"@type":"ListItem","position":2,"name":"Acerca de Fieldpiece"}]},{"@type":"WebSite","@id":"https:\/\/www.fieldpiece.com\/es\/#website","url":"https:\/\/www.fieldpiece.com\/es\/","name":"Fieldpiece Instruments","description":"","publisher":{"@id":"https:\/\/www.fieldpiece.com\/es\/#organization"},"potentialAction":[{"@type":"SearchAction","target":{"@type":"EntryPoint","urlTemplate":"https:\/\/www.fieldpiece.com\/es\/?s={search_term_string}"},"query-input":{"@type":"PropertyValueSpecification","valueRequired":true,"valueName":"search_term_string"}}],"inLanguage":"es"},{"@type":"Organization","@id":"https:\/\/www.fieldpiece.com\/es\/#organization","name":"Fieldpiece Instruments","url":"https:\/\/www.fieldpiece.com\/es\/","logo":{"@type":"ImageObject","inLanguage":"es","@id":"https:\/\/www.fieldpiece.com\/es\/#\/schema\/logo\/image\/","url":"https:\/\/resources.fieldpiece.com\/wp-content\/uploads\/2021\/02\/Logos-490x358-1.jpg","contentUrl":"https:\/\/resources.fieldpiece.com\/wp-content\/uploads\/2021\/02\/Logos-490x358-1.jpg","width":490,"height":358,"caption":"Fieldpiece Instruments"},"image":{"@id":"https:\/\/www.fieldpiece.com\/es\/#\/schema\/logo\/image\/"}}]}},"_links":{"self":[{"href":"https:\/\/www.fieldpiece.com\/es\/wp-json\/wp\/v2\/pages\/20044","targetHints":{"allow":["GET"]}}],"collection":[{"href":"https:\/\/www.fieldpiece.com\/es\/wp-json\/wp\/v2\/pages"}],"about":[{"href":"https:\/\/www.fieldpiece.com\/es\/wp-json\/wp\/v2\/types\/page"}],"author":[{"embeddable":true,"href":"https:\/\/www.fieldpiece.com\/es\/wp-json\/wp\/v2\/users\/2"}],"replies":[{"embeddable":true,"href":"https:\/\/www.fieldpiece.com\/es\/wp-json\/wp\/v2\/comments?post=20044"}],"version-history":[{"count":10,"href":"https:\/\/www.fieldpiece.com\/es\/wp-json\/wp\/v2\/pages\/20044\/revisions"}],"predecessor-version":[{"id":108073,"href":"https:\/\/www.fieldpiece.com\/es\/wp-json\/wp\/v2\/pages\/20044\/revisions\/108073"}],"wp:attachment":[{"href":"https:\/\/www.fieldpiece.com\/es\/wp-json\/wp\/v2\/media?parent=20044"}],"curies":[{"name":"wp","href":"https:\/\/api.w.org\/{rel}","templated":true}]}}